{"id":737,"date":"2022-11-07T14:32:50","date_gmt":"2022-11-07T14:32:50","guid":{"rendered":"https:\/\/www.lasermemories.hu\/?post_type=product&#038;p=737"},"modified":"2022-11-24T16:44:31","modified_gmt":"2022-11-24T16:44:31","slug":"karacsonyfadisz-egyedi-nevvel-dizajn-4-gravirozott-szoveg-vagy-nev-masolat","status":"publish","type":"product","link":"https:\/\/www.lasermemories.hu\/?product=karacsonyfadisz-egyedi-nevvel-dizajn-4-gravirozott-szoveg-vagy-nev-masolat","title":{"rendered":"Kar\u00e1csonyfad\u00edsz egyedi n\u00e9vvel &#8211; diz\u00e1jn 4 &#8211; grav\u00edrozott sz\u00f6veg vagy n\u00e9v"},"content":{"rendered":"<p>Unod az egyforma tucatterm\u00e9k kar\u00e1csonyfad\u00edszeket? Nem tal\u00e1lod a t\u00f6k\u00e9letes aj\u00e1nd\u00e9kot? Dobd fel a f\u00e1dat egyedi neves kar\u00e1csonyfad\u00edszekkel! Ezzel tuti te leszel az \u00fcnnepi befut\u00f3!<\/p>\n<p>M\u00e9retek (sz\u00e9less\u00e9g x magass\u00e1g):<br \/>\n&#8211; 8 cm x 9,4 cm<br \/>\n&#8211; 10 cm x 11,7 cm<br \/>\n&#8211; 12 cm x 14,1 cm<\/p>\n<p>Anyagvastags\u00e1g:<br \/>\n&#8211; 4mm\/r\u00e9teg<\/p>\n<p>A d\u00edsz r\u00e9tegei az al\u00e1bbiak alapj\u00e1n \u00e9p\u00fclnek fel:<br \/>\n&#8211; Fels\u0151 r\u00e9teg, ami a mint\u00e1t \u00e9s a nevet tartalmazza<br \/>\n&#8211; H\u00e1tlap<\/p>\n<p>Az alap 8 cm x 9,4 cm, egyr\u00e9teg\u0171, nat\u00far fa d\u00edsz \u00e1ra 1000Ft\/db. Ezen fel\u00fcl rendelhet\u0151ek extr\u00e1k, amiket meghat\u00e1rozott fel\u00e1r ellen\u00e9ben tudunk teljes\u00edteni, mint p\u00e9ld\u00e1ul nagyobb m\u00e9ret, extra h\u00e1tlap, festett fel\u00fcletek, akril anyag stb.<\/p>\n<p>Sz\u00e1ll\u00edt\u00e1si id\u0151 2-5 munkanap, r\u00e9tegsz\u00e1mt\u00f3l \u00e9s fest\u00e9st\u0151l f\u00fcgg\u0151en.<\/p>\n<p><strong>Aj\u00e1nd\u00e9k doboz k\u00fcl\u00f6n v\u00e1s\u00e1rolhat\u00f3 minden m\u00e9rethez 6, 10 illetve 12 dara<\/strong><strong>bos kiszerel\u00e9sben!<\/strong><\/p>\n<p>Amennyiben tov\u00e1bbi k\u00e9rd\u00e9sed\/k\u00e9r\u00e9sed van, \u00edrj a hello@lasermemories.hu c\u00edmre!<\/p>\n","protected":false},"excerpt":{"rendered":"<p>Unod az egyforma tucatterm\u00e9k kar\u00e1csonyfad\u00edszeket? Nem tal\u00e1lod a t\u00f6k\u00e9letes aj\u00e1nd\u00e9kot? Dobd fel a f\u00e1dat egyedi neves kar\u00e1csonyfad\u00edszekkel! Ezzel tuti te leszel az \u00fcnnepi befut\u00f3! M\u00e9retek (sz\u00e9less\u00e9g x magass\u00e1g): &#8211; 8 cm x 9,4 cm &#8211; 10 cm x 11,7 cm &#8211; 12 cm x 14,1 cm Anyagvastags\u00e1g: &#8211; 4mm\/r\u00e9teg A d\u00edsz r\u00e9tegei az al\u00e1bbiak alapj\u00e1n [&hellip;]<\/p>\n","protected":false},"featured_media":952,"template":"","meta":{"_acf_changed":false,"_monsterinsights_skip_tracking":false,"_monsterinsights_sitenote_active":false,"_monsterinsights_sitenote_note":"","_monsterinsights_sitenote_category":0},"product_brand":[],"product_cat":[20],"product_tag":[],"class_list":{"0":"post-737","1":"product","2":"type-product","3":"status-publish","4":"has-post-thumbnail","6":"product_cat-karacsony","8":"entry","9":"has-media","11":"first","12":"instock","13":"shipping-taxable","14":"purchasable","15":"product-type-simple","16":"has-product-nav","17":"col","18":"span_1_of_3","19":"owp-content-center","20":"owp-thumbs-layout-horizontal","21":"owp-btn-normal","22":"owp-tabs-layout-horizontal"},"acf":[],"yoast_head":"<!-- This site is optimized with the Yoast SEO plugin v22.0 - https:\/\/yoast.com\/wordpress\/plugins\/seo\/ -->\n<title>Kar\u00e1csonyfad\u00edsz egyedi n\u00e9vvel - diz\u00e1jn 4 - grav\u00edrozott sz\u00f6veg vagy n\u00e9v - Laser Memories<\/title>\n<meta name=\"robots\" content=\"index, follow, max-snippet:-1, max-image-preview:large, max-video-preview:-1\" \/>\n<link rel=\"canonical\" href=\"https:\/\/www.lasermemories.hu\/?product=karacsonyfadisz-egyedi-nevvel-dizajn-4-gravirozott-szoveg-vagy-nev-masolat\" \/>\n<meta property=\"og:locale\" content=\"hu_HU\" \/>\n<meta property=\"og:type\" content=\"article\" \/>\n<meta property=\"og:title\" content=\"Kar\u00e1csonyfad\u00edsz egyedi n\u00e9vvel - diz\u00e1jn 4 - grav\u00edrozott sz\u00f6veg vagy n\u00e9v - Laser Memories\" \/>\n<meta property=\"og:description\" content=\"Unod az egyforma tucatterm\u00e9k kar\u00e1csonyfad\u00edszeket? Nem tal\u00e1lod a t\u00f6k\u00e9letes aj\u00e1nd\u00e9kot? Dobd fel a f\u00e1dat egyedi neves kar\u00e1csonyfad\u00edszekkel! Ezzel tuti te leszel az \u00fcnnepi befut\u00f3! M\u00e9retek (sz\u00e9less\u00e9g x magass\u00e1g): &#8211; 8 cm x 9,4 cm &#8211; 10 cm x 11,7 cm &#8211; 12 cm x 14,1 cm Anyagvastags\u00e1g: &#8211; 4mm\/r\u00e9teg A d\u00edsz r\u00e9tegei az al\u00e1bbiak alapj\u00e1n [&hellip;]\" \/>\n<meta property=\"og:url\" content=\"https:\/\/www.lasermemories.hu\/?product=karacsonyfadisz-egyedi-nevvel-dizajn-4-gravirozott-szoveg-vagy-nev-masolat\" \/>\n<meta property=\"og:site_name\" content=\"Laser Memories\" \/>\n<meta property=\"article:modified_time\" content=\"2022-11-24T16:44:31+00:00\" \/>\n<meta property=\"og:image\" content=\"https:\/\/www.lasermemories.hu\/wp-content\/uploads\/2022\/11\/Lasermemories_d4-scaled-e1669308197459.jpg\" \/>\n\t<meta property=\"og:image:width\" content=\"1920\" \/>\n\t<meta property=\"og:image:height\" content=\"1920\" \/>\n\t<meta property=\"og:image:type\" content=\"image\/jpeg\" \/>\n<meta name=\"twitter:card\" content=\"summary_large_image\" \/>\n<meta name=\"twitter:label1\" content=\"Becs\u00fclt olvas\u00e1si id\u0151\" \/>\n\t<meta name=\"twitter:data1\" content=\"1 perc\" \/>\n<script type=\"application\/ld+json\" class=\"yoast-schema-graph\">{\"@context\":\"https:\/\/schema.org\",\"@graph\":[{\"@type\":\"WebPage\",\"@id\":\"https:\/\/www.lasermemories.hu\/?product=karacsonyfadisz-egyedi-nevvel-dizajn-4-gravirozott-szoveg-vagy-nev-masolat\",\"url\":\"https:\/\/www.lasermemories.hu\/?product=karacsonyfadisz-egyedi-nevvel-dizajn-4-gravirozott-szoveg-vagy-nev-masolat\",\"name\":\"Kar\u00e1csonyfad\u00edsz egyedi n\u00e9vvel - diz\u00e1jn 4 - grav\u00edrozott sz\u00f6veg vagy n\u00e9v - Laser Memories\",\"isPartOf\":{\"@id\":\"https:\/\/www.lasermemories.hu\/#website\"},\"datePublished\":\"2022-11-07T14:32:50+00:00\",\"dateModified\":\"2022-11-24T16:44:31+00:00\",\"breadcrumb\":{\"@id\":\"https:\/\/www.lasermemories.hu\/?product=karacsonyfadisz-egyedi-nevvel-dizajn-4-gravirozott-szoveg-vagy-nev-masolat#breadcrumb\"},\"inLanguage\":\"hu\",\"potentialAction\":[{\"@type\":\"ReadAction\",\"target\":[\"https:\/\/www.lasermemories.hu\/?product=karacsonyfadisz-egyedi-nevvel-dizajn-4-gravirozott-szoveg-vagy-nev-masolat\"]}]},{\"@type\":\"BreadcrumbList\",\"@id\":\"https:\/\/www.lasermemories.hu\/?product=karacsonyfadisz-egyedi-nevvel-dizajn-4-gravirozott-szoveg-vagy-nev-masolat#breadcrumb\",\"itemListElement\":[{\"@type\":\"ListItem\",\"position\":1,\"name\":\"Home\",\"item\":\"https:\/\/www.lasermemories.hu\/\"},{\"@type\":\"ListItem\",\"position\":2,\"name\":\"\u00dczlet\",\"item\":\"https:\/\/www.lasermemories.hu\/?page_id=9\"},{\"@type\":\"ListItem\",\"position\":3,\"name\":\"Kar\u00e1csonyfad\u00edsz egyedi n\u00e9vvel &#8211; diz\u00e1jn 4 &#8211; grav\u00edrozott sz\u00f6veg vagy n\u00e9v\"}]},{\"@type\":\"WebSite\",\"@id\":\"https:\/\/www.lasermemories.hu\/#website\",\"url\":\"https:\/\/www.lasermemories.hu\/\",\"name\":\"Laser Memories\",\"description\":\"Egyedi f\u00e1b\u00f3l k\u00e9sz\u00fclt k\u00fcl\u00f6nlegess\u00e9gek\",\"publisher\":{\"@id\":\"https:\/\/www.lasermemories.hu\/#organization\"},\"potentialAction\":[{\"@type\":\"SearchAction\",\"target\":{\"@type\":\"EntryPoint\",\"urlTemplate\":\"https:\/\/www.lasermemories.hu\/?s={search_term_string}\"},\"query-input\":\"required name=search_term_string\"}],\"inLanguage\":\"hu\"},{\"@type\":\"Organization\",\"@id\":\"https:\/\/www.lasermemories.hu\/#organization\",\"name\":\"Laser Memories\",\"url\":\"https:\/\/www.lasermemories.hu\/\",\"logo\":{\"@type\":\"ImageObject\",\"inLanguage\":\"hu\",\"@id\":\"https:\/\/www.lasermemories.hu\/#\/schema\/logo\/image\/\",\"url\":\"https:\/\/www.lasermemories.hu\/wp-content\/uploads\/2022\/08\/41589_Laser-Memories_PP-02.png\",\"contentUrl\":\"https:\/\/www.lasermemories.hu\/wp-content\/uploads\/2022\/08\/41589_Laser-Memories_PP-02.png\",\"width\":2137,\"height\":1703,\"caption\":\"Laser Memories\"},\"image\":{\"@id\":\"https:\/\/www.lasermemories.hu\/#\/schema\/logo\/image\/\"}}]}<\/script>\n<!-- \/ Yoast SEO plugin. -->","yoast_head_json":{"title":"Kar\u00e1csonyfad\u00edsz egyedi n\u00e9vvel - diz\u00e1jn 4 - grav\u00edrozott sz\u00f6veg vagy n\u00e9v - Laser Memories","robots":{"index":"index","follow":"follow","max-snippet":"max-snippet:-1","max-image-preview":"max-image-preview:large","max-video-preview":"max-video-preview:-1"},"canonical":"https:\/\/www.lasermemories.hu\/?product=karacsonyfadisz-egyedi-nevvel-dizajn-4-gravirozott-szoveg-vagy-nev-masolat","og_locale":"hu_HU","og_type":"article","og_title":"Kar\u00e1csonyfad\u00edsz egyedi n\u00e9vvel - diz\u00e1jn 4 - grav\u00edrozott sz\u00f6veg vagy n\u00e9v - Laser Memories","og_description":"Unod az egyforma tucatterm\u00e9k kar\u00e1csonyfad\u00edszeket? Nem tal\u00e1lod a t\u00f6k\u00e9letes aj\u00e1nd\u00e9kot? Dobd fel a f\u00e1dat egyedi neves kar\u00e1csonyfad\u00edszekkel! Ezzel tuti te leszel az \u00fcnnepi befut\u00f3! M\u00e9retek (sz\u00e9less\u00e9g x magass\u00e1g): &#8211; 8 cm x 9,4 cm &#8211; 10 cm x 11,7 cm &#8211; 12 cm x 14,1 cm Anyagvastags\u00e1g: &#8211; 4mm\/r\u00e9teg A d\u00edsz r\u00e9tegei az al\u00e1bbiak alapj\u00e1n [&hellip;]","og_url":"https:\/\/www.lasermemories.hu\/?product=karacsonyfadisz-egyedi-nevvel-dizajn-4-gravirozott-szoveg-vagy-nev-masolat","og_site_name":"Laser Memories","article_modified_time":"2022-11-24T16:44:31+00:00","og_image":[{"width":1920,"height":1920,"url":"https:\/\/www.lasermemories.hu\/wp-content\/uploads\/2022\/11\/Lasermemories_d4-scaled-e1669308197459.jpg","type":"image\/jpeg"}],"twitter_card":"summary_large_image","twitter_misc":{"Becs\u00fclt olvas\u00e1si id\u0151":"1 perc"},"schema":{"@context":"https:\/\/schema.org","@graph":[{"@type":"WebPage","@id":"https:\/\/www.lasermemories.hu\/?product=karacsonyfadisz-egyedi-nevvel-dizajn-4-gravirozott-szoveg-vagy-nev-masolat","url":"https:\/\/www.lasermemories.hu\/?product=karacsonyfadisz-egyedi-nevvel-dizajn-4-gravirozott-szoveg-vagy-nev-masolat","name":"Kar\u00e1csonyfad\u00edsz egyedi n\u00e9vvel - diz\u00e1jn 4 - grav\u00edrozott sz\u00f6veg vagy n\u00e9v - Laser Memories","isPartOf":{"@id":"https:\/\/www.lasermemories.hu\/#website"},"datePublished":"2022-11-07T14:32:50+00:00","dateModified":"2022-11-24T16:44:31+00:00","breadcrumb":{"@id":"https:\/\/www.lasermemories.hu\/?product=karacsonyfadisz-egyedi-nevvel-dizajn-4-gravirozott-szoveg-vagy-nev-masolat#breadcrumb"},"inLanguage":"hu","potentialAction":[{"@type":"ReadAction","target":["https:\/\/www.lasermemories.hu\/?product=karacsonyfadisz-egyedi-nevvel-dizajn-4-gravirozott-szoveg-vagy-nev-masolat"]}]},{"@type":"BreadcrumbList","@id":"https:\/\/www.lasermemories.hu\/?product=karacsonyfadisz-egyedi-nevvel-dizajn-4-gravirozott-szoveg-vagy-nev-masolat#breadcrumb","itemListElement":[{"@type":"ListItem","position":1,"name":"Home","item":"https:\/\/www.lasermemories.hu\/"},{"@type":"ListItem","position":2,"name":"\u00dczlet","item":"https:\/\/www.lasermemories.hu\/?page_id=9"},{"@type":"ListItem","position":3,"name":"Kar\u00e1csonyfad\u00edsz egyedi n\u00e9vvel &#8211; diz\u00e1jn 4 &#8211; grav\u00edrozott sz\u00f6veg vagy n\u00e9v"}]},{"@type":"WebSite","@id":"https:\/\/www.lasermemories.hu\/#website","url":"https:\/\/www.lasermemories.hu\/","name":"Laser Memories","description":"Egyedi f\u00e1b\u00f3l k\u00e9sz\u00fclt k\u00fcl\u00f6nlegess\u00e9gek","publisher":{"@id":"https:\/\/www.lasermemories.hu\/#organization"},"potentialAction":[{"@type":"SearchAction","target":{"@type":"EntryPoint","urlTemplate":"https:\/\/www.lasermemories.hu\/?s={search_term_string}"},"query-input":"required name=search_term_string"}],"inLanguage":"hu"},{"@type":"Organization","@id":"https:\/\/www.lasermemories.hu\/#organization","name":"Laser Memories","url":"https:\/\/www.lasermemories.hu\/","logo":{"@type":"ImageObject","inLanguage":"hu","@id":"https:\/\/www.lasermemories.hu\/#\/schema\/logo\/image\/","url":"https:\/\/www.lasermemories.hu\/wp-content\/uploads\/2022\/08\/41589_Laser-Memories_PP-02.png","contentUrl":"https:\/\/www.lasermemories.hu\/wp-content\/uploads\/2022\/08\/41589_Laser-Memories_PP-02.png","width":2137,"height":1703,"caption":"Laser Memories"},"image":{"@id":"https:\/\/www.lasermemories.hu\/#\/schema\/logo\/image\/"}}]}},"jetpack_sharing_enabled":true,"_links":{"self":[{"href":"https:\/\/www.lasermemories.hu\/index.php?rest_route=\/wp\/v2\/product\/737","targetHints":{"allow":["GET"]}}],"collection":[{"href":"https:\/\/www.lasermemories.hu\/index.php?rest_route=\/wp\/v2\/product"}],"about":[{"href":"https:\/\/www.lasermemories.hu\/index.php?rest_route=\/wp\/v2\/types\/product"}],"wp:featuredmedia":[{"embeddable":true,"href":"https:\/\/www.lasermemories.hu\/index.php?rest_route=\/wp\/v2\/media\/952"}],"wp:attachment":[{"href":"https:\/\/www.lasermemories.hu\/index.php?rest_route=%2Fwp%2Fv2%2Fmedia&parent=737"}],"wp:term":[{"taxonomy":"product_brand","embeddable":true,"href":"https:\/\/www.lasermemories.hu\/index.php?rest_route=%2Fwp%2Fv2%2Fproduct_brand&post=737"},{"taxonomy":"product_cat","embeddable":true,"href":"https:\/\/www.lasermemories.hu\/index.php?rest_route=%2Fwp%2Fv2%2Fproduct_cat&post=737"},{"taxonomy":"product_tag","embeddable":true,"href":"https:\/\/www.lasermemories.hu\/index.php?rest_route=%2Fwp%2Fv2%2Fproduct_tag&post=737"}],"curies":[{"name":"wp","href":"https:\/\/api.w.org\/{rel}","templated":true}]}}