{"id":6414,"date":"2026-01-03T15:45:26","date_gmt":"2026-01-03T15:45:26","guid":{"rendered":"https:\/\/www.lasermemories.hu\/?post_type=product&#038;p=6414"},"modified":"2026-01-03T16:14:19","modified_gmt":"2026-01-03T16:14:19","slug":"kave-kapszula-tarto","status":"publish","type":"product","link":"https:\/\/www.lasermemories.hu\/?product=kave-kapszula-tarto","title":{"rendered":"K\u00e1v\u00e9kapszula tart\u00f3"},"content":{"rendered":"<p data-start=\"123\" data-end=\"196\"><strong data-start=\"123\" data-end=\"196\">Egyedi feliratos k\u00e1v\u00e9kapszulatart\u00f3 \u2013 ahol a k\u00e1v\u00e9z\u00e1s szem\u00e9lyess\u00e9 v\u00e1lik<\/strong><\/p>\n<p data-start=\"198\" data-end=\"423\">Tartsd rendszerezetten \u00e9s st\u00edlusosan k\u00e1v\u00e9kapszul\u00e1idat ezzel a praktikus \u00e9s dekorat\u00edv k\u00e1v\u00e9kapszulatart\u00f3val! Letisztult kialak\u00edt\u00e1sa b\u00e1rmilyen konyh\u00e1ba vagy irod\u00e1ba t\u00f6k\u00e9letesen illik, mik\u00f6zben k\u00e9zn\u00e9l tartja kedvenc kapszul\u00e1idat.<\/p>\n<p data-start=\"425\" data-end=\"691\">A tart\u00f3 k\u00fcl\u00f6nlegess\u00e9ge, hogy <strong data-start=\"454\" data-end=\"485\">egyedi sz\u00f6veggel is k\u00e9rhet\u0151<\/strong> \u2013 legyen az n\u00e9v, kedves \u00fczenet, id\u00e9zet vagy ak\u00e1r humoros felirat. \u00cdgy nemcsak hasznos kieg\u00e9sz\u00edt\u0151, hanem igaz\u00e1n szem\u00e9lyes aj\u00e1nd\u00e9k is lehet sz\u00fclet\u00e9snapra, kar\u00e1csonyra, lak\u00e1savat\u00f3ra vagy k\u00e1v\u00e9rajong\u00f3k sz\u00e1m\u00e1ra.<\/p>\n","protected":false},"excerpt":{"rendered":"<p>Egyedi feliratos k\u00e1v\u00e9kapszulatart\u00f3 \u2013 ahol a k\u00e1v\u00e9z\u00e1s szem\u00e9lyess\u00e9 v\u00e1lik Tartsd rendszerezetten \u00e9s st\u00edlusosan k\u00e1v\u00e9kapszul\u00e1idat ezzel a praktikus \u00e9s dekorat\u00edv k\u00e1v\u00e9kapszulatart\u00f3val! Letisztult kialak\u00edt\u00e1sa b\u00e1rmilyen konyh\u00e1ba vagy irod\u00e1ba t\u00f6k\u00e9letesen illik, mik\u00f6zben k\u00e9zn\u00e9l tartja kedvenc kapszul\u00e1idat. A tart\u00f3 k\u00fcl\u00f6nlegess\u00e9ge, hogy egyedi sz\u00f6veggel is k\u00e9rhet\u0151 \u2013 legyen az n\u00e9v, kedves \u00fczenet, id\u00e9zet vagy ak\u00e1r humoros felirat. \u00cdgy nemcsak hasznos [&hellip;]<\/p>\n","protected":false},"featured_media":6415,"template":"","meta":{"_acf_changed":false,"_monsterinsights_skip_tracking":false,"_monsterinsights_sitenote_active":false,"_monsterinsights_sitenote_note":"","_monsterinsights_sitenote_category":0},"product_brand":[],"product_cat":[51,48,49,23],"product_tag":[73],"class_list":{"0":"post-6414","1":"product","2":"type-product","3":"status-publish","4":"has-post-thumbnail","6":"product_cat-baratoknak","7":"product_cat-ferfiaknak","8":"product_cat-ajandek-noknek","9":"product_cat-otthon-dekor","10":"product_tag-motivacios-tabla","12":"entry","13":"has-media","15":"first","16":"instock","17":"sale","18":"shipping-taxable","19":"purchasable","20":"product-type-simple","21":"has-product-nav","22":"col","23":"span_1_of_3","24":"owp-content-center","25":"owp-thumbs-layout-horizontal","26":"owp-btn-normal","27":"owp-tabs-layout-horizontal"},"acf":[],"yoast_head":"<!-- This site is optimized with the Yoast SEO plugin v22.0 - https:\/\/yoast.com\/wordpress\/plugins\/seo\/ -->\n<title>K\u00e1v\u00e9kapszula tart\u00f3 - Laser Memories<\/title>\n<meta name=\"robots\" content=\"index, follow, max-snippet:-1, max-image-preview:large, max-video-preview:-1\" \/>\n<link rel=\"canonical\" href=\"https:\/\/www.lasermemories.hu\/?product=kave-kapszula-tarto\" \/>\n<meta property=\"og:locale\" content=\"hu_HU\" \/>\n<meta property=\"og:type\" content=\"article\" \/>\n<meta property=\"og:title\" content=\"K\u00e1v\u00e9kapszula tart\u00f3 - Laser Memories\" \/>\n<meta property=\"og:description\" content=\"Egyedi feliratos k\u00e1v\u00e9kapszulatart\u00f3 \u2013 ahol a k\u00e1v\u00e9z\u00e1s szem\u00e9lyess\u00e9 v\u00e1lik Tartsd rendszerezetten \u00e9s st\u00edlusosan k\u00e1v\u00e9kapszul\u00e1idat ezzel a praktikus \u00e9s dekorat\u00edv k\u00e1v\u00e9kapszulatart\u00f3val! Letisztult kialak\u00edt\u00e1sa b\u00e1rmilyen konyh\u00e1ba vagy irod\u00e1ba t\u00f6k\u00e9letesen illik, mik\u00f6zben k\u00e9zn\u00e9l tartja kedvenc kapszul\u00e1idat. A tart\u00f3 k\u00fcl\u00f6nlegess\u00e9ge, hogy egyedi sz\u00f6veggel is k\u00e9rhet\u0151 \u2013 legyen az n\u00e9v, kedves \u00fczenet, id\u00e9zet vagy ak\u00e1r humoros felirat. \u00cdgy nemcsak hasznos [&hellip;]\" \/>\n<meta property=\"og:url\" content=\"https:\/\/www.lasermemories.hu\/?product=kave-kapszula-tarto\" \/>\n<meta property=\"og:site_name\" content=\"Laser Memories\" \/>\n<meta property=\"article:modified_time\" content=\"2026-01-03T16:14:19+00:00\" \/>\n<meta property=\"og:image\" content=\"https:\/\/www.lasermemories.hu\/wp-content\/uploads\/2026\/01\/kavekapszula-tarto-nespresso.jpg\" \/>\n\t<meta property=\"og:image:width\" content=\"2048\" \/>\n\t<meta property=\"og:image:height\" content=\"2047\" \/>\n\t<meta property=\"og:image:type\" content=\"image\/jpeg\" \/>\n<meta name=\"twitter:card\" content=\"summary_large_image\" \/>\n<meta name=\"twitter:label1\" content=\"Becs\u00fclt olvas\u00e1si id\u0151\" \/>\n\t<meta name=\"twitter:data1\" content=\"1 perc\" \/>\n<script type=\"application\/ld+json\" class=\"yoast-schema-graph\">{\"@context\":\"https:\/\/schema.org\",\"@graph\":[{\"@type\":\"WebPage\",\"@id\":\"https:\/\/www.lasermemories.hu\/?product=kave-kapszula-tarto\",\"url\":\"https:\/\/www.lasermemories.hu\/?product=kave-kapszula-tarto\",\"name\":\"K\u00e1v\u00e9kapszula tart\u00f3 - Laser Memories\",\"isPartOf\":{\"@id\":\"https:\/\/www.lasermemories.hu\/#website\"},\"datePublished\":\"2026-01-03T15:45:26+00:00\",\"dateModified\":\"2026-01-03T16:14:19+00:00\",\"breadcrumb\":{\"@id\":\"https:\/\/www.lasermemories.hu\/?product=kave-kapszula-tarto#breadcrumb\"},\"inLanguage\":\"hu\",\"potentialAction\":[{\"@type\":\"ReadAction\",\"target\":[\"https:\/\/www.lasermemories.hu\/?product=kave-kapszula-tarto\"]}]},{\"@type\":\"BreadcrumbList\",\"@id\":\"https:\/\/www.lasermemories.hu\/?product=kave-kapszula-tarto#breadcrumb\",\"itemListElement\":[{\"@type\":\"ListItem\",\"position\":1,\"name\":\"Home\",\"item\":\"https:\/\/www.lasermemories.hu\/\"},{\"@type\":\"ListItem\",\"position\":2,\"name\":\"\u00dczlet\",\"item\":\"https:\/\/www.lasermemories.hu\/?page_id=9\"},{\"@type\":\"ListItem\",\"position\":3,\"name\":\"K\u00e1v\u00e9kapszula tart\u00f3\"}]},{\"@type\":\"WebSite\",\"@id\":\"https:\/\/www.lasermemories.hu\/#website\",\"url\":\"https:\/\/www.lasermemories.hu\/\",\"name\":\"Laser Memories\",\"description\":\"Egyedi f\u00e1b\u00f3l k\u00e9sz\u00fclt k\u00fcl\u00f6nlegess\u00e9gek\",\"publisher\":{\"@id\":\"https:\/\/www.lasermemories.hu\/#organization\"},\"potentialAction\":[{\"@type\":\"SearchAction\",\"target\":{\"@type\":\"EntryPoint\",\"urlTemplate\":\"https:\/\/www.lasermemories.hu\/?s={search_term_string}\"},\"query-input\":\"required name=search_term_string\"}],\"inLanguage\":\"hu\"},{\"@type\":\"Organization\",\"@id\":\"https:\/\/www.lasermemories.hu\/#organization\",\"name\":\"Laser Memories\",\"url\":\"https:\/\/www.lasermemories.hu\/\",\"logo\":{\"@type\":\"ImageObject\",\"inLanguage\":\"hu\",\"@id\":\"https:\/\/www.lasermemories.hu\/#\/schema\/logo\/image\/\",\"url\":\"https:\/\/www.lasermemories.hu\/wp-content\/uploads\/2022\/08\/41589_Laser-Memories_PP-02.png\",\"contentUrl\":\"https:\/\/www.lasermemories.hu\/wp-content\/uploads\/2022\/08\/41589_Laser-Memories_PP-02.png\",\"width\":2137,\"height\":1703,\"caption\":\"Laser Memories\"},\"image\":{\"@id\":\"https:\/\/www.lasermemories.hu\/#\/schema\/logo\/image\/\"}}]}<\/script>\n<!-- \/ Yoast SEO plugin. -->","yoast_head_json":{"title":"K\u00e1v\u00e9kapszula tart\u00f3 - Laser Memories","robots":{"index":"index","follow":"follow","max-snippet":"max-snippet:-1","max-image-preview":"max-image-preview:large","max-video-preview":"max-video-preview:-1"},"canonical":"https:\/\/www.lasermemories.hu\/?product=kave-kapszula-tarto","og_locale":"hu_HU","og_type":"article","og_title":"K\u00e1v\u00e9kapszula tart\u00f3 - Laser Memories","og_description":"Egyedi feliratos k\u00e1v\u00e9kapszulatart\u00f3 \u2013 ahol a k\u00e1v\u00e9z\u00e1s szem\u00e9lyess\u00e9 v\u00e1lik Tartsd rendszerezetten \u00e9s st\u00edlusosan k\u00e1v\u00e9kapszul\u00e1idat ezzel a praktikus \u00e9s dekorat\u00edv k\u00e1v\u00e9kapszulatart\u00f3val! Letisztult kialak\u00edt\u00e1sa b\u00e1rmilyen konyh\u00e1ba vagy irod\u00e1ba t\u00f6k\u00e9letesen illik, mik\u00f6zben k\u00e9zn\u00e9l tartja kedvenc kapszul\u00e1idat. A tart\u00f3 k\u00fcl\u00f6nlegess\u00e9ge, hogy egyedi sz\u00f6veggel is k\u00e9rhet\u0151 \u2013 legyen az n\u00e9v, kedves \u00fczenet, id\u00e9zet vagy ak\u00e1r humoros felirat. \u00cdgy nemcsak hasznos [&hellip;]","og_url":"https:\/\/www.lasermemories.hu\/?product=kave-kapszula-tarto","og_site_name":"Laser Memories","article_modified_time":"2026-01-03T16:14:19+00:00","og_image":[{"width":2048,"height":2047,"url":"https:\/\/www.lasermemories.hu\/wp-content\/uploads\/2026\/01\/kavekapszula-tarto-nespresso.jpg","type":"image\/jpeg"}],"twitter_card":"summary_large_image","twitter_misc":{"Becs\u00fclt olvas\u00e1si id\u0151":"1 perc"},"schema":{"@context":"https:\/\/schema.org","@graph":[{"@type":"WebPage","@id":"https:\/\/www.lasermemories.hu\/?product=kave-kapszula-tarto","url":"https:\/\/www.lasermemories.hu\/?product=kave-kapszula-tarto","name":"K\u00e1v\u00e9kapszula tart\u00f3 - Laser Memories","isPartOf":{"@id":"https:\/\/www.lasermemories.hu\/#website"},"datePublished":"2026-01-03T15:45:26+00:00","dateModified":"2026-01-03T16:14:19+00:00","breadcrumb":{"@id":"https:\/\/www.lasermemories.hu\/?product=kave-kapszula-tarto#breadcrumb"},"inLanguage":"hu","potentialAction":[{"@type":"ReadAction","target":["https:\/\/www.lasermemories.hu\/?product=kave-kapszula-tarto"]}]},{"@type":"BreadcrumbList","@id":"https:\/\/www.lasermemories.hu\/?product=kave-kapszula-tarto#breadcrumb","itemListElement":[{"@type":"ListItem","position":1,"name":"Home","item":"https:\/\/www.lasermemories.hu\/"},{"@type":"ListItem","position":2,"name":"\u00dczlet","item":"https:\/\/www.lasermemories.hu\/?page_id=9"},{"@type":"ListItem","position":3,"name":"K\u00e1v\u00e9kapszula tart\u00f3"}]},{"@type":"WebSite","@id":"https:\/\/www.lasermemories.hu\/#website","url":"https:\/\/www.lasermemories.hu\/","name":"Laser Memories","description":"Egyedi f\u00e1b\u00f3l k\u00e9sz\u00fclt k\u00fcl\u00f6nlegess\u00e9gek","publisher":{"@id":"https:\/\/www.lasermemories.hu\/#organization"},"potentialAction":[{"@type":"SearchAction","target":{"@type":"EntryPoint","urlTemplate":"https:\/\/www.lasermemories.hu\/?s={search_term_string}"},"query-input":"required name=search_term_string"}],"inLanguage":"hu"},{"@type":"Organization","@id":"https:\/\/www.lasermemories.hu\/#organization","name":"Laser Memories","url":"https:\/\/www.lasermemories.hu\/","logo":{"@type":"ImageObject","inLanguage":"hu","@id":"https:\/\/www.lasermemories.hu\/#\/schema\/logo\/image\/","url":"https:\/\/www.lasermemories.hu\/wp-content\/uploads\/2022\/08\/41589_Laser-Memories_PP-02.png","contentUrl":"https:\/\/www.lasermemories.hu\/wp-content\/uploads\/2022\/08\/41589_Laser-Memories_PP-02.png","width":2137,"height":1703,"caption":"Laser Memories"},"image":{"@id":"https:\/\/www.lasermemories.hu\/#\/schema\/logo\/image\/"}}]}},"jetpack_sharing_enabled":true,"_links":{"self":[{"href":"https:\/\/www.lasermemories.hu\/index.php?rest_route=\/wp\/v2\/product\/6414","targetHints":{"allow":["GET"]}}],"collection":[{"href":"https:\/\/www.lasermemories.hu\/index.php?rest_route=\/wp\/v2\/product"}],"about":[{"href":"https:\/\/www.lasermemories.hu\/index.php?rest_route=\/wp\/v2\/types\/product"}],"wp:featuredmedia":[{"embeddable":true,"href":"https:\/\/www.lasermemories.hu\/index.php?rest_route=\/wp\/v2\/media\/6415"}],"wp:attachment":[{"href":"https:\/\/www.lasermemories.hu\/index.php?rest_route=%2Fwp%2Fv2%2Fmedia&parent=6414"}],"wp:term":[{"taxonomy":"product_brand","embeddable":true,"href":"https:\/\/www.lasermemories.hu\/index.php?rest_route=%2Fwp%2Fv2%2Fproduct_brand&post=6414"},{"taxonomy":"product_cat","embeddable":true,"href":"https:\/\/www.lasermemories.hu\/index.php?rest_route=%2Fwp%2Fv2%2Fproduct_cat&post=6414"},{"taxonomy":"product_tag","embeddable":true,"href":"https:\/\/www.lasermemories.hu\/index.php?rest_route=%2Fwp%2Fv2%2Fproduct_tag&post=6414"}],"curies":[{"name":"wp","href":"https:\/\/api.w.org\/{rel}","templated":true}]}}