{"id":6215,"date":"2025-11-28T04:06:28","date_gmt":"2025-11-28T04:06:28","guid":{"rendered":"https:\/\/www.lasermemories.hu\/?post_type=product&#038;p=6215"},"modified":"2025-11-28T04:12:37","modified_gmt":"2025-11-28T04:12:37","slug":"kenyer-irdalo-kenyer-mintazo-kenyer-dekoralo","status":"publish","type":"product","link":"https:\/\/www.lasermemories.hu\/?product=kenyer-irdalo-kenyer-mintazo-kenyer-dekoralo","title":{"rendered":"Keny\u00e9r irdal\u00f3, Keny\u00e9r mint\u00e1z\u00f3, Keny\u00e9r dekor\u00e1l\u00f3"},"content":{"rendered":"<p data-start=\"878\" data-end=\"965\" data-is-last-node=\"\" data-is-only-node=\"\">T\u00f6k\u00e9letes aj\u00e1nd\u00e9k minden alkalomra.<\/p>\n<p data-start=\"878\" data-end=\"965\" data-is-last-node=\"\" data-is-only-node=\"\">A keny\u00e9rirdal\u00f3 nem csak egy eszk\u00f6z \u2013 a t\u00f6k\u00e9letes, ropog\u00f3s h\u00e9j\u00fa h\u00e1zi keny\u00e9r titka!<\/p>\n<p data-start=\"878\" data-end=\"965\" data-is-last-node=\"\" data-is-only-node=\"\">Akinek fontos a sz\u00e9p, profi bev\u00e1g\u00e1s \u00e9s im\u00e1dja a saj\u00e1t s\u00fct\u00e9s\u0171 kenyeret, annak ez az aj\u00e1nd\u00e9k egy igazi kincs lesz.<\/p>\n<p data-start=\"878\" data-end=\"965\" data-is-last-node=\"\" data-is-only-node=\"\">\u2728 Mi\u00e9rt szuper aj\u00e1nd\u00e9k?<\/p>\n<p data-start=\"878\" data-end=\"965\" data-is-last-node=\"\" data-is-only-node=\"\">\u2714 Gy\u00f6ny\u00f6r\u0171, egyenletes v\u00e1g\u00e1sokat k\u00e9sz\u00edt<\/p>\n<p data-start=\"878\" data-end=\"965\" data-is-last-node=\"\" data-is-only-node=\"\">\u2714 Biztons\u00e1gos, k\u00f6nnyen haszn\u00e1lhat\u00f3<\/p>\n<p data-start=\"878\" data-end=\"965\" data-is-last-node=\"\" data-is-only-node=\"\">\u2714 T\u00f6k\u00e9letes kezd\u0151knek \u00e9s halad\u00f3 p\u00e9keknek<\/p>\n<p data-start=\"878\" data-end=\"965\" data-is-last-node=\"\" data-is-only-node=\"\">\u2714 Minden h\u00e1zi keny\u00e9r egyik legfontosabb eszk\u00f6ze<\/p>\n<p data-start=\"878\" data-end=\"965\" data-is-last-node=\"\" data-is-only-node=\"\">Tedd k\u00fcl\u00f6nlegess\u00e9 az \u00fcnnepi s\u00fct\u00e9seket egy praktikus, st\u00edlusos \u00e9s val\u00f3ban hasznos aj\u00e1nd\u00e9kkal! A keny\u00e9rirdal\u00f3: apr\u00f3 eszk\u00f6z, nagy \u00e9lm\u00e9ny \u2013 minden s\u00fctni szeret\u0151nek telital\u00e1lat!<\/p>\n","protected":false},"excerpt":{"rendered":"<p>T\u00f6k\u00e9letes aj\u00e1nd\u00e9k minden alkalomra. A keny\u00e9rirdal\u00f3 nem csak egy eszk\u00f6z \u2013 a t\u00f6k\u00e9letes, ropog\u00f3s h\u00e9j\u00fa h\u00e1zi keny\u00e9r titka! Akinek fontos a sz\u00e9p, profi bev\u00e1g\u00e1s \u00e9s im\u00e1dja a saj\u00e1t s\u00fct\u00e9s\u0171 kenyeret, annak ez az aj\u00e1nd\u00e9k egy igazi kincs lesz. \u2728 Mi\u00e9rt szuper aj\u00e1nd\u00e9k? \u2714 Gy\u00f6ny\u00f6r\u0171, egyenletes v\u00e1g\u00e1sokat k\u00e9sz\u00edt \u2714 Biztons\u00e1gos, k\u00f6nnyen haszn\u00e1lhat\u00f3 \u2714 T\u00f6k\u00e9letes kezd\u0151knek \u00e9s [&hellip;]<\/p>\n","protected":false},"featured_media":6216,"template":"","meta":{"_acf_changed":false,"_monsterinsights_skip_tracking":false,"_monsterinsights_sitenote_active":false,"_monsterinsights_sitenote_note":"","_monsterinsights_sitenote_category":0},"product_brand":[],"product_cat":[48,49,23],"product_tag":[73],"class_list":{"0":"post-6215","1":"product","2":"type-product","3":"status-publish","4":"has-post-thumbnail","6":"product_cat-ferfiaknak","7":"product_cat-ajandek-noknek","8":"product_cat-otthon-dekor","9":"product_tag-motivacios-tabla","11":"entry","12":"has-media","14":"first","15":"instock","16":"sale","17":"shipping-taxable","18":"purchasable","19":"product-type-simple","20":"has-product-nav","21":"col","22":"span_1_of_3","23":"owp-content-center","24":"owp-thumbs-layout-horizontal","25":"owp-btn-normal","26":"owp-tabs-layout-horizontal","27":"has-no-thumbnails"},"acf":[],"yoast_head":"<!-- This site is optimized with the Yoast SEO plugin v22.0 - https:\/\/yoast.com\/wordpress\/plugins\/seo\/ -->\n<title>Keny\u00e9r irdal\u00f3, Keny\u00e9r mint\u00e1z\u00f3, Keny\u00e9r dekor\u00e1l\u00f3 - Laser Memories<\/title>\n<meta name=\"robots\" content=\"index, follow, max-snippet:-1, max-image-preview:large, max-video-preview:-1\" \/>\n<link rel=\"canonical\" href=\"https:\/\/www.lasermemories.hu\/?product=kenyer-irdalo-kenyer-mintazo-kenyer-dekoralo\" \/>\n<meta property=\"og:locale\" content=\"hu_HU\" \/>\n<meta property=\"og:type\" content=\"article\" \/>\n<meta property=\"og:title\" content=\"Keny\u00e9r irdal\u00f3, Keny\u00e9r mint\u00e1z\u00f3, Keny\u00e9r dekor\u00e1l\u00f3 - Laser Memories\" \/>\n<meta property=\"og:description\" content=\"T\u00f6k\u00e9letes aj\u00e1nd\u00e9k minden alkalomra. A keny\u00e9rirdal\u00f3 nem csak egy eszk\u00f6z \u2013 a t\u00f6k\u00e9letes, ropog\u00f3s h\u00e9j\u00fa h\u00e1zi keny\u00e9r titka! Akinek fontos a sz\u00e9p, profi bev\u00e1g\u00e1s \u00e9s im\u00e1dja a saj\u00e1t s\u00fct\u00e9s\u0171 kenyeret, annak ez az aj\u00e1nd\u00e9k egy igazi kincs lesz. \u2728 Mi\u00e9rt szuper aj\u00e1nd\u00e9k? \u2714 Gy\u00f6ny\u00f6r\u0171, egyenletes v\u00e1g\u00e1sokat k\u00e9sz\u00edt \u2714 Biztons\u00e1gos, k\u00f6nnyen haszn\u00e1lhat\u00f3 \u2714 T\u00f6k\u00e9letes kezd\u0151knek \u00e9s [&hellip;]\" \/>\n<meta property=\"og:url\" content=\"https:\/\/www.lasermemories.hu\/?product=kenyer-irdalo-kenyer-mintazo-kenyer-dekoralo\" \/>\n<meta property=\"og:site_name\" content=\"Laser Memories\" \/>\n<meta property=\"article:modified_time\" content=\"2025-11-28T04:12:37+00:00\" \/>\n<meta property=\"og:image\" content=\"https:\/\/www.lasermemories.hu\/wp-content\/uploads\/2025\/11\/191eb817-8bcb-4361-8055-e0c1c130180d.jpg\" \/>\n\t<meta property=\"og:image:width\" content=\"2048\" \/>\n\t<meta property=\"og:image:height\" content=\"2048\" \/>\n\t<meta property=\"og:image:type\" content=\"image\/jpeg\" \/>\n<meta name=\"twitter:card\" content=\"summary_large_image\" \/>\n<meta name=\"twitter:label1\" content=\"Becs\u00fclt olvas\u00e1si id\u0151\" \/>\n\t<meta name=\"twitter:data1\" content=\"1 perc\" \/>\n<script type=\"application\/ld+json\" class=\"yoast-schema-graph\">{\"@context\":\"https:\/\/schema.org\",\"@graph\":[{\"@type\":\"WebPage\",\"@id\":\"https:\/\/www.lasermemories.hu\/?product=kenyer-irdalo-kenyer-mintazo-kenyer-dekoralo\",\"url\":\"https:\/\/www.lasermemories.hu\/?product=kenyer-irdalo-kenyer-mintazo-kenyer-dekoralo\",\"name\":\"Keny\u00e9r irdal\u00f3, Keny\u00e9r mint\u00e1z\u00f3, Keny\u00e9r dekor\u00e1l\u00f3 - Laser Memories\",\"isPartOf\":{\"@id\":\"https:\/\/www.lasermemories.hu\/#website\"},\"datePublished\":\"2025-11-28T04:06:28+00:00\",\"dateModified\":\"2025-11-28T04:12:37+00:00\",\"breadcrumb\":{\"@id\":\"https:\/\/www.lasermemories.hu\/?product=kenyer-irdalo-kenyer-mintazo-kenyer-dekoralo#breadcrumb\"},\"inLanguage\":\"hu\",\"potentialAction\":[{\"@type\":\"ReadAction\",\"target\":[\"https:\/\/www.lasermemories.hu\/?product=kenyer-irdalo-kenyer-mintazo-kenyer-dekoralo\"]}]},{\"@type\":\"BreadcrumbList\",\"@id\":\"https:\/\/www.lasermemories.hu\/?product=kenyer-irdalo-kenyer-mintazo-kenyer-dekoralo#breadcrumb\",\"itemListElement\":[{\"@type\":\"ListItem\",\"position\":1,\"name\":\"Home\",\"item\":\"https:\/\/www.lasermemories.hu\/\"},{\"@type\":\"ListItem\",\"position\":2,\"name\":\"\u00dczlet\",\"item\":\"https:\/\/www.lasermemories.hu\/?page_id=9\"},{\"@type\":\"ListItem\",\"position\":3,\"name\":\"Keny\u00e9r irdal\u00f3, Keny\u00e9r mint\u00e1z\u00f3, Keny\u00e9r dekor\u00e1l\u00f3\"}]},{\"@type\":\"WebSite\",\"@id\":\"https:\/\/www.lasermemories.hu\/#website\",\"url\":\"https:\/\/www.lasermemories.hu\/\",\"name\":\"Laser Memories\",\"description\":\"Egyedi f\u00e1b\u00f3l k\u00e9sz\u00fclt k\u00fcl\u00f6nlegess\u00e9gek\",\"publisher\":{\"@id\":\"https:\/\/www.lasermemories.hu\/#organization\"},\"potentialAction\":[{\"@type\":\"SearchAction\",\"target\":{\"@type\":\"EntryPoint\",\"urlTemplate\":\"https:\/\/www.lasermemories.hu\/?s={search_term_string}\"},\"query-input\":\"required name=search_term_string\"}],\"inLanguage\":\"hu\"},{\"@type\":\"Organization\",\"@id\":\"https:\/\/www.lasermemories.hu\/#organization\",\"name\":\"Laser Memories\",\"url\":\"https:\/\/www.lasermemories.hu\/\",\"logo\":{\"@type\":\"ImageObject\",\"inLanguage\":\"hu\",\"@id\":\"https:\/\/www.lasermemories.hu\/#\/schema\/logo\/image\/\",\"url\":\"https:\/\/www.lasermemories.hu\/wp-content\/uploads\/2022\/08\/41589_Laser-Memories_PP-02.png\",\"contentUrl\":\"https:\/\/www.lasermemories.hu\/wp-content\/uploads\/2022\/08\/41589_Laser-Memories_PP-02.png\",\"width\":2137,\"height\":1703,\"caption\":\"Laser Memories\"},\"image\":{\"@id\":\"https:\/\/www.lasermemories.hu\/#\/schema\/logo\/image\/\"}}]}<\/script>\n<!-- \/ Yoast SEO plugin. -->","yoast_head_json":{"title":"Keny\u00e9r irdal\u00f3, Keny\u00e9r mint\u00e1z\u00f3, Keny\u00e9r dekor\u00e1l\u00f3 - Laser Memories","robots":{"index":"index","follow":"follow","max-snippet":"max-snippet:-1","max-image-preview":"max-image-preview:large","max-video-preview":"max-video-preview:-1"},"canonical":"https:\/\/www.lasermemories.hu\/?product=kenyer-irdalo-kenyer-mintazo-kenyer-dekoralo","og_locale":"hu_HU","og_type":"article","og_title":"Keny\u00e9r irdal\u00f3, Keny\u00e9r mint\u00e1z\u00f3, Keny\u00e9r dekor\u00e1l\u00f3 - Laser Memories","og_description":"T\u00f6k\u00e9letes aj\u00e1nd\u00e9k minden alkalomra. A keny\u00e9rirdal\u00f3 nem csak egy eszk\u00f6z \u2013 a t\u00f6k\u00e9letes, ropog\u00f3s h\u00e9j\u00fa h\u00e1zi keny\u00e9r titka! Akinek fontos a sz\u00e9p, profi bev\u00e1g\u00e1s \u00e9s im\u00e1dja a saj\u00e1t s\u00fct\u00e9s\u0171 kenyeret, annak ez az aj\u00e1nd\u00e9k egy igazi kincs lesz. \u2728 Mi\u00e9rt szuper aj\u00e1nd\u00e9k? \u2714 Gy\u00f6ny\u00f6r\u0171, egyenletes v\u00e1g\u00e1sokat k\u00e9sz\u00edt \u2714 Biztons\u00e1gos, k\u00f6nnyen haszn\u00e1lhat\u00f3 \u2714 T\u00f6k\u00e9letes kezd\u0151knek \u00e9s [&hellip;]","og_url":"https:\/\/www.lasermemories.hu\/?product=kenyer-irdalo-kenyer-mintazo-kenyer-dekoralo","og_site_name":"Laser Memories","article_modified_time":"2025-11-28T04:12:37+00:00","og_image":[{"width":2048,"height":2048,"url":"https:\/\/www.lasermemories.hu\/wp-content\/uploads\/2025\/11\/191eb817-8bcb-4361-8055-e0c1c130180d.jpg","type":"image\/jpeg"}],"twitter_card":"summary_large_image","twitter_misc":{"Becs\u00fclt olvas\u00e1si id\u0151":"1 perc"},"schema":{"@context":"https:\/\/schema.org","@graph":[{"@type":"WebPage","@id":"https:\/\/www.lasermemories.hu\/?product=kenyer-irdalo-kenyer-mintazo-kenyer-dekoralo","url":"https:\/\/www.lasermemories.hu\/?product=kenyer-irdalo-kenyer-mintazo-kenyer-dekoralo","name":"Keny\u00e9r irdal\u00f3, Keny\u00e9r mint\u00e1z\u00f3, Keny\u00e9r dekor\u00e1l\u00f3 - Laser Memories","isPartOf":{"@id":"https:\/\/www.lasermemories.hu\/#website"},"datePublished":"2025-11-28T04:06:28+00:00","dateModified":"2025-11-28T04:12:37+00:00","breadcrumb":{"@id":"https:\/\/www.lasermemories.hu\/?product=kenyer-irdalo-kenyer-mintazo-kenyer-dekoralo#breadcrumb"},"inLanguage":"hu","potentialAction":[{"@type":"ReadAction","target":["https:\/\/www.lasermemories.hu\/?product=kenyer-irdalo-kenyer-mintazo-kenyer-dekoralo"]}]},{"@type":"BreadcrumbList","@id":"https:\/\/www.lasermemories.hu\/?product=kenyer-irdalo-kenyer-mintazo-kenyer-dekoralo#breadcrumb","itemListElement":[{"@type":"ListItem","position":1,"name":"Home","item":"https:\/\/www.lasermemories.hu\/"},{"@type":"ListItem","position":2,"name":"\u00dczlet","item":"https:\/\/www.lasermemories.hu\/?page_id=9"},{"@type":"ListItem","position":3,"name":"Keny\u00e9r irdal\u00f3, Keny\u00e9r mint\u00e1z\u00f3, Keny\u00e9r dekor\u00e1l\u00f3"}]},{"@type":"WebSite","@id":"https:\/\/www.lasermemories.hu\/#website","url":"https:\/\/www.lasermemories.hu\/","name":"Laser Memories","description":"Egyedi f\u00e1b\u00f3l k\u00e9sz\u00fclt k\u00fcl\u00f6nlegess\u00e9gek","publisher":{"@id":"https:\/\/www.lasermemories.hu\/#organization"},"potentialAction":[{"@type":"SearchAction","target":{"@type":"EntryPoint","urlTemplate":"https:\/\/www.lasermemories.hu\/?s={search_term_string}"},"query-input":"required name=search_term_string"}],"inLanguage":"hu"},{"@type":"Organization","@id":"https:\/\/www.lasermemories.hu\/#organization","name":"Laser Memories","url":"https:\/\/www.lasermemories.hu\/","logo":{"@type":"ImageObject","inLanguage":"hu","@id":"https:\/\/www.lasermemories.hu\/#\/schema\/logo\/image\/","url":"https:\/\/www.lasermemories.hu\/wp-content\/uploads\/2022\/08\/41589_Laser-Memories_PP-02.png","contentUrl":"https:\/\/www.lasermemories.hu\/wp-content\/uploads\/2022\/08\/41589_Laser-Memories_PP-02.png","width":2137,"height":1703,"caption":"Laser Memories"},"image":{"@id":"https:\/\/www.lasermemories.hu\/#\/schema\/logo\/image\/"}}]}},"jetpack_sharing_enabled":true,"_links":{"self":[{"href":"https:\/\/www.lasermemories.hu\/index.php?rest_route=\/wp\/v2\/product\/6215","targetHints":{"allow":["GET"]}}],"collection":[{"href":"https:\/\/www.lasermemories.hu\/index.php?rest_route=\/wp\/v2\/product"}],"about":[{"href":"https:\/\/www.lasermemories.hu\/index.php?rest_route=\/wp\/v2\/types\/product"}],"wp:featuredmedia":[{"embeddable":true,"href":"https:\/\/www.lasermemories.hu\/index.php?rest_route=\/wp\/v2\/media\/6216"}],"wp:attachment":[{"href":"https:\/\/www.lasermemories.hu\/index.php?rest_route=%2Fwp%2Fv2%2Fmedia&parent=6215"}],"wp:term":[{"taxonomy":"product_brand","embeddable":true,"href":"https:\/\/www.lasermemories.hu\/index.php?rest_route=%2Fwp%2Fv2%2Fproduct_brand&post=6215"},{"taxonomy":"product_cat","embeddable":true,"href":"https:\/\/www.lasermemories.hu\/index.php?rest_route=%2Fwp%2Fv2%2Fproduct_cat&post=6215"},{"taxonomy":"product_tag","embeddable":true,"href":"https:\/\/www.lasermemories.hu\/index.php?rest_route=%2Fwp%2Fv2%2Fproduct_tag&post=6215"}],"curies":[{"name":"wp","href":"https:\/\/api.w.org\/{rel}","templated":true}]}}