{"id":6161,"date":"2025-11-14T19:17:17","date_gmt":"2025-11-14T19:17:17","guid":{"rendered":"https:\/\/www.lasermemories.hu\/?post_type=product&#038;p=6161"},"modified":"2026-02-05T05:55:06","modified_gmt":"2026-02-05T05:55:06","slug":"egyedi-labtorlo","status":"publish","type":"product","link":"https:\/\/www.lasermemories.hu\/?product=egyedi-labtorlo","title":{"rendered":"Egyedi l\u00e1bt\u00f6rl\u0151"},"content":{"rendered":"<h2 data-start=\"162\" data-end=\"238\"><strong data-start=\"165\" data-end=\"238\">\ud83c\udf81Egyedi l\u00e9zergrav\u00edrozott l\u00e1bt\u00f6rl\u0151 \u2013 k\u00fcl\u00f6nleges \u00fcdv\u00f6zlet az otthonodhoz<\/strong><\/h2>\n<p data-start=\"240\" data-end=\"494\">Tedd egyediv\u00e9 a bej\u00e1ratodat egy szem\u00e9lyre szabott, l\u00e9zergrav\u00edrozott l\u00e1bt\u00f6rl\u0151vel! Prec\u00edz, tart\u00f3s grav\u00edroz\u00e1si technol\u00f3gi\u00e1nknak k\u00f6sz\u00f6nhet\u0151en b\u00e1rmilyen n\u00e9v, felirat, monogram vagy grafika gy\u00f6ny\u00f6r\u0171en \u00e9s \u00e9lesen jelenik meg a term\u00e9szetes k\u00f3kuszrost fel\u00fcleten.<\/p>\n<p data-start=\"496\" data-end=\"653\">Ez a l\u00e1bt\u00f6rl\u0151 nemcsak praktikus kieg\u00e9sz\u00edt\u0151, hanem st\u00edlusos dekor\u00e1ci\u00f3 is, amely m\u00e1r az ajt\u00f3 el\u0151tt megmutatja vend\u00e9geidnek, milyen hangulat v\u00e1rja \u0151ket odabent.<\/p>\n<p data-start=\"878\" data-end=\"965\" data-is-last-node=\"\" data-is-only-node=\"\">\n","protected":false},"excerpt":{"rendered":"<p>\ud83c\udf81Egyedi l\u00e9zergrav\u00edrozott l\u00e1bt\u00f6rl\u0151 \u2013 k\u00fcl\u00f6nleges \u00fcdv\u00f6zlet az otthonodhoz Tedd egyediv\u00e9 a bej\u00e1ratodat egy szem\u00e9lyre szabott, l\u00e9zergrav\u00edrozott l\u00e1bt\u00f6rl\u0151vel! Prec\u00edz, tart\u00f3s grav\u00edroz\u00e1si technol\u00f3gi\u00e1nknak k\u00f6sz\u00f6nhet\u0151en b\u00e1rmilyen n\u00e9v, felirat, monogram vagy grafika gy\u00f6ny\u00f6r\u0171en \u00e9s \u00e9lesen jelenik meg a term\u00e9szetes k\u00f3kuszrost fel\u00fcleten. Ez a l\u00e1bt\u00f6rl\u0151 nemcsak praktikus kieg\u00e9sz\u00edt\u0151, hanem st\u00edlusos dekor\u00e1ci\u00f3 is, amely m\u00e1r az ajt\u00f3 el\u0151tt megmutatja vend\u00e9geidnek, milyen [&hellip;]<\/p>\n","protected":false},"featured_media":6162,"template":"","meta":{"_acf_changed":false,"_monsterinsights_skip_tracking":false,"_monsterinsights_sitenote_active":false,"_monsterinsights_sitenote_note":"","_monsterinsights_sitenote_category":0},"product_brand":[],"product_cat":[48,49,23],"product_tag":[73],"class_list":{"0":"post-6161","1":"product","2":"type-product","3":"status-publish","4":"has-post-thumbnail","6":"product_cat-ferfiaknak","7":"product_cat-ajandek-noknek","8":"product_cat-otthon-dekor","9":"product_tag-motivacios-tabla","11":"entry","12":"has-media","14":"first","15":"instock","16":"sale","17":"shipping-taxable","18":"purchasable","19":"product-type-simple","20":"has-product-nav","21":"col","22":"span_1_of_3","23":"owp-content-center","24":"owp-thumbs-layout-horizontal","25":"owp-btn-normal","26":"owp-tabs-layout-horizontal"},"acf":[],"yoast_head":"<!-- This site is optimized with the Yoast SEO plugin v22.0 - https:\/\/yoast.com\/wordpress\/plugins\/seo\/ -->\n<title>Egyedi l\u00e1bt\u00f6rl\u0151 - Laser Memories<\/title>\n<meta name=\"robots\" content=\"index, follow, max-snippet:-1, max-image-preview:large, max-video-preview:-1\" \/>\n<link rel=\"canonical\" href=\"https:\/\/www.lasermemories.hu\/?product=egyedi-labtorlo\" \/>\n<meta property=\"og:locale\" content=\"hu_HU\" \/>\n<meta property=\"og:type\" content=\"article\" \/>\n<meta property=\"og:title\" content=\"Egyedi l\u00e1bt\u00f6rl\u0151 - Laser Memories\" \/>\n<meta property=\"og:description\" content=\"\ud83c\udf81Egyedi l\u00e9zergrav\u00edrozott l\u00e1bt\u00f6rl\u0151 \u2013 k\u00fcl\u00f6nleges \u00fcdv\u00f6zlet az otthonodhoz Tedd egyediv\u00e9 a bej\u00e1ratodat egy szem\u00e9lyre szabott, l\u00e9zergrav\u00edrozott l\u00e1bt\u00f6rl\u0151vel! Prec\u00edz, tart\u00f3s grav\u00edroz\u00e1si technol\u00f3gi\u00e1nknak k\u00f6sz\u00f6nhet\u0151en b\u00e1rmilyen n\u00e9v, felirat, monogram vagy grafika gy\u00f6ny\u00f6r\u0171en \u00e9s \u00e9lesen jelenik meg a term\u00e9szetes k\u00f3kuszrost fel\u00fcleten. Ez a l\u00e1bt\u00f6rl\u0151 nemcsak praktikus kieg\u00e9sz\u00edt\u0151, hanem st\u00edlusos dekor\u00e1ci\u00f3 is, amely m\u00e1r az ajt\u00f3 el\u0151tt megmutatja vend\u00e9geidnek, milyen [&hellip;]\" \/>\n<meta property=\"og:url\" content=\"https:\/\/www.lasermemories.hu\/?product=egyedi-labtorlo\" \/>\n<meta property=\"og:site_name\" content=\"Laser Memories\" \/>\n<meta property=\"article:modified_time\" content=\"2026-02-05T05:55:06+00:00\" \/>\n<meta property=\"og:image\" content=\"https:\/\/www.lasermemories.hu\/wp-content\/uploads\/2025\/11\/c4671749-8481-48bc-a91d-78592144e8a6.jpg\" \/>\n\t<meta property=\"og:image:width\" content=\"1536\" \/>\n\t<meta property=\"og:image:height\" content=\"1538\" \/>\n\t<meta property=\"og:image:type\" content=\"image\/jpeg\" \/>\n<meta name=\"twitter:card\" content=\"summary_large_image\" \/>\n<meta name=\"twitter:label1\" content=\"Becs\u00fclt olvas\u00e1si id\u0151\" \/>\n\t<meta name=\"twitter:data1\" content=\"1 perc\" \/>\n<script type=\"application\/ld+json\" class=\"yoast-schema-graph\">{\"@context\":\"https:\/\/schema.org\",\"@graph\":[{\"@type\":\"WebPage\",\"@id\":\"https:\/\/www.lasermemories.hu\/?product=egyedi-labtorlo\",\"url\":\"https:\/\/www.lasermemories.hu\/?product=egyedi-labtorlo\",\"name\":\"Egyedi l\u00e1bt\u00f6rl\u0151 - Laser Memories\",\"isPartOf\":{\"@id\":\"https:\/\/www.lasermemories.hu\/#website\"},\"datePublished\":\"2025-11-14T19:17:17+00:00\",\"dateModified\":\"2026-02-05T05:55:06+00:00\",\"breadcrumb\":{\"@id\":\"https:\/\/www.lasermemories.hu\/?product=egyedi-labtorlo#breadcrumb\"},\"inLanguage\":\"hu\",\"potentialAction\":[{\"@type\":\"ReadAction\",\"target\":[\"https:\/\/www.lasermemories.hu\/?product=egyedi-labtorlo\"]}]},{\"@type\":\"BreadcrumbList\",\"@id\":\"https:\/\/www.lasermemories.hu\/?product=egyedi-labtorlo#breadcrumb\",\"itemListElement\":[{\"@type\":\"ListItem\",\"position\":1,\"name\":\"Home\",\"item\":\"https:\/\/www.lasermemories.hu\/\"},{\"@type\":\"ListItem\",\"position\":2,\"name\":\"\u00dczlet\",\"item\":\"https:\/\/www.lasermemories.hu\/?page_id=9\"},{\"@type\":\"ListItem\",\"position\":3,\"name\":\"Egyedi l\u00e1bt\u00f6rl\u0151\"}]},{\"@type\":\"WebSite\",\"@id\":\"https:\/\/www.lasermemories.hu\/#website\",\"url\":\"https:\/\/www.lasermemories.hu\/\",\"name\":\"Laser Memories\",\"description\":\"Egyedi f\u00e1b\u00f3l k\u00e9sz\u00fclt k\u00fcl\u00f6nlegess\u00e9gek\",\"publisher\":{\"@id\":\"https:\/\/www.lasermemories.hu\/#organization\"},\"potentialAction\":[{\"@type\":\"SearchAction\",\"target\":{\"@type\":\"EntryPoint\",\"urlTemplate\":\"https:\/\/www.lasermemories.hu\/?s={search_term_string}\"},\"query-input\":\"required name=search_term_string\"}],\"inLanguage\":\"hu\"},{\"@type\":\"Organization\",\"@id\":\"https:\/\/www.lasermemories.hu\/#organization\",\"name\":\"Laser Memories\",\"url\":\"https:\/\/www.lasermemories.hu\/\",\"logo\":{\"@type\":\"ImageObject\",\"inLanguage\":\"hu\",\"@id\":\"https:\/\/www.lasermemories.hu\/#\/schema\/logo\/image\/\",\"url\":\"https:\/\/www.lasermemories.hu\/wp-content\/uploads\/2022\/08\/41589_Laser-Memories_PP-02.png\",\"contentUrl\":\"https:\/\/www.lasermemories.hu\/wp-content\/uploads\/2022\/08\/41589_Laser-Memories_PP-02.png\",\"width\":2137,\"height\":1703,\"caption\":\"Laser Memories\"},\"image\":{\"@id\":\"https:\/\/www.lasermemories.hu\/#\/schema\/logo\/image\/\"}}]}<\/script>\n<!-- \/ Yoast SEO plugin. -->","yoast_head_json":{"title":"Egyedi l\u00e1bt\u00f6rl\u0151 - Laser Memories","robots":{"index":"index","follow":"follow","max-snippet":"max-snippet:-1","max-image-preview":"max-image-preview:large","max-video-preview":"max-video-preview:-1"},"canonical":"https:\/\/www.lasermemories.hu\/?product=egyedi-labtorlo","og_locale":"hu_HU","og_type":"article","og_title":"Egyedi l\u00e1bt\u00f6rl\u0151 - Laser Memories","og_description":"\ud83c\udf81Egyedi l\u00e9zergrav\u00edrozott l\u00e1bt\u00f6rl\u0151 \u2013 k\u00fcl\u00f6nleges \u00fcdv\u00f6zlet az otthonodhoz Tedd egyediv\u00e9 a bej\u00e1ratodat egy szem\u00e9lyre szabott, l\u00e9zergrav\u00edrozott l\u00e1bt\u00f6rl\u0151vel! Prec\u00edz, tart\u00f3s grav\u00edroz\u00e1si technol\u00f3gi\u00e1nknak k\u00f6sz\u00f6nhet\u0151en b\u00e1rmilyen n\u00e9v, felirat, monogram vagy grafika gy\u00f6ny\u00f6r\u0171en \u00e9s \u00e9lesen jelenik meg a term\u00e9szetes k\u00f3kuszrost fel\u00fcleten. Ez a l\u00e1bt\u00f6rl\u0151 nemcsak praktikus kieg\u00e9sz\u00edt\u0151, hanem st\u00edlusos dekor\u00e1ci\u00f3 is, amely m\u00e1r az ajt\u00f3 el\u0151tt megmutatja vend\u00e9geidnek, milyen [&hellip;]","og_url":"https:\/\/www.lasermemories.hu\/?product=egyedi-labtorlo","og_site_name":"Laser Memories","article_modified_time":"2026-02-05T05:55:06+00:00","og_image":[{"width":1536,"height":1538,"url":"https:\/\/www.lasermemories.hu\/wp-content\/uploads\/2025\/11\/c4671749-8481-48bc-a91d-78592144e8a6.jpg","type":"image\/jpeg"}],"twitter_card":"summary_large_image","twitter_misc":{"Becs\u00fclt olvas\u00e1si id\u0151":"1 perc"},"schema":{"@context":"https:\/\/schema.org","@graph":[{"@type":"WebPage","@id":"https:\/\/www.lasermemories.hu\/?product=egyedi-labtorlo","url":"https:\/\/www.lasermemories.hu\/?product=egyedi-labtorlo","name":"Egyedi l\u00e1bt\u00f6rl\u0151 - Laser Memories","isPartOf":{"@id":"https:\/\/www.lasermemories.hu\/#website"},"datePublished":"2025-11-14T19:17:17+00:00","dateModified":"2026-02-05T05:55:06+00:00","breadcrumb":{"@id":"https:\/\/www.lasermemories.hu\/?product=egyedi-labtorlo#breadcrumb"},"inLanguage":"hu","potentialAction":[{"@type":"ReadAction","target":["https:\/\/www.lasermemories.hu\/?product=egyedi-labtorlo"]}]},{"@type":"BreadcrumbList","@id":"https:\/\/www.lasermemories.hu\/?product=egyedi-labtorlo#breadcrumb","itemListElement":[{"@type":"ListItem","position":1,"name":"Home","item":"https:\/\/www.lasermemories.hu\/"},{"@type":"ListItem","position":2,"name":"\u00dczlet","item":"https:\/\/www.lasermemories.hu\/?page_id=9"},{"@type":"ListItem","position":3,"name":"Egyedi l\u00e1bt\u00f6rl\u0151"}]},{"@type":"WebSite","@id":"https:\/\/www.lasermemories.hu\/#website","url":"https:\/\/www.lasermemories.hu\/","name":"Laser Memories","description":"Egyedi f\u00e1b\u00f3l k\u00e9sz\u00fclt k\u00fcl\u00f6nlegess\u00e9gek","publisher":{"@id":"https:\/\/www.lasermemories.hu\/#organization"},"potentialAction":[{"@type":"SearchAction","target":{"@type":"EntryPoint","urlTemplate":"https:\/\/www.lasermemories.hu\/?s={search_term_string}"},"query-input":"required name=search_term_string"}],"inLanguage":"hu"},{"@type":"Organization","@id":"https:\/\/www.lasermemories.hu\/#organization","name":"Laser Memories","url":"https:\/\/www.lasermemories.hu\/","logo":{"@type":"ImageObject","inLanguage":"hu","@id":"https:\/\/www.lasermemories.hu\/#\/schema\/logo\/image\/","url":"https:\/\/www.lasermemories.hu\/wp-content\/uploads\/2022\/08\/41589_Laser-Memories_PP-02.png","contentUrl":"https:\/\/www.lasermemories.hu\/wp-content\/uploads\/2022\/08\/41589_Laser-Memories_PP-02.png","width":2137,"height":1703,"caption":"Laser Memories"},"image":{"@id":"https:\/\/www.lasermemories.hu\/#\/schema\/logo\/image\/"}}]}},"jetpack_sharing_enabled":true,"_links":{"self":[{"href":"https:\/\/www.lasermemories.hu\/index.php?rest_route=\/wp\/v2\/product\/6161","targetHints":{"allow":["GET"]}}],"collection":[{"href":"https:\/\/www.lasermemories.hu\/index.php?rest_route=\/wp\/v2\/product"}],"about":[{"href":"https:\/\/www.lasermemories.hu\/index.php?rest_route=\/wp\/v2\/types\/product"}],"wp:featuredmedia":[{"embeddable":true,"href":"https:\/\/www.lasermemories.hu\/index.php?rest_route=\/wp\/v2\/media\/6162"}],"wp:attachment":[{"href":"https:\/\/www.lasermemories.hu\/index.php?rest_route=%2Fwp%2Fv2%2Fmedia&parent=6161"}],"wp:term":[{"taxonomy":"product_brand","embeddable":true,"href":"https:\/\/www.lasermemories.hu\/index.php?rest_route=%2Fwp%2Fv2%2Fproduct_brand&post=6161"},{"taxonomy":"product_cat","embeddable":true,"href":"https:\/\/www.lasermemories.hu\/index.php?rest_route=%2Fwp%2Fv2%2Fproduct_cat&post=6161"},{"taxonomy":"product_tag","embeddable":true,"href":"https:\/\/www.lasermemories.hu\/index.php?rest_route=%2Fwp%2Fv2%2Fproduct_tag&post=6161"}],"curies":[{"name":"wp","href":"https:\/\/api.w.org\/{rel}","templated":true}]}}