{"id":5963,"date":"2025-09-22T13:14:33","date_gmt":"2025-09-22T13:14:33","guid":{"rendered":"https:\/\/www.lasermemories.hu\/?post_type=product&#038;p=5963"},"modified":"2025-09-22T13:21:45","modified_gmt":"2025-09-22T13:21:45","slug":"lakatceremonia-szett-eskuvore","status":"publish","type":"product","link":"https:\/\/www.lasermemories.hu\/?product=lakatceremonia-szett-eskuvore","title":{"rendered":"Lakatcerem\u00f3nia szett Esk\u00fcv\u0151re"},"content":{"rendered":"<p data-start=\"79\" data-end=\"137\"><strong data-start=\"79\" data-end=\"135\">Lakatcerem\u00f3nia szett \u2013 az \u00f6r\u00f6k \u00f6sszetartoz\u00e1s jelk\u00e9pe<\/strong><\/p>\n<p data-start=\"139\" data-end=\"407\">A lakatcerem\u00f3nia egy szimbolikus \u00e9s meghitt pillanat, amelyben a szerelmesp\u00e1r egy lakat seg\u00edts\u00e9g\u00e9vel pecs\u00e9teli meg k\u00f6z\u00f6s \u00e9let\u00e9nek kezdet\u00e9t. A szertart\u00e1s sor\u00e1n a lakatot k\u00f6z\u00f6sen z\u00e1rj\u00e1k \u00f6ssze, majd a kulcsot eldobva vagy elrejtve kifejezik, hogy szerelm\u00fck \u00f6r\u00f6kre sz\u00f3l.<\/p>\n","protected":false},"excerpt":{"rendered":"<p>Lakatcerem\u00f3nia szett \u2013 az \u00f6r\u00f6k \u00f6sszetartoz\u00e1s jelk\u00e9pe A lakatcerem\u00f3nia egy szimbolikus \u00e9s meghitt pillanat, amelyben a szerelmesp\u00e1r egy lakat seg\u00edts\u00e9g\u00e9vel pecs\u00e9teli meg k\u00f6z\u00f6s \u00e9let\u00e9nek kezdet\u00e9t. A szertart\u00e1s sor\u00e1n a lakatot k\u00f6z\u00f6sen z\u00e1rj\u00e1k \u00f6ssze, majd a kulcsot eldobva vagy elrejtve kifejezik, hogy szerelm\u00fck \u00f6r\u00f6kre sz\u00f3l.<\/p>\n","protected":false},"featured_media":5964,"template":"","meta":{"_acf_changed":false,"_monsterinsights_skip_tracking":false,"_monsterinsights_sitenote_active":false,"_monsterinsights_sitenote_note":"","_monsterinsights_sitenote_category":0},"product_brand":[],"product_cat":[68],"product_tag":[],"class_list":{"0":"post-5963","1":"product","2":"type-product","3":"status-publish","4":"has-post-thumbnail","6":"product_cat-homokceremonia-lakatceremonia","8":"entry","9":"has-media","11":"first","12":"instock","13":"sale","14":"shipping-taxable","15":"purchasable","16":"product-type-simple","17":"has-product-nav","18":"col","19":"span_1_of_3","20":"owp-content-center","21":"owp-thumbs-layout-horizontal","22":"owp-btn-normal","23":"owp-tabs-layout-horizontal"},"acf":[],"yoast_head":"<!-- This site is optimized with the Yoast SEO plugin v22.0 - https:\/\/yoast.com\/wordpress\/plugins\/seo\/ -->\n<title>Lakatcerem\u00f3nia szett Esk\u00fcv\u0151re - Laser Memories<\/title>\n<meta name=\"robots\" content=\"index, follow, max-snippet:-1, max-image-preview:large, max-video-preview:-1\" \/>\n<link rel=\"canonical\" href=\"https:\/\/www.lasermemories.hu\/?product=lakatceremonia-szett-eskuvore\" \/>\n<meta property=\"og:locale\" content=\"hu_HU\" \/>\n<meta property=\"og:type\" content=\"article\" \/>\n<meta property=\"og:title\" content=\"Lakatcerem\u00f3nia szett Esk\u00fcv\u0151re - Laser Memories\" \/>\n<meta property=\"og:description\" content=\"Lakatcerem\u00f3nia szett \u2013 az \u00f6r\u00f6k \u00f6sszetartoz\u00e1s jelk\u00e9pe A lakatcerem\u00f3nia egy szimbolikus \u00e9s meghitt pillanat, amelyben a szerelmesp\u00e1r egy lakat seg\u00edts\u00e9g\u00e9vel pecs\u00e9teli meg k\u00f6z\u00f6s \u00e9let\u00e9nek kezdet\u00e9t. A szertart\u00e1s sor\u00e1n a lakatot k\u00f6z\u00f6sen z\u00e1rj\u00e1k \u00f6ssze, majd a kulcsot eldobva vagy elrejtve kifejezik, hogy szerelm\u00fck \u00f6r\u00f6kre sz\u00f3l.\" \/>\n<meta property=\"og:url\" content=\"https:\/\/www.lasermemories.hu\/?product=lakatceremonia-szett-eskuvore\" \/>\n<meta property=\"og:site_name\" content=\"Laser Memories\" \/>\n<meta property=\"article:modified_time\" content=\"2025-09-22T13:21:45+00:00\" \/>\n<meta property=\"og:image\" content=\"https:\/\/www.lasermemories.hu\/wp-content\/uploads\/2025\/09\/2030dcfe-7973-45a4-a195-eb9281dbc597.jpg\" \/>\n\t<meta property=\"og:image:width\" content=\"1536\" \/>\n\t<meta property=\"og:image:height\" content=\"2048\" \/>\n\t<meta property=\"og:image:type\" content=\"image\/jpeg\" \/>\n<meta name=\"twitter:card\" content=\"summary_large_image\" \/>\n<meta name=\"twitter:label1\" content=\"Becs\u00fclt olvas\u00e1si id\u0151\" \/>\n\t<meta name=\"twitter:data1\" content=\"1 perc\" \/>\n<script type=\"application\/ld+json\" class=\"yoast-schema-graph\">{\"@context\":\"https:\/\/schema.org\",\"@graph\":[{\"@type\":\"WebPage\",\"@id\":\"https:\/\/www.lasermemories.hu\/?product=lakatceremonia-szett-eskuvore\",\"url\":\"https:\/\/www.lasermemories.hu\/?product=lakatceremonia-szett-eskuvore\",\"name\":\"Lakatcerem\u00f3nia szett Esk\u00fcv\u0151re - Laser Memories\",\"isPartOf\":{\"@id\":\"https:\/\/www.lasermemories.hu\/#website\"},\"datePublished\":\"2025-09-22T13:14:33+00:00\",\"dateModified\":\"2025-09-22T13:21:45+00:00\",\"breadcrumb\":{\"@id\":\"https:\/\/www.lasermemories.hu\/?product=lakatceremonia-szett-eskuvore#breadcrumb\"},\"inLanguage\":\"hu\",\"potentialAction\":[{\"@type\":\"ReadAction\",\"target\":[\"https:\/\/www.lasermemories.hu\/?product=lakatceremonia-szett-eskuvore\"]}]},{\"@type\":\"BreadcrumbList\",\"@id\":\"https:\/\/www.lasermemories.hu\/?product=lakatceremonia-szett-eskuvore#breadcrumb\",\"itemListElement\":[{\"@type\":\"ListItem\",\"position\":1,\"name\":\"Home\",\"item\":\"https:\/\/www.lasermemories.hu\/\"},{\"@type\":\"ListItem\",\"position\":2,\"name\":\"\u00dczlet\",\"item\":\"https:\/\/www.lasermemories.hu\/?page_id=9\"},{\"@type\":\"ListItem\",\"position\":3,\"name\":\"Lakatcerem\u00f3nia szett Esk\u00fcv\u0151re\"}]},{\"@type\":\"WebSite\",\"@id\":\"https:\/\/www.lasermemories.hu\/#website\",\"url\":\"https:\/\/www.lasermemories.hu\/\",\"name\":\"Laser Memories\",\"description\":\"Egyedi f\u00e1b\u00f3l k\u00e9sz\u00fclt k\u00fcl\u00f6nlegess\u00e9gek\",\"publisher\":{\"@id\":\"https:\/\/www.lasermemories.hu\/#organization\"},\"potentialAction\":[{\"@type\":\"SearchAction\",\"target\":{\"@type\":\"EntryPoint\",\"urlTemplate\":\"https:\/\/www.lasermemories.hu\/?s={search_term_string}\"},\"query-input\":\"required name=search_term_string\"}],\"inLanguage\":\"hu\"},{\"@type\":\"Organization\",\"@id\":\"https:\/\/www.lasermemories.hu\/#organization\",\"name\":\"Laser Memories\",\"url\":\"https:\/\/www.lasermemories.hu\/\",\"logo\":{\"@type\":\"ImageObject\",\"inLanguage\":\"hu\",\"@id\":\"https:\/\/www.lasermemories.hu\/#\/schema\/logo\/image\/\",\"url\":\"https:\/\/www.lasermemories.hu\/wp-content\/uploads\/2022\/08\/41589_Laser-Memories_PP-02.png\",\"contentUrl\":\"https:\/\/www.lasermemories.hu\/wp-content\/uploads\/2022\/08\/41589_Laser-Memories_PP-02.png\",\"width\":2137,\"height\":1703,\"caption\":\"Laser Memories\"},\"image\":{\"@id\":\"https:\/\/www.lasermemories.hu\/#\/schema\/logo\/image\/\"}}]}<\/script>\n<!-- \/ Yoast SEO plugin. -->","yoast_head_json":{"title":"Lakatcerem\u00f3nia szett Esk\u00fcv\u0151re - Laser Memories","robots":{"index":"index","follow":"follow","max-snippet":"max-snippet:-1","max-image-preview":"max-image-preview:large","max-video-preview":"max-video-preview:-1"},"canonical":"https:\/\/www.lasermemories.hu\/?product=lakatceremonia-szett-eskuvore","og_locale":"hu_HU","og_type":"article","og_title":"Lakatcerem\u00f3nia szett Esk\u00fcv\u0151re - Laser Memories","og_description":"Lakatcerem\u00f3nia szett \u2013 az \u00f6r\u00f6k \u00f6sszetartoz\u00e1s jelk\u00e9pe A lakatcerem\u00f3nia egy szimbolikus \u00e9s meghitt pillanat, amelyben a szerelmesp\u00e1r egy lakat seg\u00edts\u00e9g\u00e9vel pecs\u00e9teli meg k\u00f6z\u00f6s \u00e9let\u00e9nek kezdet\u00e9t. A szertart\u00e1s sor\u00e1n a lakatot k\u00f6z\u00f6sen z\u00e1rj\u00e1k \u00f6ssze, majd a kulcsot eldobva vagy elrejtve kifejezik, hogy szerelm\u00fck \u00f6r\u00f6kre sz\u00f3l.","og_url":"https:\/\/www.lasermemories.hu\/?product=lakatceremonia-szett-eskuvore","og_site_name":"Laser Memories","article_modified_time":"2025-09-22T13:21:45+00:00","og_image":[{"width":1536,"height":2048,"url":"https:\/\/www.lasermemories.hu\/wp-content\/uploads\/2025\/09\/2030dcfe-7973-45a4-a195-eb9281dbc597.jpg","type":"image\/jpeg"}],"twitter_card":"summary_large_image","twitter_misc":{"Becs\u00fclt olvas\u00e1si id\u0151":"1 perc"},"schema":{"@context":"https:\/\/schema.org","@graph":[{"@type":"WebPage","@id":"https:\/\/www.lasermemories.hu\/?product=lakatceremonia-szett-eskuvore","url":"https:\/\/www.lasermemories.hu\/?product=lakatceremonia-szett-eskuvore","name":"Lakatcerem\u00f3nia szett Esk\u00fcv\u0151re - Laser Memories","isPartOf":{"@id":"https:\/\/www.lasermemories.hu\/#website"},"datePublished":"2025-09-22T13:14:33+00:00","dateModified":"2025-09-22T13:21:45+00:00","breadcrumb":{"@id":"https:\/\/www.lasermemories.hu\/?product=lakatceremonia-szett-eskuvore#breadcrumb"},"inLanguage":"hu","potentialAction":[{"@type":"ReadAction","target":["https:\/\/www.lasermemories.hu\/?product=lakatceremonia-szett-eskuvore"]}]},{"@type":"BreadcrumbList","@id":"https:\/\/www.lasermemories.hu\/?product=lakatceremonia-szett-eskuvore#breadcrumb","itemListElement":[{"@type":"ListItem","position":1,"name":"Home","item":"https:\/\/www.lasermemories.hu\/"},{"@type":"ListItem","position":2,"name":"\u00dczlet","item":"https:\/\/www.lasermemories.hu\/?page_id=9"},{"@type":"ListItem","position":3,"name":"Lakatcerem\u00f3nia szett Esk\u00fcv\u0151re"}]},{"@type":"WebSite","@id":"https:\/\/www.lasermemories.hu\/#website","url":"https:\/\/www.lasermemories.hu\/","name":"Laser Memories","description":"Egyedi f\u00e1b\u00f3l k\u00e9sz\u00fclt k\u00fcl\u00f6nlegess\u00e9gek","publisher":{"@id":"https:\/\/www.lasermemories.hu\/#organization"},"potentialAction":[{"@type":"SearchAction","target":{"@type":"EntryPoint","urlTemplate":"https:\/\/www.lasermemories.hu\/?s={search_term_string}"},"query-input":"required name=search_term_string"}],"inLanguage":"hu"},{"@type":"Organization","@id":"https:\/\/www.lasermemories.hu\/#organization","name":"Laser Memories","url":"https:\/\/www.lasermemories.hu\/","logo":{"@type":"ImageObject","inLanguage":"hu","@id":"https:\/\/www.lasermemories.hu\/#\/schema\/logo\/image\/","url":"https:\/\/www.lasermemories.hu\/wp-content\/uploads\/2022\/08\/41589_Laser-Memories_PP-02.png","contentUrl":"https:\/\/www.lasermemories.hu\/wp-content\/uploads\/2022\/08\/41589_Laser-Memories_PP-02.png","width":2137,"height":1703,"caption":"Laser Memories"},"image":{"@id":"https:\/\/www.lasermemories.hu\/#\/schema\/logo\/image\/"}}]}},"jetpack_sharing_enabled":true,"_links":{"self":[{"href":"https:\/\/www.lasermemories.hu\/index.php?rest_route=\/wp\/v2\/product\/5963","targetHints":{"allow":["GET"]}}],"collection":[{"href":"https:\/\/www.lasermemories.hu\/index.php?rest_route=\/wp\/v2\/product"}],"about":[{"href":"https:\/\/www.lasermemories.hu\/index.php?rest_route=\/wp\/v2\/types\/product"}],"wp:featuredmedia":[{"embeddable":true,"href":"https:\/\/www.lasermemories.hu\/index.php?rest_route=\/wp\/v2\/media\/5964"}],"wp:attachment":[{"href":"https:\/\/www.lasermemories.hu\/index.php?rest_route=%2Fwp%2Fv2%2Fmedia&parent=5963"}],"wp:term":[{"taxonomy":"product_brand","embeddable":true,"href":"https:\/\/www.lasermemories.hu\/index.php?rest_route=%2Fwp%2Fv2%2Fproduct_brand&post=5963"},{"taxonomy":"product_cat","embeddable":true,"href":"https:\/\/www.lasermemories.hu\/index.php?rest_route=%2Fwp%2Fv2%2Fproduct_cat&post=5963"},{"taxonomy":"product_tag","embeddable":true,"href":"https:\/\/www.lasermemories.hu\/index.php?rest_route=%2Fwp%2Fv2%2Fproduct_tag&post=5963"}],"curies":[{"name":"wp","href":"https:\/\/api.w.org\/{rel}","templated":true}]}}