{"id":5953,"date":"2025-09-22T09:49:48","date_gmt":"2025-09-22T09:49:48","guid":{"rendered":"https:\/\/www.lasermemories.hu\/?post_type=product&#038;p=5953"},"modified":"2025-09-22T12:24:03","modified_gmt":"2025-09-22T12:24:03","slug":"elmeny-jegy-gyujto-doboz-plexivel-jegy","status":"publish","type":"product","link":"https:\/\/www.lasermemories.hu\/?product=elmeny-jegy-gyujto-doboz-plexivel-jegy","title":{"rendered":"\u00c9lm\u00e9ny jegy gy\u0171jt\u0151 doboz plexivel -jegy"},"content":{"rendered":"<p data-start=\"0\" data-end=\"241\">Az <strong data-start=\"3\" data-end=\"33\">&#8220;\u00e9lm\u00e9ny jegy gy\u0171jt\u0151 doboz&#8221;<\/strong> egy kreat\u00edv \u00e9s szem\u00e9lyes aj\u00e1nd\u00e9k vagy eml\u00e9kt\u00e1rgy, amelybe az ember az \u00e1t\u00e9lt \u00e9lm\u00e9nyekhez kapcsol\u00f3d\u00f3 jegyeket, bel\u00e9p\u0151ket, karszalagokat, t\u00e9rk\u00e9peket, f\u00e9nyk\u00e9peket vagy kis eml\u00e9kt\u00e1rgyakat gy\u0171jt. Ez lehet p\u00e9ld\u00e1ul:<\/p>\n<ul data-start=\"243\" data-end=\"440\">\n<li data-start=\"243\" data-end=\"287\">\n<p data-start=\"245\" data-end=\"287\">mozijegyek, koncertjegyek, sz\u00ednh\u00e1zjegyek<\/p>\n<\/li>\n<li data-start=\"288\" data-end=\"333\">\n<p data-start=\"290\" data-end=\"333\">utaz\u00e1sok sor\u00e1n kapott vonat-\/rep\u00fcl\u0151jegyek<\/p>\n<\/li>\n<li data-start=\"334\" data-end=\"365\">\n<p data-start=\"336\" data-end=\"365\">m\u00fazeumi, ki\u00e1ll\u00edt\u00e1si bel\u00e9p\u0151k<\/p>\n<\/li>\n<li data-start=\"366\" data-end=\"398\">\n<p data-start=\"368\" data-end=\"398\">\u00e9ttermek, esem\u00e9nyek blokkjai<\/p>\n<\/li>\n<li data-start=\"399\" data-end=\"440\">\n<p data-start=\"401\" data-end=\"440\">k\u00e9zzel \u00edrt kis jegyzetek az \u00e9lm\u00e9nyekr\u0151l<\/p>\n<\/li>\n<\/ul>\n<p>Strapab\u00edr\u00f3 diz\u00e1jnnal rendelkezik, \u00edgy hossz\u00fa \u00e9vekig \u0151rizheti meg az eml\u00e9kezetes pillanatokat.<\/p>\n<p>A doboz szem\u00e9lyre szabhat\u00f3 \u00edgy m\u00e9g szem\u00e9lyesebb lehet.<\/p>\n<p>&nbsp;<\/p>\n<p>Oldalt k\u00f6nnyen kinyithat\u00f3!<\/p>\n<p>M\u00e9ret : magas 20 cm x sz\u00e9les 29 cm x m\u00e9ly 14 cm<\/p>\n","protected":false},"excerpt":{"rendered":"<p>Az &#8220;\u00e9lm\u00e9ny jegy gy\u0171jt\u0151 doboz&#8221; egy kreat\u00edv \u00e9s szem\u00e9lyes aj\u00e1nd\u00e9k vagy eml\u00e9kt\u00e1rgy, amelybe az ember az \u00e1t\u00e9lt \u00e9lm\u00e9nyekhez kapcsol\u00f3d\u00f3 jegyeket, bel\u00e9p\u0151ket, karszalagokat, t\u00e9rk\u00e9peket, f\u00e9nyk\u00e9peket vagy kis eml\u00e9kt\u00e1rgyakat gy\u0171jt. Ez lehet p\u00e9ld\u00e1ul: mozijegyek, koncertjegyek, sz\u00ednh\u00e1zjegyek utaz\u00e1sok sor\u00e1n kapott vonat-\/rep\u00fcl\u0151jegyek m\u00fazeumi, ki\u00e1ll\u00edt\u00e1si bel\u00e9p\u0151k \u00e9ttermek, esem\u00e9nyek blokkjai k\u00e9zzel \u00edrt kis jegyzetek az \u00e9lm\u00e9nyekr\u0151l Strapab\u00edr\u00f3 diz\u00e1jnnal rendelkezik, \u00edgy hossz\u00fa [&hellip;]<\/p>\n","protected":false},"featured_media":5954,"template":"","meta":{"_acf_changed":false,"_monsterinsights_skip_tracking":false,"_monsterinsights_sitenote_active":false,"_monsterinsights_sitenote_note":"","_monsterinsights_sitenote_category":0},"product_brand":[],"product_cat":[48,49,23],"product_tag":[],"class_list":{"0":"post-5953","1":"product","2":"type-product","3":"status-publish","4":"has-post-thumbnail","6":"product_cat-ferfiaknak","7":"product_cat-ajandek-noknek","8":"product_cat-otthon-dekor","10":"entry","11":"has-media","13":"first","14":"instock","15":"sale","16":"shipping-taxable","17":"purchasable","18":"product-type-simple","19":"has-product-nav","20":"col","21":"span_1_of_3","22":"owp-content-center","23":"owp-thumbs-layout-horizontal","24":"owp-btn-normal","25":"owp-tabs-layout-horizontal","26":"has-no-thumbnails"},"acf":[],"yoast_head":"<!-- This site is optimized with the Yoast SEO plugin v22.0 - https:\/\/yoast.com\/wordpress\/plugins\/seo\/ -->\n<title>\u00c9lm\u00e9ny jegy gy\u0171jt\u0151 doboz plexivel -jegy - Laser Memories<\/title>\n<meta name=\"robots\" content=\"index, follow, max-snippet:-1, max-image-preview:large, max-video-preview:-1\" \/>\n<link rel=\"canonical\" href=\"https:\/\/www.lasermemories.hu\/?product=elmeny-jegy-gyujto-doboz-plexivel-jegy\" \/>\n<meta property=\"og:locale\" content=\"hu_HU\" \/>\n<meta property=\"og:type\" content=\"article\" \/>\n<meta property=\"og:title\" content=\"\u00c9lm\u00e9ny jegy gy\u0171jt\u0151 doboz plexivel -jegy - Laser Memories\" \/>\n<meta property=\"og:description\" content=\"Az &#8220;\u00e9lm\u00e9ny jegy gy\u0171jt\u0151 doboz&#8221; egy kreat\u00edv \u00e9s szem\u00e9lyes aj\u00e1nd\u00e9k vagy eml\u00e9kt\u00e1rgy, amelybe az ember az \u00e1t\u00e9lt \u00e9lm\u00e9nyekhez kapcsol\u00f3d\u00f3 jegyeket, bel\u00e9p\u0151ket, karszalagokat, t\u00e9rk\u00e9peket, f\u00e9nyk\u00e9peket vagy kis eml\u00e9kt\u00e1rgyakat gy\u0171jt. Ez lehet p\u00e9ld\u00e1ul: mozijegyek, koncertjegyek, sz\u00ednh\u00e1zjegyek utaz\u00e1sok sor\u00e1n kapott vonat-\/rep\u00fcl\u0151jegyek m\u00fazeumi, ki\u00e1ll\u00edt\u00e1si bel\u00e9p\u0151k \u00e9ttermek, esem\u00e9nyek blokkjai k\u00e9zzel \u00edrt kis jegyzetek az \u00e9lm\u00e9nyekr\u0151l Strapab\u00edr\u00f3 diz\u00e1jnnal rendelkezik, \u00edgy hossz\u00fa [&hellip;]\" \/>\n<meta property=\"og:url\" content=\"https:\/\/www.lasermemories.hu\/?product=elmeny-jegy-gyujto-doboz-plexivel-jegy\" \/>\n<meta property=\"og:site_name\" content=\"Laser Memories\" \/>\n<meta property=\"article:modified_time\" content=\"2025-09-22T12:24:03+00:00\" \/>\n<meta property=\"og:image\" content=\"https:\/\/www.lasermemories.hu\/wp-content\/uploads\/2025\/09\/364b7bbb-1134-4a7a-b72a-c5870c312a16.jpg\" \/>\n\t<meta property=\"og:image:width\" content=\"1080\" \/>\n\t<meta property=\"og:image:height\" content=\"689\" \/>\n\t<meta property=\"og:image:type\" content=\"image\/jpeg\" \/>\n<meta name=\"twitter:card\" content=\"summary_large_image\" \/>\n<meta name=\"twitter:label1\" content=\"Becs\u00fclt olvas\u00e1si id\u0151\" \/>\n\t<meta name=\"twitter:data1\" content=\"1 perc\" \/>\n<script type=\"application\/ld+json\" class=\"yoast-schema-graph\">{\"@context\":\"https:\/\/schema.org\",\"@graph\":[{\"@type\":\"WebPage\",\"@id\":\"https:\/\/www.lasermemories.hu\/?product=elmeny-jegy-gyujto-doboz-plexivel-jegy\",\"url\":\"https:\/\/www.lasermemories.hu\/?product=elmeny-jegy-gyujto-doboz-plexivel-jegy\",\"name\":\"\u00c9lm\u00e9ny jegy gy\u0171jt\u0151 doboz plexivel -jegy - Laser Memories\",\"isPartOf\":{\"@id\":\"https:\/\/www.lasermemories.hu\/#website\"},\"datePublished\":\"2025-09-22T09:49:48+00:00\",\"dateModified\":\"2025-09-22T12:24:03+00:00\",\"breadcrumb\":{\"@id\":\"https:\/\/www.lasermemories.hu\/?product=elmeny-jegy-gyujto-doboz-plexivel-jegy#breadcrumb\"},\"inLanguage\":\"hu\",\"potentialAction\":[{\"@type\":\"ReadAction\",\"target\":[\"https:\/\/www.lasermemories.hu\/?product=elmeny-jegy-gyujto-doboz-plexivel-jegy\"]}]},{\"@type\":\"BreadcrumbList\",\"@id\":\"https:\/\/www.lasermemories.hu\/?product=elmeny-jegy-gyujto-doboz-plexivel-jegy#breadcrumb\",\"itemListElement\":[{\"@type\":\"ListItem\",\"position\":1,\"name\":\"Home\",\"item\":\"https:\/\/www.lasermemories.hu\/\"},{\"@type\":\"ListItem\",\"position\":2,\"name\":\"\u00dczlet\",\"item\":\"https:\/\/www.lasermemories.hu\/?page_id=9\"},{\"@type\":\"ListItem\",\"position\":3,\"name\":\"\u00c9lm\u00e9ny jegy gy\u0171jt\u0151 doboz plexivel -jegy\"}]},{\"@type\":\"WebSite\",\"@id\":\"https:\/\/www.lasermemories.hu\/#website\",\"url\":\"https:\/\/www.lasermemories.hu\/\",\"name\":\"Laser Memories\",\"description\":\"Egyedi f\u00e1b\u00f3l k\u00e9sz\u00fclt k\u00fcl\u00f6nlegess\u00e9gek\",\"publisher\":{\"@id\":\"https:\/\/www.lasermemories.hu\/#organization\"},\"potentialAction\":[{\"@type\":\"SearchAction\",\"target\":{\"@type\":\"EntryPoint\",\"urlTemplate\":\"https:\/\/www.lasermemories.hu\/?s={search_term_string}\"},\"query-input\":\"required name=search_term_string\"}],\"inLanguage\":\"hu\"},{\"@type\":\"Organization\",\"@id\":\"https:\/\/www.lasermemories.hu\/#organization\",\"name\":\"Laser Memories\",\"url\":\"https:\/\/www.lasermemories.hu\/\",\"logo\":{\"@type\":\"ImageObject\",\"inLanguage\":\"hu\",\"@id\":\"https:\/\/www.lasermemories.hu\/#\/schema\/logo\/image\/\",\"url\":\"https:\/\/www.lasermemories.hu\/wp-content\/uploads\/2022\/08\/41589_Laser-Memories_PP-02.png\",\"contentUrl\":\"https:\/\/www.lasermemories.hu\/wp-content\/uploads\/2022\/08\/41589_Laser-Memories_PP-02.png\",\"width\":2137,\"height\":1703,\"caption\":\"Laser Memories\"},\"image\":{\"@id\":\"https:\/\/www.lasermemories.hu\/#\/schema\/logo\/image\/\"}}]}<\/script>\n<!-- \/ Yoast SEO plugin. -->","yoast_head_json":{"title":"\u00c9lm\u00e9ny jegy gy\u0171jt\u0151 doboz plexivel -jegy - Laser Memories","robots":{"index":"index","follow":"follow","max-snippet":"max-snippet:-1","max-image-preview":"max-image-preview:large","max-video-preview":"max-video-preview:-1"},"canonical":"https:\/\/www.lasermemories.hu\/?product=elmeny-jegy-gyujto-doboz-plexivel-jegy","og_locale":"hu_HU","og_type":"article","og_title":"\u00c9lm\u00e9ny jegy gy\u0171jt\u0151 doboz plexivel -jegy - Laser Memories","og_description":"Az &#8220;\u00e9lm\u00e9ny jegy gy\u0171jt\u0151 doboz&#8221; egy kreat\u00edv \u00e9s szem\u00e9lyes aj\u00e1nd\u00e9k vagy eml\u00e9kt\u00e1rgy, amelybe az ember az \u00e1t\u00e9lt \u00e9lm\u00e9nyekhez kapcsol\u00f3d\u00f3 jegyeket, bel\u00e9p\u0151ket, karszalagokat, t\u00e9rk\u00e9peket, f\u00e9nyk\u00e9peket vagy kis eml\u00e9kt\u00e1rgyakat gy\u0171jt. Ez lehet p\u00e9ld\u00e1ul: mozijegyek, koncertjegyek, sz\u00ednh\u00e1zjegyek utaz\u00e1sok sor\u00e1n kapott vonat-\/rep\u00fcl\u0151jegyek m\u00fazeumi, ki\u00e1ll\u00edt\u00e1si bel\u00e9p\u0151k \u00e9ttermek, esem\u00e9nyek blokkjai k\u00e9zzel \u00edrt kis jegyzetek az \u00e9lm\u00e9nyekr\u0151l Strapab\u00edr\u00f3 diz\u00e1jnnal rendelkezik, \u00edgy hossz\u00fa [&hellip;]","og_url":"https:\/\/www.lasermemories.hu\/?product=elmeny-jegy-gyujto-doboz-plexivel-jegy","og_site_name":"Laser Memories","article_modified_time":"2025-09-22T12:24:03+00:00","og_image":[{"width":1080,"height":689,"url":"https:\/\/www.lasermemories.hu\/wp-content\/uploads\/2025\/09\/364b7bbb-1134-4a7a-b72a-c5870c312a16.jpg","type":"image\/jpeg"}],"twitter_card":"summary_large_image","twitter_misc":{"Becs\u00fclt olvas\u00e1si id\u0151":"1 perc"},"schema":{"@context":"https:\/\/schema.org","@graph":[{"@type":"WebPage","@id":"https:\/\/www.lasermemories.hu\/?product=elmeny-jegy-gyujto-doboz-plexivel-jegy","url":"https:\/\/www.lasermemories.hu\/?product=elmeny-jegy-gyujto-doboz-plexivel-jegy","name":"\u00c9lm\u00e9ny jegy gy\u0171jt\u0151 doboz plexivel -jegy - Laser Memories","isPartOf":{"@id":"https:\/\/www.lasermemories.hu\/#website"},"datePublished":"2025-09-22T09:49:48+00:00","dateModified":"2025-09-22T12:24:03+00:00","breadcrumb":{"@id":"https:\/\/www.lasermemories.hu\/?product=elmeny-jegy-gyujto-doboz-plexivel-jegy#breadcrumb"},"inLanguage":"hu","potentialAction":[{"@type":"ReadAction","target":["https:\/\/www.lasermemories.hu\/?product=elmeny-jegy-gyujto-doboz-plexivel-jegy"]}]},{"@type":"BreadcrumbList","@id":"https:\/\/www.lasermemories.hu\/?product=elmeny-jegy-gyujto-doboz-plexivel-jegy#breadcrumb","itemListElement":[{"@type":"ListItem","position":1,"name":"Home","item":"https:\/\/www.lasermemories.hu\/"},{"@type":"ListItem","position":2,"name":"\u00dczlet","item":"https:\/\/www.lasermemories.hu\/?page_id=9"},{"@type":"ListItem","position":3,"name":"\u00c9lm\u00e9ny jegy gy\u0171jt\u0151 doboz plexivel -jegy"}]},{"@type":"WebSite","@id":"https:\/\/www.lasermemories.hu\/#website","url":"https:\/\/www.lasermemories.hu\/","name":"Laser Memories","description":"Egyedi f\u00e1b\u00f3l k\u00e9sz\u00fclt k\u00fcl\u00f6nlegess\u00e9gek","publisher":{"@id":"https:\/\/www.lasermemories.hu\/#organization"},"potentialAction":[{"@type":"SearchAction","target":{"@type":"EntryPoint","urlTemplate":"https:\/\/www.lasermemories.hu\/?s={search_term_string}"},"query-input":"required name=search_term_string"}],"inLanguage":"hu"},{"@type":"Organization","@id":"https:\/\/www.lasermemories.hu\/#organization","name":"Laser Memories","url":"https:\/\/www.lasermemories.hu\/","logo":{"@type":"ImageObject","inLanguage":"hu","@id":"https:\/\/www.lasermemories.hu\/#\/schema\/logo\/image\/","url":"https:\/\/www.lasermemories.hu\/wp-content\/uploads\/2022\/08\/41589_Laser-Memories_PP-02.png","contentUrl":"https:\/\/www.lasermemories.hu\/wp-content\/uploads\/2022\/08\/41589_Laser-Memories_PP-02.png","width":2137,"height":1703,"caption":"Laser Memories"},"image":{"@id":"https:\/\/www.lasermemories.hu\/#\/schema\/logo\/image\/"}}]}},"jetpack_sharing_enabled":true,"_links":{"self":[{"href":"https:\/\/www.lasermemories.hu\/index.php?rest_route=\/wp\/v2\/product\/5953","targetHints":{"allow":["GET"]}}],"collection":[{"href":"https:\/\/www.lasermemories.hu\/index.php?rest_route=\/wp\/v2\/product"}],"about":[{"href":"https:\/\/www.lasermemories.hu\/index.php?rest_route=\/wp\/v2\/types\/product"}],"wp:featuredmedia":[{"embeddable":true,"href":"https:\/\/www.lasermemories.hu\/index.php?rest_route=\/wp\/v2\/media\/5954"}],"wp:attachment":[{"href":"https:\/\/www.lasermemories.hu\/index.php?rest_route=%2Fwp%2Fv2%2Fmedia&parent=5953"}],"wp:term":[{"taxonomy":"product_brand","embeddable":true,"href":"https:\/\/www.lasermemories.hu\/index.php?rest_route=%2Fwp%2Fv2%2Fproduct_brand&post=5953"},{"taxonomy":"product_cat","embeddable":true,"href":"https:\/\/www.lasermemories.hu\/index.php?rest_route=%2Fwp%2Fv2%2Fproduct_cat&post=5953"},{"taxonomy":"product_tag","embeddable":true,"href":"https:\/\/www.lasermemories.hu\/index.php?rest_route=%2Fwp%2Fv2%2Fproduct_tag&post=5953"}],"curies":[{"name":"wp","href":"https:\/\/api.w.org\/{rel}","templated":true}]}}