{"id":5844,"date":"2025-08-18T09:16:46","date_gmt":"2025-08-18T09:16:46","guid":{"rendered":"https:\/\/www.lasermemories.hu\/?post_type=product&#038;p=5844"},"modified":"2025-08-18T10:01:51","modified_gmt":"2025-08-18T10:01:51","slug":"egyedi-szulokoszonto-plexi-sziv","status":"publish","type":"product","link":"https:\/\/www.lasermemories.hu\/?product=egyedi-szulokoszonto-plexi-sziv","title":{"rendered":"Egyedi sz\u00fcl\u0151k\u00f6sz\u00f6nt\u0151 plexi sz\u00edv"},"content":{"rendered":"<div class=\"flex-1 overflow-hidden\">\n<div class=\"react-scroll-to-bottom--css-unbxx-79elbk h-full\">\n<div class=\"react-scroll-to-bottom--css-unbxx-1n7m0yu\">\n<div class=\"flex flex-col pb-9 text-sm\">\n<div class=\"w-full text-token-text-primary\" data-testid=\"conversation-turn-163\">\n<div class=\"px-4 py-2 justify-center text-base md:gap-6 m-auto\">\n<div class=\"flex flex-1 text-base mx-auto gap-3 md:px-5 lg:px-1 xl:px-5 md:max-w-3xl lg:max-w-[40rem] xl:max-w-[48rem] group final-completion\">\n<div class=\"relative flex w-full flex-col lg:w-[calc(100%-115px)] agent-turn\">\n<div class=\"flex-col gap-1 md:gap-3\">\n<div class=\"flex flex-grow flex-col max-w-full\">\n<div class=\"min-h-[20px] text-message flex flex-col items-start gap-3 whitespace-pre-wrap break-words [.text-message+&amp;]:mt-5 overflow-x-auto\" data-message-author-role=\"assistant\" data-message-id=\"418434e9-7d28-467f-968b-feeb71a5e594\">\n<div class=\"markdown prose w-full break-words dark:prose-invert dark\">\n<p data-start=\"154\" data-end=\"347\">Lepd meg sz\u00fcleid egy igaz\u00e1n k\u00fcl\u00f6nleges aj\u00e1nd\u00e9kkal!<br data-start=\"208\" data-end=\"211\" \/>Ez az egyedi, sz\u00edv form\u00e1j\u00fa plexi t\u00e1bla eleg\u00e1ns grav\u00edrozott sz\u00f6veggel k\u00e9sz\u00fcl, melyet egy st\u00edlusos, f\u00e1b\u00f3l k\u00e9sz\u00fclt k\u00e9z form\u00e1j\u00fa talp tart.<\/p>\n<p data-start=\"349\" data-end=\"510\">A <strong data-start=\"351\" data-end=\"365\">N\u00e9v mez\u0151be<\/strong> ker\u00fclhet a menyasszony \u00e9s a v\u0151leg\u00e9ny neve, valamint az esk\u00fcv\u0151 d\u00e1tuma \u2013 \u00edgy v\u00e1lik a meglepet\u00e9s szem\u00e9lyre szabott \u00e9s megism\u00e9telhetetlen eml\u00e9kk\u00e9.<\/p>\n<p data-start=\"512\" data-end=\"641\">A t\u00e1bla a k\u00e9pen l\u00e1that\u00f3 sz\u00f6veggel rendelhet\u0151, de ha szeretn\u00e9l teljesen egyedi \u00fczenetet fel\u00e1r ellen\u00e9ben v\u00e1laszthat\u00f3.<\/p>\n<p data-start=\"643\" data-end=\"743\">Egy aj\u00e1nd\u00e9k, ami nem hervad el, \u00e9s mindig eml\u00e9keztetni fog a nagy napra \u00e9s a szeretet erej\u00e9re. \ud83c\udf38\u2728<\/p>\n<\/div>\n<\/div>\n<\/div>\n<\/div>\n<\/div>\n<\/div>\n<\/div>\n<\/div>\n<\/div>\n<\/div>\n<\/div>\n<\/div>\n<div class=\"w-full pt-2 md:pt-0 dark:border-white\/20 md:border-transparent md:dark:border-transparent md:w-[calc(100%-.5rem)]\">\n<form class=\"stretch mx-2 flex flex-row gap-3 last:mb-2 md:mx-4 md:last:mb-6 lg:mx-auto lg:max-w-2xl xl:max-w-3xl\">\n<div class=\"relative flex h-full flex-1 items-stretch md:flex-col\">\n<div class=\"flex w-full items-center\"><\/div>\n<\/div>\n<\/form>\n<\/div>\n","protected":false},"excerpt":{"rendered":"<p>Lepd meg sz\u00fcleid egy igaz\u00e1n k\u00fcl\u00f6nleges aj\u00e1nd\u00e9kkal!Ez az egyedi, sz\u00edv form\u00e1j\u00fa plexi t\u00e1bla eleg\u00e1ns grav\u00edrozott sz\u00f6veggel k\u00e9sz\u00fcl, melyet egy st\u00edlusos, f\u00e1b\u00f3l k\u00e9sz\u00fclt k\u00e9z form\u00e1j\u00fa talp tart. A N\u00e9v mez\u0151be ker\u00fclhet a menyasszony \u00e9s a v\u0151leg\u00e9ny neve, valamint az esk\u00fcv\u0151 d\u00e1tuma \u2013 \u00edgy v\u00e1lik a meglepet\u00e9s szem\u00e9lyre szabott \u00e9s megism\u00e9telhetetlen eml\u00e9kk\u00e9. A t\u00e1bla a k\u00e9pen l\u00e1that\u00f3 [&hellip;]<\/p>\n","protected":false},"featured_media":5847,"template":"","meta":{"_acf_changed":false,"_monsterinsights_skip_tracking":false,"_monsterinsights_sitenote_active":false,"_monsterinsights_sitenote_note":"","_monsterinsights_sitenote_category":0},"product_brand":[],"product_cat":[21,65],"product_tag":[],"class_list":{"0":"post-5844","1":"product","2":"type-product","3":"status-publish","4":"has-post-thumbnail","6":"product_cat-eskuvo","7":"product_cat-szulokoszonto","9":"entry","10":"has-media","12":"first","13":"instock","14":"sale","15":"shipping-taxable","16":"purchasable","17":"product-type-simple","18":"has-product-nav","19":"col","20":"span_1_of_3","21":"owp-content-center","22":"owp-thumbs-layout-horizontal","23":"owp-btn-normal","24":"owp-tabs-layout-horizontal"},"acf":[],"yoast_head":"<!-- This site is optimized with the Yoast SEO plugin v22.0 - https:\/\/yoast.com\/wordpress\/plugins\/seo\/ -->\n<title>Egyedi sz\u00fcl\u0151k\u00f6sz\u00f6nt\u0151 plexi sz\u00edv - Laser Memories<\/title>\n<meta name=\"robots\" content=\"index, follow, max-snippet:-1, max-image-preview:large, max-video-preview:-1\" \/>\n<link rel=\"canonical\" href=\"https:\/\/www.lasermemories.hu\/?product=egyedi-szulokoszonto-plexi-sziv\" \/>\n<meta property=\"og:locale\" content=\"hu_HU\" \/>\n<meta property=\"og:type\" content=\"article\" \/>\n<meta property=\"og:title\" content=\"Egyedi sz\u00fcl\u0151k\u00f6sz\u00f6nt\u0151 plexi sz\u00edv - Laser Memories\" \/>\n<meta property=\"og:description\" content=\"Lepd meg sz\u00fcleid egy igaz\u00e1n k\u00fcl\u00f6nleges aj\u00e1nd\u00e9kkal!Ez az egyedi, sz\u00edv form\u00e1j\u00fa plexi t\u00e1bla eleg\u00e1ns grav\u00edrozott sz\u00f6veggel k\u00e9sz\u00fcl, melyet egy st\u00edlusos, f\u00e1b\u00f3l k\u00e9sz\u00fclt k\u00e9z form\u00e1j\u00fa talp tart. A N\u00e9v mez\u0151be ker\u00fclhet a menyasszony \u00e9s a v\u0151leg\u00e9ny neve, valamint az esk\u00fcv\u0151 d\u00e1tuma \u2013 \u00edgy v\u00e1lik a meglepet\u00e9s szem\u00e9lyre szabott \u00e9s megism\u00e9telhetetlen eml\u00e9kk\u00e9. A t\u00e1bla a k\u00e9pen l\u00e1that\u00f3 [&hellip;]\" \/>\n<meta property=\"og:url\" content=\"https:\/\/www.lasermemories.hu\/?product=egyedi-szulokoszonto-plexi-sziv\" \/>\n<meta property=\"og:site_name\" content=\"Laser Memories\" \/>\n<meta property=\"article:modified_time\" content=\"2025-08-18T10:01:51+00:00\" \/>\n<meta property=\"og:image\" content=\"https:\/\/www.lasermemories.hu\/wp-content\/uploads\/2025\/08\/kkk.jpg\" \/>\n\t<meta property=\"og:image:width\" content=\"1536\" \/>\n\t<meta property=\"og:image:height\" content=\"2048\" \/>\n\t<meta property=\"og:image:type\" content=\"image\/jpeg\" \/>\n<meta name=\"twitter:card\" content=\"summary_large_image\" \/>\n<meta name=\"twitter:label1\" content=\"Becs\u00fclt olvas\u00e1si id\u0151\" \/>\n\t<meta name=\"twitter:data1\" content=\"1 perc\" \/>\n<script type=\"application\/ld+json\" class=\"yoast-schema-graph\">{\"@context\":\"https:\/\/schema.org\",\"@graph\":[{\"@type\":\"WebPage\",\"@id\":\"https:\/\/www.lasermemories.hu\/?product=egyedi-szulokoszonto-plexi-sziv\",\"url\":\"https:\/\/www.lasermemories.hu\/?product=egyedi-szulokoszonto-plexi-sziv\",\"name\":\"Egyedi sz\u00fcl\u0151k\u00f6sz\u00f6nt\u0151 plexi sz\u00edv - Laser Memories\",\"isPartOf\":{\"@id\":\"https:\/\/www.lasermemories.hu\/#website\"},\"datePublished\":\"2025-08-18T09:16:46+00:00\",\"dateModified\":\"2025-08-18T10:01:51+00:00\",\"breadcrumb\":{\"@id\":\"https:\/\/www.lasermemories.hu\/?product=egyedi-szulokoszonto-plexi-sziv#breadcrumb\"},\"inLanguage\":\"hu\",\"potentialAction\":[{\"@type\":\"ReadAction\",\"target\":[\"https:\/\/www.lasermemories.hu\/?product=egyedi-szulokoszonto-plexi-sziv\"]}]},{\"@type\":\"BreadcrumbList\",\"@id\":\"https:\/\/www.lasermemories.hu\/?product=egyedi-szulokoszonto-plexi-sziv#breadcrumb\",\"itemListElement\":[{\"@type\":\"ListItem\",\"position\":1,\"name\":\"Home\",\"item\":\"https:\/\/www.lasermemories.hu\/\"},{\"@type\":\"ListItem\",\"position\":2,\"name\":\"\u00dczlet\",\"item\":\"https:\/\/www.lasermemories.hu\/?page_id=9\"},{\"@type\":\"ListItem\",\"position\":3,\"name\":\"Egyedi sz\u00fcl\u0151k\u00f6sz\u00f6nt\u0151 plexi sz\u00edv\"}]},{\"@type\":\"WebSite\",\"@id\":\"https:\/\/www.lasermemories.hu\/#website\",\"url\":\"https:\/\/www.lasermemories.hu\/\",\"name\":\"Laser Memories\",\"description\":\"Egyedi f\u00e1b\u00f3l k\u00e9sz\u00fclt k\u00fcl\u00f6nlegess\u00e9gek\",\"publisher\":{\"@id\":\"https:\/\/www.lasermemories.hu\/#organization\"},\"potentialAction\":[{\"@type\":\"SearchAction\",\"target\":{\"@type\":\"EntryPoint\",\"urlTemplate\":\"https:\/\/www.lasermemories.hu\/?s={search_term_string}\"},\"query-input\":\"required name=search_term_string\"}],\"inLanguage\":\"hu\"},{\"@type\":\"Organization\",\"@id\":\"https:\/\/www.lasermemories.hu\/#organization\",\"name\":\"Laser Memories\",\"url\":\"https:\/\/www.lasermemories.hu\/\",\"logo\":{\"@type\":\"ImageObject\",\"inLanguage\":\"hu\",\"@id\":\"https:\/\/www.lasermemories.hu\/#\/schema\/logo\/image\/\",\"url\":\"https:\/\/www.lasermemories.hu\/wp-content\/uploads\/2022\/08\/41589_Laser-Memories_PP-02.png\",\"contentUrl\":\"https:\/\/www.lasermemories.hu\/wp-content\/uploads\/2022\/08\/41589_Laser-Memories_PP-02.png\",\"width\":2137,\"height\":1703,\"caption\":\"Laser Memories\"},\"image\":{\"@id\":\"https:\/\/www.lasermemories.hu\/#\/schema\/logo\/image\/\"}}]}<\/script>\n<!-- \/ Yoast SEO plugin. -->","yoast_head_json":{"title":"Egyedi sz\u00fcl\u0151k\u00f6sz\u00f6nt\u0151 plexi sz\u00edv - Laser Memories","robots":{"index":"index","follow":"follow","max-snippet":"max-snippet:-1","max-image-preview":"max-image-preview:large","max-video-preview":"max-video-preview:-1"},"canonical":"https:\/\/www.lasermemories.hu\/?product=egyedi-szulokoszonto-plexi-sziv","og_locale":"hu_HU","og_type":"article","og_title":"Egyedi sz\u00fcl\u0151k\u00f6sz\u00f6nt\u0151 plexi sz\u00edv - Laser Memories","og_description":"Lepd meg sz\u00fcleid egy igaz\u00e1n k\u00fcl\u00f6nleges aj\u00e1nd\u00e9kkal!Ez az egyedi, sz\u00edv form\u00e1j\u00fa plexi t\u00e1bla eleg\u00e1ns grav\u00edrozott sz\u00f6veggel k\u00e9sz\u00fcl, melyet egy st\u00edlusos, f\u00e1b\u00f3l k\u00e9sz\u00fclt k\u00e9z form\u00e1j\u00fa talp tart. A N\u00e9v mez\u0151be ker\u00fclhet a menyasszony \u00e9s a v\u0151leg\u00e9ny neve, valamint az esk\u00fcv\u0151 d\u00e1tuma \u2013 \u00edgy v\u00e1lik a meglepet\u00e9s szem\u00e9lyre szabott \u00e9s megism\u00e9telhetetlen eml\u00e9kk\u00e9. A t\u00e1bla a k\u00e9pen l\u00e1that\u00f3 [&hellip;]","og_url":"https:\/\/www.lasermemories.hu\/?product=egyedi-szulokoszonto-plexi-sziv","og_site_name":"Laser Memories","article_modified_time":"2025-08-18T10:01:51+00:00","og_image":[{"width":1536,"height":2048,"url":"https:\/\/www.lasermemories.hu\/wp-content\/uploads\/2025\/08\/kkk.jpg","type":"image\/jpeg"}],"twitter_card":"summary_large_image","twitter_misc":{"Becs\u00fclt olvas\u00e1si id\u0151":"1 perc"},"schema":{"@context":"https:\/\/schema.org","@graph":[{"@type":"WebPage","@id":"https:\/\/www.lasermemories.hu\/?product=egyedi-szulokoszonto-plexi-sziv","url":"https:\/\/www.lasermemories.hu\/?product=egyedi-szulokoszonto-plexi-sziv","name":"Egyedi sz\u00fcl\u0151k\u00f6sz\u00f6nt\u0151 plexi sz\u00edv - Laser Memories","isPartOf":{"@id":"https:\/\/www.lasermemories.hu\/#website"},"datePublished":"2025-08-18T09:16:46+00:00","dateModified":"2025-08-18T10:01:51+00:00","breadcrumb":{"@id":"https:\/\/www.lasermemories.hu\/?product=egyedi-szulokoszonto-plexi-sziv#breadcrumb"},"inLanguage":"hu","potentialAction":[{"@type":"ReadAction","target":["https:\/\/www.lasermemories.hu\/?product=egyedi-szulokoszonto-plexi-sziv"]}]},{"@type":"BreadcrumbList","@id":"https:\/\/www.lasermemories.hu\/?product=egyedi-szulokoszonto-plexi-sziv#breadcrumb","itemListElement":[{"@type":"ListItem","position":1,"name":"Home","item":"https:\/\/www.lasermemories.hu\/"},{"@type":"ListItem","position":2,"name":"\u00dczlet","item":"https:\/\/www.lasermemories.hu\/?page_id=9"},{"@type":"ListItem","position":3,"name":"Egyedi sz\u00fcl\u0151k\u00f6sz\u00f6nt\u0151 plexi sz\u00edv"}]},{"@type":"WebSite","@id":"https:\/\/www.lasermemories.hu\/#website","url":"https:\/\/www.lasermemories.hu\/","name":"Laser Memories","description":"Egyedi f\u00e1b\u00f3l k\u00e9sz\u00fclt k\u00fcl\u00f6nlegess\u00e9gek","publisher":{"@id":"https:\/\/www.lasermemories.hu\/#organization"},"potentialAction":[{"@type":"SearchAction","target":{"@type":"EntryPoint","urlTemplate":"https:\/\/www.lasermemories.hu\/?s={search_term_string}"},"query-input":"required name=search_term_string"}],"inLanguage":"hu"},{"@type":"Organization","@id":"https:\/\/www.lasermemories.hu\/#organization","name":"Laser Memories","url":"https:\/\/www.lasermemories.hu\/","logo":{"@type":"ImageObject","inLanguage":"hu","@id":"https:\/\/www.lasermemories.hu\/#\/schema\/logo\/image\/","url":"https:\/\/www.lasermemories.hu\/wp-content\/uploads\/2022\/08\/41589_Laser-Memories_PP-02.png","contentUrl":"https:\/\/www.lasermemories.hu\/wp-content\/uploads\/2022\/08\/41589_Laser-Memories_PP-02.png","width":2137,"height":1703,"caption":"Laser Memories"},"image":{"@id":"https:\/\/www.lasermemories.hu\/#\/schema\/logo\/image\/"}}]}},"jetpack_sharing_enabled":true,"_links":{"self":[{"href":"https:\/\/www.lasermemories.hu\/index.php?rest_route=\/wp\/v2\/product\/5844","targetHints":{"allow":["GET"]}}],"collection":[{"href":"https:\/\/www.lasermemories.hu\/index.php?rest_route=\/wp\/v2\/product"}],"about":[{"href":"https:\/\/www.lasermemories.hu\/index.php?rest_route=\/wp\/v2\/types\/product"}],"wp:featuredmedia":[{"embeddable":true,"href":"https:\/\/www.lasermemories.hu\/index.php?rest_route=\/wp\/v2\/media\/5847"}],"wp:attachment":[{"href":"https:\/\/www.lasermemories.hu\/index.php?rest_route=%2Fwp%2Fv2%2Fmedia&parent=5844"}],"wp:term":[{"taxonomy":"product_brand","embeddable":true,"href":"https:\/\/www.lasermemories.hu\/index.php?rest_route=%2Fwp%2Fv2%2Fproduct_brand&post=5844"},{"taxonomy":"product_cat","embeddable":true,"href":"https:\/\/www.lasermemories.hu\/index.php?rest_route=%2Fwp%2Fv2%2Fproduct_cat&post=5844"},{"taxonomy":"product_tag","embeddable":true,"href":"https:\/\/www.lasermemories.hu\/index.php?rest_route=%2Fwp%2Fv2%2Fproduct_tag&post=5844"}],"curies":[{"name":"wp","href":"https:\/\/api.w.org\/{rel}","templated":true}]}}