{"id":4270,"date":"2025-02-02T15:12:45","date_gmt":"2025-02-02T15:12:45","guid":{"rendered":"https:\/\/www.lasermemories.hu\/?post_type=product&#038;p=4270"},"modified":"2025-06-22T16:45:41","modified_gmt":"2025-06-22T16:45:41","slug":"penztarca","status":"publish","type":"product","link":"https:\/\/www.lasermemories.hu\/?product=penztarca","title":{"rendered":"P\u00e9nzt\u00e1rca"},"content":{"rendered":"<p>Te sem szereted a vastag p\u00e9nzt\u00e1rc\u00e1kat? Praktikus megold\u00e1st keresel? Megtal\u00e1ltad!<\/p>\n<p>Ismerd meg fa, illetve karbonsz\u00e1las bor\u00edt\u00e1ssal kaphat\u00f3 business wallet \u2013 k\u00e1rtyatart\u00f3 p\u00e9nzt\u00e1rc\u00e1inkat. A k\u00e9nyelem \u00e9s st\u00edlus egyszerre garant\u00e1lt az extrav\u00e9kony slim designnak k\u00f6sz\u00f6nhet\u0151en. Az eredeti fa bor\u00edt\u00e1s pedig id\u0151t\u00e1ll\u00f3 st\u00edlust visz mindennapjaidba. Hogy megtal\u00e1ld a neked megfelel\u0151t. Opcion\u00e1lisan v\u00e1laszthat\u00f3 alum\u00ednium t\u00e1lc\u00e1nkkal pedig az apr\u00f3r\u00f3l sem kell lemondanod!<\/p>\n<p>Sz\u00ednek a m\u00e1sodik k\u00e9p alapj\u00e1n fentr\u0151l lefel\u00e9: b\u00fckk, carbon, di\u00f3, bambusz, cseresznye<\/p>\n","protected":false},"excerpt":{"rendered":"<p>Te sem szereted a vastag p\u00e9nzt\u00e1rc\u00e1kat? Praktikus megold\u00e1st keresel? Megtal\u00e1ltad! Ismerd meg fa, illetve karbonsz\u00e1las bor\u00edt\u00e1ssal kaphat\u00f3 business wallet \u2013 k\u00e1rtyatart\u00f3 p\u00e9nzt\u00e1rc\u00e1inkat. A k\u00e9nyelem \u00e9s st\u00edlus egyszerre garant\u00e1lt az extrav\u00e9kony slim designnak k\u00f6sz\u00f6nhet\u0151en. Az eredeti fa bor\u00edt\u00e1s pedig id\u0151t\u00e1ll\u00f3 st\u00edlust visz mindennapjaidba. Hogy megtal\u00e1ld a neked megfelel\u0151t. Opcion\u00e1lisan v\u00e1laszthat\u00f3 alum\u00ednium t\u00e1lc\u00e1nkkal pedig az apr\u00f3r\u00f3l sem [&hellip;]<\/p>\n","protected":false},"featured_media":4271,"template":"","meta":{"_acf_changed":false,"_monsterinsights_skip_tracking":false,"_monsterinsights_sitenote_active":false,"_monsterinsights_sitenote_note":"","_monsterinsights_sitenote_category":0},"product_brand":[],"product_cat":[48,24,74,63],"product_tag":[73],"class_list":{"0":"post-4270","1":"product","2":"type-product","3":"status-publish","4":"has-post-thumbnail","6":"product_cat-ferfiaknak","7":"product_cat-paroknak","8":"product_cat-valentin-nap","9":"product_cat-apak-napja","10":"product_tag-motivacios-tabla","12":"entry","13":"has-media","15":"first","16":"instock","17":"sale","18":"shipping-taxable","19":"purchasable","20":"product-type-simple","21":"has-product-nav","22":"col","23":"span_1_of_3","24":"owp-content-center","25":"owp-thumbs-layout-horizontal","26":"owp-btn-normal","27":"owp-tabs-layout-horizontal"},"acf":[],"yoast_head":"<!-- This site is optimized with the Yoast SEO plugin v22.0 - https:\/\/yoast.com\/wordpress\/plugins\/seo\/ -->\n<title>P\u00e9nzt\u00e1rca - Laser Memories<\/title>\n<meta name=\"robots\" content=\"index, follow, max-snippet:-1, max-image-preview:large, max-video-preview:-1\" \/>\n<link rel=\"canonical\" href=\"https:\/\/www.lasermemories.hu\/?product=penztarca\" \/>\n<meta property=\"og:locale\" content=\"hu_HU\" \/>\n<meta property=\"og:type\" content=\"article\" \/>\n<meta property=\"og:title\" content=\"P\u00e9nzt\u00e1rca - Laser Memories\" \/>\n<meta property=\"og:description\" content=\"Te sem szereted a vastag p\u00e9nzt\u00e1rc\u00e1kat? Praktikus megold\u00e1st keresel? Megtal\u00e1ltad! Ismerd meg fa, illetve karbonsz\u00e1las bor\u00edt\u00e1ssal kaphat\u00f3 business wallet \u2013 k\u00e1rtyatart\u00f3 p\u00e9nzt\u00e1rc\u00e1inkat. A k\u00e9nyelem \u00e9s st\u00edlus egyszerre garant\u00e1lt az extrav\u00e9kony slim designnak k\u00f6sz\u00f6nhet\u0151en. Az eredeti fa bor\u00edt\u00e1s pedig id\u0151t\u00e1ll\u00f3 st\u00edlust visz mindennapjaidba. Hogy megtal\u00e1ld a neked megfelel\u0151t. Opcion\u00e1lisan v\u00e1laszthat\u00f3 alum\u00ednium t\u00e1lc\u00e1nkkal pedig az apr\u00f3r\u00f3l sem [&hellip;]\" \/>\n<meta property=\"og:url\" content=\"https:\/\/www.lasermemories.hu\/?product=penztarca\" \/>\n<meta property=\"og:site_name\" content=\"Laser Memories\" \/>\n<meta property=\"article:modified_time\" content=\"2025-06-22T16:45:41+00:00\" \/>\n<meta property=\"og:image\" content=\"https:\/\/www.lasermemories.hu\/wp-content\/uploads\/2025\/02\/bindzsi.jpg\" \/>\n\t<meta property=\"og:image:width\" content=\"1536\" \/>\n\t<meta property=\"og:image:height\" content=\"2048\" \/>\n\t<meta property=\"og:image:type\" content=\"image\/jpeg\" \/>\n<meta name=\"twitter:card\" content=\"summary_large_image\" \/>\n<meta name=\"twitter:label1\" content=\"Becs\u00fclt olvas\u00e1si id\u0151\" \/>\n\t<meta name=\"twitter:data1\" content=\"1 perc\" \/>\n<script type=\"application\/ld+json\" class=\"yoast-schema-graph\">{\"@context\":\"https:\/\/schema.org\",\"@graph\":[{\"@type\":\"WebPage\",\"@id\":\"https:\/\/www.lasermemories.hu\/?product=penztarca\",\"url\":\"https:\/\/www.lasermemories.hu\/?product=penztarca\",\"name\":\"P\u00e9nzt\u00e1rca - Laser Memories\",\"isPartOf\":{\"@id\":\"https:\/\/www.lasermemories.hu\/#website\"},\"datePublished\":\"2025-02-02T15:12:45+00:00\",\"dateModified\":\"2025-06-22T16:45:41+00:00\",\"breadcrumb\":{\"@id\":\"https:\/\/www.lasermemories.hu\/?product=penztarca#breadcrumb\"},\"inLanguage\":\"hu\",\"potentialAction\":[{\"@type\":\"ReadAction\",\"target\":[\"https:\/\/www.lasermemories.hu\/?product=penztarca\"]}]},{\"@type\":\"BreadcrumbList\",\"@id\":\"https:\/\/www.lasermemories.hu\/?product=penztarca#breadcrumb\",\"itemListElement\":[{\"@type\":\"ListItem\",\"position\":1,\"name\":\"Home\",\"item\":\"https:\/\/www.lasermemories.hu\/\"},{\"@type\":\"ListItem\",\"position\":2,\"name\":\"\u00dczlet\",\"item\":\"https:\/\/www.lasermemories.hu\/?page_id=9\"},{\"@type\":\"ListItem\",\"position\":3,\"name\":\"P\u00e9nzt\u00e1rca\"}]},{\"@type\":\"WebSite\",\"@id\":\"https:\/\/www.lasermemories.hu\/#website\",\"url\":\"https:\/\/www.lasermemories.hu\/\",\"name\":\"Laser Memories\",\"description\":\"Egyedi f\u00e1b\u00f3l k\u00e9sz\u00fclt k\u00fcl\u00f6nlegess\u00e9gek\",\"publisher\":{\"@id\":\"https:\/\/www.lasermemories.hu\/#organization\"},\"potentialAction\":[{\"@type\":\"SearchAction\",\"target\":{\"@type\":\"EntryPoint\",\"urlTemplate\":\"https:\/\/www.lasermemories.hu\/?s={search_term_string}\"},\"query-input\":\"required name=search_term_string\"}],\"inLanguage\":\"hu\"},{\"@type\":\"Organization\",\"@id\":\"https:\/\/www.lasermemories.hu\/#organization\",\"name\":\"Laser Memories\",\"url\":\"https:\/\/www.lasermemories.hu\/\",\"logo\":{\"@type\":\"ImageObject\",\"inLanguage\":\"hu\",\"@id\":\"https:\/\/www.lasermemories.hu\/#\/schema\/logo\/image\/\",\"url\":\"https:\/\/www.lasermemories.hu\/wp-content\/uploads\/2022\/08\/41589_Laser-Memories_PP-02.png\",\"contentUrl\":\"https:\/\/www.lasermemories.hu\/wp-content\/uploads\/2022\/08\/41589_Laser-Memories_PP-02.png\",\"width\":2137,\"height\":1703,\"caption\":\"Laser Memories\"},\"image\":{\"@id\":\"https:\/\/www.lasermemories.hu\/#\/schema\/logo\/image\/\"}}]}<\/script>\n<!-- \/ Yoast SEO plugin. -->","yoast_head_json":{"title":"P\u00e9nzt\u00e1rca - Laser Memories","robots":{"index":"index","follow":"follow","max-snippet":"max-snippet:-1","max-image-preview":"max-image-preview:large","max-video-preview":"max-video-preview:-1"},"canonical":"https:\/\/www.lasermemories.hu\/?product=penztarca","og_locale":"hu_HU","og_type":"article","og_title":"P\u00e9nzt\u00e1rca - Laser Memories","og_description":"Te sem szereted a vastag p\u00e9nzt\u00e1rc\u00e1kat? Praktikus megold\u00e1st keresel? Megtal\u00e1ltad! Ismerd meg fa, illetve karbonsz\u00e1las bor\u00edt\u00e1ssal kaphat\u00f3 business wallet \u2013 k\u00e1rtyatart\u00f3 p\u00e9nzt\u00e1rc\u00e1inkat. A k\u00e9nyelem \u00e9s st\u00edlus egyszerre garant\u00e1lt az extrav\u00e9kony slim designnak k\u00f6sz\u00f6nhet\u0151en. Az eredeti fa bor\u00edt\u00e1s pedig id\u0151t\u00e1ll\u00f3 st\u00edlust visz mindennapjaidba. Hogy megtal\u00e1ld a neked megfelel\u0151t. Opcion\u00e1lisan v\u00e1laszthat\u00f3 alum\u00ednium t\u00e1lc\u00e1nkkal pedig az apr\u00f3r\u00f3l sem [&hellip;]","og_url":"https:\/\/www.lasermemories.hu\/?product=penztarca","og_site_name":"Laser Memories","article_modified_time":"2025-06-22T16:45:41+00:00","og_image":[{"width":1536,"height":2048,"url":"https:\/\/www.lasermemories.hu\/wp-content\/uploads\/2025\/02\/bindzsi.jpg","type":"image\/jpeg"}],"twitter_card":"summary_large_image","twitter_misc":{"Becs\u00fclt olvas\u00e1si id\u0151":"1 perc"},"schema":{"@context":"https:\/\/schema.org","@graph":[{"@type":"WebPage","@id":"https:\/\/www.lasermemories.hu\/?product=penztarca","url":"https:\/\/www.lasermemories.hu\/?product=penztarca","name":"P\u00e9nzt\u00e1rca - Laser Memories","isPartOf":{"@id":"https:\/\/www.lasermemories.hu\/#website"},"datePublished":"2025-02-02T15:12:45+00:00","dateModified":"2025-06-22T16:45:41+00:00","breadcrumb":{"@id":"https:\/\/www.lasermemories.hu\/?product=penztarca#breadcrumb"},"inLanguage":"hu","potentialAction":[{"@type":"ReadAction","target":["https:\/\/www.lasermemories.hu\/?product=penztarca"]}]},{"@type":"BreadcrumbList","@id":"https:\/\/www.lasermemories.hu\/?product=penztarca#breadcrumb","itemListElement":[{"@type":"ListItem","position":1,"name":"Home","item":"https:\/\/www.lasermemories.hu\/"},{"@type":"ListItem","position":2,"name":"\u00dczlet","item":"https:\/\/www.lasermemories.hu\/?page_id=9"},{"@type":"ListItem","position":3,"name":"P\u00e9nzt\u00e1rca"}]},{"@type":"WebSite","@id":"https:\/\/www.lasermemories.hu\/#website","url":"https:\/\/www.lasermemories.hu\/","name":"Laser Memories","description":"Egyedi f\u00e1b\u00f3l k\u00e9sz\u00fclt k\u00fcl\u00f6nlegess\u00e9gek","publisher":{"@id":"https:\/\/www.lasermemories.hu\/#organization"},"potentialAction":[{"@type":"SearchAction","target":{"@type":"EntryPoint","urlTemplate":"https:\/\/www.lasermemories.hu\/?s={search_term_string}"},"query-input":"required name=search_term_string"}],"inLanguage":"hu"},{"@type":"Organization","@id":"https:\/\/www.lasermemories.hu\/#organization","name":"Laser Memories","url":"https:\/\/www.lasermemories.hu\/","logo":{"@type":"ImageObject","inLanguage":"hu","@id":"https:\/\/www.lasermemories.hu\/#\/schema\/logo\/image\/","url":"https:\/\/www.lasermemories.hu\/wp-content\/uploads\/2022\/08\/41589_Laser-Memories_PP-02.png","contentUrl":"https:\/\/www.lasermemories.hu\/wp-content\/uploads\/2022\/08\/41589_Laser-Memories_PP-02.png","width":2137,"height":1703,"caption":"Laser Memories"},"image":{"@id":"https:\/\/www.lasermemories.hu\/#\/schema\/logo\/image\/"}}]}},"jetpack_sharing_enabled":true,"_links":{"self":[{"href":"https:\/\/www.lasermemories.hu\/index.php?rest_route=\/wp\/v2\/product\/4270","targetHints":{"allow":["GET"]}}],"collection":[{"href":"https:\/\/www.lasermemories.hu\/index.php?rest_route=\/wp\/v2\/product"}],"about":[{"href":"https:\/\/www.lasermemories.hu\/index.php?rest_route=\/wp\/v2\/types\/product"}],"wp:featuredmedia":[{"embeddable":true,"href":"https:\/\/www.lasermemories.hu\/index.php?rest_route=\/wp\/v2\/media\/4271"}],"wp:attachment":[{"href":"https:\/\/www.lasermemories.hu\/index.php?rest_route=%2Fwp%2Fv2%2Fmedia&parent=4270"}],"wp:term":[{"taxonomy":"product_brand","embeddable":true,"href":"https:\/\/www.lasermemories.hu\/index.php?rest_route=%2Fwp%2Fv2%2Fproduct_brand&post=4270"},{"taxonomy":"product_cat","embeddable":true,"href":"https:\/\/www.lasermemories.hu\/index.php?rest_route=%2Fwp%2Fv2%2Fproduct_cat&post=4270"},{"taxonomy":"product_tag","embeddable":true,"href":"https:\/\/www.lasermemories.hu\/index.php?rest_route=%2Fwp%2Fv2%2Fproduct_tag&post=4270"}],"curies":[{"name":"wp","href":"https:\/\/api.w.org\/{rel}","templated":true}]}}