{"id":3783,"date":"2024-11-05T14:04:21","date_gmt":"2024-11-05T14:04:21","guid":{"rendered":"https:\/\/www.lasermemories.hu\/?post_type=product&#038;p=3783"},"modified":"2024-11-18T09:28:08","modified_gmt":"2024-11-18T09:28:08","slug":"ovodai-bolcsodei-karacsonyfadisz","status":"publish","type":"product","link":"https:\/\/www.lasermemories.hu\/?product=ovodai-bolcsodei-karacsonyfadisz","title":{"rendered":"\u00d3vodai\/B\u00f6lcs\u00f6dei kar\u00e1csonyfad\u00edsz"},"content":{"rendered":"<p>\u00d3vod\u00e1s vagy b\u00f6lcs\u00f6d\u00e9s gyermeked ? Kar\u00e1csonyi v\u00e1s\u00e1rt tart az int\u00e9zm\u00e9ny \u00e9s nincs id\u0151d k\u00e9zm\u0171veskedni neked tal\u00e1ltuk ki ezt a d\u00edszt.<\/p>\n<p>&nbsp;<\/p>\n<p>\u00c1lmod meg \u00e9s mi elk\u00e9sz\u00edtj\u00fck neked<\/p>\n<p>&nbsp;<\/p>\n","protected":false},"excerpt":{"rendered":"<p>\u00d3vod\u00e1s vagy b\u00f6lcs\u00f6d\u00e9s gyermeked ? Kar\u00e1csonyi v\u00e1s\u00e1rt tart az int\u00e9zm\u00e9ny \u00e9s nincs id\u0151d k\u00e9zm\u0171veskedni neked tal\u00e1ltuk ki ezt a d\u00edszt. &nbsp; \u00c1lmod meg \u00e9s mi elk\u00e9sz\u00edtj\u00fck neked &nbsp;<\/p>\n","protected":false},"featured_media":3780,"template":"","meta":{"_acf_changed":false,"_monsterinsights_skip_tracking":false,"_monsterinsights_sitenote_active":false,"_monsterinsights_sitenote_note":"","_monsterinsights_sitenote_category":0},"product_brand":[],"product_cat":[20],"product_tag":[],"class_list":{"0":"post-3783","1":"product","2":"type-product","3":"status-publish","4":"has-post-thumbnail","6":"product_cat-karacsony","8":"entry","9":"has-media","11":"first","12":"instock","13":"sale","14":"shipping-taxable","15":"purchasable","16":"product-type-simple","17":"has-product-nav","18":"col","19":"span_1_of_3","20":"owp-content-center","21":"owp-thumbs-layout-horizontal","22":"owp-btn-normal","23":"owp-tabs-layout-horizontal"},"acf":[],"yoast_head":"<!-- This site is optimized with the Yoast SEO plugin v22.0 - https:\/\/yoast.com\/wordpress\/plugins\/seo\/ -->\n<title>\u00d3vodai\/B\u00f6lcs\u00f6dei kar\u00e1csonyfad\u00edsz - Laser Memories<\/title>\n<meta name=\"robots\" content=\"index, follow, max-snippet:-1, max-image-preview:large, max-video-preview:-1\" \/>\n<link rel=\"canonical\" href=\"https:\/\/www.lasermemories.hu\/?product=ovodai-bolcsodei-karacsonyfadisz\" \/>\n<meta property=\"og:locale\" content=\"hu_HU\" \/>\n<meta property=\"og:type\" content=\"article\" \/>\n<meta property=\"og:title\" content=\"\u00d3vodai\/B\u00f6lcs\u00f6dei kar\u00e1csonyfad\u00edsz - Laser Memories\" \/>\n<meta property=\"og:description\" content=\"\u00d3vod\u00e1s vagy b\u00f6lcs\u00f6d\u00e9s gyermeked ? Kar\u00e1csonyi v\u00e1s\u00e1rt tart az int\u00e9zm\u00e9ny \u00e9s nincs id\u0151d k\u00e9zm\u0171veskedni neked tal\u00e1ltuk ki ezt a d\u00edszt. &nbsp; \u00c1lmod meg \u00e9s mi elk\u00e9sz\u00edtj\u00fck neked &nbsp;\" \/>\n<meta property=\"og:url\" content=\"https:\/\/www.lasermemories.hu\/?product=ovodai-bolcsodei-karacsonyfadisz\" \/>\n<meta property=\"og:site_name\" content=\"Laser Memories\" \/>\n<meta property=\"article:modified_time\" content=\"2024-11-18T09:28:08+00:00\" \/>\n<meta property=\"og:image\" content=\"https:\/\/www.lasermemories.hu\/wp-content\/uploads\/2024\/11\/ddd.jpg\" \/>\n\t<meta property=\"og:image:width\" content=\"480\" \/>\n\t<meta property=\"og:image:height\" content=\"640\" \/>\n\t<meta property=\"og:image:type\" content=\"image\/jpeg\" \/>\n<meta name=\"twitter:card\" content=\"summary_large_image\" \/>\n<meta name=\"twitter:label1\" content=\"Becs\u00fclt olvas\u00e1si id\u0151\" \/>\n\t<meta name=\"twitter:data1\" content=\"1 perc\" \/>\n<script type=\"application\/ld+json\" class=\"yoast-schema-graph\">{\"@context\":\"https:\/\/schema.org\",\"@graph\":[{\"@type\":\"WebPage\",\"@id\":\"https:\/\/www.lasermemories.hu\/?product=ovodai-bolcsodei-karacsonyfadisz\",\"url\":\"https:\/\/www.lasermemories.hu\/?product=ovodai-bolcsodei-karacsonyfadisz\",\"name\":\"\u00d3vodai\/B\u00f6lcs\u00f6dei kar\u00e1csonyfad\u00edsz - Laser Memories\",\"isPartOf\":{\"@id\":\"https:\/\/www.lasermemories.hu\/#website\"},\"datePublished\":\"2024-11-05T14:04:21+00:00\",\"dateModified\":\"2024-11-18T09:28:08+00:00\",\"breadcrumb\":{\"@id\":\"https:\/\/www.lasermemories.hu\/?product=ovodai-bolcsodei-karacsonyfadisz#breadcrumb\"},\"inLanguage\":\"hu\",\"potentialAction\":[{\"@type\":\"ReadAction\",\"target\":[\"https:\/\/www.lasermemories.hu\/?product=ovodai-bolcsodei-karacsonyfadisz\"]}]},{\"@type\":\"BreadcrumbList\",\"@id\":\"https:\/\/www.lasermemories.hu\/?product=ovodai-bolcsodei-karacsonyfadisz#breadcrumb\",\"itemListElement\":[{\"@type\":\"ListItem\",\"position\":1,\"name\":\"Home\",\"item\":\"https:\/\/www.lasermemories.hu\/\"},{\"@type\":\"ListItem\",\"position\":2,\"name\":\"\u00dczlet\",\"item\":\"https:\/\/www.lasermemories.hu\/?page_id=9\"},{\"@type\":\"ListItem\",\"position\":3,\"name\":\"\u00d3vodai\/B\u00f6lcs\u00f6dei kar\u00e1csonyfad\u00edsz\"}]},{\"@type\":\"WebSite\",\"@id\":\"https:\/\/www.lasermemories.hu\/#website\",\"url\":\"https:\/\/www.lasermemories.hu\/\",\"name\":\"Laser Memories\",\"description\":\"Egyedi f\u00e1b\u00f3l k\u00e9sz\u00fclt k\u00fcl\u00f6nlegess\u00e9gek\",\"publisher\":{\"@id\":\"https:\/\/www.lasermemories.hu\/#organization\"},\"potentialAction\":[{\"@type\":\"SearchAction\",\"target\":{\"@type\":\"EntryPoint\",\"urlTemplate\":\"https:\/\/www.lasermemories.hu\/?s={search_term_string}\"},\"query-input\":\"required name=search_term_string\"}],\"inLanguage\":\"hu\"},{\"@type\":\"Organization\",\"@id\":\"https:\/\/www.lasermemories.hu\/#organization\",\"name\":\"Laser Memories\",\"url\":\"https:\/\/www.lasermemories.hu\/\",\"logo\":{\"@type\":\"ImageObject\",\"inLanguage\":\"hu\",\"@id\":\"https:\/\/www.lasermemories.hu\/#\/schema\/logo\/image\/\",\"url\":\"https:\/\/www.lasermemories.hu\/wp-content\/uploads\/2022\/08\/41589_Laser-Memories_PP-02.png\",\"contentUrl\":\"https:\/\/www.lasermemories.hu\/wp-content\/uploads\/2022\/08\/41589_Laser-Memories_PP-02.png\",\"width\":2137,\"height\":1703,\"caption\":\"Laser Memories\"},\"image\":{\"@id\":\"https:\/\/www.lasermemories.hu\/#\/schema\/logo\/image\/\"}}]}<\/script>\n<!-- \/ Yoast SEO plugin. -->","yoast_head_json":{"title":"\u00d3vodai\/B\u00f6lcs\u00f6dei kar\u00e1csonyfad\u00edsz - Laser Memories","robots":{"index":"index","follow":"follow","max-snippet":"max-snippet:-1","max-image-preview":"max-image-preview:large","max-video-preview":"max-video-preview:-1"},"canonical":"https:\/\/www.lasermemories.hu\/?product=ovodai-bolcsodei-karacsonyfadisz","og_locale":"hu_HU","og_type":"article","og_title":"\u00d3vodai\/B\u00f6lcs\u00f6dei kar\u00e1csonyfad\u00edsz - Laser Memories","og_description":"\u00d3vod\u00e1s vagy b\u00f6lcs\u00f6d\u00e9s gyermeked ? Kar\u00e1csonyi v\u00e1s\u00e1rt tart az int\u00e9zm\u00e9ny \u00e9s nincs id\u0151d k\u00e9zm\u0171veskedni neked tal\u00e1ltuk ki ezt a d\u00edszt. &nbsp; \u00c1lmod meg \u00e9s mi elk\u00e9sz\u00edtj\u00fck neked &nbsp;","og_url":"https:\/\/www.lasermemories.hu\/?product=ovodai-bolcsodei-karacsonyfadisz","og_site_name":"Laser Memories","article_modified_time":"2024-11-18T09:28:08+00:00","og_image":[{"width":480,"height":640,"url":"https:\/\/www.lasermemories.hu\/wp-content\/uploads\/2024\/11\/ddd.jpg","type":"image\/jpeg"}],"twitter_card":"summary_large_image","twitter_misc":{"Becs\u00fclt olvas\u00e1si id\u0151":"1 perc"},"schema":{"@context":"https:\/\/schema.org","@graph":[{"@type":"WebPage","@id":"https:\/\/www.lasermemories.hu\/?product=ovodai-bolcsodei-karacsonyfadisz","url":"https:\/\/www.lasermemories.hu\/?product=ovodai-bolcsodei-karacsonyfadisz","name":"\u00d3vodai\/B\u00f6lcs\u00f6dei kar\u00e1csonyfad\u00edsz - Laser Memories","isPartOf":{"@id":"https:\/\/www.lasermemories.hu\/#website"},"datePublished":"2024-11-05T14:04:21+00:00","dateModified":"2024-11-18T09:28:08+00:00","breadcrumb":{"@id":"https:\/\/www.lasermemories.hu\/?product=ovodai-bolcsodei-karacsonyfadisz#breadcrumb"},"inLanguage":"hu","potentialAction":[{"@type":"ReadAction","target":["https:\/\/www.lasermemories.hu\/?product=ovodai-bolcsodei-karacsonyfadisz"]}]},{"@type":"BreadcrumbList","@id":"https:\/\/www.lasermemories.hu\/?product=ovodai-bolcsodei-karacsonyfadisz#breadcrumb","itemListElement":[{"@type":"ListItem","position":1,"name":"Home","item":"https:\/\/www.lasermemories.hu\/"},{"@type":"ListItem","position":2,"name":"\u00dczlet","item":"https:\/\/www.lasermemories.hu\/?page_id=9"},{"@type":"ListItem","position":3,"name":"\u00d3vodai\/B\u00f6lcs\u00f6dei kar\u00e1csonyfad\u00edsz"}]},{"@type":"WebSite","@id":"https:\/\/www.lasermemories.hu\/#website","url":"https:\/\/www.lasermemories.hu\/","name":"Laser Memories","description":"Egyedi f\u00e1b\u00f3l k\u00e9sz\u00fclt k\u00fcl\u00f6nlegess\u00e9gek","publisher":{"@id":"https:\/\/www.lasermemories.hu\/#organization"},"potentialAction":[{"@type":"SearchAction","target":{"@type":"EntryPoint","urlTemplate":"https:\/\/www.lasermemories.hu\/?s={search_term_string}"},"query-input":"required name=search_term_string"}],"inLanguage":"hu"},{"@type":"Organization","@id":"https:\/\/www.lasermemories.hu\/#organization","name":"Laser Memories","url":"https:\/\/www.lasermemories.hu\/","logo":{"@type":"ImageObject","inLanguage":"hu","@id":"https:\/\/www.lasermemories.hu\/#\/schema\/logo\/image\/","url":"https:\/\/www.lasermemories.hu\/wp-content\/uploads\/2022\/08\/41589_Laser-Memories_PP-02.png","contentUrl":"https:\/\/www.lasermemories.hu\/wp-content\/uploads\/2022\/08\/41589_Laser-Memories_PP-02.png","width":2137,"height":1703,"caption":"Laser Memories"},"image":{"@id":"https:\/\/www.lasermemories.hu\/#\/schema\/logo\/image\/"}}]}},"jetpack_sharing_enabled":true,"_links":{"self":[{"href":"https:\/\/www.lasermemories.hu\/index.php?rest_route=\/wp\/v2\/product\/3783","targetHints":{"allow":["GET"]}}],"collection":[{"href":"https:\/\/www.lasermemories.hu\/index.php?rest_route=\/wp\/v2\/product"}],"about":[{"href":"https:\/\/www.lasermemories.hu\/index.php?rest_route=\/wp\/v2\/types\/product"}],"wp:featuredmedia":[{"embeddable":true,"href":"https:\/\/www.lasermemories.hu\/index.php?rest_route=\/wp\/v2\/media\/3780"}],"wp:attachment":[{"href":"https:\/\/www.lasermemories.hu\/index.php?rest_route=%2Fwp%2Fv2%2Fmedia&parent=3783"}],"wp:term":[{"taxonomy":"product_brand","embeddable":true,"href":"https:\/\/www.lasermemories.hu\/index.php?rest_route=%2Fwp%2Fv2%2Fproduct_brand&post=3783"},{"taxonomy":"product_cat","embeddable":true,"href":"https:\/\/www.lasermemories.hu\/index.php?rest_route=%2Fwp%2Fv2%2Fproduct_cat&post=3783"},{"taxonomy":"product_tag","embeddable":true,"href":"https:\/\/www.lasermemories.hu\/index.php?rest_route=%2Fwp%2Fv2%2Fproduct_tag&post=3783"}],"curies":[{"name":"wp","href":"https:\/\/api.w.org\/{rel}","templated":true}]}}