{"id":3749,"date":"2024-10-24T17:06:59","date_gmt":"2024-10-24T17:06:59","guid":{"rendered":"https:\/\/www.lasermemories.hu\/?post_type=product&#038;p=3749"},"modified":"2025-02-01T16:24:43","modified_gmt":"2025-02-01T16:24:43","slug":"mikulas-varo-talca","status":"publish","type":"product","link":"https:\/\/www.lasermemories.hu\/?product=mikulas-varo-talca","title":{"rendered":"Mikul\u00e1s v\u00e1r\u00f3 T\u00e1lca"},"content":{"rendered":"<p>Nincs is var\u00e1zslatosabb id\u0151szak a gyermekek sz\u00e1m\u00e1ra, mint a Mikul\u00e1s \u00e9rkez\u00e9se.<\/p>\n<p>&nbsp;<\/p>\n<p>Erre a f\u00e1b\u00f3l k\u00e9sz\u00fclt egyedileg grav\u00edrozott t\u00e1lc\u00e1ra a Mikul\u00e1snak tehetnek ki a gyermekek finoms\u00e1gokat.<\/p>\n<p>K\u00e9rheted n\u00e9vvel vagy ak\u00e1r csoport n\u00e9vvel vagy n\u00e9v n\u00e9lk\u00fcl is<\/p>\n","protected":false},"excerpt":{"rendered":"<p>Nincs is var\u00e1zslatosabb id\u0151szak a gyermekek sz\u00e1m\u00e1ra, mint a Mikul\u00e1s \u00e9rkez\u00e9se. &nbsp; Erre a f\u00e1b\u00f3l k\u00e9sz\u00fclt egyedileg grav\u00edrozott t\u00e1lc\u00e1ra a Mikul\u00e1snak tehetnek ki a gyermekek finoms\u00e1gokat. K\u00e9rheted n\u00e9vvel vagy ak\u00e1r csoport n\u00e9vvel vagy n\u00e9v n\u00e9lk\u00fcl is<\/p>\n","protected":false},"featured_media":3751,"template":"","meta":{"_acf_changed":false,"_monsterinsights_skip_tracking":false,"_monsterinsights_sitenote_active":false,"_monsterinsights_sitenote_note":"","_monsterinsights_sitenote_category":0},"product_brand":[],"product_cat":[22,79],"product_tag":[],"class_list":{"0":"post-3749","1":"product","2":"type-product","3":"status-publish","4":"has-post-thumbnail","6":"product_cat-gyermek","7":"product_cat-mikulas","9":"entry","10":"has-media","12":"first","13":"instock","14":"sale","15":"shipping-taxable","16":"purchasable","17":"product-type-simple","18":"has-product-nav","19":"col","20":"span_1_of_3","21":"owp-content-center","22":"owp-thumbs-layout-horizontal","23":"owp-btn-normal","24":"owp-tabs-layout-horizontal"},"acf":[],"yoast_head":"<!-- This site is optimized with the Yoast SEO plugin v22.0 - https:\/\/yoast.com\/wordpress\/plugins\/seo\/ -->\n<title>Mikul\u00e1s v\u00e1r\u00f3 T\u00e1lca - Laser Memories<\/title>\n<meta name=\"robots\" content=\"index, follow, max-snippet:-1, max-image-preview:large, max-video-preview:-1\" \/>\n<link rel=\"canonical\" href=\"https:\/\/www.lasermemories.hu\/?product=mikulas-varo-talca\" \/>\n<meta property=\"og:locale\" content=\"hu_HU\" \/>\n<meta property=\"og:type\" content=\"article\" \/>\n<meta property=\"og:title\" content=\"Mikul\u00e1s v\u00e1r\u00f3 T\u00e1lca - Laser Memories\" \/>\n<meta property=\"og:description\" content=\"Nincs is var\u00e1zslatosabb id\u0151szak a gyermekek sz\u00e1m\u00e1ra, mint a Mikul\u00e1s \u00e9rkez\u00e9se. &nbsp; Erre a f\u00e1b\u00f3l k\u00e9sz\u00fclt egyedileg grav\u00edrozott t\u00e1lc\u00e1ra a Mikul\u00e1snak tehetnek ki a gyermekek finoms\u00e1gokat. K\u00e9rheted n\u00e9vvel vagy ak\u00e1r csoport n\u00e9vvel vagy n\u00e9v n\u00e9lk\u00fcl is\" \/>\n<meta property=\"og:url\" content=\"https:\/\/www.lasermemories.hu\/?product=mikulas-varo-talca\" \/>\n<meta property=\"og:site_name\" content=\"Laser Memories\" \/>\n<meta property=\"article:modified_time\" content=\"2025-02-01T16:24:43+00:00\" \/>\n<meta property=\"og:image\" content=\"https:\/\/www.lasermemories.hu\/wp-content\/uploads\/2024\/10\/mik.jpg\" \/>\n\t<meta property=\"og:image:width\" content=\"765\" \/>\n\t<meta property=\"og:image:height\" content=\"1020\" \/>\n\t<meta property=\"og:image:type\" content=\"image\/jpeg\" \/>\n<meta name=\"twitter:card\" content=\"summary_large_image\" \/>\n<meta name=\"twitter:label1\" content=\"Becs\u00fclt olvas\u00e1si id\u0151\" \/>\n\t<meta name=\"twitter:data1\" content=\"1 perc\" \/>\n<script type=\"application\/ld+json\" class=\"yoast-schema-graph\">{\"@context\":\"https:\/\/schema.org\",\"@graph\":[{\"@type\":\"WebPage\",\"@id\":\"https:\/\/www.lasermemories.hu\/?product=mikulas-varo-talca\",\"url\":\"https:\/\/www.lasermemories.hu\/?product=mikulas-varo-talca\",\"name\":\"Mikul\u00e1s v\u00e1r\u00f3 T\u00e1lca - Laser Memories\",\"isPartOf\":{\"@id\":\"https:\/\/www.lasermemories.hu\/#website\"},\"datePublished\":\"2024-10-24T17:06:59+00:00\",\"dateModified\":\"2025-02-01T16:24:43+00:00\",\"breadcrumb\":{\"@id\":\"https:\/\/www.lasermemories.hu\/?product=mikulas-varo-talca#breadcrumb\"},\"inLanguage\":\"hu\",\"potentialAction\":[{\"@type\":\"ReadAction\",\"target\":[\"https:\/\/www.lasermemories.hu\/?product=mikulas-varo-talca\"]}]},{\"@type\":\"BreadcrumbList\",\"@id\":\"https:\/\/www.lasermemories.hu\/?product=mikulas-varo-talca#breadcrumb\",\"itemListElement\":[{\"@type\":\"ListItem\",\"position\":1,\"name\":\"Home\",\"item\":\"https:\/\/www.lasermemories.hu\/\"},{\"@type\":\"ListItem\",\"position\":2,\"name\":\"\u00dczlet\",\"item\":\"https:\/\/www.lasermemories.hu\/?page_id=9\"},{\"@type\":\"ListItem\",\"position\":3,\"name\":\"Mikul\u00e1s v\u00e1r\u00f3 T\u00e1lca\"}]},{\"@type\":\"WebSite\",\"@id\":\"https:\/\/www.lasermemories.hu\/#website\",\"url\":\"https:\/\/www.lasermemories.hu\/\",\"name\":\"Laser Memories\",\"description\":\"Egyedi f\u00e1b\u00f3l k\u00e9sz\u00fclt k\u00fcl\u00f6nlegess\u00e9gek\",\"publisher\":{\"@id\":\"https:\/\/www.lasermemories.hu\/#organization\"},\"potentialAction\":[{\"@type\":\"SearchAction\",\"target\":{\"@type\":\"EntryPoint\",\"urlTemplate\":\"https:\/\/www.lasermemories.hu\/?s={search_term_string}\"},\"query-input\":\"required name=search_term_string\"}],\"inLanguage\":\"hu\"},{\"@type\":\"Organization\",\"@id\":\"https:\/\/www.lasermemories.hu\/#organization\",\"name\":\"Laser Memories\",\"url\":\"https:\/\/www.lasermemories.hu\/\",\"logo\":{\"@type\":\"ImageObject\",\"inLanguage\":\"hu\",\"@id\":\"https:\/\/www.lasermemories.hu\/#\/schema\/logo\/image\/\",\"url\":\"https:\/\/www.lasermemories.hu\/wp-content\/uploads\/2022\/08\/41589_Laser-Memories_PP-02.png\",\"contentUrl\":\"https:\/\/www.lasermemories.hu\/wp-content\/uploads\/2022\/08\/41589_Laser-Memories_PP-02.png\",\"width\":2137,\"height\":1703,\"caption\":\"Laser Memories\"},\"image\":{\"@id\":\"https:\/\/www.lasermemories.hu\/#\/schema\/logo\/image\/\"}}]}<\/script>\n<!-- \/ Yoast SEO plugin. -->","yoast_head_json":{"title":"Mikul\u00e1s v\u00e1r\u00f3 T\u00e1lca - Laser Memories","robots":{"index":"index","follow":"follow","max-snippet":"max-snippet:-1","max-image-preview":"max-image-preview:large","max-video-preview":"max-video-preview:-1"},"canonical":"https:\/\/www.lasermemories.hu\/?product=mikulas-varo-talca","og_locale":"hu_HU","og_type":"article","og_title":"Mikul\u00e1s v\u00e1r\u00f3 T\u00e1lca - Laser Memories","og_description":"Nincs is var\u00e1zslatosabb id\u0151szak a gyermekek sz\u00e1m\u00e1ra, mint a Mikul\u00e1s \u00e9rkez\u00e9se. &nbsp; Erre a f\u00e1b\u00f3l k\u00e9sz\u00fclt egyedileg grav\u00edrozott t\u00e1lc\u00e1ra a Mikul\u00e1snak tehetnek ki a gyermekek finoms\u00e1gokat. K\u00e9rheted n\u00e9vvel vagy ak\u00e1r csoport n\u00e9vvel vagy n\u00e9v n\u00e9lk\u00fcl is","og_url":"https:\/\/www.lasermemories.hu\/?product=mikulas-varo-talca","og_site_name":"Laser Memories","article_modified_time":"2025-02-01T16:24:43+00:00","og_image":[{"width":765,"height":1020,"url":"https:\/\/www.lasermemories.hu\/wp-content\/uploads\/2024\/10\/mik.jpg","type":"image\/jpeg"}],"twitter_card":"summary_large_image","twitter_misc":{"Becs\u00fclt olvas\u00e1si id\u0151":"1 perc"},"schema":{"@context":"https:\/\/schema.org","@graph":[{"@type":"WebPage","@id":"https:\/\/www.lasermemories.hu\/?product=mikulas-varo-talca","url":"https:\/\/www.lasermemories.hu\/?product=mikulas-varo-talca","name":"Mikul\u00e1s v\u00e1r\u00f3 T\u00e1lca - Laser Memories","isPartOf":{"@id":"https:\/\/www.lasermemories.hu\/#website"},"datePublished":"2024-10-24T17:06:59+00:00","dateModified":"2025-02-01T16:24:43+00:00","breadcrumb":{"@id":"https:\/\/www.lasermemories.hu\/?product=mikulas-varo-talca#breadcrumb"},"inLanguage":"hu","potentialAction":[{"@type":"ReadAction","target":["https:\/\/www.lasermemories.hu\/?product=mikulas-varo-talca"]}]},{"@type":"BreadcrumbList","@id":"https:\/\/www.lasermemories.hu\/?product=mikulas-varo-talca#breadcrumb","itemListElement":[{"@type":"ListItem","position":1,"name":"Home","item":"https:\/\/www.lasermemories.hu\/"},{"@type":"ListItem","position":2,"name":"\u00dczlet","item":"https:\/\/www.lasermemories.hu\/?page_id=9"},{"@type":"ListItem","position":3,"name":"Mikul\u00e1s v\u00e1r\u00f3 T\u00e1lca"}]},{"@type":"WebSite","@id":"https:\/\/www.lasermemories.hu\/#website","url":"https:\/\/www.lasermemories.hu\/","name":"Laser Memories","description":"Egyedi f\u00e1b\u00f3l k\u00e9sz\u00fclt k\u00fcl\u00f6nlegess\u00e9gek","publisher":{"@id":"https:\/\/www.lasermemories.hu\/#organization"},"potentialAction":[{"@type":"SearchAction","target":{"@type":"EntryPoint","urlTemplate":"https:\/\/www.lasermemories.hu\/?s={search_term_string}"},"query-input":"required name=search_term_string"}],"inLanguage":"hu"},{"@type":"Organization","@id":"https:\/\/www.lasermemories.hu\/#organization","name":"Laser Memories","url":"https:\/\/www.lasermemories.hu\/","logo":{"@type":"ImageObject","inLanguage":"hu","@id":"https:\/\/www.lasermemories.hu\/#\/schema\/logo\/image\/","url":"https:\/\/www.lasermemories.hu\/wp-content\/uploads\/2022\/08\/41589_Laser-Memories_PP-02.png","contentUrl":"https:\/\/www.lasermemories.hu\/wp-content\/uploads\/2022\/08\/41589_Laser-Memories_PP-02.png","width":2137,"height":1703,"caption":"Laser Memories"},"image":{"@id":"https:\/\/www.lasermemories.hu\/#\/schema\/logo\/image\/"}}]}},"jetpack_sharing_enabled":true,"_links":{"self":[{"href":"https:\/\/www.lasermemories.hu\/index.php?rest_route=\/wp\/v2\/product\/3749","targetHints":{"allow":["GET"]}}],"collection":[{"href":"https:\/\/www.lasermemories.hu\/index.php?rest_route=\/wp\/v2\/product"}],"about":[{"href":"https:\/\/www.lasermemories.hu\/index.php?rest_route=\/wp\/v2\/types\/product"}],"wp:featuredmedia":[{"embeddable":true,"href":"https:\/\/www.lasermemories.hu\/index.php?rest_route=\/wp\/v2\/media\/3751"}],"wp:attachment":[{"href":"https:\/\/www.lasermemories.hu\/index.php?rest_route=%2Fwp%2Fv2%2Fmedia&parent=3749"}],"wp:term":[{"taxonomy":"product_brand","embeddable":true,"href":"https:\/\/www.lasermemories.hu\/index.php?rest_route=%2Fwp%2Fv2%2Fproduct_brand&post=3749"},{"taxonomy":"product_cat","embeddable":true,"href":"https:\/\/www.lasermemories.hu\/index.php?rest_route=%2Fwp%2Fv2%2Fproduct_cat&post=3749"},{"taxonomy":"product_tag","embeddable":true,"href":"https:\/\/www.lasermemories.hu\/index.php?rest_route=%2Fwp%2Fv2%2Fproduct_tag&post=3749"}],"curies":[{"name":"wp","href":"https:\/\/api.w.org\/{rel}","templated":true}]}}