{"id":3706,"date":"2024-10-06T16:06:44","date_gmt":"2024-10-06T16:06:44","guid":{"rendered":"https:\/\/www.lasermemories.hu\/?post_type=product&#038;p=3706"},"modified":"2025-02-01T16:51:05","modified_gmt":"2025-02-01T16:51:05","slug":"orokrozsa-3d-szeretlek-anya-felirattal-dobozzal","status":"publish","type":"product","link":"https:\/\/www.lasermemories.hu\/?product=orokrozsa-3d-szeretlek-anya-felirattal-dobozzal","title":{"rendered":"\u00d6r\u00f6kr\u00f3zsa 3D &#8211; Szeretlek Anya felirattal dobozzal"},"content":{"rendered":"<p>T\u00f6k\u00e9letes k\u00f6sz\u00f6n\u0151aj\u00e1nd\u00e9k Anyuk\u00e1nak .<\/p>\n<p>&nbsp;<\/p>\n<p>Term\u00e9k tartalmazza :<\/p>\n<p>-Szeretlek Anya feliratos R\u00f3zsa<\/p>\n<p>-Doboz k\u00edv\u00fcl-bel\u00fcl fedlap feliratot (K\u00fcls\u0151 fedlap Egybe fon\u00f3d\u00f3 gy\u0171r\u0171 grafik\u00e1val)<\/p>\n","protected":false},"excerpt":{"rendered":"<p>T\u00f6k\u00e9letes k\u00f6sz\u00f6n\u0151aj\u00e1nd\u00e9k Anyuk\u00e1nak . &nbsp; Term\u00e9k tartalmazza : -Szeretlek Anya feliratos R\u00f3zsa -Doboz k\u00edv\u00fcl-bel\u00fcl fedlap feliratot (K\u00fcls\u0151 fedlap Egybe fon\u00f3d\u00f3 gy\u0171r\u0171 grafik\u00e1val)<\/p>\n","protected":false},"featured_media":3702,"template":"","meta":{"_acf_changed":false,"_monsterinsights_skip_tracking":false,"_monsterinsights_sitenote_active":false,"_monsterinsights_sitenote_note":"","_monsterinsights_sitenote_category":0},"product_brand":[],"product_cat":[65],"product_tag":[],"class_list":{"0":"post-3706","1":"product","2":"type-product","3":"status-publish","4":"has-post-thumbnail","6":"product_cat-szulokoszonto","8":"entry","9":"has-media","11":"first","12":"instock","13":"sale","14":"shipping-taxable","15":"purchasable","16":"product-type-simple","17":"has-product-nav","18":"col","19":"span_1_of_3","20":"owp-content-center","21":"owp-thumbs-layout-horizontal","22":"owp-btn-normal","23":"owp-tabs-layout-horizontal"},"acf":[],"yoast_head":"<!-- This site is optimized with the Yoast SEO plugin v22.0 - https:\/\/yoast.com\/wordpress\/plugins\/seo\/ -->\n<title>\u00d6r\u00f6kr\u00f3zsa 3D - Szeretlek Anya felirattal dobozzal - Laser Memories<\/title>\n<meta name=\"robots\" content=\"index, follow, max-snippet:-1, max-image-preview:large, max-video-preview:-1\" \/>\n<link rel=\"canonical\" href=\"https:\/\/www.lasermemories.hu\/?product=orokrozsa-3d-szeretlek-anya-felirattal-dobozzal\" \/>\n<meta property=\"og:locale\" content=\"hu_HU\" \/>\n<meta property=\"og:type\" content=\"article\" \/>\n<meta property=\"og:title\" content=\"\u00d6r\u00f6kr\u00f3zsa 3D - Szeretlek Anya felirattal dobozzal - Laser Memories\" \/>\n<meta property=\"og:description\" content=\"T\u00f6k\u00e9letes k\u00f6sz\u00f6n\u0151aj\u00e1nd\u00e9k Anyuk\u00e1nak . &nbsp; Term\u00e9k tartalmazza : -Szeretlek Anya feliratos R\u00f3zsa -Doboz k\u00edv\u00fcl-bel\u00fcl fedlap feliratot (K\u00fcls\u0151 fedlap Egybe fon\u00f3d\u00f3 gy\u0171r\u0171 grafik\u00e1val)\" \/>\n<meta property=\"og:url\" content=\"https:\/\/www.lasermemories.hu\/?product=orokrozsa-3d-szeretlek-anya-felirattal-dobozzal\" \/>\n<meta property=\"og:site_name\" content=\"Laser Memories\" \/>\n<meta property=\"article:modified_time\" content=\"2025-02-01T16:51:05+00:00\" \/>\n<meta property=\"og:image\" content=\"https:\/\/www.lasermemories.hu\/wp-content\/uploads\/2024\/01\/462280901_2231869480520231_4284712600567916318_n.jpg\" \/>\n\t<meta property=\"og:image:width\" content=\"1020\" \/>\n\t<meta property=\"og:image:height\" content=\"765\" \/>\n\t<meta property=\"og:image:type\" content=\"image\/jpeg\" \/>\n<meta name=\"twitter:card\" content=\"summary_large_image\" \/>\n<meta name=\"twitter:label1\" content=\"Becs\u00fclt olvas\u00e1si id\u0151\" \/>\n\t<meta name=\"twitter:data1\" content=\"1 perc\" \/>\n<script type=\"application\/ld+json\" class=\"yoast-schema-graph\">{\"@context\":\"https:\/\/schema.org\",\"@graph\":[{\"@type\":\"WebPage\",\"@id\":\"https:\/\/www.lasermemories.hu\/?product=orokrozsa-3d-szeretlek-anya-felirattal-dobozzal\",\"url\":\"https:\/\/www.lasermemories.hu\/?product=orokrozsa-3d-szeretlek-anya-felirattal-dobozzal\",\"name\":\"\u00d6r\u00f6kr\u00f3zsa 3D - Szeretlek Anya felirattal dobozzal - Laser Memories\",\"isPartOf\":{\"@id\":\"https:\/\/www.lasermemories.hu\/#website\"},\"datePublished\":\"2024-10-06T16:06:44+00:00\",\"dateModified\":\"2025-02-01T16:51:05+00:00\",\"breadcrumb\":{\"@id\":\"https:\/\/www.lasermemories.hu\/?product=orokrozsa-3d-szeretlek-anya-felirattal-dobozzal#breadcrumb\"},\"inLanguage\":\"hu\",\"potentialAction\":[{\"@type\":\"ReadAction\",\"target\":[\"https:\/\/www.lasermemories.hu\/?product=orokrozsa-3d-szeretlek-anya-felirattal-dobozzal\"]}]},{\"@type\":\"BreadcrumbList\",\"@id\":\"https:\/\/www.lasermemories.hu\/?product=orokrozsa-3d-szeretlek-anya-felirattal-dobozzal#breadcrumb\",\"itemListElement\":[{\"@type\":\"ListItem\",\"position\":1,\"name\":\"Home\",\"item\":\"https:\/\/www.lasermemories.hu\/\"},{\"@type\":\"ListItem\",\"position\":2,\"name\":\"\u00dczlet\",\"item\":\"https:\/\/www.lasermemories.hu\/?page_id=9\"},{\"@type\":\"ListItem\",\"position\":3,\"name\":\"\u00d6r\u00f6kr\u00f3zsa 3D &#8211; Szeretlek Anya felirattal dobozzal\"}]},{\"@type\":\"WebSite\",\"@id\":\"https:\/\/www.lasermemories.hu\/#website\",\"url\":\"https:\/\/www.lasermemories.hu\/\",\"name\":\"Laser Memories\",\"description\":\"Egyedi f\u00e1b\u00f3l k\u00e9sz\u00fclt k\u00fcl\u00f6nlegess\u00e9gek\",\"publisher\":{\"@id\":\"https:\/\/www.lasermemories.hu\/#organization\"},\"potentialAction\":[{\"@type\":\"SearchAction\",\"target\":{\"@type\":\"EntryPoint\",\"urlTemplate\":\"https:\/\/www.lasermemories.hu\/?s={search_term_string}\"},\"query-input\":\"required name=search_term_string\"}],\"inLanguage\":\"hu\"},{\"@type\":\"Organization\",\"@id\":\"https:\/\/www.lasermemories.hu\/#organization\",\"name\":\"Laser Memories\",\"url\":\"https:\/\/www.lasermemories.hu\/\",\"logo\":{\"@type\":\"ImageObject\",\"inLanguage\":\"hu\",\"@id\":\"https:\/\/www.lasermemories.hu\/#\/schema\/logo\/image\/\",\"url\":\"https:\/\/www.lasermemories.hu\/wp-content\/uploads\/2022\/08\/41589_Laser-Memories_PP-02.png\",\"contentUrl\":\"https:\/\/www.lasermemories.hu\/wp-content\/uploads\/2022\/08\/41589_Laser-Memories_PP-02.png\",\"width\":2137,\"height\":1703,\"caption\":\"Laser Memories\"},\"image\":{\"@id\":\"https:\/\/www.lasermemories.hu\/#\/schema\/logo\/image\/\"}}]}<\/script>\n<!-- \/ Yoast SEO plugin. -->","yoast_head_json":{"title":"\u00d6r\u00f6kr\u00f3zsa 3D - Szeretlek Anya felirattal dobozzal - Laser Memories","robots":{"index":"index","follow":"follow","max-snippet":"max-snippet:-1","max-image-preview":"max-image-preview:large","max-video-preview":"max-video-preview:-1"},"canonical":"https:\/\/www.lasermemories.hu\/?product=orokrozsa-3d-szeretlek-anya-felirattal-dobozzal","og_locale":"hu_HU","og_type":"article","og_title":"\u00d6r\u00f6kr\u00f3zsa 3D - Szeretlek Anya felirattal dobozzal - Laser Memories","og_description":"T\u00f6k\u00e9letes k\u00f6sz\u00f6n\u0151aj\u00e1nd\u00e9k Anyuk\u00e1nak . &nbsp; Term\u00e9k tartalmazza : -Szeretlek Anya feliratos R\u00f3zsa -Doboz k\u00edv\u00fcl-bel\u00fcl fedlap feliratot (K\u00fcls\u0151 fedlap Egybe fon\u00f3d\u00f3 gy\u0171r\u0171 grafik\u00e1val)","og_url":"https:\/\/www.lasermemories.hu\/?product=orokrozsa-3d-szeretlek-anya-felirattal-dobozzal","og_site_name":"Laser Memories","article_modified_time":"2025-02-01T16:51:05+00:00","og_image":[{"width":1020,"height":765,"url":"https:\/\/www.lasermemories.hu\/wp-content\/uploads\/2024\/01\/462280901_2231869480520231_4284712600567916318_n.jpg","type":"image\/jpeg"}],"twitter_card":"summary_large_image","twitter_misc":{"Becs\u00fclt olvas\u00e1si id\u0151":"1 perc"},"schema":{"@context":"https:\/\/schema.org","@graph":[{"@type":"WebPage","@id":"https:\/\/www.lasermemories.hu\/?product=orokrozsa-3d-szeretlek-anya-felirattal-dobozzal","url":"https:\/\/www.lasermemories.hu\/?product=orokrozsa-3d-szeretlek-anya-felirattal-dobozzal","name":"\u00d6r\u00f6kr\u00f3zsa 3D - Szeretlek Anya felirattal dobozzal - Laser Memories","isPartOf":{"@id":"https:\/\/www.lasermemories.hu\/#website"},"datePublished":"2024-10-06T16:06:44+00:00","dateModified":"2025-02-01T16:51:05+00:00","breadcrumb":{"@id":"https:\/\/www.lasermemories.hu\/?product=orokrozsa-3d-szeretlek-anya-felirattal-dobozzal#breadcrumb"},"inLanguage":"hu","potentialAction":[{"@type":"ReadAction","target":["https:\/\/www.lasermemories.hu\/?product=orokrozsa-3d-szeretlek-anya-felirattal-dobozzal"]}]},{"@type":"BreadcrumbList","@id":"https:\/\/www.lasermemories.hu\/?product=orokrozsa-3d-szeretlek-anya-felirattal-dobozzal#breadcrumb","itemListElement":[{"@type":"ListItem","position":1,"name":"Home","item":"https:\/\/www.lasermemories.hu\/"},{"@type":"ListItem","position":2,"name":"\u00dczlet","item":"https:\/\/www.lasermemories.hu\/?page_id=9"},{"@type":"ListItem","position":3,"name":"\u00d6r\u00f6kr\u00f3zsa 3D &#8211; Szeretlek Anya felirattal dobozzal"}]},{"@type":"WebSite","@id":"https:\/\/www.lasermemories.hu\/#website","url":"https:\/\/www.lasermemories.hu\/","name":"Laser Memories","description":"Egyedi f\u00e1b\u00f3l k\u00e9sz\u00fclt k\u00fcl\u00f6nlegess\u00e9gek","publisher":{"@id":"https:\/\/www.lasermemories.hu\/#organization"},"potentialAction":[{"@type":"SearchAction","target":{"@type":"EntryPoint","urlTemplate":"https:\/\/www.lasermemories.hu\/?s={search_term_string}"},"query-input":"required name=search_term_string"}],"inLanguage":"hu"},{"@type":"Organization","@id":"https:\/\/www.lasermemories.hu\/#organization","name":"Laser Memories","url":"https:\/\/www.lasermemories.hu\/","logo":{"@type":"ImageObject","inLanguage":"hu","@id":"https:\/\/www.lasermemories.hu\/#\/schema\/logo\/image\/","url":"https:\/\/www.lasermemories.hu\/wp-content\/uploads\/2022\/08\/41589_Laser-Memories_PP-02.png","contentUrl":"https:\/\/www.lasermemories.hu\/wp-content\/uploads\/2022\/08\/41589_Laser-Memories_PP-02.png","width":2137,"height":1703,"caption":"Laser Memories"},"image":{"@id":"https:\/\/www.lasermemories.hu\/#\/schema\/logo\/image\/"}}]}},"jetpack_sharing_enabled":true,"_links":{"self":[{"href":"https:\/\/www.lasermemories.hu\/index.php?rest_route=\/wp\/v2\/product\/3706","targetHints":{"allow":["GET"]}}],"collection":[{"href":"https:\/\/www.lasermemories.hu\/index.php?rest_route=\/wp\/v2\/product"}],"about":[{"href":"https:\/\/www.lasermemories.hu\/index.php?rest_route=\/wp\/v2\/types\/product"}],"wp:featuredmedia":[{"embeddable":true,"href":"https:\/\/www.lasermemories.hu\/index.php?rest_route=\/wp\/v2\/media\/3702"}],"wp:attachment":[{"href":"https:\/\/www.lasermemories.hu\/index.php?rest_route=%2Fwp%2Fv2%2Fmedia&parent=3706"}],"wp:term":[{"taxonomy":"product_brand","embeddable":true,"href":"https:\/\/www.lasermemories.hu\/index.php?rest_route=%2Fwp%2Fv2%2Fproduct_brand&post=3706"},{"taxonomy":"product_cat","embeddable":true,"href":"https:\/\/www.lasermemories.hu\/index.php?rest_route=%2Fwp%2Fv2%2Fproduct_cat&post=3706"},{"taxonomy":"product_tag","embeddable":true,"href":"https:\/\/www.lasermemories.hu\/index.php?rest_route=%2Fwp%2Fv2%2Fproduct_tag&post=3706"}],"curies":[{"name":"wp","href":"https:\/\/api.w.org\/{rel}","templated":true}]}}