{"id":3705,"date":"2024-10-06T15:59:09","date_gmt":"2024-10-06T15:59:09","guid":{"rendered":"https:\/\/www.lasermemories.hu\/?post_type=product&#038;p=3705"},"modified":"2024-11-05T14:09:15","modified_gmt":"2024-11-05T14:09:15","slug":"penzatado-karacsonyfadisz","status":"publish","type":"product","link":"https:\/\/www.lasermemories.hu\/?product=penzatado-karacsonyfadisz","title":{"rendered":"P\u00e9nz\u00e1tad\u00f3 kar\u00e1csonyfad\u00edsz"},"content":{"rendered":"<p>Lepd meg gyermekedet, bar\u00e1todat vagy a csal\u00e1dot egy egyedi kar\u00e1csonyfad\u00edsszel.<\/p>\n<p>P\u00e9nzt adsz, de snassz a bor\u00edt\u00e9k, amit \u00fagyis csak kidobnak? Ezzel az egyedi p\u00e9nz \u00e1tad\u00f3 d\u00edsszel garant\u00e1lhatod, hogy hab\u00e1r nem t\u00e1rgyi aj\u00e1nd\u00e9kot adt\u00e1l, de m\u00e9gis eml\u00e9kezzen r\u00e1d az aj\u00e1nd\u00e9kozott az id\u0151 m\u00fal\u00e1s\u00e1val is.<\/p>\n<p>M\u00e9ret : 10 cm<\/p>\n","protected":false},"excerpt":{"rendered":"<p>Lepd meg gyermekedet, bar\u00e1todat vagy a csal\u00e1dot egy egyedi kar\u00e1csonyfad\u00edsszel. P\u00e9nzt adsz, de snassz a bor\u00edt\u00e9k, amit \u00fagyis csak kidobnak? Ezzel az egyedi p\u00e9nz \u00e1tad\u00f3 d\u00edsszel garant\u00e1lhatod, hogy hab\u00e1r nem t\u00e1rgyi aj\u00e1nd\u00e9kot adt\u00e1l, de m\u00e9gis eml\u00e9kezzen r\u00e1d az aj\u00e1nd\u00e9kozott az id\u0151 m\u00fal\u00e1s\u00e1val is. M\u00e9ret : 10 cm<\/p>\n","protected":false},"featured_media":3690,"template":"","meta":{"_acf_changed":false,"_monsterinsights_skip_tracking":false,"_monsterinsights_sitenote_active":false,"_monsterinsights_sitenote_note":"","_monsterinsights_sitenote_category":0},"product_brand":[],"product_cat":[20],"product_tag":[],"class_list":{"0":"post-3705","1":"product","2":"type-product","3":"status-publish","4":"has-post-thumbnail","6":"product_cat-karacsony","8":"entry","9":"has-media","11":"first","12":"instock","13":"sale","14":"shipping-taxable","15":"purchasable","16":"product-type-simple","17":"has-product-nav","18":"col","19":"span_1_of_3","20":"owp-content-center","21":"owp-thumbs-layout-horizontal","22":"owp-btn-normal","23":"owp-tabs-layout-horizontal"},"acf":[],"yoast_head":"<!-- This site is optimized with the Yoast SEO plugin v22.0 - https:\/\/yoast.com\/wordpress\/plugins\/seo\/ -->\n<title>P\u00e9nz\u00e1tad\u00f3 kar\u00e1csonyfad\u00edsz - Laser Memories<\/title>\n<meta name=\"robots\" content=\"index, follow, max-snippet:-1, max-image-preview:large, max-video-preview:-1\" \/>\n<link rel=\"canonical\" href=\"https:\/\/www.lasermemories.hu\/?product=penzatado-karacsonyfadisz\" \/>\n<meta property=\"og:locale\" content=\"hu_HU\" \/>\n<meta property=\"og:type\" content=\"article\" \/>\n<meta property=\"og:title\" content=\"P\u00e9nz\u00e1tad\u00f3 kar\u00e1csonyfad\u00edsz - Laser Memories\" \/>\n<meta property=\"og:description\" content=\"Lepd meg gyermekedet, bar\u00e1todat vagy a csal\u00e1dot egy egyedi kar\u00e1csonyfad\u00edsszel. P\u00e9nzt adsz, de snassz a bor\u00edt\u00e9k, amit \u00fagyis csak kidobnak? Ezzel az egyedi p\u00e9nz \u00e1tad\u00f3 d\u00edsszel garant\u00e1lhatod, hogy hab\u00e1r nem t\u00e1rgyi aj\u00e1nd\u00e9kot adt\u00e1l, de m\u00e9gis eml\u00e9kezzen r\u00e1d az aj\u00e1nd\u00e9kozott az id\u0151 m\u00fal\u00e1s\u00e1val is. M\u00e9ret : 10 cm\" \/>\n<meta property=\"og:url\" content=\"https:\/\/www.lasermemories.hu\/?product=penzatado-karacsonyfadisz\" \/>\n<meta property=\"og:site_name\" content=\"Laser Memories\" \/>\n<meta property=\"article:modified_time\" content=\"2024-11-05T14:09:15+00:00\" \/>\n<meta property=\"og:image\" content=\"https:\/\/www.lasermemories.hu\/wp-content\/uploads\/2024\/01\/457499872_1879988109079085_2834278802870052479_n.jpg\" \/>\n\t<meta property=\"og:image:width\" content=\"765\" \/>\n\t<meta property=\"og:image:height\" content=\"1020\" \/>\n\t<meta property=\"og:image:type\" content=\"image\/jpeg\" \/>\n<meta name=\"twitter:card\" content=\"summary_large_image\" \/>\n<meta name=\"twitter:label1\" content=\"Becs\u00fclt olvas\u00e1si id\u0151\" \/>\n\t<meta name=\"twitter:data1\" content=\"1 perc\" \/>\n<script type=\"application\/ld+json\" class=\"yoast-schema-graph\">{\"@context\":\"https:\/\/schema.org\",\"@graph\":[{\"@type\":\"WebPage\",\"@id\":\"https:\/\/www.lasermemories.hu\/?product=penzatado-karacsonyfadisz\",\"url\":\"https:\/\/www.lasermemories.hu\/?product=penzatado-karacsonyfadisz\",\"name\":\"P\u00e9nz\u00e1tad\u00f3 kar\u00e1csonyfad\u00edsz - Laser Memories\",\"isPartOf\":{\"@id\":\"https:\/\/www.lasermemories.hu\/#website\"},\"datePublished\":\"2024-10-06T15:59:09+00:00\",\"dateModified\":\"2024-11-05T14:09:15+00:00\",\"breadcrumb\":{\"@id\":\"https:\/\/www.lasermemories.hu\/?product=penzatado-karacsonyfadisz#breadcrumb\"},\"inLanguage\":\"hu\",\"potentialAction\":[{\"@type\":\"ReadAction\",\"target\":[\"https:\/\/www.lasermemories.hu\/?product=penzatado-karacsonyfadisz\"]}]},{\"@type\":\"BreadcrumbList\",\"@id\":\"https:\/\/www.lasermemories.hu\/?product=penzatado-karacsonyfadisz#breadcrumb\",\"itemListElement\":[{\"@type\":\"ListItem\",\"position\":1,\"name\":\"Home\",\"item\":\"https:\/\/www.lasermemories.hu\/\"},{\"@type\":\"ListItem\",\"position\":2,\"name\":\"\u00dczlet\",\"item\":\"https:\/\/www.lasermemories.hu\/?page_id=9\"},{\"@type\":\"ListItem\",\"position\":3,\"name\":\"P\u00e9nz\u00e1tad\u00f3 kar\u00e1csonyfad\u00edsz\"}]},{\"@type\":\"WebSite\",\"@id\":\"https:\/\/www.lasermemories.hu\/#website\",\"url\":\"https:\/\/www.lasermemories.hu\/\",\"name\":\"Laser Memories\",\"description\":\"Egyedi f\u00e1b\u00f3l k\u00e9sz\u00fclt k\u00fcl\u00f6nlegess\u00e9gek\",\"publisher\":{\"@id\":\"https:\/\/www.lasermemories.hu\/#organization\"},\"potentialAction\":[{\"@type\":\"SearchAction\",\"target\":{\"@type\":\"EntryPoint\",\"urlTemplate\":\"https:\/\/www.lasermemories.hu\/?s={search_term_string}\"},\"query-input\":\"required name=search_term_string\"}],\"inLanguage\":\"hu\"},{\"@type\":\"Organization\",\"@id\":\"https:\/\/www.lasermemories.hu\/#organization\",\"name\":\"Laser Memories\",\"url\":\"https:\/\/www.lasermemories.hu\/\",\"logo\":{\"@type\":\"ImageObject\",\"inLanguage\":\"hu\",\"@id\":\"https:\/\/www.lasermemories.hu\/#\/schema\/logo\/image\/\",\"url\":\"https:\/\/www.lasermemories.hu\/wp-content\/uploads\/2022\/08\/41589_Laser-Memories_PP-02.png\",\"contentUrl\":\"https:\/\/www.lasermemories.hu\/wp-content\/uploads\/2022\/08\/41589_Laser-Memories_PP-02.png\",\"width\":2137,\"height\":1703,\"caption\":\"Laser Memories\"},\"image\":{\"@id\":\"https:\/\/www.lasermemories.hu\/#\/schema\/logo\/image\/\"}}]}<\/script>\n<!-- \/ Yoast SEO plugin. -->","yoast_head_json":{"title":"P\u00e9nz\u00e1tad\u00f3 kar\u00e1csonyfad\u00edsz - Laser Memories","robots":{"index":"index","follow":"follow","max-snippet":"max-snippet:-1","max-image-preview":"max-image-preview:large","max-video-preview":"max-video-preview:-1"},"canonical":"https:\/\/www.lasermemories.hu\/?product=penzatado-karacsonyfadisz","og_locale":"hu_HU","og_type":"article","og_title":"P\u00e9nz\u00e1tad\u00f3 kar\u00e1csonyfad\u00edsz - Laser Memories","og_description":"Lepd meg gyermekedet, bar\u00e1todat vagy a csal\u00e1dot egy egyedi kar\u00e1csonyfad\u00edsszel. P\u00e9nzt adsz, de snassz a bor\u00edt\u00e9k, amit \u00fagyis csak kidobnak? Ezzel az egyedi p\u00e9nz \u00e1tad\u00f3 d\u00edsszel garant\u00e1lhatod, hogy hab\u00e1r nem t\u00e1rgyi aj\u00e1nd\u00e9kot adt\u00e1l, de m\u00e9gis eml\u00e9kezzen r\u00e1d az aj\u00e1nd\u00e9kozott az id\u0151 m\u00fal\u00e1s\u00e1val is. M\u00e9ret : 10 cm","og_url":"https:\/\/www.lasermemories.hu\/?product=penzatado-karacsonyfadisz","og_site_name":"Laser Memories","article_modified_time":"2024-11-05T14:09:15+00:00","og_image":[{"width":765,"height":1020,"url":"https:\/\/www.lasermemories.hu\/wp-content\/uploads\/2024\/01\/457499872_1879988109079085_2834278802870052479_n.jpg","type":"image\/jpeg"}],"twitter_card":"summary_large_image","twitter_misc":{"Becs\u00fclt olvas\u00e1si id\u0151":"1 perc"},"schema":{"@context":"https:\/\/schema.org","@graph":[{"@type":"WebPage","@id":"https:\/\/www.lasermemories.hu\/?product=penzatado-karacsonyfadisz","url":"https:\/\/www.lasermemories.hu\/?product=penzatado-karacsonyfadisz","name":"P\u00e9nz\u00e1tad\u00f3 kar\u00e1csonyfad\u00edsz - Laser Memories","isPartOf":{"@id":"https:\/\/www.lasermemories.hu\/#website"},"datePublished":"2024-10-06T15:59:09+00:00","dateModified":"2024-11-05T14:09:15+00:00","breadcrumb":{"@id":"https:\/\/www.lasermemories.hu\/?product=penzatado-karacsonyfadisz#breadcrumb"},"inLanguage":"hu","potentialAction":[{"@type":"ReadAction","target":["https:\/\/www.lasermemories.hu\/?product=penzatado-karacsonyfadisz"]}]},{"@type":"BreadcrumbList","@id":"https:\/\/www.lasermemories.hu\/?product=penzatado-karacsonyfadisz#breadcrumb","itemListElement":[{"@type":"ListItem","position":1,"name":"Home","item":"https:\/\/www.lasermemories.hu\/"},{"@type":"ListItem","position":2,"name":"\u00dczlet","item":"https:\/\/www.lasermemories.hu\/?page_id=9"},{"@type":"ListItem","position":3,"name":"P\u00e9nz\u00e1tad\u00f3 kar\u00e1csonyfad\u00edsz"}]},{"@type":"WebSite","@id":"https:\/\/www.lasermemories.hu\/#website","url":"https:\/\/www.lasermemories.hu\/","name":"Laser Memories","description":"Egyedi f\u00e1b\u00f3l k\u00e9sz\u00fclt k\u00fcl\u00f6nlegess\u00e9gek","publisher":{"@id":"https:\/\/www.lasermemories.hu\/#organization"},"potentialAction":[{"@type":"SearchAction","target":{"@type":"EntryPoint","urlTemplate":"https:\/\/www.lasermemories.hu\/?s={search_term_string}"},"query-input":"required name=search_term_string"}],"inLanguage":"hu"},{"@type":"Organization","@id":"https:\/\/www.lasermemories.hu\/#organization","name":"Laser Memories","url":"https:\/\/www.lasermemories.hu\/","logo":{"@type":"ImageObject","inLanguage":"hu","@id":"https:\/\/www.lasermemories.hu\/#\/schema\/logo\/image\/","url":"https:\/\/www.lasermemories.hu\/wp-content\/uploads\/2022\/08\/41589_Laser-Memories_PP-02.png","contentUrl":"https:\/\/www.lasermemories.hu\/wp-content\/uploads\/2022\/08\/41589_Laser-Memories_PP-02.png","width":2137,"height":1703,"caption":"Laser Memories"},"image":{"@id":"https:\/\/www.lasermemories.hu\/#\/schema\/logo\/image\/"}}]}},"jetpack_sharing_enabled":true,"_links":{"self":[{"href":"https:\/\/www.lasermemories.hu\/index.php?rest_route=\/wp\/v2\/product\/3705","targetHints":{"allow":["GET"]}}],"collection":[{"href":"https:\/\/www.lasermemories.hu\/index.php?rest_route=\/wp\/v2\/product"}],"about":[{"href":"https:\/\/www.lasermemories.hu\/index.php?rest_route=\/wp\/v2\/types\/product"}],"wp:featuredmedia":[{"embeddable":true,"href":"https:\/\/www.lasermemories.hu\/index.php?rest_route=\/wp\/v2\/media\/3690"}],"wp:attachment":[{"href":"https:\/\/www.lasermemories.hu\/index.php?rest_route=%2Fwp%2Fv2%2Fmedia&parent=3705"}],"wp:term":[{"taxonomy":"product_brand","embeddable":true,"href":"https:\/\/www.lasermemories.hu\/index.php?rest_route=%2Fwp%2Fv2%2Fproduct_brand&post=3705"},{"taxonomy":"product_cat","embeddable":true,"href":"https:\/\/www.lasermemories.hu\/index.php?rest_route=%2Fwp%2Fv2%2Fproduct_cat&post=3705"},{"taxonomy":"product_tag","embeddable":true,"href":"https:\/\/www.lasermemories.hu\/index.php?rest_route=%2Fwp%2Fv2%2Fproduct_tag&post=3705"}],"curies":[{"name":"wp","href":"https:\/\/api.w.org\/{rel}","templated":true}]}}