{"id":3278,"date":"2024-05-27T08:40:10","date_gmt":"2024-05-27T08:40:10","guid":{"rendered":"https:\/\/www.lasermemories.hu\/?post_type=product&#038;p=3278"},"modified":"2025-02-01T17:05:48","modified_gmt":"2025-02-01T17:05:48","slug":"eskuvoi-boritekgyujto-doboz-penzgyujto-masolat","status":"publish","type":"product","link":"https:\/\/www.lasermemories.hu\/?product=eskuvoi-boritekgyujto-doboz-penzgyujto-masolat","title":{"rendered":"Esk\u00fcv\u0151i Bor\u00edt\u00e9kgy\u0171jt\u0151 doboz plexivel \u2013 P\u00e9nzgy\u0171jt\u0151"},"content":{"rendered":"<p>Ez a kis doboz nem csup\u00e1n egy dekorat\u00edv elem, hanem egy olyan hely, ahol az esk\u00fcv\u0151i vend\u00e9gek kisebb aj\u00e1nd\u00e9kokkal, j\u00f3k\u00edv\u00e1ns\u00e1gokkal vagy apr\u00f3bb p\u00e9nzadom\u00e1nyokkal k\u00f6sz\u00f6nhetik meg az ifj\u00fa p\u00e1rnak az elk\u00f6telez\u0151d\u00e9s\u00fcket.<\/p>\n<p>Strapab\u00edr\u00f3 diz\u00e1jnnal rendelkezik, \u00edgy hossz\u00fa \u00e9vekig \u0151rizheti meg az eml\u00e9kezetes pillanatokat.<\/p>\n<p>A doboz szem\u00e9lyre szabhat\u00f3 \u00edgy m\u00e9g szem\u00e9lyesebb lehet.<\/p>\n<p>&nbsp;<\/p>\n<p>Oldalt k\u00f6nnyen kinyithat\u00f3!<\/p>\n<p>M\u00e9ret : magas 20 cm x sz\u00e9les 29 cm x m\u00e9ly 14 cm<\/p>\n","protected":false},"excerpt":{"rendered":"<p>Ez a kis doboz nem csup\u00e1n egy dekorat\u00edv elem, hanem egy olyan hely, ahol az esk\u00fcv\u0151i vend\u00e9gek kisebb aj\u00e1nd\u00e9kokkal, j\u00f3k\u00edv\u00e1ns\u00e1gokkal vagy apr\u00f3bb p\u00e9nzadom\u00e1nyokkal k\u00f6sz\u00f6nhetik meg az ifj\u00fa p\u00e1rnak az elk\u00f6telez\u0151d\u00e9s\u00fcket. Strapab\u00edr\u00f3 diz\u00e1jnnal rendelkezik, \u00edgy hossz\u00fa \u00e9vekig \u0151rizheti meg az eml\u00e9kezetes pillanatokat. A doboz szem\u00e9lyre szabhat\u00f3 \u00edgy m\u00e9g szem\u00e9lyesebb lehet. &nbsp; Oldalt k\u00f6nnyen kinyithat\u00f3! M\u00e9ret : [&hellip;]<\/p>\n","protected":false},"featured_media":3283,"template":"","meta":{"_acf_changed":false,"_monsterinsights_skip_tracking":false,"_monsterinsights_sitenote_active":false,"_monsterinsights_sitenote_note":"","_monsterinsights_sitenote_category":0},"product_brand":[],"product_cat":[71],"product_tag":[],"class_list":{"0":"post-3278","1":"product","2":"type-product","3":"status-publish","4":"has-post-thumbnail","6":"product_cat-penzgyujto","8":"entry","9":"has-media","11":"first","12":"instock","13":"sale","14":"shipping-taxable","15":"purchasable","16":"product-type-simple","17":"has-product-nav","18":"col","19":"span_1_of_3","20":"owp-content-center","21":"owp-thumbs-layout-horizontal","22":"owp-btn-normal","23":"owp-tabs-layout-horizontal"},"acf":[],"yoast_head":"<!-- This site is optimized with the Yoast SEO plugin v22.0 - https:\/\/yoast.com\/wordpress\/plugins\/seo\/ -->\n<title>Esk\u00fcv\u0151i Bor\u00edt\u00e9kgy\u0171jt\u0151 doboz plexivel \u2013 P\u00e9nzgy\u0171jt\u0151 - Laser Memories<\/title>\n<meta name=\"robots\" content=\"index, follow, max-snippet:-1, max-image-preview:large, max-video-preview:-1\" \/>\n<link rel=\"canonical\" href=\"https:\/\/www.lasermemories.hu\/?product=eskuvoi-boritekgyujto-doboz-penzgyujto-masolat\" \/>\n<meta property=\"og:locale\" content=\"hu_HU\" \/>\n<meta property=\"og:type\" content=\"article\" \/>\n<meta property=\"og:title\" content=\"Esk\u00fcv\u0151i Bor\u00edt\u00e9kgy\u0171jt\u0151 doboz plexivel \u2013 P\u00e9nzgy\u0171jt\u0151 - Laser Memories\" \/>\n<meta property=\"og:description\" content=\"Ez a kis doboz nem csup\u00e1n egy dekorat\u00edv elem, hanem egy olyan hely, ahol az esk\u00fcv\u0151i vend\u00e9gek kisebb aj\u00e1nd\u00e9kokkal, j\u00f3k\u00edv\u00e1ns\u00e1gokkal vagy apr\u00f3bb p\u00e9nzadom\u00e1nyokkal k\u00f6sz\u00f6nhetik meg az ifj\u00fa p\u00e1rnak az elk\u00f6telez\u0151d\u00e9s\u00fcket. Strapab\u00edr\u00f3 diz\u00e1jnnal rendelkezik, \u00edgy hossz\u00fa \u00e9vekig \u0151rizheti meg az eml\u00e9kezetes pillanatokat. A doboz szem\u00e9lyre szabhat\u00f3 \u00edgy m\u00e9g szem\u00e9lyesebb lehet. &nbsp; Oldalt k\u00f6nnyen kinyithat\u00f3! M\u00e9ret : [&hellip;]\" \/>\n<meta property=\"og:url\" content=\"https:\/\/www.lasermemories.hu\/?product=eskuvoi-boritekgyujto-doboz-penzgyujto-masolat\" \/>\n<meta property=\"og:site_name\" content=\"Laser Memories\" \/>\n<meta property=\"article:modified_time\" content=\"2025-02-01T17:05:48+00:00\" \/>\n<meta property=\"og:image\" content=\"https:\/\/www.lasermemories.hu\/wp-content\/uploads\/2024\/05\/pleexxx.jpg\" \/>\n\t<meta property=\"og:image:width\" content=\"1530\" \/>\n\t<meta property=\"og:image:height\" content=\"2040\" \/>\n\t<meta property=\"og:image:type\" content=\"image\/jpeg\" \/>\n<meta name=\"twitter:card\" content=\"summary_large_image\" \/>\n<meta name=\"twitter:label1\" content=\"Becs\u00fclt olvas\u00e1si id\u0151\" \/>\n\t<meta name=\"twitter:data1\" content=\"1 perc\" \/>\n<script type=\"application\/ld+json\" class=\"yoast-schema-graph\">{\"@context\":\"https:\/\/schema.org\",\"@graph\":[{\"@type\":\"WebPage\",\"@id\":\"https:\/\/www.lasermemories.hu\/?product=eskuvoi-boritekgyujto-doboz-penzgyujto-masolat\",\"url\":\"https:\/\/www.lasermemories.hu\/?product=eskuvoi-boritekgyujto-doboz-penzgyujto-masolat\",\"name\":\"Esk\u00fcv\u0151i Bor\u00edt\u00e9kgy\u0171jt\u0151 doboz plexivel \u2013 P\u00e9nzgy\u0171jt\u0151 - Laser Memories\",\"isPartOf\":{\"@id\":\"https:\/\/www.lasermemories.hu\/#website\"},\"datePublished\":\"2024-05-27T08:40:10+00:00\",\"dateModified\":\"2025-02-01T17:05:48+00:00\",\"breadcrumb\":{\"@id\":\"https:\/\/www.lasermemories.hu\/?product=eskuvoi-boritekgyujto-doboz-penzgyujto-masolat#breadcrumb\"},\"inLanguage\":\"hu\",\"potentialAction\":[{\"@type\":\"ReadAction\",\"target\":[\"https:\/\/www.lasermemories.hu\/?product=eskuvoi-boritekgyujto-doboz-penzgyujto-masolat\"]}]},{\"@type\":\"BreadcrumbList\",\"@id\":\"https:\/\/www.lasermemories.hu\/?product=eskuvoi-boritekgyujto-doboz-penzgyujto-masolat#breadcrumb\",\"itemListElement\":[{\"@type\":\"ListItem\",\"position\":1,\"name\":\"Home\",\"item\":\"https:\/\/www.lasermemories.hu\/\"},{\"@type\":\"ListItem\",\"position\":2,\"name\":\"\u00dczlet\",\"item\":\"https:\/\/www.lasermemories.hu\/?page_id=9\"},{\"@type\":\"ListItem\",\"position\":3,\"name\":\"Esk\u00fcv\u0151i Bor\u00edt\u00e9kgy\u0171jt\u0151 doboz plexivel \u2013 P\u00e9nzgy\u0171jt\u0151\"}]},{\"@type\":\"WebSite\",\"@id\":\"https:\/\/www.lasermemories.hu\/#website\",\"url\":\"https:\/\/www.lasermemories.hu\/\",\"name\":\"Laser Memories\",\"description\":\"Egyedi f\u00e1b\u00f3l k\u00e9sz\u00fclt k\u00fcl\u00f6nlegess\u00e9gek\",\"publisher\":{\"@id\":\"https:\/\/www.lasermemories.hu\/#organization\"},\"potentialAction\":[{\"@type\":\"SearchAction\",\"target\":{\"@type\":\"EntryPoint\",\"urlTemplate\":\"https:\/\/www.lasermemories.hu\/?s={search_term_string}\"},\"query-input\":\"required name=search_term_string\"}],\"inLanguage\":\"hu\"},{\"@type\":\"Organization\",\"@id\":\"https:\/\/www.lasermemories.hu\/#organization\",\"name\":\"Laser Memories\",\"url\":\"https:\/\/www.lasermemories.hu\/\",\"logo\":{\"@type\":\"ImageObject\",\"inLanguage\":\"hu\",\"@id\":\"https:\/\/www.lasermemories.hu\/#\/schema\/logo\/image\/\",\"url\":\"https:\/\/www.lasermemories.hu\/wp-content\/uploads\/2022\/08\/41589_Laser-Memories_PP-02.png\",\"contentUrl\":\"https:\/\/www.lasermemories.hu\/wp-content\/uploads\/2022\/08\/41589_Laser-Memories_PP-02.png\",\"width\":2137,\"height\":1703,\"caption\":\"Laser Memories\"},\"image\":{\"@id\":\"https:\/\/www.lasermemories.hu\/#\/schema\/logo\/image\/\"}}]}<\/script>\n<!-- \/ Yoast SEO plugin. -->","yoast_head_json":{"title":"Esk\u00fcv\u0151i Bor\u00edt\u00e9kgy\u0171jt\u0151 doboz plexivel \u2013 P\u00e9nzgy\u0171jt\u0151 - Laser Memories","robots":{"index":"index","follow":"follow","max-snippet":"max-snippet:-1","max-image-preview":"max-image-preview:large","max-video-preview":"max-video-preview:-1"},"canonical":"https:\/\/www.lasermemories.hu\/?product=eskuvoi-boritekgyujto-doboz-penzgyujto-masolat","og_locale":"hu_HU","og_type":"article","og_title":"Esk\u00fcv\u0151i Bor\u00edt\u00e9kgy\u0171jt\u0151 doboz plexivel \u2013 P\u00e9nzgy\u0171jt\u0151 - Laser Memories","og_description":"Ez a kis doboz nem csup\u00e1n egy dekorat\u00edv elem, hanem egy olyan hely, ahol az esk\u00fcv\u0151i vend\u00e9gek kisebb aj\u00e1nd\u00e9kokkal, j\u00f3k\u00edv\u00e1ns\u00e1gokkal vagy apr\u00f3bb p\u00e9nzadom\u00e1nyokkal k\u00f6sz\u00f6nhetik meg az ifj\u00fa p\u00e1rnak az elk\u00f6telez\u0151d\u00e9s\u00fcket. Strapab\u00edr\u00f3 diz\u00e1jnnal rendelkezik, \u00edgy hossz\u00fa \u00e9vekig \u0151rizheti meg az eml\u00e9kezetes pillanatokat. A doboz szem\u00e9lyre szabhat\u00f3 \u00edgy m\u00e9g szem\u00e9lyesebb lehet. &nbsp; Oldalt k\u00f6nnyen kinyithat\u00f3! M\u00e9ret : [&hellip;]","og_url":"https:\/\/www.lasermemories.hu\/?product=eskuvoi-boritekgyujto-doboz-penzgyujto-masolat","og_site_name":"Laser Memories","article_modified_time":"2025-02-01T17:05:48+00:00","og_image":[{"width":1530,"height":2040,"url":"https:\/\/www.lasermemories.hu\/wp-content\/uploads\/2024\/05\/pleexxx.jpg","type":"image\/jpeg"}],"twitter_card":"summary_large_image","twitter_misc":{"Becs\u00fclt olvas\u00e1si id\u0151":"1 perc"},"schema":{"@context":"https:\/\/schema.org","@graph":[{"@type":"WebPage","@id":"https:\/\/www.lasermemories.hu\/?product=eskuvoi-boritekgyujto-doboz-penzgyujto-masolat","url":"https:\/\/www.lasermemories.hu\/?product=eskuvoi-boritekgyujto-doboz-penzgyujto-masolat","name":"Esk\u00fcv\u0151i Bor\u00edt\u00e9kgy\u0171jt\u0151 doboz plexivel \u2013 P\u00e9nzgy\u0171jt\u0151 - Laser Memories","isPartOf":{"@id":"https:\/\/www.lasermemories.hu\/#website"},"datePublished":"2024-05-27T08:40:10+00:00","dateModified":"2025-02-01T17:05:48+00:00","breadcrumb":{"@id":"https:\/\/www.lasermemories.hu\/?product=eskuvoi-boritekgyujto-doboz-penzgyujto-masolat#breadcrumb"},"inLanguage":"hu","potentialAction":[{"@type":"ReadAction","target":["https:\/\/www.lasermemories.hu\/?product=eskuvoi-boritekgyujto-doboz-penzgyujto-masolat"]}]},{"@type":"BreadcrumbList","@id":"https:\/\/www.lasermemories.hu\/?product=eskuvoi-boritekgyujto-doboz-penzgyujto-masolat#breadcrumb","itemListElement":[{"@type":"ListItem","position":1,"name":"Home","item":"https:\/\/www.lasermemories.hu\/"},{"@type":"ListItem","position":2,"name":"\u00dczlet","item":"https:\/\/www.lasermemories.hu\/?page_id=9"},{"@type":"ListItem","position":3,"name":"Esk\u00fcv\u0151i Bor\u00edt\u00e9kgy\u0171jt\u0151 doboz plexivel \u2013 P\u00e9nzgy\u0171jt\u0151"}]},{"@type":"WebSite","@id":"https:\/\/www.lasermemories.hu\/#website","url":"https:\/\/www.lasermemories.hu\/","name":"Laser Memories","description":"Egyedi f\u00e1b\u00f3l k\u00e9sz\u00fclt k\u00fcl\u00f6nlegess\u00e9gek","publisher":{"@id":"https:\/\/www.lasermemories.hu\/#organization"},"potentialAction":[{"@type":"SearchAction","target":{"@type":"EntryPoint","urlTemplate":"https:\/\/www.lasermemories.hu\/?s={search_term_string}"},"query-input":"required name=search_term_string"}],"inLanguage":"hu"},{"@type":"Organization","@id":"https:\/\/www.lasermemories.hu\/#organization","name":"Laser Memories","url":"https:\/\/www.lasermemories.hu\/","logo":{"@type":"ImageObject","inLanguage":"hu","@id":"https:\/\/www.lasermemories.hu\/#\/schema\/logo\/image\/","url":"https:\/\/www.lasermemories.hu\/wp-content\/uploads\/2022\/08\/41589_Laser-Memories_PP-02.png","contentUrl":"https:\/\/www.lasermemories.hu\/wp-content\/uploads\/2022\/08\/41589_Laser-Memories_PP-02.png","width":2137,"height":1703,"caption":"Laser Memories"},"image":{"@id":"https:\/\/www.lasermemories.hu\/#\/schema\/logo\/image\/"}}]}},"jetpack_sharing_enabled":true,"_links":{"self":[{"href":"https:\/\/www.lasermemories.hu\/index.php?rest_route=\/wp\/v2\/product\/3278","targetHints":{"allow":["GET"]}}],"collection":[{"href":"https:\/\/www.lasermemories.hu\/index.php?rest_route=\/wp\/v2\/product"}],"about":[{"href":"https:\/\/www.lasermemories.hu\/index.php?rest_route=\/wp\/v2\/types\/product"}],"wp:featuredmedia":[{"embeddable":true,"href":"https:\/\/www.lasermemories.hu\/index.php?rest_route=\/wp\/v2\/media\/3283"}],"wp:attachment":[{"href":"https:\/\/www.lasermemories.hu\/index.php?rest_route=%2Fwp%2Fv2%2Fmedia&parent=3278"}],"wp:term":[{"taxonomy":"product_brand","embeddable":true,"href":"https:\/\/www.lasermemories.hu\/index.php?rest_route=%2Fwp%2Fv2%2Fproduct_brand&post=3278"},{"taxonomy":"product_cat","embeddable":true,"href":"https:\/\/www.lasermemories.hu\/index.php?rest_route=%2Fwp%2Fv2%2Fproduct_cat&post=3278"},{"taxonomy":"product_tag","embeddable":true,"href":"https:\/\/www.lasermemories.hu\/index.php?rest_route=%2Fwp%2Fv2%2Fproduct_tag&post=3278"}],"curies":[{"name":"wp","href":"https:\/\/api.w.org\/{rel}","templated":true}]}}