{"id":3255,"date":"2024-05-21T12:01:32","date_gmt":"2024-05-21T12:01:32","guid":{"rendered":"https:\/\/www.lasermemories.hu\/?post_type=product&#038;p=3255"},"modified":"2024-06-01T04:25:40","modified_gmt":"2024-06-01T04:25:40","slug":"apaknapi-egyedi-gravirozott-vagodeszka","status":"publish","type":"product","link":"https:\/\/www.lasermemories.hu\/?product=apaknapi-egyedi-gravirozott-vagodeszka","title":{"rendered":"Ap\u00e1knapi egyedi grav\u00edrozott v\u00e1g\u00f3deszka"},"content":{"rendered":"<p>Sz\u00fcl\u0151knek, nagysz\u00fcl\u0151knek vagy a konyha \u00f6rd\u00f6geinek lehet kit\u0171n\u0151 v\u00e1laszt\u00e1s az egyedi v\u00e1g\u00f3deszk\u00e1nk.<\/p>\n<p>A v\u00e1g\u00f3deszka m\u00e9rete: kb. 34&#215;24 cm<\/p>\n<p>A v\u00e1g\u00f3deszka pontosan azonos form\u00e1j\u00e1t \u00e9s anyag\u00e1t nem tudjuk garant\u00e1lni, csak a megk\u00f6zel\u00edt\u0151 m\u00e9ret\u00e9t az ingad\u00f3z\u00f3 nagyker k\u00e9szletel\u00e9rhet\u0151s\u00e9gek miatt.<\/p>\n<p>Elk\u00e9sz\u00fcl\u00e9si id\u0151 kb. 2-3 munkanap, cs\u00facsszezonokban ez t\u00f6bb is lehet. SOS rendel\u00e9s eset\u00e9n, ha a megrendel\u00e9s d\u00e9lut\u00e1n 4-ig be\u00e9rkezik, ak\u00e1r k\u00f6vetkez\u0151 munkanapi felad\u00e1ssal is tudjuk v\u00e1llalni, amit a r\u00e1 k\u00f6vetkez\u0151 munkanapon kisz\u00e1ll\u00edt a GLS.<\/p>\n<p>Mivel szem\u00e9lyre szabott egyedi aj\u00e1nd\u00e9kokat k\u00e9sz\u00edt\u00fcnk, \u00edgy az egyedi, azaz m\u00e1soknak nem \u00e9rt\u00e9kes\u00edthet\u0151 aj\u00e1nd\u00e9kokat, csak el\u0151re utal\u00e1s, vagy bankk\u00e1rty\u00e1s fizet\u00e9si m\u00f3d v\u00e1laszt\u00e1sa eset\u00e9n tudjuk v\u00e1llalni.<\/p>\n","protected":false},"excerpt":{"rendered":"<p>Sz\u00fcl\u0151knek, nagysz\u00fcl\u0151knek vagy a konyha \u00f6rd\u00f6geinek lehet kit\u0171n\u0151 v\u00e1laszt\u00e1s az egyedi v\u00e1g\u00f3deszk\u00e1nk. A v\u00e1g\u00f3deszka m\u00e9rete: kb. 34&#215;24 cm A v\u00e1g\u00f3deszka pontosan azonos form\u00e1j\u00e1t \u00e9s anyag\u00e1t nem tudjuk garant\u00e1lni, csak a megk\u00f6zel\u00edt\u0151 m\u00e9ret\u00e9t az ingad\u00f3z\u00f3 nagyker k\u00e9szletel\u00e9rhet\u0151s\u00e9gek miatt. Elk\u00e9sz\u00fcl\u00e9si id\u0151 kb. 2-3 munkanap, cs\u00facsszezonokban ez t\u00f6bb is lehet. SOS rendel\u00e9s eset\u00e9n, ha a megrendel\u00e9s d\u00e9lut\u00e1n 4-ig [&hellip;]<\/p>\n","protected":false},"featured_media":3256,"template":"","meta":{"_acf_changed":false,"_monsterinsights_skip_tracking":false,"_monsterinsights_sitenote_active":false,"_monsterinsights_sitenote_note":"","_monsterinsights_sitenote_category":0},"product_brand":[],"product_cat":[48,63],"product_tag":[],"class_list":{"0":"post-3255","1":"product","2":"type-product","3":"status-publish","4":"has-post-thumbnail","6":"product_cat-ferfiaknak","7":"product_cat-apak-napja","9":"entry","10":"has-media","12":"first","13":"instock","14":"sale","15":"shipping-taxable","16":"purchasable","17":"product-type-simple","18":"has-product-nav","19":"col","20":"span_1_of_3","21":"owp-content-center","22":"owp-thumbs-layout-horizontal","23":"owp-btn-normal","24":"owp-tabs-layout-horizontal"},"acf":[],"yoast_head":"<!-- This site is optimized with the Yoast SEO plugin v22.0 - https:\/\/yoast.com\/wordpress\/plugins\/seo\/ -->\n<title>Ap\u00e1knapi egyedi grav\u00edrozott v\u00e1g\u00f3deszka - Laser Memories<\/title>\n<meta name=\"robots\" content=\"index, follow, max-snippet:-1, max-image-preview:large, max-video-preview:-1\" \/>\n<link rel=\"canonical\" href=\"https:\/\/www.lasermemories.hu\/?product=apaknapi-egyedi-gravirozott-vagodeszka\" \/>\n<meta property=\"og:locale\" content=\"hu_HU\" \/>\n<meta property=\"og:type\" content=\"article\" \/>\n<meta property=\"og:title\" content=\"Ap\u00e1knapi egyedi grav\u00edrozott v\u00e1g\u00f3deszka - Laser Memories\" \/>\n<meta property=\"og:description\" content=\"Sz\u00fcl\u0151knek, nagysz\u00fcl\u0151knek vagy a konyha \u00f6rd\u00f6geinek lehet kit\u0171n\u0151 v\u00e1laszt\u00e1s az egyedi v\u00e1g\u00f3deszk\u00e1nk. A v\u00e1g\u00f3deszka m\u00e9rete: kb. 34&#215;24 cm A v\u00e1g\u00f3deszka pontosan azonos form\u00e1j\u00e1t \u00e9s anyag\u00e1t nem tudjuk garant\u00e1lni, csak a megk\u00f6zel\u00edt\u0151 m\u00e9ret\u00e9t az ingad\u00f3z\u00f3 nagyker k\u00e9szletel\u00e9rhet\u0151s\u00e9gek miatt. Elk\u00e9sz\u00fcl\u00e9si id\u0151 kb. 2-3 munkanap, cs\u00facsszezonokban ez t\u00f6bb is lehet. SOS rendel\u00e9s eset\u00e9n, ha a megrendel\u00e9s d\u00e9lut\u00e1n 4-ig [&hellip;]\" \/>\n<meta property=\"og:url\" content=\"https:\/\/www.lasermemories.hu\/?product=apaknapi-egyedi-gravirozott-vagodeszka\" \/>\n<meta property=\"og:site_name\" content=\"Laser Memories\" \/>\n<meta property=\"article:modified_time\" content=\"2024-06-01T04:25:40+00:00\" \/>\n<meta property=\"og:image\" content=\"https:\/\/www.lasermemories.hu\/wp-content\/uploads\/2024\/05\/apppaaaa.jpg\" \/>\n\t<meta property=\"og:image:width\" content=\"2040\" \/>\n\t<meta property=\"og:image:height\" content=\"1530\" \/>\n\t<meta property=\"og:image:type\" content=\"image\/jpeg\" \/>\n<meta name=\"twitter:card\" content=\"summary_large_image\" \/>\n<meta name=\"twitter:label1\" content=\"Becs\u00fclt olvas\u00e1si id\u0151\" \/>\n\t<meta name=\"twitter:data1\" content=\"1 perc\" \/>\n<script type=\"application\/ld+json\" class=\"yoast-schema-graph\">{\"@context\":\"https:\/\/schema.org\",\"@graph\":[{\"@type\":\"WebPage\",\"@id\":\"https:\/\/www.lasermemories.hu\/?product=apaknapi-egyedi-gravirozott-vagodeszka\",\"url\":\"https:\/\/www.lasermemories.hu\/?product=apaknapi-egyedi-gravirozott-vagodeszka\",\"name\":\"Ap\u00e1knapi egyedi grav\u00edrozott v\u00e1g\u00f3deszka - Laser Memories\",\"isPartOf\":{\"@id\":\"https:\/\/www.lasermemories.hu\/#website\"},\"datePublished\":\"2024-05-21T12:01:32+00:00\",\"dateModified\":\"2024-06-01T04:25:40+00:00\",\"breadcrumb\":{\"@id\":\"https:\/\/www.lasermemories.hu\/?product=apaknapi-egyedi-gravirozott-vagodeszka#breadcrumb\"},\"inLanguage\":\"hu\",\"potentialAction\":[{\"@type\":\"ReadAction\",\"target\":[\"https:\/\/www.lasermemories.hu\/?product=apaknapi-egyedi-gravirozott-vagodeszka\"]}]},{\"@type\":\"BreadcrumbList\",\"@id\":\"https:\/\/www.lasermemories.hu\/?product=apaknapi-egyedi-gravirozott-vagodeszka#breadcrumb\",\"itemListElement\":[{\"@type\":\"ListItem\",\"position\":1,\"name\":\"Home\",\"item\":\"https:\/\/www.lasermemories.hu\/\"},{\"@type\":\"ListItem\",\"position\":2,\"name\":\"\u00dczlet\",\"item\":\"https:\/\/www.lasermemories.hu\/?page_id=9\"},{\"@type\":\"ListItem\",\"position\":3,\"name\":\"Ap\u00e1knapi egyedi grav\u00edrozott v\u00e1g\u00f3deszka\"}]},{\"@type\":\"WebSite\",\"@id\":\"https:\/\/www.lasermemories.hu\/#website\",\"url\":\"https:\/\/www.lasermemories.hu\/\",\"name\":\"Laser Memories\",\"description\":\"Egyedi f\u00e1b\u00f3l k\u00e9sz\u00fclt k\u00fcl\u00f6nlegess\u00e9gek\",\"publisher\":{\"@id\":\"https:\/\/www.lasermemories.hu\/#organization\"},\"potentialAction\":[{\"@type\":\"SearchAction\",\"target\":{\"@type\":\"EntryPoint\",\"urlTemplate\":\"https:\/\/www.lasermemories.hu\/?s={search_term_string}\"},\"query-input\":\"required name=search_term_string\"}],\"inLanguage\":\"hu\"},{\"@type\":\"Organization\",\"@id\":\"https:\/\/www.lasermemories.hu\/#organization\",\"name\":\"Laser Memories\",\"url\":\"https:\/\/www.lasermemories.hu\/\",\"logo\":{\"@type\":\"ImageObject\",\"inLanguage\":\"hu\",\"@id\":\"https:\/\/www.lasermemories.hu\/#\/schema\/logo\/image\/\",\"url\":\"https:\/\/www.lasermemories.hu\/wp-content\/uploads\/2022\/08\/41589_Laser-Memories_PP-02.png\",\"contentUrl\":\"https:\/\/www.lasermemories.hu\/wp-content\/uploads\/2022\/08\/41589_Laser-Memories_PP-02.png\",\"width\":2137,\"height\":1703,\"caption\":\"Laser Memories\"},\"image\":{\"@id\":\"https:\/\/www.lasermemories.hu\/#\/schema\/logo\/image\/\"}}]}<\/script>\n<!-- \/ Yoast SEO plugin. -->","yoast_head_json":{"title":"Ap\u00e1knapi egyedi grav\u00edrozott v\u00e1g\u00f3deszka - Laser Memories","robots":{"index":"index","follow":"follow","max-snippet":"max-snippet:-1","max-image-preview":"max-image-preview:large","max-video-preview":"max-video-preview:-1"},"canonical":"https:\/\/www.lasermemories.hu\/?product=apaknapi-egyedi-gravirozott-vagodeszka","og_locale":"hu_HU","og_type":"article","og_title":"Ap\u00e1knapi egyedi grav\u00edrozott v\u00e1g\u00f3deszka - Laser Memories","og_description":"Sz\u00fcl\u0151knek, nagysz\u00fcl\u0151knek vagy a konyha \u00f6rd\u00f6geinek lehet kit\u0171n\u0151 v\u00e1laszt\u00e1s az egyedi v\u00e1g\u00f3deszk\u00e1nk. A v\u00e1g\u00f3deszka m\u00e9rete: kb. 34&#215;24 cm A v\u00e1g\u00f3deszka pontosan azonos form\u00e1j\u00e1t \u00e9s anyag\u00e1t nem tudjuk garant\u00e1lni, csak a megk\u00f6zel\u00edt\u0151 m\u00e9ret\u00e9t az ingad\u00f3z\u00f3 nagyker k\u00e9szletel\u00e9rhet\u0151s\u00e9gek miatt. Elk\u00e9sz\u00fcl\u00e9si id\u0151 kb. 2-3 munkanap, cs\u00facsszezonokban ez t\u00f6bb is lehet. SOS rendel\u00e9s eset\u00e9n, ha a megrendel\u00e9s d\u00e9lut\u00e1n 4-ig [&hellip;]","og_url":"https:\/\/www.lasermemories.hu\/?product=apaknapi-egyedi-gravirozott-vagodeszka","og_site_name":"Laser Memories","article_modified_time":"2024-06-01T04:25:40+00:00","og_image":[{"width":2040,"height":1530,"url":"https:\/\/www.lasermemories.hu\/wp-content\/uploads\/2024\/05\/apppaaaa.jpg","type":"image\/jpeg"}],"twitter_card":"summary_large_image","twitter_misc":{"Becs\u00fclt olvas\u00e1si id\u0151":"1 perc"},"schema":{"@context":"https:\/\/schema.org","@graph":[{"@type":"WebPage","@id":"https:\/\/www.lasermemories.hu\/?product=apaknapi-egyedi-gravirozott-vagodeszka","url":"https:\/\/www.lasermemories.hu\/?product=apaknapi-egyedi-gravirozott-vagodeszka","name":"Ap\u00e1knapi egyedi grav\u00edrozott v\u00e1g\u00f3deszka - Laser Memories","isPartOf":{"@id":"https:\/\/www.lasermemories.hu\/#website"},"datePublished":"2024-05-21T12:01:32+00:00","dateModified":"2024-06-01T04:25:40+00:00","breadcrumb":{"@id":"https:\/\/www.lasermemories.hu\/?product=apaknapi-egyedi-gravirozott-vagodeszka#breadcrumb"},"inLanguage":"hu","potentialAction":[{"@type":"ReadAction","target":["https:\/\/www.lasermemories.hu\/?product=apaknapi-egyedi-gravirozott-vagodeszka"]}]},{"@type":"BreadcrumbList","@id":"https:\/\/www.lasermemories.hu\/?product=apaknapi-egyedi-gravirozott-vagodeszka#breadcrumb","itemListElement":[{"@type":"ListItem","position":1,"name":"Home","item":"https:\/\/www.lasermemories.hu\/"},{"@type":"ListItem","position":2,"name":"\u00dczlet","item":"https:\/\/www.lasermemories.hu\/?page_id=9"},{"@type":"ListItem","position":3,"name":"Ap\u00e1knapi egyedi grav\u00edrozott v\u00e1g\u00f3deszka"}]},{"@type":"WebSite","@id":"https:\/\/www.lasermemories.hu\/#website","url":"https:\/\/www.lasermemories.hu\/","name":"Laser Memories","description":"Egyedi f\u00e1b\u00f3l k\u00e9sz\u00fclt k\u00fcl\u00f6nlegess\u00e9gek","publisher":{"@id":"https:\/\/www.lasermemories.hu\/#organization"},"potentialAction":[{"@type":"SearchAction","target":{"@type":"EntryPoint","urlTemplate":"https:\/\/www.lasermemories.hu\/?s={search_term_string}"},"query-input":"required name=search_term_string"}],"inLanguage":"hu"},{"@type":"Organization","@id":"https:\/\/www.lasermemories.hu\/#organization","name":"Laser Memories","url":"https:\/\/www.lasermemories.hu\/","logo":{"@type":"ImageObject","inLanguage":"hu","@id":"https:\/\/www.lasermemories.hu\/#\/schema\/logo\/image\/","url":"https:\/\/www.lasermemories.hu\/wp-content\/uploads\/2022\/08\/41589_Laser-Memories_PP-02.png","contentUrl":"https:\/\/www.lasermemories.hu\/wp-content\/uploads\/2022\/08\/41589_Laser-Memories_PP-02.png","width":2137,"height":1703,"caption":"Laser Memories"},"image":{"@id":"https:\/\/www.lasermemories.hu\/#\/schema\/logo\/image\/"}}]}},"jetpack_sharing_enabled":true,"_links":{"self":[{"href":"https:\/\/www.lasermemories.hu\/index.php?rest_route=\/wp\/v2\/product\/3255","targetHints":{"allow":["GET"]}}],"collection":[{"href":"https:\/\/www.lasermemories.hu\/index.php?rest_route=\/wp\/v2\/product"}],"about":[{"href":"https:\/\/www.lasermemories.hu\/index.php?rest_route=\/wp\/v2\/types\/product"}],"wp:featuredmedia":[{"embeddable":true,"href":"https:\/\/www.lasermemories.hu\/index.php?rest_route=\/wp\/v2\/media\/3256"}],"wp:attachment":[{"href":"https:\/\/www.lasermemories.hu\/index.php?rest_route=%2Fwp%2Fv2%2Fmedia&parent=3255"}],"wp:term":[{"taxonomy":"product_brand","embeddable":true,"href":"https:\/\/www.lasermemories.hu\/index.php?rest_route=%2Fwp%2Fv2%2Fproduct_brand&post=3255"},{"taxonomy":"product_cat","embeddable":true,"href":"https:\/\/www.lasermemories.hu\/index.php?rest_route=%2Fwp%2Fv2%2Fproduct_cat&post=3255"},{"taxonomy":"product_tag","embeddable":true,"href":"https:\/\/www.lasermemories.hu\/index.php?rest_route=%2Fwp%2Fv2%2Fproduct_tag&post=3255"}],"curies":[{"name":"wp","href":"https:\/\/api.w.org\/{rel}","templated":true}]}}