{"id":3180,"date":"2024-05-11T07:08:33","date_gmt":"2024-05-11T07:08:33","guid":{"rendered":"https:\/\/www.lasermemories.hu\/?post_type=product&#038;p=3180"},"modified":"2025-02-02T05:05:38","modified_gmt":"2025-02-02T05:05:38","slug":"egyedi-gravirozhato-konyv-alaku-diszdoboz","status":"publish","type":"product","link":"https:\/\/www.lasermemories.hu\/?product=egyedi-gravirozhato-konyv-alaku-diszdoboz","title":{"rendered":"Egyedi grav\u00edrozhat\u00f3 k\u00f6nyv alak\u00fa d\u00edszdoboz"},"content":{"rendered":"<p>Az egyedi l\u00e9zerv\u00e1gott doboz kiv\u00e1l\u00f3 aj\u00e1nd\u00e9k lehet b\u00e1rki sz\u00e1m\u00e1ra.<\/p>\n<p>Kiv\u00e1l\u00f3 min\u0151s\u00e9g\u0171 faanyagokb\u00f3l k\u00e9sz\u00fclt, \u00e9s prec\u00edzi\u00f3s l\u00e9zerv\u00e1g\u00e1ssal d\u00edsz\u00edtve, ez a doboz garant\u00e1ltan leny\u0171g\u00f6zi majd azokat, akiknek \u00e1tadod. A l\u00e9zerv\u00e1gott mint\u00e1k \u00e9s d\u00edsz\u00edt\u00e9sek lehet\u0151v\u00e9 teszik, hogy szem\u00e9lyre szabott aj\u00e1nd\u00e9kot k\u00e9sz\u00edts, ami igaz\u00e1n k\u00fcl\u00f6nlegess\u00e9 teszi az aj\u00e1nd\u00e9koz\u00e1st.<\/p>\n<p>Legyen sz\u00f3 sz\u00fclet\u00e9snapr\u00f3l, n\u00e9vnapr\u00f3l, vagy m\u00e1s k\u00fcl\u00f6nleges alkalmakr\u00f3l.<\/p>\n<p>M\u00e9ret: 22x22x7 cm<\/p>\n<p>Igazolv\u00e1nyk\u00e9p\/tabl\u00f3k\u00e9p befogad\u00e1s\u00e1ra alkalmas keretet tudunk r\u00e1 k\u00e9sz\u00edteni, ami opcion\u00e1lisan v\u00e1laszthat\u00f3.<\/p>\n","protected":false},"excerpt":{"rendered":"<p>Az egyedi l\u00e9zerv\u00e1gott doboz kiv\u00e1l\u00f3 aj\u00e1nd\u00e9k lehet b\u00e1rki sz\u00e1m\u00e1ra. Kiv\u00e1l\u00f3 min\u0151s\u00e9g\u0171 faanyagokb\u00f3l k\u00e9sz\u00fclt, \u00e9s prec\u00edzi\u00f3s l\u00e9zerv\u00e1g\u00e1ssal d\u00edsz\u00edtve, ez a doboz garant\u00e1ltan leny\u0171g\u00f6zi majd azokat, akiknek \u00e1tadod. A l\u00e9zerv\u00e1gott mint\u00e1k \u00e9s d\u00edsz\u00edt\u00e9sek lehet\u0151v\u00e9 teszik, hogy szem\u00e9lyre szabott aj\u00e1nd\u00e9kot k\u00e9sz\u00edts, ami igaz\u00e1n k\u00fcl\u00f6nlegess\u00e9 teszi az aj\u00e1nd\u00e9koz\u00e1st. Legyen sz\u00f3 sz\u00fclet\u00e9snapr\u00f3l, n\u00e9vnapr\u00f3l, vagy m\u00e1s k\u00fcl\u00f6nleges alkalmakr\u00f3l. M\u00e9ret: 22x22x7 cm [&hellip;]<\/p>\n","protected":false},"featured_media":3185,"template":"","meta":{"_acf_changed":false,"_monsterinsights_skip_tracking":false,"_monsterinsights_sitenote_active":false,"_monsterinsights_sitenote_note":"","_monsterinsights_sitenote_category":0},"product_brand":[],"product_cat":[80],"product_tag":[],"class_list":{"0":"post-3180","1":"product","2":"type-product","3":"status-publish","4":"has-post-thumbnail","6":"product_cat-ballagas-alkalmak","8":"entry","9":"has-media","11":"first","12":"instock","13":"sale","14":"shipping-taxable","15":"purchasable","16":"product-type-simple","17":"has-product-nav","18":"col","19":"span_1_of_3","20":"owp-content-center","21":"owp-thumbs-layout-horizontal","22":"owp-btn-normal","23":"owp-tabs-layout-horizontal"},"acf":[],"yoast_head":"<!-- This site is optimized with the Yoast SEO plugin v22.0 - https:\/\/yoast.com\/wordpress\/plugins\/seo\/ -->\n<title>Egyedi grav\u00edrozhat\u00f3 k\u00f6nyv alak\u00fa d\u00edszdoboz - Laser Memories<\/title>\n<meta name=\"robots\" content=\"index, follow, max-snippet:-1, max-image-preview:large, max-video-preview:-1\" \/>\n<link rel=\"canonical\" href=\"https:\/\/www.lasermemories.hu\/?product=egyedi-gravirozhato-konyv-alaku-diszdoboz\" \/>\n<meta property=\"og:locale\" content=\"hu_HU\" \/>\n<meta property=\"og:type\" content=\"article\" \/>\n<meta property=\"og:title\" content=\"Egyedi grav\u00edrozhat\u00f3 k\u00f6nyv alak\u00fa d\u00edszdoboz - Laser Memories\" \/>\n<meta property=\"og:description\" content=\"Az egyedi l\u00e9zerv\u00e1gott doboz kiv\u00e1l\u00f3 aj\u00e1nd\u00e9k lehet b\u00e1rki sz\u00e1m\u00e1ra. Kiv\u00e1l\u00f3 min\u0151s\u00e9g\u0171 faanyagokb\u00f3l k\u00e9sz\u00fclt, \u00e9s prec\u00edzi\u00f3s l\u00e9zerv\u00e1g\u00e1ssal d\u00edsz\u00edtve, ez a doboz garant\u00e1ltan leny\u0171g\u00f6zi majd azokat, akiknek \u00e1tadod. A l\u00e9zerv\u00e1gott mint\u00e1k \u00e9s d\u00edsz\u00edt\u00e9sek lehet\u0151v\u00e9 teszik, hogy szem\u00e9lyre szabott aj\u00e1nd\u00e9kot k\u00e9sz\u00edts, ami igaz\u00e1n k\u00fcl\u00f6nlegess\u00e9 teszi az aj\u00e1nd\u00e9koz\u00e1st. Legyen sz\u00f3 sz\u00fclet\u00e9snapr\u00f3l, n\u00e9vnapr\u00f3l, vagy m\u00e1s k\u00fcl\u00f6nleges alkalmakr\u00f3l. M\u00e9ret: 22x22x7 cm [&hellip;]\" \/>\n<meta property=\"og:url\" content=\"https:\/\/www.lasermemories.hu\/?product=egyedi-gravirozhato-konyv-alaku-diszdoboz\" \/>\n<meta property=\"og:site_name\" content=\"Laser Memories\" \/>\n<meta property=\"article:modified_time\" content=\"2025-02-02T05:05:38+00:00\" \/>\n<meta property=\"og:image\" content=\"https:\/\/www.lasermemories.hu\/wp-content\/uploads\/2024\/05\/cec20cfd-3bfa-4a42-804b-4dba80249ed8.jpg\" \/>\n\t<meta property=\"og:image:width\" content=\"1500\" \/>\n\t<meta property=\"og:image:height\" content=\"2000\" \/>\n\t<meta property=\"og:image:type\" content=\"image\/jpeg\" \/>\n<meta name=\"twitter:card\" content=\"summary_large_image\" \/>\n<meta name=\"twitter:label1\" content=\"Becs\u00fclt olvas\u00e1si id\u0151\" \/>\n\t<meta name=\"twitter:data1\" content=\"1 perc\" \/>\n<script type=\"application\/ld+json\" class=\"yoast-schema-graph\">{\"@context\":\"https:\/\/schema.org\",\"@graph\":[{\"@type\":\"WebPage\",\"@id\":\"https:\/\/www.lasermemories.hu\/?product=egyedi-gravirozhato-konyv-alaku-diszdoboz\",\"url\":\"https:\/\/www.lasermemories.hu\/?product=egyedi-gravirozhato-konyv-alaku-diszdoboz\",\"name\":\"Egyedi grav\u00edrozhat\u00f3 k\u00f6nyv alak\u00fa d\u00edszdoboz - Laser Memories\",\"isPartOf\":{\"@id\":\"https:\/\/www.lasermemories.hu\/#website\"},\"datePublished\":\"2024-05-11T07:08:33+00:00\",\"dateModified\":\"2025-02-02T05:05:38+00:00\",\"breadcrumb\":{\"@id\":\"https:\/\/www.lasermemories.hu\/?product=egyedi-gravirozhato-konyv-alaku-diszdoboz#breadcrumb\"},\"inLanguage\":\"hu\",\"potentialAction\":[{\"@type\":\"ReadAction\",\"target\":[\"https:\/\/www.lasermemories.hu\/?product=egyedi-gravirozhato-konyv-alaku-diszdoboz\"]}]},{\"@type\":\"BreadcrumbList\",\"@id\":\"https:\/\/www.lasermemories.hu\/?product=egyedi-gravirozhato-konyv-alaku-diszdoboz#breadcrumb\",\"itemListElement\":[{\"@type\":\"ListItem\",\"position\":1,\"name\":\"Home\",\"item\":\"https:\/\/www.lasermemories.hu\/\"},{\"@type\":\"ListItem\",\"position\":2,\"name\":\"\u00dczlet\",\"item\":\"https:\/\/www.lasermemories.hu\/?page_id=9\"},{\"@type\":\"ListItem\",\"position\":3,\"name\":\"Egyedi grav\u00edrozhat\u00f3 k\u00f6nyv alak\u00fa d\u00edszdoboz\"}]},{\"@type\":\"WebSite\",\"@id\":\"https:\/\/www.lasermemories.hu\/#website\",\"url\":\"https:\/\/www.lasermemories.hu\/\",\"name\":\"Laser Memories\",\"description\":\"Egyedi f\u00e1b\u00f3l k\u00e9sz\u00fclt k\u00fcl\u00f6nlegess\u00e9gek\",\"publisher\":{\"@id\":\"https:\/\/www.lasermemories.hu\/#organization\"},\"potentialAction\":[{\"@type\":\"SearchAction\",\"target\":{\"@type\":\"EntryPoint\",\"urlTemplate\":\"https:\/\/www.lasermemories.hu\/?s={search_term_string}\"},\"query-input\":\"required name=search_term_string\"}],\"inLanguage\":\"hu\"},{\"@type\":\"Organization\",\"@id\":\"https:\/\/www.lasermemories.hu\/#organization\",\"name\":\"Laser Memories\",\"url\":\"https:\/\/www.lasermemories.hu\/\",\"logo\":{\"@type\":\"ImageObject\",\"inLanguage\":\"hu\",\"@id\":\"https:\/\/www.lasermemories.hu\/#\/schema\/logo\/image\/\",\"url\":\"https:\/\/www.lasermemories.hu\/wp-content\/uploads\/2022\/08\/41589_Laser-Memories_PP-02.png\",\"contentUrl\":\"https:\/\/www.lasermemories.hu\/wp-content\/uploads\/2022\/08\/41589_Laser-Memories_PP-02.png\",\"width\":2137,\"height\":1703,\"caption\":\"Laser Memories\"},\"image\":{\"@id\":\"https:\/\/www.lasermemories.hu\/#\/schema\/logo\/image\/\"}}]}<\/script>\n<!-- \/ Yoast SEO plugin. -->","yoast_head_json":{"title":"Egyedi grav\u00edrozhat\u00f3 k\u00f6nyv alak\u00fa d\u00edszdoboz - Laser Memories","robots":{"index":"index","follow":"follow","max-snippet":"max-snippet:-1","max-image-preview":"max-image-preview:large","max-video-preview":"max-video-preview:-1"},"canonical":"https:\/\/www.lasermemories.hu\/?product=egyedi-gravirozhato-konyv-alaku-diszdoboz","og_locale":"hu_HU","og_type":"article","og_title":"Egyedi grav\u00edrozhat\u00f3 k\u00f6nyv alak\u00fa d\u00edszdoboz - Laser Memories","og_description":"Az egyedi l\u00e9zerv\u00e1gott doboz kiv\u00e1l\u00f3 aj\u00e1nd\u00e9k lehet b\u00e1rki sz\u00e1m\u00e1ra. Kiv\u00e1l\u00f3 min\u0151s\u00e9g\u0171 faanyagokb\u00f3l k\u00e9sz\u00fclt, \u00e9s prec\u00edzi\u00f3s l\u00e9zerv\u00e1g\u00e1ssal d\u00edsz\u00edtve, ez a doboz garant\u00e1ltan leny\u0171g\u00f6zi majd azokat, akiknek \u00e1tadod. A l\u00e9zerv\u00e1gott mint\u00e1k \u00e9s d\u00edsz\u00edt\u00e9sek lehet\u0151v\u00e9 teszik, hogy szem\u00e9lyre szabott aj\u00e1nd\u00e9kot k\u00e9sz\u00edts, ami igaz\u00e1n k\u00fcl\u00f6nlegess\u00e9 teszi az aj\u00e1nd\u00e9koz\u00e1st. Legyen sz\u00f3 sz\u00fclet\u00e9snapr\u00f3l, n\u00e9vnapr\u00f3l, vagy m\u00e1s k\u00fcl\u00f6nleges alkalmakr\u00f3l. M\u00e9ret: 22x22x7 cm [&hellip;]","og_url":"https:\/\/www.lasermemories.hu\/?product=egyedi-gravirozhato-konyv-alaku-diszdoboz","og_site_name":"Laser Memories","article_modified_time":"2025-02-02T05:05:38+00:00","og_image":[{"width":1500,"height":2000,"url":"https:\/\/www.lasermemories.hu\/wp-content\/uploads\/2024\/05\/cec20cfd-3bfa-4a42-804b-4dba80249ed8.jpg","type":"image\/jpeg"}],"twitter_card":"summary_large_image","twitter_misc":{"Becs\u00fclt olvas\u00e1si id\u0151":"1 perc"},"schema":{"@context":"https:\/\/schema.org","@graph":[{"@type":"WebPage","@id":"https:\/\/www.lasermemories.hu\/?product=egyedi-gravirozhato-konyv-alaku-diszdoboz","url":"https:\/\/www.lasermemories.hu\/?product=egyedi-gravirozhato-konyv-alaku-diszdoboz","name":"Egyedi grav\u00edrozhat\u00f3 k\u00f6nyv alak\u00fa d\u00edszdoboz - Laser Memories","isPartOf":{"@id":"https:\/\/www.lasermemories.hu\/#website"},"datePublished":"2024-05-11T07:08:33+00:00","dateModified":"2025-02-02T05:05:38+00:00","breadcrumb":{"@id":"https:\/\/www.lasermemories.hu\/?product=egyedi-gravirozhato-konyv-alaku-diszdoboz#breadcrumb"},"inLanguage":"hu","potentialAction":[{"@type":"ReadAction","target":["https:\/\/www.lasermemories.hu\/?product=egyedi-gravirozhato-konyv-alaku-diszdoboz"]}]},{"@type":"BreadcrumbList","@id":"https:\/\/www.lasermemories.hu\/?product=egyedi-gravirozhato-konyv-alaku-diszdoboz#breadcrumb","itemListElement":[{"@type":"ListItem","position":1,"name":"Home","item":"https:\/\/www.lasermemories.hu\/"},{"@type":"ListItem","position":2,"name":"\u00dczlet","item":"https:\/\/www.lasermemories.hu\/?page_id=9"},{"@type":"ListItem","position":3,"name":"Egyedi grav\u00edrozhat\u00f3 k\u00f6nyv alak\u00fa d\u00edszdoboz"}]},{"@type":"WebSite","@id":"https:\/\/www.lasermemories.hu\/#website","url":"https:\/\/www.lasermemories.hu\/","name":"Laser Memories","description":"Egyedi f\u00e1b\u00f3l k\u00e9sz\u00fclt k\u00fcl\u00f6nlegess\u00e9gek","publisher":{"@id":"https:\/\/www.lasermemories.hu\/#organization"},"potentialAction":[{"@type":"SearchAction","target":{"@type":"EntryPoint","urlTemplate":"https:\/\/www.lasermemories.hu\/?s={search_term_string}"},"query-input":"required name=search_term_string"}],"inLanguage":"hu"},{"@type":"Organization","@id":"https:\/\/www.lasermemories.hu\/#organization","name":"Laser Memories","url":"https:\/\/www.lasermemories.hu\/","logo":{"@type":"ImageObject","inLanguage":"hu","@id":"https:\/\/www.lasermemories.hu\/#\/schema\/logo\/image\/","url":"https:\/\/www.lasermemories.hu\/wp-content\/uploads\/2022\/08\/41589_Laser-Memories_PP-02.png","contentUrl":"https:\/\/www.lasermemories.hu\/wp-content\/uploads\/2022\/08\/41589_Laser-Memories_PP-02.png","width":2137,"height":1703,"caption":"Laser Memories"},"image":{"@id":"https:\/\/www.lasermemories.hu\/#\/schema\/logo\/image\/"}}]}},"jetpack_sharing_enabled":true,"_links":{"self":[{"href":"https:\/\/www.lasermemories.hu\/index.php?rest_route=\/wp\/v2\/product\/3180","targetHints":{"allow":["GET"]}}],"collection":[{"href":"https:\/\/www.lasermemories.hu\/index.php?rest_route=\/wp\/v2\/product"}],"about":[{"href":"https:\/\/www.lasermemories.hu\/index.php?rest_route=\/wp\/v2\/types\/product"}],"wp:featuredmedia":[{"embeddable":true,"href":"https:\/\/www.lasermemories.hu\/index.php?rest_route=\/wp\/v2\/media\/3185"}],"wp:attachment":[{"href":"https:\/\/www.lasermemories.hu\/index.php?rest_route=%2Fwp%2Fv2%2Fmedia&parent=3180"}],"wp:term":[{"taxonomy":"product_brand","embeddable":true,"href":"https:\/\/www.lasermemories.hu\/index.php?rest_route=%2Fwp%2Fv2%2Fproduct_brand&post=3180"},{"taxonomy":"product_cat","embeddable":true,"href":"https:\/\/www.lasermemories.hu\/index.php?rest_route=%2Fwp%2Fv2%2Fproduct_cat&post=3180"},{"taxonomy":"product_tag","embeddable":true,"href":"https:\/\/www.lasermemories.hu\/index.php?rest_route=%2Fwp%2Fv2%2Fproduct_tag&post=3180"}],"curies":[{"name":"wp","href":"https:\/\/api.w.org\/{rel}","templated":true}]}}