{"id":2511,"date":"2024-03-25T06:14:38","date_gmt":"2024-03-25T06:14:38","guid":{"rendered":"https:\/\/www.lasermemories.hu\/?post_type=product&#038;p=2511"},"modified":"2025-05-07T19:48:22","modified_gmt":"2025-05-07T19:48:22","slug":"eskuvoi-egyedi-viragbeszuro-tabla","status":"publish","type":"product","link":"https:\/\/www.lasermemories.hu\/?product=eskuvoi-egyedi-viragbeszuro-tabla","title":{"rendered":"Esk\u00fcv\u0151i egyedi vir\u00e1gbesz\u00far\u00f3 t\u00e1bla"},"content":{"rendered":"<p>Az esk\u00fcv\u0151i egyedi vir\u00e1gbesz\u00far\u00f3 t\u00e1bla t\u00f6k\u00e9letes v\u00e1laszt\u00e1s lehet a sz\u00fcl\u0151k meghat\u00f3 k\u00f6sz\u00f6nt\u00e9s\u00e9re az esk\u00fcv\u0151n. Ez a t\u00e1bla egyedi \u00e9s szem\u00e9lyes aj\u00e1nd\u00e9k lehet az esk\u00fcv\u0151i fogad\u00e1son vagy cerem\u00f3ni\u00e1n, \u00e9s k\u00fcl\u00f6nleges m\u00f3don fejezi ki a h\u00e1la \u00e9s szeretet jel\u00e9t az esk\u00fcv\u0151i sz\u00fcl\u0151knek.<\/p>\n<p>Kiv\u00e1l\u00f3 min\u0151s\u00e9g\u0171 faanyagokb\u00f3l k\u00e9sz\u00fclt, \u00e9s prec\u00edzi\u00f3s l\u00e9zerv\u00e1g\u00e1ssal d\u00edsz\u00edtve, ez a vir\u00e1gbesz\u00far\u00f3 t\u00e1bla eleg\u00e1ns \u00e9s st\u00edlusos megjelen\u00e9st k\u00f6lcs\u00f6n\u00f6z az esk\u00fcv\u0151i helysz\u00ednnek. A l\u00e9zerv\u00e1gott mint\u00e1k \u00e9s d\u00edsz\u00edt\u00e9sek lehet\u0151v\u00e9 teszik, hogy szem\u00e9lyre szabott \u00fczeneteket \u00e9s grafik\u00e1kat adj hozz\u00e1, ami kifejezi a h\u00e1la \u00e9s tisztelet jeleit az esk\u00fcv\u0151i sz\u00fcl\u0151knek.<\/p>\n","protected":false},"excerpt":{"rendered":"<p>Az esk\u00fcv\u0151i egyedi vir\u00e1gbesz\u00far\u00f3 t\u00e1bla t\u00f6k\u00e9letes v\u00e1laszt\u00e1s lehet a sz\u00fcl\u0151k meghat\u00f3 k\u00f6sz\u00f6nt\u00e9s\u00e9re az esk\u00fcv\u0151n. Ez a t\u00e1bla egyedi \u00e9s szem\u00e9lyes aj\u00e1nd\u00e9k lehet az esk\u00fcv\u0151i fogad\u00e1son vagy cerem\u00f3ni\u00e1n, \u00e9s k\u00fcl\u00f6nleges m\u00f3don fejezi ki a h\u00e1la \u00e9s szeretet jel\u00e9t az esk\u00fcv\u0151i sz\u00fcl\u0151knek. Kiv\u00e1l\u00f3 min\u0151s\u00e9g\u0171 faanyagokb\u00f3l k\u00e9sz\u00fclt, \u00e9s prec\u00edzi\u00f3s l\u00e9zerv\u00e1g\u00e1ssal d\u00edsz\u00edtve, ez a vir\u00e1gbesz\u00far\u00f3 t\u00e1bla eleg\u00e1ns \u00e9s st\u00edlusos [&hellip;]<\/p>\n","protected":false},"featured_media":2514,"template":"","meta":{"_acf_changed":false,"_monsterinsights_skip_tracking":false,"_monsterinsights_sitenote_active":false,"_monsterinsights_sitenote_note":"","_monsterinsights_sitenote_category":0},"product_brand":[],"product_cat":[67,65],"product_tag":[],"class_list":{"0":"post-2511","1":"product","2":"type-product","3":"status-publish","4":"has-post-thumbnail","6":"product_cat-eskuvoi-ajandek-2","7":"product_cat-szulokoszonto","9":"entry","10":"has-media","12":"first","13":"instock","14":"sale","15":"shipping-taxable","16":"purchasable","17":"product-type-simple","18":"has-product-nav","19":"col","20":"span_1_of_3","21":"owp-content-center","22":"owp-thumbs-layout-horizontal","23":"owp-btn-normal","24":"owp-tabs-layout-horizontal"},"acf":[],"yoast_head":"<!-- This site is optimized with the Yoast SEO plugin v22.0 - https:\/\/yoast.com\/wordpress\/plugins\/seo\/ -->\n<title>Esk\u00fcv\u0151i egyedi vir\u00e1gbesz\u00far\u00f3 t\u00e1bla - Laser Memories<\/title>\n<meta name=\"robots\" content=\"index, follow, max-snippet:-1, max-image-preview:large, max-video-preview:-1\" \/>\n<link rel=\"canonical\" href=\"https:\/\/www.lasermemories.hu\/?product=eskuvoi-egyedi-viragbeszuro-tabla\" \/>\n<meta property=\"og:locale\" content=\"hu_HU\" \/>\n<meta property=\"og:type\" content=\"article\" \/>\n<meta property=\"og:title\" content=\"Esk\u00fcv\u0151i egyedi vir\u00e1gbesz\u00far\u00f3 t\u00e1bla - Laser Memories\" \/>\n<meta property=\"og:description\" content=\"Az esk\u00fcv\u0151i egyedi vir\u00e1gbesz\u00far\u00f3 t\u00e1bla t\u00f6k\u00e9letes v\u00e1laszt\u00e1s lehet a sz\u00fcl\u0151k meghat\u00f3 k\u00f6sz\u00f6nt\u00e9s\u00e9re az esk\u00fcv\u0151n. Ez a t\u00e1bla egyedi \u00e9s szem\u00e9lyes aj\u00e1nd\u00e9k lehet az esk\u00fcv\u0151i fogad\u00e1son vagy cerem\u00f3ni\u00e1n, \u00e9s k\u00fcl\u00f6nleges m\u00f3don fejezi ki a h\u00e1la \u00e9s szeretet jel\u00e9t az esk\u00fcv\u0151i sz\u00fcl\u0151knek. Kiv\u00e1l\u00f3 min\u0151s\u00e9g\u0171 faanyagokb\u00f3l k\u00e9sz\u00fclt, \u00e9s prec\u00edzi\u00f3s l\u00e9zerv\u00e1g\u00e1ssal d\u00edsz\u00edtve, ez a vir\u00e1gbesz\u00far\u00f3 t\u00e1bla eleg\u00e1ns \u00e9s st\u00edlusos [&hellip;]\" \/>\n<meta property=\"og:url\" content=\"https:\/\/www.lasermemories.hu\/?product=eskuvoi-egyedi-viragbeszuro-tabla\" \/>\n<meta property=\"og:site_name\" content=\"Laser Memories\" \/>\n<meta property=\"article:modified_time\" content=\"2025-05-07T19:48:22+00:00\" \/>\n<meta property=\"og:image\" content=\"https:\/\/www.lasermemories.hu\/wp-content\/uploads\/2024\/03\/214234df-846f-4be8-95f5-85891cfc537e.jpg\" \/>\n\t<meta property=\"og:image:width\" content=\"1500\" \/>\n\t<meta property=\"og:image:height\" content=\"2000\" \/>\n\t<meta property=\"og:image:type\" content=\"image\/jpeg\" \/>\n<meta name=\"twitter:card\" content=\"summary_large_image\" \/>\n<meta name=\"twitter:label1\" content=\"Becs\u00fclt olvas\u00e1si id\u0151\" \/>\n\t<meta name=\"twitter:data1\" content=\"1 perc\" \/>\n<script type=\"application\/ld+json\" class=\"yoast-schema-graph\">{\"@context\":\"https:\/\/schema.org\",\"@graph\":[{\"@type\":\"WebPage\",\"@id\":\"https:\/\/www.lasermemories.hu\/?product=eskuvoi-egyedi-viragbeszuro-tabla\",\"url\":\"https:\/\/www.lasermemories.hu\/?product=eskuvoi-egyedi-viragbeszuro-tabla\",\"name\":\"Esk\u00fcv\u0151i egyedi vir\u00e1gbesz\u00far\u00f3 t\u00e1bla - Laser Memories\",\"isPartOf\":{\"@id\":\"https:\/\/www.lasermemories.hu\/#website\"},\"datePublished\":\"2024-03-25T06:14:38+00:00\",\"dateModified\":\"2025-05-07T19:48:22+00:00\",\"breadcrumb\":{\"@id\":\"https:\/\/www.lasermemories.hu\/?product=eskuvoi-egyedi-viragbeszuro-tabla#breadcrumb\"},\"inLanguage\":\"hu\",\"potentialAction\":[{\"@type\":\"ReadAction\",\"target\":[\"https:\/\/www.lasermemories.hu\/?product=eskuvoi-egyedi-viragbeszuro-tabla\"]}]},{\"@type\":\"BreadcrumbList\",\"@id\":\"https:\/\/www.lasermemories.hu\/?product=eskuvoi-egyedi-viragbeszuro-tabla#breadcrumb\",\"itemListElement\":[{\"@type\":\"ListItem\",\"position\":1,\"name\":\"Home\",\"item\":\"https:\/\/www.lasermemories.hu\/\"},{\"@type\":\"ListItem\",\"position\":2,\"name\":\"\u00dczlet\",\"item\":\"https:\/\/www.lasermemories.hu\/?page_id=9\"},{\"@type\":\"ListItem\",\"position\":3,\"name\":\"Esk\u00fcv\u0151i egyedi vir\u00e1gbesz\u00far\u00f3 t\u00e1bla\"}]},{\"@type\":\"WebSite\",\"@id\":\"https:\/\/www.lasermemories.hu\/#website\",\"url\":\"https:\/\/www.lasermemories.hu\/\",\"name\":\"Laser Memories\",\"description\":\"Egyedi f\u00e1b\u00f3l k\u00e9sz\u00fclt k\u00fcl\u00f6nlegess\u00e9gek\",\"publisher\":{\"@id\":\"https:\/\/www.lasermemories.hu\/#organization\"},\"potentialAction\":[{\"@type\":\"SearchAction\",\"target\":{\"@type\":\"EntryPoint\",\"urlTemplate\":\"https:\/\/www.lasermemories.hu\/?s={search_term_string}\"},\"query-input\":\"required name=search_term_string\"}],\"inLanguage\":\"hu\"},{\"@type\":\"Organization\",\"@id\":\"https:\/\/www.lasermemories.hu\/#organization\",\"name\":\"Laser Memories\",\"url\":\"https:\/\/www.lasermemories.hu\/\",\"logo\":{\"@type\":\"ImageObject\",\"inLanguage\":\"hu\",\"@id\":\"https:\/\/www.lasermemories.hu\/#\/schema\/logo\/image\/\",\"url\":\"https:\/\/www.lasermemories.hu\/wp-content\/uploads\/2022\/08\/41589_Laser-Memories_PP-02.png\",\"contentUrl\":\"https:\/\/www.lasermemories.hu\/wp-content\/uploads\/2022\/08\/41589_Laser-Memories_PP-02.png\",\"width\":2137,\"height\":1703,\"caption\":\"Laser Memories\"},\"image\":{\"@id\":\"https:\/\/www.lasermemories.hu\/#\/schema\/logo\/image\/\"}}]}<\/script>\n<!-- \/ Yoast SEO plugin. -->","yoast_head_json":{"title":"Esk\u00fcv\u0151i egyedi vir\u00e1gbesz\u00far\u00f3 t\u00e1bla - Laser Memories","robots":{"index":"index","follow":"follow","max-snippet":"max-snippet:-1","max-image-preview":"max-image-preview:large","max-video-preview":"max-video-preview:-1"},"canonical":"https:\/\/www.lasermemories.hu\/?product=eskuvoi-egyedi-viragbeszuro-tabla","og_locale":"hu_HU","og_type":"article","og_title":"Esk\u00fcv\u0151i egyedi vir\u00e1gbesz\u00far\u00f3 t\u00e1bla - Laser Memories","og_description":"Az esk\u00fcv\u0151i egyedi vir\u00e1gbesz\u00far\u00f3 t\u00e1bla t\u00f6k\u00e9letes v\u00e1laszt\u00e1s lehet a sz\u00fcl\u0151k meghat\u00f3 k\u00f6sz\u00f6nt\u00e9s\u00e9re az esk\u00fcv\u0151n. Ez a t\u00e1bla egyedi \u00e9s szem\u00e9lyes aj\u00e1nd\u00e9k lehet az esk\u00fcv\u0151i fogad\u00e1son vagy cerem\u00f3ni\u00e1n, \u00e9s k\u00fcl\u00f6nleges m\u00f3don fejezi ki a h\u00e1la \u00e9s szeretet jel\u00e9t az esk\u00fcv\u0151i sz\u00fcl\u0151knek. Kiv\u00e1l\u00f3 min\u0151s\u00e9g\u0171 faanyagokb\u00f3l k\u00e9sz\u00fclt, \u00e9s prec\u00edzi\u00f3s l\u00e9zerv\u00e1g\u00e1ssal d\u00edsz\u00edtve, ez a vir\u00e1gbesz\u00far\u00f3 t\u00e1bla eleg\u00e1ns \u00e9s st\u00edlusos [&hellip;]","og_url":"https:\/\/www.lasermemories.hu\/?product=eskuvoi-egyedi-viragbeszuro-tabla","og_site_name":"Laser Memories","article_modified_time":"2025-05-07T19:48:22+00:00","og_image":[{"width":1500,"height":2000,"url":"https:\/\/www.lasermemories.hu\/wp-content\/uploads\/2024\/03\/214234df-846f-4be8-95f5-85891cfc537e.jpg","type":"image\/jpeg"}],"twitter_card":"summary_large_image","twitter_misc":{"Becs\u00fclt olvas\u00e1si id\u0151":"1 perc"},"schema":{"@context":"https:\/\/schema.org","@graph":[{"@type":"WebPage","@id":"https:\/\/www.lasermemories.hu\/?product=eskuvoi-egyedi-viragbeszuro-tabla","url":"https:\/\/www.lasermemories.hu\/?product=eskuvoi-egyedi-viragbeszuro-tabla","name":"Esk\u00fcv\u0151i egyedi vir\u00e1gbesz\u00far\u00f3 t\u00e1bla - Laser Memories","isPartOf":{"@id":"https:\/\/www.lasermemories.hu\/#website"},"datePublished":"2024-03-25T06:14:38+00:00","dateModified":"2025-05-07T19:48:22+00:00","breadcrumb":{"@id":"https:\/\/www.lasermemories.hu\/?product=eskuvoi-egyedi-viragbeszuro-tabla#breadcrumb"},"inLanguage":"hu","potentialAction":[{"@type":"ReadAction","target":["https:\/\/www.lasermemories.hu\/?product=eskuvoi-egyedi-viragbeszuro-tabla"]}]},{"@type":"BreadcrumbList","@id":"https:\/\/www.lasermemories.hu\/?product=eskuvoi-egyedi-viragbeszuro-tabla#breadcrumb","itemListElement":[{"@type":"ListItem","position":1,"name":"Home","item":"https:\/\/www.lasermemories.hu\/"},{"@type":"ListItem","position":2,"name":"\u00dczlet","item":"https:\/\/www.lasermemories.hu\/?page_id=9"},{"@type":"ListItem","position":3,"name":"Esk\u00fcv\u0151i egyedi vir\u00e1gbesz\u00far\u00f3 t\u00e1bla"}]},{"@type":"WebSite","@id":"https:\/\/www.lasermemories.hu\/#website","url":"https:\/\/www.lasermemories.hu\/","name":"Laser Memories","description":"Egyedi f\u00e1b\u00f3l k\u00e9sz\u00fclt k\u00fcl\u00f6nlegess\u00e9gek","publisher":{"@id":"https:\/\/www.lasermemories.hu\/#organization"},"potentialAction":[{"@type":"SearchAction","target":{"@type":"EntryPoint","urlTemplate":"https:\/\/www.lasermemories.hu\/?s={search_term_string}"},"query-input":"required name=search_term_string"}],"inLanguage":"hu"},{"@type":"Organization","@id":"https:\/\/www.lasermemories.hu\/#organization","name":"Laser Memories","url":"https:\/\/www.lasermemories.hu\/","logo":{"@type":"ImageObject","inLanguage":"hu","@id":"https:\/\/www.lasermemories.hu\/#\/schema\/logo\/image\/","url":"https:\/\/www.lasermemories.hu\/wp-content\/uploads\/2022\/08\/41589_Laser-Memories_PP-02.png","contentUrl":"https:\/\/www.lasermemories.hu\/wp-content\/uploads\/2022\/08\/41589_Laser-Memories_PP-02.png","width":2137,"height":1703,"caption":"Laser Memories"},"image":{"@id":"https:\/\/www.lasermemories.hu\/#\/schema\/logo\/image\/"}}]}},"jetpack_sharing_enabled":true,"_links":{"self":[{"href":"https:\/\/www.lasermemories.hu\/index.php?rest_route=\/wp\/v2\/product\/2511","targetHints":{"allow":["GET"]}}],"collection":[{"href":"https:\/\/www.lasermemories.hu\/index.php?rest_route=\/wp\/v2\/product"}],"about":[{"href":"https:\/\/www.lasermemories.hu\/index.php?rest_route=\/wp\/v2\/types\/product"}],"wp:featuredmedia":[{"embeddable":true,"href":"https:\/\/www.lasermemories.hu\/index.php?rest_route=\/wp\/v2\/media\/2514"}],"wp:attachment":[{"href":"https:\/\/www.lasermemories.hu\/index.php?rest_route=%2Fwp%2Fv2%2Fmedia&parent=2511"}],"wp:term":[{"taxonomy":"product_brand","embeddable":true,"href":"https:\/\/www.lasermemories.hu\/index.php?rest_route=%2Fwp%2Fv2%2Fproduct_brand&post=2511"},{"taxonomy":"product_cat","embeddable":true,"href":"https:\/\/www.lasermemories.hu\/index.php?rest_route=%2Fwp%2Fv2%2Fproduct_cat&post=2511"},{"taxonomy":"product_tag","embeddable":true,"href":"https:\/\/www.lasermemories.hu\/index.php?rest_route=%2Fwp%2Fv2%2Fproduct_tag&post=2511"}],"curies":[{"name":"wp","href":"https:\/\/api.w.org\/{rel}","templated":true}]}}