{"id":2432,"date":"2024-02-12T09:54:53","date_gmt":"2024-02-12T09:54:53","guid":{"rendered":"https:\/\/www.lasermemories.hu\/?post_type=product&#038;p=2432"},"modified":"2026-02-17T10:41:56","modified_gmt":"2026-02-17T10:41:56","slug":"eskuvoi-vendegkonyv-kivagassal","status":"publish","type":"product","link":"https:\/\/www.lasermemories.hu\/?product=eskuvoi-vendegkonyv-kivagassal","title":{"rendered":"Esk\u00fcv\u0151i Vend\u00e9gk\u00f6nyv kiv\u00e1g\u00e1ssal"},"content":{"rendered":"<p>Teremtsd meg az \u00f6r\u00f6k eml\u00e9keket az esk\u00fcv\u0151ddel egy eleg\u00e1ns \u00e9s szem\u00e9lyre szabott m\u00f3don ezzel az exkluz\u00edv Esk\u00fcv\u0151i Vend\u00e9gk\u00f6nyvvel!<\/p>\n<p>Az esk\u00fcv\u0151i vend\u00e9gk\u00f6nyv\u00fcnk ide\u00e1lis m\u00f3dja annak, hogy a vend\u00e9geid megossz\u00e1k j\u00f3k\u00edv\u00e1ns\u00e1gaikat, kedves szavakat \u00e9s eml\u00e9keiket. A gy\u00f6ny\u00f6r\u0171 bor\u00edt\u00f3 mag\u00e1ban foglal egy klasszikus, romantikus design-t, amely id\u0151t\u00e1ll\u00f3 \u00e9s st\u00edlusos.<\/p>\n<p>A vend\u00e9gk\u00f6nyv bels\u0151 r\u00e9sze kiv\u00e1l\u00f3 min\u0151s\u00e9g\u0171 pap\u00edrral k\u00e9sz\u00fclt, \u00edgy tart\u00f3s \u00e9s meg\u0151rzi a bejegyz\u00e9sek sz\u00e9ps\u00e9g\u00e9t az \u00e9veken \u00e1t. Az eleg\u00e1ns k\u00f6t\u00e9s biztos\u00edtja, hogy az \u00f6sszes kedves eml\u00e9k biztons\u00e1gban legyen.<\/p>\n<p>A vend\u00e9gk\u00f6nyvet szem\u00e9lyre szabhatod a nevetekkel \u00e9s az esk\u00fcv\u0151 d\u00e1tum\u00e1val, \u00edgy az egyedi \u00e9s k\u00fcl\u00f6nleges lesz. Legyen ez a vend\u00e9gk\u00f6nyv a t\u00f6k\u00e9letes eml\u00e9k az egyik legfontosabb napotokr\u00f3l!<\/p>\n<p>Rendeld meg most, \u00e9s hozz l\u00e9tre egy gy\u00f6ny\u00f6r\u0171 eml\u00e9kt\u00e1rgyat az esk\u00fcv\u0151t\u00f6kh\u00f6z, amit \u00f6r\u00f6mmel n\u00e9ztek majd vissza \u00e9vek m\u00falva!<\/p>\n<p>Anyaga: Ny\u00edrfa<\/p>\n<p>M\u00e9ret: A5, A4<\/p>\n<p>&nbsp;<\/p>\n<p>&nbsp;<\/p>\n","protected":false},"excerpt":{"rendered":"<p>Teremtsd meg az \u00f6r\u00f6k eml\u00e9keket az esk\u00fcv\u0151ddel egy eleg\u00e1ns \u00e9s szem\u00e9lyre szabott m\u00f3don ezzel az exkluz\u00edv Esk\u00fcv\u0151i Vend\u00e9gk\u00f6nyvvel! Az esk\u00fcv\u0151i vend\u00e9gk\u00f6nyv\u00fcnk ide\u00e1lis m\u00f3dja annak, hogy a vend\u00e9geid megossz\u00e1k j\u00f3k\u00edv\u00e1ns\u00e1gaikat, kedves szavakat \u00e9s eml\u00e9keiket. A gy\u00f6ny\u00f6r\u0171 bor\u00edt\u00f3 mag\u00e1ban foglal egy klasszikus, romantikus design-t, amely id\u0151t\u00e1ll\u00f3 \u00e9s st\u00edlusos. A vend\u00e9gk\u00f6nyv bels\u0151 r\u00e9sze kiv\u00e1l\u00f3 min\u0151s\u00e9g\u0171 pap\u00edrral k\u00e9sz\u00fclt, \u00edgy [&hellip;]<\/p>\n","protected":false},"featured_media":6576,"template":"","meta":{"_acf_changed":false,"_monsterinsights_skip_tracking":false,"_monsterinsights_sitenote_active":false,"_monsterinsights_sitenote_note":"","_monsterinsights_sitenote_category":0},"product_brand":[],"product_cat":[69],"product_tag":[],"class_list":{"0":"post-2432","1":"product","2":"type-product","3":"status-publish","4":"has-post-thumbnail","6":"product_cat-vendegkonyv","8":"entry","9":"has-media","11":"first","12":"instock","13":"sale","14":"shipping-taxable","15":"purchasable","16":"product-type-simple","17":"has-product-nav","18":"col","19":"span_1_of_3","20":"owp-content-center","21":"owp-thumbs-layout-horizontal","22":"owp-btn-normal","23":"owp-tabs-layout-horizontal"},"acf":[],"yoast_head":"<!-- This site is optimized with the Yoast SEO plugin v22.0 - https:\/\/yoast.com\/wordpress\/plugins\/seo\/ -->\n<title>Esk\u00fcv\u0151i Vend\u00e9gk\u00f6nyv kiv\u00e1g\u00e1ssal - Laser Memories<\/title>\n<meta name=\"robots\" content=\"index, follow, max-snippet:-1, max-image-preview:large, max-video-preview:-1\" \/>\n<link rel=\"canonical\" href=\"https:\/\/www.lasermemories.hu\/?product=eskuvoi-vendegkonyv-kivagassal\" \/>\n<meta property=\"og:locale\" content=\"hu_HU\" \/>\n<meta property=\"og:type\" content=\"article\" \/>\n<meta property=\"og:title\" content=\"Esk\u00fcv\u0151i Vend\u00e9gk\u00f6nyv kiv\u00e1g\u00e1ssal - Laser Memories\" \/>\n<meta property=\"og:description\" content=\"Teremtsd meg az \u00f6r\u00f6k eml\u00e9keket az esk\u00fcv\u0151ddel egy eleg\u00e1ns \u00e9s szem\u00e9lyre szabott m\u00f3don ezzel az exkluz\u00edv Esk\u00fcv\u0151i Vend\u00e9gk\u00f6nyvvel! Az esk\u00fcv\u0151i vend\u00e9gk\u00f6nyv\u00fcnk ide\u00e1lis m\u00f3dja annak, hogy a vend\u00e9geid megossz\u00e1k j\u00f3k\u00edv\u00e1ns\u00e1gaikat, kedves szavakat \u00e9s eml\u00e9keiket. A gy\u00f6ny\u00f6r\u0171 bor\u00edt\u00f3 mag\u00e1ban foglal egy klasszikus, romantikus design-t, amely id\u0151t\u00e1ll\u00f3 \u00e9s st\u00edlusos. A vend\u00e9gk\u00f6nyv bels\u0151 r\u00e9sze kiv\u00e1l\u00f3 min\u0151s\u00e9g\u0171 pap\u00edrral k\u00e9sz\u00fclt, \u00edgy [&hellip;]\" \/>\n<meta property=\"og:url\" content=\"https:\/\/www.lasermemories.hu\/?product=eskuvoi-vendegkonyv-kivagassal\" \/>\n<meta property=\"og:site_name\" content=\"Laser Memories\" \/>\n<meta property=\"article:modified_time\" content=\"2026-02-17T10:41:56+00:00\" \/>\n<meta property=\"og:image\" content=\"https:\/\/www.lasermemories.hu\/wp-content\/uploads\/2024\/02\/download.jpg\" \/>\n\t<meta property=\"og:image:width\" content=\"1536\" \/>\n\t<meta property=\"og:image:height\" content=\"1024\" \/>\n\t<meta property=\"og:image:type\" content=\"image\/jpeg\" \/>\n<meta name=\"twitter:card\" content=\"summary_large_image\" \/>\n<meta name=\"twitter:label1\" content=\"Becs\u00fclt olvas\u00e1si id\u0151\" \/>\n\t<meta name=\"twitter:data1\" content=\"1 perc\" \/>\n<script type=\"application\/ld+json\" class=\"yoast-schema-graph\">{\"@context\":\"https:\/\/schema.org\",\"@graph\":[{\"@type\":\"WebPage\",\"@id\":\"https:\/\/www.lasermemories.hu\/?product=eskuvoi-vendegkonyv-kivagassal\",\"url\":\"https:\/\/www.lasermemories.hu\/?product=eskuvoi-vendegkonyv-kivagassal\",\"name\":\"Esk\u00fcv\u0151i Vend\u00e9gk\u00f6nyv kiv\u00e1g\u00e1ssal - Laser Memories\",\"isPartOf\":{\"@id\":\"https:\/\/www.lasermemories.hu\/#website\"},\"datePublished\":\"2024-02-12T09:54:53+00:00\",\"dateModified\":\"2026-02-17T10:41:56+00:00\",\"breadcrumb\":{\"@id\":\"https:\/\/www.lasermemories.hu\/?product=eskuvoi-vendegkonyv-kivagassal#breadcrumb\"},\"inLanguage\":\"hu\",\"potentialAction\":[{\"@type\":\"ReadAction\",\"target\":[\"https:\/\/www.lasermemories.hu\/?product=eskuvoi-vendegkonyv-kivagassal\"]}]},{\"@type\":\"BreadcrumbList\",\"@id\":\"https:\/\/www.lasermemories.hu\/?product=eskuvoi-vendegkonyv-kivagassal#breadcrumb\",\"itemListElement\":[{\"@type\":\"ListItem\",\"position\":1,\"name\":\"Home\",\"item\":\"https:\/\/www.lasermemories.hu\/\"},{\"@type\":\"ListItem\",\"position\":2,\"name\":\"\u00dczlet\",\"item\":\"https:\/\/www.lasermemories.hu\/?page_id=9\"},{\"@type\":\"ListItem\",\"position\":3,\"name\":\"Esk\u00fcv\u0151i Vend\u00e9gk\u00f6nyv kiv\u00e1g\u00e1ssal\"}]},{\"@type\":\"WebSite\",\"@id\":\"https:\/\/www.lasermemories.hu\/#website\",\"url\":\"https:\/\/www.lasermemories.hu\/\",\"name\":\"Laser Memories\",\"description\":\"Egyedi f\u00e1b\u00f3l k\u00e9sz\u00fclt k\u00fcl\u00f6nlegess\u00e9gek\",\"publisher\":{\"@id\":\"https:\/\/www.lasermemories.hu\/#organization\"},\"potentialAction\":[{\"@type\":\"SearchAction\",\"target\":{\"@type\":\"EntryPoint\",\"urlTemplate\":\"https:\/\/www.lasermemories.hu\/?s={search_term_string}\"},\"query-input\":\"required name=search_term_string\"}],\"inLanguage\":\"hu\"},{\"@type\":\"Organization\",\"@id\":\"https:\/\/www.lasermemories.hu\/#organization\",\"name\":\"Laser Memories\",\"url\":\"https:\/\/www.lasermemories.hu\/\",\"logo\":{\"@type\":\"ImageObject\",\"inLanguage\":\"hu\",\"@id\":\"https:\/\/www.lasermemories.hu\/#\/schema\/logo\/image\/\",\"url\":\"https:\/\/www.lasermemories.hu\/wp-content\/uploads\/2022\/08\/41589_Laser-Memories_PP-02.png\",\"contentUrl\":\"https:\/\/www.lasermemories.hu\/wp-content\/uploads\/2022\/08\/41589_Laser-Memories_PP-02.png\",\"width\":2137,\"height\":1703,\"caption\":\"Laser Memories\"},\"image\":{\"@id\":\"https:\/\/www.lasermemories.hu\/#\/schema\/logo\/image\/\"}}]}<\/script>\n<!-- \/ Yoast SEO plugin. -->","yoast_head_json":{"title":"Esk\u00fcv\u0151i Vend\u00e9gk\u00f6nyv kiv\u00e1g\u00e1ssal - Laser Memories","robots":{"index":"index","follow":"follow","max-snippet":"max-snippet:-1","max-image-preview":"max-image-preview:large","max-video-preview":"max-video-preview:-1"},"canonical":"https:\/\/www.lasermemories.hu\/?product=eskuvoi-vendegkonyv-kivagassal","og_locale":"hu_HU","og_type":"article","og_title":"Esk\u00fcv\u0151i Vend\u00e9gk\u00f6nyv kiv\u00e1g\u00e1ssal - Laser Memories","og_description":"Teremtsd meg az \u00f6r\u00f6k eml\u00e9keket az esk\u00fcv\u0151ddel egy eleg\u00e1ns \u00e9s szem\u00e9lyre szabott m\u00f3don ezzel az exkluz\u00edv Esk\u00fcv\u0151i Vend\u00e9gk\u00f6nyvvel! Az esk\u00fcv\u0151i vend\u00e9gk\u00f6nyv\u00fcnk ide\u00e1lis m\u00f3dja annak, hogy a vend\u00e9geid megossz\u00e1k j\u00f3k\u00edv\u00e1ns\u00e1gaikat, kedves szavakat \u00e9s eml\u00e9keiket. A gy\u00f6ny\u00f6r\u0171 bor\u00edt\u00f3 mag\u00e1ban foglal egy klasszikus, romantikus design-t, amely id\u0151t\u00e1ll\u00f3 \u00e9s st\u00edlusos. A vend\u00e9gk\u00f6nyv bels\u0151 r\u00e9sze kiv\u00e1l\u00f3 min\u0151s\u00e9g\u0171 pap\u00edrral k\u00e9sz\u00fclt, \u00edgy [&hellip;]","og_url":"https:\/\/www.lasermemories.hu\/?product=eskuvoi-vendegkonyv-kivagassal","og_site_name":"Laser Memories","article_modified_time":"2026-02-17T10:41:56+00:00","og_image":[{"width":1536,"height":1024,"url":"https:\/\/www.lasermemories.hu\/wp-content\/uploads\/2024\/02\/download.jpg","type":"image\/jpeg"}],"twitter_card":"summary_large_image","twitter_misc":{"Becs\u00fclt olvas\u00e1si id\u0151":"1 perc"},"schema":{"@context":"https:\/\/schema.org","@graph":[{"@type":"WebPage","@id":"https:\/\/www.lasermemories.hu\/?product=eskuvoi-vendegkonyv-kivagassal","url":"https:\/\/www.lasermemories.hu\/?product=eskuvoi-vendegkonyv-kivagassal","name":"Esk\u00fcv\u0151i Vend\u00e9gk\u00f6nyv kiv\u00e1g\u00e1ssal - Laser Memories","isPartOf":{"@id":"https:\/\/www.lasermemories.hu\/#website"},"datePublished":"2024-02-12T09:54:53+00:00","dateModified":"2026-02-17T10:41:56+00:00","breadcrumb":{"@id":"https:\/\/www.lasermemories.hu\/?product=eskuvoi-vendegkonyv-kivagassal#breadcrumb"},"inLanguage":"hu","potentialAction":[{"@type":"ReadAction","target":["https:\/\/www.lasermemories.hu\/?product=eskuvoi-vendegkonyv-kivagassal"]}]},{"@type":"BreadcrumbList","@id":"https:\/\/www.lasermemories.hu\/?product=eskuvoi-vendegkonyv-kivagassal#breadcrumb","itemListElement":[{"@type":"ListItem","position":1,"name":"Home","item":"https:\/\/www.lasermemories.hu\/"},{"@type":"ListItem","position":2,"name":"\u00dczlet","item":"https:\/\/www.lasermemories.hu\/?page_id=9"},{"@type":"ListItem","position":3,"name":"Esk\u00fcv\u0151i Vend\u00e9gk\u00f6nyv kiv\u00e1g\u00e1ssal"}]},{"@type":"WebSite","@id":"https:\/\/www.lasermemories.hu\/#website","url":"https:\/\/www.lasermemories.hu\/","name":"Laser Memories","description":"Egyedi f\u00e1b\u00f3l k\u00e9sz\u00fclt k\u00fcl\u00f6nlegess\u00e9gek","publisher":{"@id":"https:\/\/www.lasermemories.hu\/#organization"},"potentialAction":[{"@type":"SearchAction","target":{"@type":"EntryPoint","urlTemplate":"https:\/\/www.lasermemories.hu\/?s={search_term_string}"},"query-input":"required name=search_term_string"}],"inLanguage":"hu"},{"@type":"Organization","@id":"https:\/\/www.lasermemories.hu\/#organization","name":"Laser Memories","url":"https:\/\/www.lasermemories.hu\/","logo":{"@type":"ImageObject","inLanguage":"hu","@id":"https:\/\/www.lasermemories.hu\/#\/schema\/logo\/image\/","url":"https:\/\/www.lasermemories.hu\/wp-content\/uploads\/2022\/08\/41589_Laser-Memories_PP-02.png","contentUrl":"https:\/\/www.lasermemories.hu\/wp-content\/uploads\/2022\/08\/41589_Laser-Memories_PP-02.png","width":2137,"height":1703,"caption":"Laser Memories"},"image":{"@id":"https:\/\/www.lasermemories.hu\/#\/schema\/logo\/image\/"}}]}},"jetpack_sharing_enabled":true,"_links":{"self":[{"href":"https:\/\/www.lasermemories.hu\/index.php?rest_route=\/wp\/v2\/product\/2432","targetHints":{"allow":["GET"]}}],"collection":[{"href":"https:\/\/www.lasermemories.hu\/index.php?rest_route=\/wp\/v2\/product"}],"about":[{"href":"https:\/\/www.lasermemories.hu\/index.php?rest_route=\/wp\/v2\/types\/product"}],"wp:featuredmedia":[{"embeddable":true,"href":"https:\/\/www.lasermemories.hu\/index.php?rest_route=\/wp\/v2\/media\/6576"}],"wp:attachment":[{"href":"https:\/\/www.lasermemories.hu\/index.php?rest_route=%2Fwp%2Fv2%2Fmedia&parent=2432"}],"wp:term":[{"taxonomy":"product_brand","embeddable":true,"href":"https:\/\/www.lasermemories.hu\/index.php?rest_route=%2Fwp%2Fv2%2Fproduct_brand&post=2432"},{"taxonomy":"product_cat","embeddable":true,"href":"https:\/\/www.lasermemories.hu\/index.php?rest_route=%2Fwp%2Fv2%2Fproduct_cat&post=2432"},{"taxonomy":"product_tag","embeddable":true,"href":"https:\/\/www.lasermemories.hu\/index.php?rest_route=%2Fwp%2Fv2%2Fproduct_tag&post=2432"}],"curies":[{"name":"wp","href":"https:\/\/api.w.org\/{rel}","templated":true}]}}