{"id":2426,"date":"2024-02-11T19:59:47","date_gmt":"2024-02-11T19:59:47","guid":{"rendered":"https:\/\/www.lasermemories.hu\/?post_type=product&#038;p=2426"},"modified":"2025-02-02T05:19:49","modified_gmt":"2025-02-02T05:19:49","slug":"egyedi-oroknaptar-gravirozva","status":"publish","type":"product","link":"https:\/\/www.lasermemories.hu\/?product=egyedi-oroknaptar-gravirozva","title":{"rendered":"Egyedi \u00d6r\u00f6knapt\u00e1r grav\u00edrozva"},"content":{"rendered":"<div class=\"flex-1 overflow-hidden\">\n<div class=\"react-scroll-to-bottom--css-unbxx-79elbk h-full\">\n<div class=\"react-scroll-to-bottom--css-unbxx-1n7m0yu\">\n<div class=\"flex flex-col pb-9 text-sm\">\n<div class=\"w-full text-token-text-primary\" data-testid=\"conversation-turn-163\">\n<div class=\"px-4 py-2 justify-center text-base md:gap-6 m-auto\">\n<div class=\"flex flex-1 text-base mx-auto gap-3 md:px-5 lg:px-1 xl:px-5 md:max-w-3xl lg:max-w-[40rem] xl:max-w-[48rem] group final-completion\">\n<div class=\"relative flex w-full flex-col lg:w-[calc(100%-115px)] agent-turn\">\n<div class=\"flex-col gap-1 md:gap-3\">\n<div class=\"flex flex-grow flex-col max-w-full\">\n<div class=\"min-h-[20px] text-message flex flex-col items-start gap-3 whitespace-pre-wrap break-words [.text-message+&amp;]:mt-5 overflow-x-auto\" data-message-author-role=\"assistant\" data-message-id=\"418434e9-7d28-467f-968b-feeb71a5e594\">\n<div class=\"markdown prose w-full break-words dark:prose-invert dark\">\n<p>A fa \u00f6r\u00f6knapt\u00e1r nem csak egy praktikus id\u0151m\u00e9r\u0151, hanem egy szem\u00e9lyes eml\u00e9keztet\u0151 is.<\/p>\n<p>Kiv\u00e1l\u00f3 min\u0151s\u00e9g\u0171 \u00e9s tart\u00f3s fa anyagb\u00f3l k\u00e9sz\u00fclt, ami \u00e9letre sz\u00f3l\u00f3 id\u0151t\u00e1ll\u00f3s\u00e1got garant\u00e1l.<\/p>\n<p>Az egyedi grav\u00edroz\u00e1s lehet\u0151v\u00e9 teszi, hogy szem\u00e9lyre szabd a napt\u00e1rat.<\/p>\n<p>\u00c9vr\u0151l \u00e9vre \u00fajrahasznos\u00edthat\u00f3.<\/p>\n<p>Rendeld meg most ezt a Fa \u00d6r\u00f6knapt\u00e1rat, \u00e9s \u00e9lvezd az id\u0151t egy szem\u00e9lyes \u00e9s st\u00edlusos m\u00f3don!<\/p>\n<\/div>\n<\/div>\n<\/div>\n<\/div>\n<\/div>\n<\/div>\n<\/div>\n<\/div>\n<\/div>\n<\/div>\n<\/div>\n<\/div>\n<div class=\"flex-1 overflow-hidden\">\n<div class=\"react-scroll-to-bottom--css-unbxx-79elbk h-full\">\n<div class=\"react-scroll-to-bottom--css-unbxx-1n7m0yu\">\n<div class=\"flex flex-col pb-9 text-sm\">\n<div class=\"w-full text-token-text-primary\" data-testid=\"conversation-turn-163\">\n<div class=\"px-4 py-2 justify-center text-base md:gap-6 m-auto\">\n<div class=\"flex flex-1 text-base mx-auto gap-3 md:px-5 lg:px-1 xl:px-5 md:max-w-3xl lg:max-w-[40rem] xl:max-w-[48rem] group final-completion\">\n<div class=\"relative flex w-full flex-col lg:w-[calc(100%-115px)] agent-turn\">\n<div class=\"flex-col gap-1 md:gap-3\">\n<div class=\"mt-1 flex justify-start gap-3 empty:hidden\">\n<div class=\"text-gray-400 flex self-end lg:self-center justify-center lg:justify-start mt-0 -ml-1 visible\">\n<div class=\"flex\"><\/div>\n<div class=\"flex items-center gap-1.5 text-xs\">\n<p>22 cm<\/p>\n<div class=\"absolute\">\n<div class=\"flex w-full gap-2 items-center justify-center\">28 cm<\/div>\n<\/div>\n<\/div>\n<div>\n<p>34 cm<\/p>\n<\/div>\n<\/div>\n<\/div>\n<\/div>\n<div class=\"absolute\">\n<div class=\"flex w-full gap-2 items-center justify-center\"><\/div>\n<\/div>\n<\/div>\n<\/div>\n<\/div>\n<\/div>\n<\/div>\n<\/div>\n<\/div>\n<\/div>\n<div class=\"w-full pt-2 md:pt-0 dark:border-white\/20 md:border-transparent md:dark:border-transparent md:w-[calc(100%-.5rem)]\">\n<form class=\"stretch mx-2 flex flex-row gap-3 last:mb-2 md:mx-4 md:last:mb-6 lg:mx-auto lg:max-w-2xl xl:max-w-3xl\">\n<div class=\"relative flex h-full flex-1 items-stretch md:flex-col\">\n<div class=\"flex w-full items-center\"><\/div>\n<\/div>\n<\/form>\n<\/div>\n","protected":false},"excerpt":{"rendered":"<p>A fa \u00f6r\u00f6knapt\u00e1r nem csak egy praktikus id\u0151m\u00e9r\u0151, hanem egy szem\u00e9lyes eml\u00e9keztet\u0151 is. Kiv\u00e1l\u00f3 min\u0151s\u00e9g\u0171 \u00e9s tart\u00f3s fa anyagb\u00f3l k\u00e9sz\u00fclt, ami \u00e9letre sz\u00f3l\u00f3 id\u0151t\u00e1ll\u00f3s\u00e1got garant\u00e1l. Az egyedi grav\u00edroz\u00e1s lehet\u0151v\u00e9 teszi, hogy szem\u00e9lyre szabd a napt\u00e1rat. \u00c9vr\u0151l \u00e9vre \u00fajrahasznos\u00edthat\u00f3. Rendeld meg most ezt a Fa \u00d6r\u00f6knapt\u00e1rat, \u00e9s \u00e9lvezd az id\u0151t egy szem\u00e9lyes \u00e9s st\u00edlusos m\u00f3don! 22 [&hellip;]<\/p>\n","protected":false},"featured_media":2425,"template":"","meta":{"_acf_changed":false,"_monsterinsights_skip_tracking":false,"_monsterinsights_sitenote_active":false,"_monsterinsights_sitenote_note":"","_monsterinsights_sitenote_category":0},"product_brand":[],"product_cat":[74],"product_tag":[],"class_list":{"0":"post-2426","1":"product","2":"type-product","3":"status-publish","4":"has-post-thumbnail","6":"product_cat-valentin-nap","8":"entry","9":"has-media","11":"first","12":"instock","13":"sale","14":"shipping-taxable","15":"purchasable","16":"product-type-simple","17":"has-product-nav","18":"col","19":"span_1_of_3","20":"owp-content-center","21":"owp-thumbs-layout-horizontal","22":"owp-btn-normal","23":"owp-tabs-layout-horizontal","24":"has-no-thumbnails"},"acf":[],"yoast_head":"<!-- This site is optimized with the Yoast SEO plugin v22.0 - https:\/\/yoast.com\/wordpress\/plugins\/seo\/ -->\n<title>Egyedi \u00d6r\u00f6knapt\u00e1r grav\u00edrozva - Laser Memories<\/title>\n<meta name=\"robots\" content=\"index, follow, max-snippet:-1, max-image-preview:large, max-video-preview:-1\" \/>\n<link rel=\"canonical\" href=\"https:\/\/www.lasermemories.hu\/?product=egyedi-oroknaptar-gravirozva\" \/>\n<meta property=\"og:locale\" content=\"hu_HU\" \/>\n<meta property=\"og:type\" content=\"article\" \/>\n<meta property=\"og:title\" content=\"Egyedi \u00d6r\u00f6knapt\u00e1r grav\u00edrozva - Laser Memories\" \/>\n<meta property=\"og:description\" content=\"A fa \u00f6r\u00f6knapt\u00e1r nem csak egy praktikus id\u0151m\u00e9r\u0151, hanem egy szem\u00e9lyes eml\u00e9keztet\u0151 is. Kiv\u00e1l\u00f3 min\u0151s\u00e9g\u0171 \u00e9s tart\u00f3s fa anyagb\u00f3l k\u00e9sz\u00fclt, ami \u00e9letre sz\u00f3l\u00f3 id\u0151t\u00e1ll\u00f3s\u00e1got garant\u00e1l. Az egyedi grav\u00edroz\u00e1s lehet\u0151v\u00e9 teszi, hogy szem\u00e9lyre szabd a napt\u00e1rat. \u00c9vr\u0151l \u00e9vre \u00fajrahasznos\u00edthat\u00f3. Rendeld meg most ezt a Fa \u00d6r\u00f6knapt\u00e1rat, \u00e9s \u00e9lvezd az id\u0151t egy szem\u00e9lyes \u00e9s st\u00edlusos m\u00f3don! 22 [&hellip;]\" \/>\n<meta property=\"og:url\" content=\"https:\/\/www.lasermemories.hu\/?product=egyedi-oroknaptar-gravirozva\" \/>\n<meta property=\"og:site_name\" content=\"Laser Memories\" \/>\n<meta property=\"article:modified_time\" content=\"2025-02-02T05:19:49+00:00\" \/>\n<meta property=\"og:image\" content=\"https:\/\/www.lasermemories.hu\/wp-content\/uploads\/2024\/01\/426963764_1412946562661207_7762713557293770063_n.jpg\" \/>\n\t<meta property=\"og:image:width\" content=\"1500\" \/>\n\t<meta property=\"og:image:height\" content=\"2000\" \/>\n\t<meta property=\"og:image:type\" content=\"image\/jpeg\" \/>\n<meta name=\"twitter:card\" content=\"summary_large_image\" \/>\n<meta name=\"twitter:label1\" content=\"Becs\u00fclt olvas\u00e1si id\u0151\" \/>\n\t<meta name=\"twitter:data1\" content=\"1 perc\" \/>\n<script type=\"application\/ld+json\" class=\"yoast-schema-graph\">{\"@context\":\"https:\/\/schema.org\",\"@graph\":[{\"@type\":\"WebPage\",\"@id\":\"https:\/\/www.lasermemories.hu\/?product=egyedi-oroknaptar-gravirozva\",\"url\":\"https:\/\/www.lasermemories.hu\/?product=egyedi-oroknaptar-gravirozva\",\"name\":\"Egyedi \u00d6r\u00f6knapt\u00e1r grav\u00edrozva - Laser Memories\",\"isPartOf\":{\"@id\":\"https:\/\/www.lasermemories.hu\/#website\"},\"datePublished\":\"2024-02-11T19:59:47+00:00\",\"dateModified\":\"2025-02-02T05:19:49+00:00\",\"breadcrumb\":{\"@id\":\"https:\/\/www.lasermemories.hu\/?product=egyedi-oroknaptar-gravirozva#breadcrumb\"},\"inLanguage\":\"hu\",\"potentialAction\":[{\"@type\":\"ReadAction\",\"target\":[\"https:\/\/www.lasermemories.hu\/?product=egyedi-oroknaptar-gravirozva\"]}]},{\"@type\":\"BreadcrumbList\",\"@id\":\"https:\/\/www.lasermemories.hu\/?product=egyedi-oroknaptar-gravirozva#breadcrumb\",\"itemListElement\":[{\"@type\":\"ListItem\",\"position\":1,\"name\":\"Home\",\"item\":\"https:\/\/www.lasermemories.hu\/\"},{\"@type\":\"ListItem\",\"position\":2,\"name\":\"\u00dczlet\",\"item\":\"https:\/\/www.lasermemories.hu\/?page_id=9\"},{\"@type\":\"ListItem\",\"position\":3,\"name\":\"Egyedi \u00d6r\u00f6knapt\u00e1r grav\u00edrozva\"}]},{\"@type\":\"WebSite\",\"@id\":\"https:\/\/www.lasermemories.hu\/#website\",\"url\":\"https:\/\/www.lasermemories.hu\/\",\"name\":\"Laser Memories\",\"description\":\"Egyedi f\u00e1b\u00f3l k\u00e9sz\u00fclt k\u00fcl\u00f6nlegess\u00e9gek\",\"publisher\":{\"@id\":\"https:\/\/www.lasermemories.hu\/#organization\"},\"potentialAction\":[{\"@type\":\"SearchAction\",\"target\":{\"@type\":\"EntryPoint\",\"urlTemplate\":\"https:\/\/www.lasermemories.hu\/?s={search_term_string}\"},\"query-input\":\"required name=search_term_string\"}],\"inLanguage\":\"hu\"},{\"@type\":\"Organization\",\"@id\":\"https:\/\/www.lasermemories.hu\/#organization\",\"name\":\"Laser Memories\",\"url\":\"https:\/\/www.lasermemories.hu\/\",\"logo\":{\"@type\":\"ImageObject\",\"inLanguage\":\"hu\",\"@id\":\"https:\/\/www.lasermemories.hu\/#\/schema\/logo\/image\/\",\"url\":\"https:\/\/www.lasermemories.hu\/wp-content\/uploads\/2022\/08\/41589_Laser-Memories_PP-02.png\",\"contentUrl\":\"https:\/\/www.lasermemories.hu\/wp-content\/uploads\/2022\/08\/41589_Laser-Memories_PP-02.png\",\"width\":2137,\"height\":1703,\"caption\":\"Laser Memories\"},\"image\":{\"@id\":\"https:\/\/www.lasermemories.hu\/#\/schema\/logo\/image\/\"}}]}<\/script>\n<!-- \/ Yoast SEO plugin. -->","yoast_head_json":{"title":"Egyedi \u00d6r\u00f6knapt\u00e1r grav\u00edrozva - Laser Memories","robots":{"index":"index","follow":"follow","max-snippet":"max-snippet:-1","max-image-preview":"max-image-preview:large","max-video-preview":"max-video-preview:-1"},"canonical":"https:\/\/www.lasermemories.hu\/?product=egyedi-oroknaptar-gravirozva","og_locale":"hu_HU","og_type":"article","og_title":"Egyedi \u00d6r\u00f6knapt\u00e1r grav\u00edrozva - Laser Memories","og_description":"A fa \u00f6r\u00f6knapt\u00e1r nem csak egy praktikus id\u0151m\u00e9r\u0151, hanem egy szem\u00e9lyes eml\u00e9keztet\u0151 is. Kiv\u00e1l\u00f3 min\u0151s\u00e9g\u0171 \u00e9s tart\u00f3s fa anyagb\u00f3l k\u00e9sz\u00fclt, ami \u00e9letre sz\u00f3l\u00f3 id\u0151t\u00e1ll\u00f3s\u00e1got garant\u00e1l. Az egyedi grav\u00edroz\u00e1s lehet\u0151v\u00e9 teszi, hogy szem\u00e9lyre szabd a napt\u00e1rat. \u00c9vr\u0151l \u00e9vre \u00fajrahasznos\u00edthat\u00f3. Rendeld meg most ezt a Fa \u00d6r\u00f6knapt\u00e1rat, \u00e9s \u00e9lvezd az id\u0151t egy szem\u00e9lyes \u00e9s st\u00edlusos m\u00f3don! 22 [&hellip;]","og_url":"https:\/\/www.lasermemories.hu\/?product=egyedi-oroknaptar-gravirozva","og_site_name":"Laser Memories","article_modified_time":"2025-02-02T05:19:49+00:00","og_image":[{"width":1500,"height":2000,"url":"https:\/\/www.lasermemories.hu\/wp-content\/uploads\/2024\/01\/426963764_1412946562661207_7762713557293770063_n.jpg","type":"image\/jpeg"}],"twitter_card":"summary_large_image","twitter_misc":{"Becs\u00fclt olvas\u00e1si id\u0151":"1 perc"},"schema":{"@context":"https:\/\/schema.org","@graph":[{"@type":"WebPage","@id":"https:\/\/www.lasermemories.hu\/?product=egyedi-oroknaptar-gravirozva","url":"https:\/\/www.lasermemories.hu\/?product=egyedi-oroknaptar-gravirozva","name":"Egyedi \u00d6r\u00f6knapt\u00e1r grav\u00edrozva - Laser Memories","isPartOf":{"@id":"https:\/\/www.lasermemories.hu\/#website"},"datePublished":"2024-02-11T19:59:47+00:00","dateModified":"2025-02-02T05:19:49+00:00","breadcrumb":{"@id":"https:\/\/www.lasermemories.hu\/?product=egyedi-oroknaptar-gravirozva#breadcrumb"},"inLanguage":"hu","potentialAction":[{"@type":"ReadAction","target":["https:\/\/www.lasermemories.hu\/?product=egyedi-oroknaptar-gravirozva"]}]},{"@type":"BreadcrumbList","@id":"https:\/\/www.lasermemories.hu\/?product=egyedi-oroknaptar-gravirozva#breadcrumb","itemListElement":[{"@type":"ListItem","position":1,"name":"Home","item":"https:\/\/www.lasermemories.hu\/"},{"@type":"ListItem","position":2,"name":"\u00dczlet","item":"https:\/\/www.lasermemories.hu\/?page_id=9"},{"@type":"ListItem","position":3,"name":"Egyedi \u00d6r\u00f6knapt\u00e1r grav\u00edrozva"}]},{"@type":"WebSite","@id":"https:\/\/www.lasermemories.hu\/#website","url":"https:\/\/www.lasermemories.hu\/","name":"Laser Memories","description":"Egyedi f\u00e1b\u00f3l k\u00e9sz\u00fclt k\u00fcl\u00f6nlegess\u00e9gek","publisher":{"@id":"https:\/\/www.lasermemories.hu\/#organization"},"potentialAction":[{"@type":"SearchAction","target":{"@type":"EntryPoint","urlTemplate":"https:\/\/www.lasermemories.hu\/?s={search_term_string}"},"query-input":"required name=search_term_string"}],"inLanguage":"hu"},{"@type":"Organization","@id":"https:\/\/www.lasermemories.hu\/#organization","name":"Laser Memories","url":"https:\/\/www.lasermemories.hu\/","logo":{"@type":"ImageObject","inLanguage":"hu","@id":"https:\/\/www.lasermemories.hu\/#\/schema\/logo\/image\/","url":"https:\/\/www.lasermemories.hu\/wp-content\/uploads\/2022\/08\/41589_Laser-Memories_PP-02.png","contentUrl":"https:\/\/www.lasermemories.hu\/wp-content\/uploads\/2022\/08\/41589_Laser-Memories_PP-02.png","width":2137,"height":1703,"caption":"Laser Memories"},"image":{"@id":"https:\/\/www.lasermemories.hu\/#\/schema\/logo\/image\/"}}]}},"jetpack_sharing_enabled":true,"_links":{"self":[{"href":"https:\/\/www.lasermemories.hu\/index.php?rest_route=\/wp\/v2\/product\/2426","targetHints":{"allow":["GET"]}}],"collection":[{"href":"https:\/\/www.lasermemories.hu\/index.php?rest_route=\/wp\/v2\/product"}],"about":[{"href":"https:\/\/www.lasermemories.hu\/index.php?rest_route=\/wp\/v2\/types\/product"}],"wp:featuredmedia":[{"embeddable":true,"href":"https:\/\/www.lasermemories.hu\/index.php?rest_route=\/wp\/v2\/media\/2425"}],"wp:attachment":[{"href":"https:\/\/www.lasermemories.hu\/index.php?rest_route=%2Fwp%2Fv2%2Fmedia&parent=2426"}],"wp:term":[{"taxonomy":"product_brand","embeddable":true,"href":"https:\/\/www.lasermemories.hu\/index.php?rest_route=%2Fwp%2Fv2%2Fproduct_brand&post=2426"},{"taxonomy":"product_cat","embeddable":true,"href":"https:\/\/www.lasermemories.hu\/index.php?rest_route=%2Fwp%2Fv2%2Fproduct_cat&post=2426"},{"taxonomy":"product_tag","embeddable":true,"href":"https:\/\/www.lasermemories.hu\/index.php?rest_route=%2Fwp%2Fv2%2Fproduct_tag&post=2426"}],"curies":[{"name":"wp","href":"https:\/\/api.w.org\/{rel}","templated":true}]}}