{"id":2414,"date":"2024-02-11T11:22:24","date_gmt":"2024-02-11T11:22:24","guid":{"rendered":"https:\/\/www.lasermemories.hu\/?post_type=product&#038;p=2414"},"modified":"2025-05-07T19:49:12","modified_gmt":"2025-05-07T19:49:12","slug":"szulokoszonto-egyedi-gravirozott-meztarto-doboz","status":"publish","type":"product","link":"https:\/\/www.lasermemories.hu\/?product=szulokoszonto-egyedi-gravirozott-meztarto-doboz","title":{"rendered":"Sz\u00fcl\u0151k\u00f6sz\u00f6nt\u0151 Egyedi Grav\u00edrozott M\u00e9ztart\u00f3 doboz"},"content":{"rendered":"<p>Tedd eml\u00e9kezetess\u00e9, meghitt\u00e9 \u00e9s egyediv\u00e9 a Nagy Napodat ezzel az egyedileg form\u00e1lhat\u00f3 sz\u00fcl\u0151k\u00f6sz\u00f6nt\u0151 m\u00e9zesdobozzal, ami egy \u00f6r\u00f6k eml\u00e9k marad Neked \u00e9s Sz\u00fcleidnek!<\/p>\n<p>Ez a m\u00e9ztart\u00f3 d\u00edszdoboz nemcsak praktikus t\u00e1rol\u00f3eszk\u00f6z, hanem egyedi \u00e9s st\u00edlusos megold\u00e1s is. Kiv\u00e1l\u00f3 min\u0151s\u00e9g\u0171 faanyagb\u00f3l k\u00e9sz\u00fclt, amely id\u0151t\u00e1ll\u00f3 \u00e9s tart\u00f3s megold\u00e1st k\u00edn\u00e1l a m\u00e9z t\u00e1rol\u00e1s\u00e1ra \u00e9s \u00e1tad\u00e1s\u00e1ra.<\/p>\n<p>A doboz m\u00e9retei ide\u00e1lisak ahhoz, hogy egy \u00fcveg hazai m\u00e9z k\u00e9nyelmesen elf\u00e9rjen benne, \u00edgy szem\u00e9lyes \u00e9s meghitt aj\u00e1nd\u00e9kot var\u00e1zsolva bel\u0151le.<\/p>\n<p>720 ml-s \u00fcveghez<\/p>\n","protected":false},"excerpt":{"rendered":"<p>Tedd eml\u00e9kezetess\u00e9, meghitt\u00e9 \u00e9s egyediv\u00e9 a Nagy Napodat ezzel az egyedileg form\u00e1lhat\u00f3 sz\u00fcl\u0151k\u00f6sz\u00f6nt\u0151 m\u00e9zesdobozzal, ami egy \u00f6r\u00f6k eml\u00e9k marad Neked \u00e9s Sz\u00fcleidnek! Ez a m\u00e9ztart\u00f3 d\u00edszdoboz nemcsak praktikus t\u00e1rol\u00f3eszk\u00f6z, hanem egyedi \u00e9s st\u00edlusos megold\u00e1s is. Kiv\u00e1l\u00f3 min\u0151s\u00e9g\u0171 faanyagb\u00f3l k\u00e9sz\u00fclt, amely id\u0151t\u00e1ll\u00f3 \u00e9s tart\u00f3s megold\u00e1st k\u00edn\u00e1l a m\u00e9z t\u00e1rol\u00e1s\u00e1ra \u00e9s \u00e1tad\u00e1s\u00e1ra. A doboz m\u00e9retei ide\u00e1lisak ahhoz, [&hellip;]<\/p>\n","protected":false},"featured_media":2417,"template":"","meta":{"_acf_changed":false,"_monsterinsights_skip_tracking":false,"_monsterinsights_sitenote_active":false,"_monsterinsights_sitenote_note":"","_monsterinsights_sitenote_category":0},"product_brand":[],"product_cat":[52,48,67],"product_tag":[],"class_list":{"0":"post-2414","1":"product","2":"type-product","3":"status-publish","4":"has-post-thumbnail","6":"product_cat-eskuvoi-ajandek","7":"product_cat-ferfiaknak","8":"product_cat-eskuvoi-ajandek-2","10":"entry","11":"has-media","13":"first","14":"instock","15":"sale","16":"shipping-taxable","17":"purchasable","18":"product-type-simple","19":"has-product-nav","20":"col","21":"span_1_of_3","22":"owp-content-center","23":"owp-thumbs-layout-horizontal","24":"owp-btn-normal","25":"owp-tabs-layout-horizontal"},"acf":[],"yoast_head":"<!-- This site is optimized with the Yoast SEO plugin v22.0 - https:\/\/yoast.com\/wordpress\/plugins\/seo\/ -->\n<title>Sz\u00fcl\u0151k\u00f6sz\u00f6nt\u0151 Egyedi Grav\u00edrozott M\u00e9ztart\u00f3 doboz - Laser Memories<\/title>\n<meta name=\"robots\" content=\"index, follow, max-snippet:-1, max-image-preview:large, max-video-preview:-1\" \/>\n<link rel=\"canonical\" href=\"https:\/\/www.lasermemories.hu\/?product=szulokoszonto-egyedi-gravirozott-meztarto-doboz\" \/>\n<meta property=\"og:locale\" content=\"hu_HU\" \/>\n<meta property=\"og:type\" content=\"article\" \/>\n<meta property=\"og:title\" content=\"Sz\u00fcl\u0151k\u00f6sz\u00f6nt\u0151 Egyedi Grav\u00edrozott M\u00e9ztart\u00f3 doboz - Laser Memories\" \/>\n<meta property=\"og:description\" content=\"Tedd eml\u00e9kezetess\u00e9, meghitt\u00e9 \u00e9s egyediv\u00e9 a Nagy Napodat ezzel az egyedileg form\u00e1lhat\u00f3 sz\u00fcl\u0151k\u00f6sz\u00f6nt\u0151 m\u00e9zesdobozzal, ami egy \u00f6r\u00f6k eml\u00e9k marad Neked \u00e9s Sz\u00fcleidnek! Ez a m\u00e9ztart\u00f3 d\u00edszdoboz nemcsak praktikus t\u00e1rol\u00f3eszk\u00f6z, hanem egyedi \u00e9s st\u00edlusos megold\u00e1s is. Kiv\u00e1l\u00f3 min\u0151s\u00e9g\u0171 faanyagb\u00f3l k\u00e9sz\u00fclt, amely id\u0151t\u00e1ll\u00f3 \u00e9s tart\u00f3s megold\u00e1st k\u00edn\u00e1l a m\u00e9z t\u00e1rol\u00e1s\u00e1ra \u00e9s \u00e1tad\u00e1s\u00e1ra. A doboz m\u00e9retei ide\u00e1lisak ahhoz, [&hellip;]\" \/>\n<meta property=\"og:url\" content=\"https:\/\/www.lasermemories.hu\/?product=szulokoszonto-egyedi-gravirozott-meztarto-doboz\" \/>\n<meta property=\"og:site_name\" content=\"Laser Memories\" \/>\n<meta property=\"article:modified_time\" content=\"2025-05-07T19:49:12+00:00\" \/>\n<meta property=\"og:image\" content=\"https:\/\/www.lasermemories.hu\/wp-content\/uploads\/2024\/02\/423147528_1049349629457008_4137862497064268263_n.jpg\" \/>\n\t<meta property=\"og:image:width\" content=\"1536\" \/>\n\t<meta property=\"og:image:height\" content=\"2048\" \/>\n\t<meta property=\"og:image:type\" content=\"image\/jpeg\" \/>\n<meta name=\"twitter:card\" content=\"summary_large_image\" \/>\n<meta name=\"twitter:label1\" content=\"Becs\u00fclt olvas\u00e1si id\u0151\" \/>\n\t<meta name=\"twitter:data1\" content=\"1 perc\" \/>\n<script type=\"application\/ld+json\" class=\"yoast-schema-graph\">{\"@context\":\"https:\/\/schema.org\",\"@graph\":[{\"@type\":\"WebPage\",\"@id\":\"https:\/\/www.lasermemories.hu\/?product=szulokoszonto-egyedi-gravirozott-meztarto-doboz\",\"url\":\"https:\/\/www.lasermemories.hu\/?product=szulokoszonto-egyedi-gravirozott-meztarto-doboz\",\"name\":\"Sz\u00fcl\u0151k\u00f6sz\u00f6nt\u0151 Egyedi Grav\u00edrozott M\u00e9ztart\u00f3 doboz - Laser Memories\",\"isPartOf\":{\"@id\":\"https:\/\/www.lasermemories.hu\/#website\"},\"datePublished\":\"2024-02-11T11:22:24+00:00\",\"dateModified\":\"2025-05-07T19:49:12+00:00\",\"breadcrumb\":{\"@id\":\"https:\/\/www.lasermemories.hu\/?product=szulokoszonto-egyedi-gravirozott-meztarto-doboz#breadcrumb\"},\"inLanguage\":\"hu\",\"potentialAction\":[{\"@type\":\"ReadAction\",\"target\":[\"https:\/\/www.lasermemories.hu\/?product=szulokoszonto-egyedi-gravirozott-meztarto-doboz\"]}]},{\"@type\":\"BreadcrumbList\",\"@id\":\"https:\/\/www.lasermemories.hu\/?product=szulokoszonto-egyedi-gravirozott-meztarto-doboz#breadcrumb\",\"itemListElement\":[{\"@type\":\"ListItem\",\"position\":1,\"name\":\"Home\",\"item\":\"https:\/\/www.lasermemories.hu\/\"},{\"@type\":\"ListItem\",\"position\":2,\"name\":\"\u00dczlet\",\"item\":\"https:\/\/www.lasermemories.hu\/?page_id=9\"},{\"@type\":\"ListItem\",\"position\":3,\"name\":\"Sz\u00fcl\u0151k\u00f6sz\u00f6nt\u0151 Egyedi Grav\u00edrozott M\u00e9ztart\u00f3 doboz\"}]},{\"@type\":\"WebSite\",\"@id\":\"https:\/\/www.lasermemories.hu\/#website\",\"url\":\"https:\/\/www.lasermemories.hu\/\",\"name\":\"Laser Memories\",\"description\":\"Egyedi f\u00e1b\u00f3l k\u00e9sz\u00fclt k\u00fcl\u00f6nlegess\u00e9gek\",\"publisher\":{\"@id\":\"https:\/\/www.lasermemories.hu\/#organization\"},\"potentialAction\":[{\"@type\":\"SearchAction\",\"target\":{\"@type\":\"EntryPoint\",\"urlTemplate\":\"https:\/\/www.lasermemories.hu\/?s={search_term_string}\"},\"query-input\":\"required name=search_term_string\"}],\"inLanguage\":\"hu\"},{\"@type\":\"Organization\",\"@id\":\"https:\/\/www.lasermemories.hu\/#organization\",\"name\":\"Laser Memories\",\"url\":\"https:\/\/www.lasermemories.hu\/\",\"logo\":{\"@type\":\"ImageObject\",\"inLanguage\":\"hu\",\"@id\":\"https:\/\/www.lasermemories.hu\/#\/schema\/logo\/image\/\",\"url\":\"https:\/\/www.lasermemories.hu\/wp-content\/uploads\/2022\/08\/41589_Laser-Memories_PP-02.png\",\"contentUrl\":\"https:\/\/www.lasermemories.hu\/wp-content\/uploads\/2022\/08\/41589_Laser-Memories_PP-02.png\",\"width\":2137,\"height\":1703,\"caption\":\"Laser Memories\"},\"image\":{\"@id\":\"https:\/\/www.lasermemories.hu\/#\/schema\/logo\/image\/\"}}]}<\/script>\n<!-- \/ Yoast SEO plugin. -->","yoast_head_json":{"title":"Sz\u00fcl\u0151k\u00f6sz\u00f6nt\u0151 Egyedi Grav\u00edrozott M\u00e9ztart\u00f3 doboz - Laser Memories","robots":{"index":"index","follow":"follow","max-snippet":"max-snippet:-1","max-image-preview":"max-image-preview:large","max-video-preview":"max-video-preview:-1"},"canonical":"https:\/\/www.lasermemories.hu\/?product=szulokoszonto-egyedi-gravirozott-meztarto-doboz","og_locale":"hu_HU","og_type":"article","og_title":"Sz\u00fcl\u0151k\u00f6sz\u00f6nt\u0151 Egyedi Grav\u00edrozott M\u00e9ztart\u00f3 doboz - Laser Memories","og_description":"Tedd eml\u00e9kezetess\u00e9, meghitt\u00e9 \u00e9s egyediv\u00e9 a Nagy Napodat ezzel az egyedileg form\u00e1lhat\u00f3 sz\u00fcl\u0151k\u00f6sz\u00f6nt\u0151 m\u00e9zesdobozzal, ami egy \u00f6r\u00f6k eml\u00e9k marad Neked \u00e9s Sz\u00fcleidnek! Ez a m\u00e9ztart\u00f3 d\u00edszdoboz nemcsak praktikus t\u00e1rol\u00f3eszk\u00f6z, hanem egyedi \u00e9s st\u00edlusos megold\u00e1s is. Kiv\u00e1l\u00f3 min\u0151s\u00e9g\u0171 faanyagb\u00f3l k\u00e9sz\u00fclt, amely id\u0151t\u00e1ll\u00f3 \u00e9s tart\u00f3s megold\u00e1st k\u00edn\u00e1l a m\u00e9z t\u00e1rol\u00e1s\u00e1ra \u00e9s \u00e1tad\u00e1s\u00e1ra. A doboz m\u00e9retei ide\u00e1lisak ahhoz, [&hellip;]","og_url":"https:\/\/www.lasermemories.hu\/?product=szulokoszonto-egyedi-gravirozott-meztarto-doboz","og_site_name":"Laser Memories","article_modified_time":"2025-05-07T19:49:12+00:00","og_image":[{"width":1536,"height":2048,"url":"https:\/\/www.lasermemories.hu\/wp-content\/uploads\/2024\/02\/423147528_1049349629457008_4137862497064268263_n.jpg","type":"image\/jpeg"}],"twitter_card":"summary_large_image","twitter_misc":{"Becs\u00fclt olvas\u00e1si id\u0151":"1 perc"},"schema":{"@context":"https:\/\/schema.org","@graph":[{"@type":"WebPage","@id":"https:\/\/www.lasermemories.hu\/?product=szulokoszonto-egyedi-gravirozott-meztarto-doboz","url":"https:\/\/www.lasermemories.hu\/?product=szulokoszonto-egyedi-gravirozott-meztarto-doboz","name":"Sz\u00fcl\u0151k\u00f6sz\u00f6nt\u0151 Egyedi Grav\u00edrozott M\u00e9ztart\u00f3 doboz - Laser Memories","isPartOf":{"@id":"https:\/\/www.lasermemories.hu\/#website"},"datePublished":"2024-02-11T11:22:24+00:00","dateModified":"2025-05-07T19:49:12+00:00","breadcrumb":{"@id":"https:\/\/www.lasermemories.hu\/?product=szulokoszonto-egyedi-gravirozott-meztarto-doboz#breadcrumb"},"inLanguage":"hu","potentialAction":[{"@type":"ReadAction","target":["https:\/\/www.lasermemories.hu\/?product=szulokoszonto-egyedi-gravirozott-meztarto-doboz"]}]},{"@type":"BreadcrumbList","@id":"https:\/\/www.lasermemories.hu\/?product=szulokoszonto-egyedi-gravirozott-meztarto-doboz#breadcrumb","itemListElement":[{"@type":"ListItem","position":1,"name":"Home","item":"https:\/\/www.lasermemories.hu\/"},{"@type":"ListItem","position":2,"name":"\u00dczlet","item":"https:\/\/www.lasermemories.hu\/?page_id=9"},{"@type":"ListItem","position":3,"name":"Sz\u00fcl\u0151k\u00f6sz\u00f6nt\u0151 Egyedi Grav\u00edrozott M\u00e9ztart\u00f3 doboz"}]},{"@type":"WebSite","@id":"https:\/\/www.lasermemories.hu\/#website","url":"https:\/\/www.lasermemories.hu\/","name":"Laser Memories","description":"Egyedi f\u00e1b\u00f3l k\u00e9sz\u00fclt k\u00fcl\u00f6nlegess\u00e9gek","publisher":{"@id":"https:\/\/www.lasermemories.hu\/#organization"},"potentialAction":[{"@type":"SearchAction","target":{"@type":"EntryPoint","urlTemplate":"https:\/\/www.lasermemories.hu\/?s={search_term_string}"},"query-input":"required name=search_term_string"}],"inLanguage":"hu"},{"@type":"Organization","@id":"https:\/\/www.lasermemories.hu\/#organization","name":"Laser Memories","url":"https:\/\/www.lasermemories.hu\/","logo":{"@type":"ImageObject","inLanguage":"hu","@id":"https:\/\/www.lasermemories.hu\/#\/schema\/logo\/image\/","url":"https:\/\/www.lasermemories.hu\/wp-content\/uploads\/2022\/08\/41589_Laser-Memories_PP-02.png","contentUrl":"https:\/\/www.lasermemories.hu\/wp-content\/uploads\/2022\/08\/41589_Laser-Memories_PP-02.png","width":2137,"height":1703,"caption":"Laser Memories"},"image":{"@id":"https:\/\/www.lasermemories.hu\/#\/schema\/logo\/image\/"}}]}},"jetpack_sharing_enabled":true,"_links":{"self":[{"href":"https:\/\/www.lasermemories.hu\/index.php?rest_route=\/wp\/v2\/product\/2414","targetHints":{"allow":["GET"]}}],"collection":[{"href":"https:\/\/www.lasermemories.hu\/index.php?rest_route=\/wp\/v2\/product"}],"about":[{"href":"https:\/\/www.lasermemories.hu\/index.php?rest_route=\/wp\/v2\/types\/product"}],"wp:featuredmedia":[{"embeddable":true,"href":"https:\/\/www.lasermemories.hu\/index.php?rest_route=\/wp\/v2\/media\/2417"}],"wp:attachment":[{"href":"https:\/\/www.lasermemories.hu\/index.php?rest_route=%2Fwp%2Fv2%2Fmedia&parent=2414"}],"wp:term":[{"taxonomy":"product_brand","embeddable":true,"href":"https:\/\/www.lasermemories.hu\/index.php?rest_route=%2Fwp%2Fv2%2Fproduct_brand&post=2414"},{"taxonomy":"product_cat","embeddable":true,"href":"https:\/\/www.lasermemories.hu\/index.php?rest_route=%2Fwp%2Fv2%2Fproduct_cat&post=2414"},{"taxonomy":"product_tag","embeddable":true,"href":"https:\/\/www.lasermemories.hu\/index.php?rest_route=%2Fwp%2Fv2%2Fproduct_tag&post=2414"}],"curies":[{"name":"wp","href":"https:\/\/api.w.org\/{rel}","templated":true}]}}