{"id":2287,"date":"2024-01-22T17:06:26","date_gmt":"2024-01-22T17:06:26","guid":{"rendered":"https:\/\/www.lasermemories.hu\/?post_type=product&#038;p=2287"},"modified":"2025-02-02T06:42:16","modified_gmt":"2025-02-02T06:42:16","slug":"csaladfa-tabla-kor-alaku-allvannyal","status":"publish","type":"product","link":"https:\/\/www.lasermemories.hu\/?product=csaladfa-tabla-kor-alaku-allvannyal","title":{"rendered":"Csal\u00e1dfa t\u00e1bla k\u00f6r alak\u00fa \u00e1llv\u00e1nnyal"},"content":{"rendered":"<p>A k\u00f6r alak\u00fa csal\u00e1dfa t\u00e1bla egy st\u00edlusos \u00e9s egyedi kieg\u00e9sz\u00edt\u0151je lehet otthonodnak.<\/p>\n<p>Az eleg\u00e1ns kivitel \u00e9s a tart\u00f3s anyagok biztos\u00edtj\u00e1k, hogy ez a dekor\u00e1ci\u00f3 hossz\u00fa \u00e9vekig sz\u00e9p \u00e9s \u00e9rintetlen maradjon.<\/p>\n<p>A csal\u00e1dfa \u00e1gain megjel\u00f6lhetitek szeretteitek nev\u00e9t,\u00edgy ez teszi igaz\u00e1n szem\u00e9lyess\u00e9 a d\u00edszt.. Ez\u00e1ltal a t\u00e1bla nem csak d\u00edsz, hanem \u00e9rt\u00e9kes csal\u00e1di eml\u00e9kt\u00e1rgy is.<\/p>\n<p>&nbsp;<\/p>\n<p>25 cm ( max 7 db n\u00e9v)<\/p>\n<p>30 cm ( max 9 db n\u00e9v)<\/p>\n<p>35 cm (max 11 db n\u00e9v)<\/p>\n<p>40 cm (max 13 db n\u00e9v)<\/p>\n<p>50 cm (max 20 db n\u00e9v)<\/p>\n<p>60 cm (max 30 db n\u00e9v)<\/p>\n","protected":false},"excerpt":{"rendered":"<p>A k\u00f6r alak\u00fa csal\u00e1dfa t\u00e1bla egy st\u00edlusos \u00e9s egyedi kieg\u00e9sz\u00edt\u0151je lehet otthonodnak. Az eleg\u00e1ns kivitel \u00e9s a tart\u00f3s anyagok biztos\u00edtj\u00e1k, hogy ez a dekor\u00e1ci\u00f3 hossz\u00fa \u00e9vekig sz\u00e9p \u00e9s \u00e9rintetlen maradjon. A csal\u00e1dfa \u00e1gain megjel\u00f6lhetitek szeretteitek nev\u00e9t,\u00edgy ez teszi igaz\u00e1n szem\u00e9lyess\u00e9 a d\u00edszt.. Ez\u00e1ltal a t\u00e1bla nem csak d\u00edsz, hanem \u00e9rt\u00e9kes csal\u00e1di eml\u00e9kt\u00e1rgy is. &nbsp; 25 [&hellip;]<\/p>\n","protected":false},"featured_media":2297,"template":"","meta":{"_acf_changed":false,"_monsterinsights_skip_tracking":false,"_monsterinsights_sitenote_active":false,"_monsterinsights_sitenote_note":"","_monsterinsights_sitenote_category":0},"product_brand":[],"product_cat":[49,50],"product_tag":[],"class_list":{"0":"post-2287","1":"product","2":"type-product","3":"status-publish","4":"has-post-thumbnail","6":"product_cat-ajandek-noknek","7":"product_cat-szuloknek","9":"entry","10":"has-media","12":"first","13":"instock","14":"sale","15":"shipping-taxable","16":"purchasable","17":"product-type-simple","18":"has-product-nav","19":"col","20":"span_1_of_3","21":"owp-content-center","22":"owp-thumbs-layout-horizontal","23":"owp-btn-normal","24":"owp-tabs-layout-horizontal"},"acf":[],"yoast_head":"<!-- This site is optimized with the Yoast SEO plugin v22.0 - https:\/\/yoast.com\/wordpress\/plugins\/seo\/ -->\n<title>Csal\u00e1dfa t\u00e1bla k\u00f6r alak\u00fa \u00e1llv\u00e1nnyal - Laser Memories<\/title>\n<meta name=\"robots\" content=\"index, follow, max-snippet:-1, max-image-preview:large, max-video-preview:-1\" \/>\n<link rel=\"canonical\" href=\"https:\/\/www.lasermemories.hu\/?product=csaladfa-tabla-kor-alaku-allvannyal\" \/>\n<meta property=\"og:locale\" content=\"hu_HU\" \/>\n<meta property=\"og:type\" content=\"article\" \/>\n<meta property=\"og:title\" content=\"Csal\u00e1dfa t\u00e1bla k\u00f6r alak\u00fa \u00e1llv\u00e1nnyal - Laser Memories\" \/>\n<meta property=\"og:description\" content=\"A k\u00f6r alak\u00fa csal\u00e1dfa t\u00e1bla egy st\u00edlusos \u00e9s egyedi kieg\u00e9sz\u00edt\u0151je lehet otthonodnak. Az eleg\u00e1ns kivitel \u00e9s a tart\u00f3s anyagok biztos\u00edtj\u00e1k, hogy ez a dekor\u00e1ci\u00f3 hossz\u00fa \u00e9vekig sz\u00e9p \u00e9s \u00e9rintetlen maradjon. A csal\u00e1dfa \u00e1gain megjel\u00f6lhetitek szeretteitek nev\u00e9t,\u00edgy ez teszi igaz\u00e1n szem\u00e9lyess\u00e9 a d\u00edszt.. Ez\u00e1ltal a t\u00e1bla nem csak d\u00edsz, hanem \u00e9rt\u00e9kes csal\u00e1di eml\u00e9kt\u00e1rgy is. &nbsp; 25 [&hellip;]\" \/>\n<meta property=\"og:url\" content=\"https:\/\/www.lasermemories.hu\/?product=csaladfa-tabla-kor-alaku-allvannyal\" \/>\n<meta property=\"og:site_name\" content=\"Laser Memories\" \/>\n<meta property=\"article:modified_time\" content=\"2025-02-02T06:42:16+00:00\" \/>\n<meta property=\"og:image\" content=\"https:\/\/www.lasermemories.hu\/wp-content\/uploads\/2024\/01\/420036590_1881603728921823_3779907499961814190_n.jpg\" \/>\n\t<meta property=\"og:image:width\" content=\"943\" \/>\n\t<meta property=\"og:image:height\" content=\"855\" \/>\n\t<meta property=\"og:image:type\" content=\"image\/jpeg\" \/>\n<meta name=\"twitter:card\" content=\"summary_large_image\" \/>\n<meta name=\"twitter:label1\" content=\"Becs\u00fclt olvas\u00e1si id\u0151\" \/>\n\t<meta name=\"twitter:data1\" content=\"1 perc\" \/>\n<script type=\"application\/ld+json\" class=\"yoast-schema-graph\">{\"@context\":\"https:\/\/schema.org\",\"@graph\":[{\"@type\":\"WebPage\",\"@id\":\"https:\/\/www.lasermemories.hu\/?product=csaladfa-tabla-kor-alaku-allvannyal\",\"url\":\"https:\/\/www.lasermemories.hu\/?product=csaladfa-tabla-kor-alaku-allvannyal\",\"name\":\"Csal\u00e1dfa t\u00e1bla k\u00f6r alak\u00fa \u00e1llv\u00e1nnyal - Laser Memories\",\"isPartOf\":{\"@id\":\"https:\/\/www.lasermemories.hu\/#website\"},\"datePublished\":\"2024-01-22T17:06:26+00:00\",\"dateModified\":\"2025-02-02T06:42:16+00:00\",\"breadcrumb\":{\"@id\":\"https:\/\/www.lasermemories.hu\/?product=csaladfa-tabla-kor-alaku-allvannyal#breadcrumb\"},\"inLanguage\":\"hu\",\"potentialAction\":[{\"@type\":\"ReadAction\",\"target\":[\"https:\/\/www.lasermemories.hu\/?product=csaladfa-tabla-kor-alaku-allvannyal\"]}]},{\"@type\":\"BreadcrumbList\",\"@id\":\"https:\/\/www.lasermemories.hu\/?product=csaladfa-tabla-kor-alaku-allvannyal#breadcrumb\",\"itemListElement\":[{\"@type\":\"ListItem\",\"position\":1,\"name\":\"Home\",\"item\":\"https:\/\/www.lasermemories.hu\/\"},{\"@type\":\"ListItem\",\"position\":2,\"name\":\"\u00dczlet\",\"item\":\"https:\/\/www.lasermemories.hu\/?page_id=9\"},{\"@type\":\"ListItem\",\"position\":3,\"name\":\"Csal\u00e1dfa t\u00e1bla k\u00f6r alak\u00fa \u00e1llv\u00e1nnyal\"}]},{\"@type\":\"WebSite\",\"@id\":\"https:\/\/www.lasermemories.hu\/#website\",\"url\":\"https:\/\/www.lasermemories.hu\/\",\"name\":\"Laser Memories\",\"description\":\"Egyedi f\u00e1b\u00f3l k\u00e9sz\u00fclt k\u00fcl\u00f6nlegess\u00e9gek\",\"publisher\":{\"@id\":\"https:\/\/www.lasermemories.hu\/#organization\"},\"potentialAction\":[{\"@type\":\"SearchAction\",\"target\":{\"@type\":\"EntryPoint\",\"urlTemplate\":\"https:\/\/www.lasermemories.hu\/?s={search_term_string}\"},\"query-input\":\"required name=search_term_string\"}],\"inLanguage\":\"hu\"},{\"@type\":\"Organization\",\"@id\":\"https:\/\/www.lasermemories.hu\/#organization\",\"name\":\"Laser Memories\",\"url\":\"https:\/\/www.lasermemories.hu\/\",\"logo\":{\"@type\":\"ImageObject\",\"inLanguage\":\"hu\",\"@id\":\"https:\/\/www.lasermemories.hu\/#\/schema\/logo\/image\/\",\"url\":\"https:\/\/www.lasermemories.hu\/wp-content\/uploads\/2022\/08\/41589_Laser-Memories_PP-02.png\",\"contentUrl\":\"https:\/\/www.lasermemories.hu\/wp-content\/uploads\/2022\/08\/41589_Laser-Memories_PP-02.png\",\"width\":2137,\"height\":1703,\"caption\":\"Laser Memories\"},\"image\":{\"@id\":\"https:\/\/www.lasermemories.hu\/#\/schema\/logo\/image\/\"}}]}<\/script>\n<!-- \/ Yoast SEO plugin. -->","yoast_head_json":{"title":"Csal\u00e1dfa t\u00e1bla k\u00f6r alak\u00fa \u00e1llv\u00e1nnyal - Laser Memories","robots":{"index":"index","follow":"follow","max-snippet":"max-snippet:-1","max-image-preview":"max-image-preview:large","max-video-preview":"max-video-preview:-1"},"canonical":"https:\/\/www.lasermemories.hu\/?product=csaladfa-tabla-kor-alaku-allvannyal","og_locale":"hu_HU","og_type":"article","og_title":"Csal\u00e1dfa t\u00e1bla k\u00f6r alak\u00fa \u00e1llv\u00e1nnyal - Laser Memories","og_description":"A k\u00f6r alak\u00fa csal\u00e1dfa t\u00e1bla egy st\u00edlusos \u00e9s egyedi kieg\u00e9sz\u00edt\u0151je lehet otthonodnak. Az eleg\u00e1ns kivitel \u00e9s a tart\u00f3s anyagok biztos\u00edtj\u00e1k, hogy ez a dekor\u00e1ci\u00f3 hossz\u00fa \u00e9vekig sz\u00e9p \u00e9s \u00e9rintetlen maradjon. A csal\u00e1dfa \u00e1gain megjel\u00f6lhetitek szeretteitek nev\u00e9t,\u00edgy ez teszi igaz\u00e1n szem\u00e9lyess\u00e9 a d\u00edszt.. Ez\u00e1ltal a t\u00e1bla nem csak d\u00edsz, hanem \u00e9rt\u00e9kes csal\u00e1di eml\u00e9kt\u00e1rgy is. &nbsp; 25 [&hellip;]","og_url":"https:\/\/www.lasermemories.hu\/?product=csaladfa-tabla-kor-alaku-allvannyal","og_site_name":"Laser Memories","article_modified_time":"2025-02-02T06:42:16+00:00","og_image":[{"width":943,"height":855,"url":"https:\/\/www.lasermemories.hu\/wp-content\/uploads\/2024\/01\/420036590_1881603728921823_3779907499961814190_n.jpg","type":"image\/jpeg"}],"twitter_card":"summary_large_image","twitter_misc":{"Becs\u00fclt olvas\u00e1si id\u0151":"1 perc"},"schema":{"@context":"https:\/\/schema.org","@graph":[{"@type":"WebPage","@id":"https:\/\/www.lasermemories.hu\/?product=csaladfa-tabla-kor-alaku-allvannyal","url":"https:\/\/www.lasermemories.hu\/?product=csaladfa-tabla-kor-alaku-allvannyal","name":"Csal\u00e1dfa t\u00e1bla k\u00f6r alak\u00fa \u00e1llv\u00e1nnyal - Laser Memories","isPartOf":{"@id":"https:\/\/www.lasermemories.hu\/#website"},"datePublished":"2024-01-22T17:06:26+00:00","dateModified":"2025-02-02T06:42:16+00:00","breadcrumb":{"@id":"https:\/\/www.lasermemories.hu\/?product=csaladfa-tabla-kor-alaku-allvannyal#breadcrumb"},"inLanguage":"hu","potentialAction":[{"@type":"ReadAction","target":["https:\/\/www.lasermemories.hu\/?product=csaladfa-tabla-kor-alaku-allvannyal"]}]},{"@type":"BreadcrumbList","@id":"https:\/\/www.lasermemories.hu\/?product=csaladfa-tabla-kor-alaku-allvannyal#breadcrumb","itemListElement":[{"@type":"ListItem","position":1,"name":"Home","item":"https:\/\/www.lasermemories.hu\/"},{"@type":"ListItem","position":2,"name":"\u00dczlet","item":"https:\/\/www.lasermemories.hu\/?page_id=9"},{"@type":"ListItem","position":3,"name":"Csal\u00e1dfa t\u00e1bla k\u00f6r alak\u00fa \u00e1llv\u00e1nnyal"}]},{"@type":"WebSite","@id":"https:\/\/www.lasermemories.hu\/#website","url":"https:\/\/www.lasermemories.hu\/","name":"Laser Memories","description":"Egyedi f\u00e1b\u00f3l k\u00e9sz\u00fclt k\u00fcl\u00f6nlegess\u00e9gek","publisher":{"@id":"https:\/\/www.lasermemories.hu\/#organization"},"potentialAction":[{"@type":"SearchAction","target":{"@type":"EntryPoint","urlTemplate":"https:\/\/www.lasermemories.hu\/?s={search_term_string}"},"query-input":"required name=search_term_string"}],"inLanguage":"hu"},{"@type":"Organization","@id":"https:\/\/www.lasermemories.hu\/#organization","name":"Laser Memories","url":"https:\/\/www.lasermemories.hu\/","logo":{"@type":"ImageObject","inLanguage":"hu","@id":"https:\/\/www.lasermemories.hu\/#\/schema\/logo\/image\/","url":"https:\/\/www.lasermemories.hu\/wp-content\/uploads\/2022\/08\/41589_Laser-Memories_PP-02.png","contentUrl":"https:\/\/www.lasermemories.hu\/wp-content\/uploads\/2022\/08\/41589_Laser-Memories_PP-02.png","width":2137,"height":1703,"caption":"Laser Memories"},"image":{"@id":"https:\/\/www.lasermemories.hu\/#\/schema\/logo\/image\/"}}]}},"jetpack_sharing_enabled":true,"_links":{"self":[{"href":"https:\/\/www.lasermemories.hu\/index.php?rest_route=\/wp\/v2\/product\/2287","targetHints":{"allow":["GET"]}}],"collection":[{"href":"https:\/\/www.lasermemories.hu\/index.php?rest_route=\/wp\/v2\/product"}],"about":[{"href":"https:\/\/www.lasermemories.hu\/index.php?rest_route=\/wp\/v2\/types\/product"}],"wp:featuredmedia":[{"embeddable":true,"href":"https:\/\/www.lasermemories.hu\/index.php?rest_route=\/wp\/v2\/media\/2297"}],"wp:attachment":[{"href":"https:\/\/www.lasermemories.hu\/index.php?rest_route=%2Fwp%2Fv2%2Fmedia&parent=2287"}],"wp:term":[{"taxonomy":"product_brand","embeddable":true,"href":"https:\/\/www.lasermemories.hu\/index.php?rest_route=%2Fwp%2Fv2%2Fproduct_brand&post=2287"},{"taxonomy":"product_cat","embeddable":true,"href":"https:\/\/www.lasermemories.hu\/index.php?rest_route=%2Fwp%2Fv2%2Fproduct_cat&post=2287"},{"taxonomy":"product_tag","embeddable":true,"href":"https:\/\/www.lasermemories.hu\/index.php?rest_route=%2Fwp%2Fv2%2Fproduct_tag&post=2287"}],"curies":[{"name":"wp","href":"https:\/\/api.w.org\/{rel}","templated":true}]}}