{"id":2217,"date":"2024-01-19T18:24:01","date_gmt":"2024-01-19T18:24:01","guid":{"rendered":"https:\/\/www.lasermemories.hu\/?post_type=product&#038;p=2217"},"modified":"2025-05-28T10:34:27","modified_gmt":"2025-05-28T10:34:27","slug":"eskuvoi-egyedi-felirat-betu","status":"publish","type":"product","link":"https:\/\/www.lasermemories.hu\/?product=eskuvoi-egyedi-felirat-betu","title":{"rendered":"Esk\u00fcv\u0151i egyedi felirat bet\u0171"},"content":{"rendered":"<p>Esk\u00fcv\u0151i Egyedi Felirat Bet\u0171,<\/p>\n<p>v\u00e1laszthat\u00f3 bet\u0171t\u00edpussal: V\u00e1laszthat\u00f3 bet\u0171t\u00edpussal 3mm vastag ny\u00edrf\u00e1b\u00f3l.<\/p>\n<p>V\u00e1laszthat\u00f3 m\u00e9retben<\/p>\n<p>MAGASS\u00c1G : 50 cm , 60 cm<\/p>\n<p>A term\u00e9k magass\u00e1ga a v\u00e1lasztott bet\u0171t\u00edpust\u00f3l, illetve a sz\u00e9less\u00e9gt\u0151l f\u00fcgg.<\/p>\n<p>AZ \u00c1R 2 DB BET\u0170T TARTALMAZ VAGY 2 DB BET\u0170 + &#8220;&amp;&#8221; JEL<\/p>\n<p>El\u0151n\u00e9zetet k\u00e9rhetsz. El\u0151n\u00e9zet k\u00e9r\u00e9se eset\u00e9n digit\u00e1lis k\u00e9peket k\u00fcld\u00fcnk neked miel\u0151tt legy\u00e1rtjuk a term\u00e9ket. 48 \u00f3r\u00e1d van reag\u00e1lni, hogy megfelel-e. Ha nem \u00e9rkezik v\u00e1lasz, akkor automatikusan gy\u00e1rtjuk a d\u00edszt az eredeti terv alapj\u00e1n.<\/p>\n<p>&nbsp;<\/p>\n<p><span style=\"color: #ff0000;\">Figyelem !! Csak h\u00e1zhoz sz\u00e1ll\u00edt\u00e1ssal k\u00e9rhet\u0151 term\u00e9k !!!<\/span><\/p>\n<p>A term\u00e9k s\u00e9rtetlen k\u00e9zbesites\u00e9t csak GLS-el tudjuk v\u00e1llalni.<\/p>\n","protected":false},"excerpt":{"rendered":"<p>Esk\u00fcv\u0151i Egyedi Felirat Bet\u0171, v\u00e1laszthat\u00f3 bet\u0171t\u00edpussal: V\u00e1laszthat\u00f3 bet\u0171t\u00edpussal 3mm vastag ny\u00edrf\u00e1b\u00f3l. V\u00e1laszthat\u00f3 m\u00e9retben MAGASS\u00c1G : 50 cm , 60 cm A term\u00e9k magass\u00e1ga a v\u00e1lasztott bet\u0171t\u00edpust\u00f3l, illetve a sz\u00e9less\u00e9gt\u0151l f\u00fcgg. AZ \u00c1R 2 DB BET\u0170T TARTALMAZ VAGY 2 DB BET\u0170 + &#8220;&amp;&#8221; JEL El\u0151n\u00e9zetet k\u00e9rhetsz. El\u0151n\u00e9zet k\u00e9r\u00e9se eset\u00e9n digit\u00e1lis k\u00e9peket k\u00fcld\u00fcnk neked miel\u0151tt legy\u00e1rtjuk a [&hellip;]<\/p>\n","protected":false},"featured_media":2218,"template":"","meta":{"_acf_changed":false,"_monsterinsights_skip_tracking":false,"_monsterinsights_sitenote_active":false,"_monsterinsights_sitenote_note":"","_monsterinsights_sitenote_category":0},"product_brand":[],"product_cat":[64],"product_tag":[],"class_list":{"0":"post-2217","1":"product","2":"type-product","3":"status-publish","4":"has-post-thumbnail","6":"product_cat-eskuvoi-dekor","8":"entry","9":"has-media","11":"first","12":"instock","13":"shipping-taxable","14":"purchasable","15":"product-type-simple","16":"has-product-nav","17":"col","18":"span_1_of_3","19":"owp-content-center","20":"owp-thumbs-layout-horizontal","21":"owp-btn-normal","22":"owp-tabs-layout-horizontal"},"acf":[],"yoast_head":"<!-- This site is optimized with the Yoast SEO plugin v22.0 - https:\/\/yoast.com\/wordpress\/plugins\/seo\/ -->\n<title>Esk\u00fcv\u0151i egyedi felirat bet\u0171 - Laser Memories<\/title>\n<meta name=\"robots\" content=\"index, follow, max-snippet:-1, max-image-preview:large, max-video-preview:-1\" \/>\n<link rel=\"canonical\" href=\"https:\/\/www.lasermemories.hu\/?product=eskuvoi-egyedi-felirat-betu\" \/>\n<meta property=\"og:locale\" content=\"hu_HU\" \/>\n<meta property=\"og:type\" content=\"article\" \/>\n<meta property=\"og:title\" content=\"Esk\u00fcv\u0151i egyedi felirat bet\u0171 - Laser Memories\" \/>\n<meta property=\"og:description\" content=\"Esk\u00fcv\u0151i Egyedi Felirat Bet\u0171, v\u00e1laszthat\u00f3 bet\u0171t\u00edpussal: V\u00e1laszthat\u00f3 bet\u0171t\u00edpussal 3mm vastag ny\u00edrf\u00e1b\u00f3l. V\u00e1laszthat\u00f3 m\u00e9retben MAGASS\u00c1G : 50 cm , 60 cm A term\u00e9k magass\u00e1ga a v\u00e1lasztott bet\u0171t\u00edpust\u00f3l, illetve a sz\u00e9less\u00e9gt\u0151l f\u00fcgg. AZ \u00c1R 2 DB BET\u0170T TARTALMAZ VAGY 2 DB BET\u0170 + &#8220;&amp;&#8221; JEL El\u0151n\u00e9zetet k\u00e9rhetsz. El\u0151n\u00e9zet k\u00e9r\u00e9se eset\u00e9n digit\u00e1lis k\u00e9peket k\u00fcld\u00fcnk neked miel\u0151tt legy\u00e1rtjuk a [&hellip;]\" \/>\n<meta property=\"og:url\" content=\"https:\/\/www.lasermemories.hu\/?product=eskuvoi-egyedi-felirat-betu\" \/>\n<meta property=\"og:site_name\" content=\"Laser Memories\" \/>\n<meta property=\"article:modified_time\" content=\"2025-05-28T10:34:27+00:00\" \/>\n<meta property=\"og:image\" content=\"https:\/\/www.lasermemories.hu\/wp-content\/uploads\/2024\/01\/f.jpg\" \/>\n\t<meta property=\"og:image:width\" content=\"1122\" \/>\n\t<meta property=\"og:image:height\" content=\"1496\" \/>\n\t<meta property=\"og:image:type\" content=\"image\/jpeg\" \/>\n<meta name=\"twitter:card\" content=\"summary_large_image\" \/>\n<meta name=\"twitter:label1\" content=\"Becs\u00fclt olvas\u00e1si id\u0151\" \/>\n\t<meta name=\"twitter:data1\" content=\"1 perc\" \/>\n<script type=\"application\/ld+json\" class=\"yoast-schema-graph\">{\"@context\":\"https:\/\/schema.org\",\"@graph\":[{\"@type\":\"WebPage\",\"@id\":\"https:\/\/www.lasermemories.hu\/?product=eskuvoi-egyedi-felirat-betu\",\"url\":\"https:\/\/www.lasermemories.hu\/?product=eskuvoi-egyedi-felirat-betu\",\"name\":\"Esk\u00fcv\u0151i egyedi felirat bet\u0171 - Laser Memories\",\"isPartOf\":{\"@id\":\"https:\/\/www.lasermemories.hu\/#website\"},\"datePublished\":\"2024-01-19T18:24:01+00:00\",\"dateModified\":\"2025-05-28T10:34:27+00:00\",\"breadcrumb\":{\"@id\":\"https:\/\/www.lasermemories.hu\/?product=eskuvoi-egyedi-felirat-betu#breadcrumb\"},\"inLanguage\":\"hu\",\"potentialAction\":[{\"@type\":\"ReadAction\",\"target\":[\"https:\/\/www.lasermemories.hu\/?product=eskuvoi-egyedi-felirat-betu\"]}]},{\"@type\":\"BreadcrumbList\",\"@id\":\"https:\/\/www.lasermemories.hu\/?product=eskuvoi-egyedi-felirat-betu#breadcrumb\",\"itemListElement\":[{\"@type\":\"ListItem\",\"position\":1,\"name\":\"Home\",\"item\":\"https:\/\/www.lasermemories.hu\/\"},{\"@type\":\"ListItem\",\"position\":2,\"name\":\"\u00dczlet\",\"item\":\"https:\/\/www.lasermemories.hu\/?page_id=9\"},{\"@type\":\"ListItem\",\"position\":3,\"name\":\"Esk\u00fcv\u0151i egyedi felirat bet\u0171\"}]},{\"@type\":\"WebSite\",\"@id\":\"https:\/\/www.lasermemories.hu\/#website\",\"url\":\"https:\/\/www.lasermemories.hu\/\",\"name\":\"Laser Memories\",\"description\":\"Egyedi f\u00e1b\u00f3l k\u00e9sz\u00fclt k\u00fcl\u00f6nlegess\u00e9gek\",\"publisher\":{\"@id\":\"https:\/\/www.lasermemories.hu\/#organization\"},\"potentialAction\":[{\"@type\":\"SearchAction\",\"target\":{\"@type\":\"EntryPoint\",\"urlTemplate\":\"https:\/\/www.lasermemories.hu\/?s={search_term_string}\"},\"query-input\":\"required name=search_term_string\"}],\"inLanguage\":\"hu\"},{\"@type\":\"Organization\",\"@id\":\"https:\/\/www.lasermemories.hu\/#organization\",\"name\":\"Laser Memories\",\"url\":\"https:\/\/www.lasermemories.hu\/\",\"logo\":{\"@type\":\"ImageObject\",\"inLanguage\":\"hu\",\"@id\":\"https:\/\/www.lasermemories.hu\/#\/schema\/logo\/image\/\",\"url\":\"https:\/\/www.lasermemories.hu\/wp-content\/uploads\/2022\/08\/41589_Laser-Memories_PP-02.png\",\"contentUrl\":\"https:\/\/www.lasermemories.hu\/wp-content\/uploads\/2022\/08\/41589_Laser-Memories_PP-02.png\",\"width\":2137,\"height\":1703,\"caption\":\"Laser Memories\"},\"image\":{\"@id\":\"https:\/\/www.lasermemories.hu\/#\/schema\/logo\/image\/\"}}]}<\/script>\n<!-- \/ Yoast SEO plugin. -->","yoast_head_json":{"title":"Esk\u00fcv\u0151i egyedi felirat bet\u0171 - Laser Memories","robots":{"index":"index","follow":"follow","max-snippet":"max-snippet:-1","max-image-preview":"max-image-preview:large","max-video-preview":"max-video-preview:-1"},"canonical":"https:\/\/www.lasermemories.hu\/?product=eskuvoi-egyedi-felirat-betu","og_locale":"hu_HU","og_type":"article","og_title":"Esk\u00fcv\u0151i egyedi felirat bet\u0171 - Laser Memories","og_description":"Esk\u00fcv\u0151i Egyedi Felirat Bet\u0171, v\u00e1laszthat\u00f3 bet\u0171t\u00edpussal: V\u00e1laszthat\u00f3 bet\u0171t\u00edpussal 3mm vastag ny\u00edrf\u00e1b\u00f3l. V\u00e1laszthat\u00f3 m\u00e9retben MAGASS\u00c1G : 50 cm , 60 cm A term\u00e9k magass\u00e1ga a v\u00e1lasztott bet\u0171t\u00edpust\u00f3l, illetve a sz\u00e9less\u00e9gt\u0151l f\u00fcgg. AZ \u00c1R 2 DB BET\u0170T TARTALMAZ VAGY 2 DB BET\u0170 + &#8220;&amp;&#8221; JEL El\u0151n\u00e9zetet k\u00e9rhetsz. El\u0151n\u00e9zet k\u00e9r\u00e9se eset\u00e9n digit\u00e1lis k\u00e9peket k\u00fcld\u00fcnk neked miel\u0151tt legy\u00e1rtjuk a [&hellip;]","og_url":"https:\/\/www.lasermemories.hu\/?product=eskuvoi-egyedi-felirat-betu","og_site_name":"Laser Memories","article_modified_time":"2025-05-28T10:34:27+00:00","og_image":[{"width":1122,"height":1496,"url":"https:\/\/www.lasermemories.hu\/wp-content\/uploads\/2024\/01\/f.jpg","type":"image\/jpeg"}],"twitter_card":"summary_large_image","twitter_misc":{"Becs\u00fclt olvas\u00e1si id\u0151":"1 perc"},"schema":{"@context":"https:\/\/schema.org","@graph":[{"@type":"WebPage","@id":"https:\/\/www.lasermemories.hu\/?product=eskuvoi-egyedi-felirat-betu","url":"https:\/\/www.lasermemories.hu\/?product=eskuvoi-egyedi-felirat-betu","name":"Esk\u00fcv\u0151i egyedi felirat bet\u0171 - Laser Memories","isPartOf":{"@id":"https:\/\/www.lasermemories.hu\/#website"},"datePublished":"2024-01-19T18:24:01+00:00","dateModified":"2025-05-28T10:34:27+00:00","breadcrumb":{"@id":"https:\/\/www.lasermemories.hu\/?product=eskuvoi-egyedi-felirat-betu#breadcrumb"},"inLanguage":"hu","potentialAction":[{"@type":"ReadAction","target":["https:\/\/www.lasermemories.hu\/?product=eskuvoi-egyedi-felirat-betu"]}]},{"@type":"BreadcrumbList","@id":"https:\/\/www.lasermemories.hu\/?product=eskuvoi-egyedi-felirat-betu#breadcrumb","itemListElement":[{"@type":"ListItem","position":1,"name":"Home","item":"https:\/\/www.lasermemories.hu\/"},{"@type":"ListItem","position":2,"name":"\u00dczlet","item":"https:\/\/www.lasermemories.hu\/?page_id=9"},{"@type":"ListItem","position":3,"name":"Esk\u00fcv\u0151i egyedi felirat bet\u0171"}]},{"@type":"WebSite","@id":"https:\/\/www.lasermemories.hu\/#website","url":"https:\/\/www.lasermemories.hu\/","name":"Laser Memories","description":"Egyedi f\u00e1b\u00f3l k\u00e9sz\u00fclt k\u00fcl\u00f6nlegess\u00e9gek","publisher":{"@id":"https:\/\/www.lasermemories.hu\/#organization"},"potentialAction":[{"@type":"SearchAction","target":{"@type":"EntryPoint","urlTemplate":"https:\/\/www.lasermemories.hu\/?s={search_term_string}"},"query-input":"required name=search_term_string"}],"inLanguage":"hu"},{"@type":"Organization","@id":"https:\/\/www.lasermemories.hu\/#organization","name":"Laser Memories","url":"https:\/\/www.lasermemories.hu\/","logo":{"@type":"ImageObject","inLanguage":"hu","@id":"https:\/\/www.lasermemories.hu\/#\/schema\/logo\/image\/","url":"https:\/\/www.lasermemories.hu\/wp-content\/uploads\/2022\/08\/41589_Laser-Memories_PP-02.png","contentUrl":"https:\/\/www.lasermemories.hu\/wp-content\/uploads\/2022\/08\/41589_Laser-Memories_PP-02.png","width":2137,"height":1703,"caption":"Laser Memories"},"image":{"@id":"https:\/\/www.lasermemories.hu\/#\/schema\/logo\/image\/"}}]}},"jetpack_sharing_enabled":true,"_links":{"self":[{"href":"https:\/\/www.lasermemories.hu\/index.php?rest_route=\/wp\/v2\/product\/2217","targetHints":{"allow":["GET"]}}],"collection":[{"href":"https:\/\/www.lasermemories.hu\/index.php?rest_route=\/wp\/v2\/product"}],"about":[{"href":"https:\/\/www.lasermemories.hu\/index.php?rest_route=\/wp\/v2\/types\/product"}],"wp:featuredmedia":[{"embeddable":true,"href":"https:\/\/www.lasermemories.hu\/index.php?rest_route=\/wp\/v2\/media\/2218"}],"wp:attachment":[{"href":"https:\/\/www.lasermemories.hu\/index.php?rest_route=%2Fwp%2Fv2%2Fmedia&parent=2217"}],"wp:term":[{"taxonomy":"product_brand","embeddable":true,"href":"https:\/\/www.lasermemories.hu\/index.php?rest_route=%2Fwp%2Fv2%2Fproduct_brand&post=2217"},{"taxonomy":"product_cat","embeddable":true,"href":"https:\/\/www.lasermemories.hu\/index.php?rest_route=%2Fwp%2Fv2%2Fproduct_cat&post=2217"},{"taxonomy":"product_tag","embeddable":true,"href":"https:\/\/www.lasermemories.hu\/index.php?rest_route=%2Fwp%2Fv2%2Fproduct_tag&post=2217"}],"curies":[{"name":"wp","href":"https:\/\/api.w.org\/{rel}","templated":true}]}}