{"id":2215,"date":"2024-01-19T17:42:33","date_gmt":"2024-01-19T17:42:33","guid":{"rendered":"https:\/\/www.lasermemories.hu\/?post_type=product&#038;p=2215"},"modified":"2025-02-02T06:54:30","modified_gmt":"2025-02-02T06:54:30","slug":"vendegkonyv-sziv-alaku","status":"publish","type":"product","link":"https:\/\/www.lasermemories.hu\/?product=vendegkonyv-sziv-alaku","title":{"rendered":"Esk\u00fcv\u0151i vend\u00e9gk\u00f6nyv sz\u00edv alak\u00fa"},"content":{"rendered":"<p>Teremtsd meg az \u00f6r\u00f6kk\u00e9val\u00f3 eml\u00e9keket az esk\u00fcv\u0151det egyedi \u00e9s romantikus m\u00f3don ezzel a Sz\u00edv Alak\u00fa Esk\u00fcv\u0151i Vend\u00e9gk\u00f6nyvvel!<\/p>\n<p>Az esk\u00fcv\u0151i vend\u00e9gk\u00f6nyv\u00fcnk nem csup\u00e1n egy gy\u0171jtem\u00e9ny vend\u00e9g\u00fczenetekr\u0151l, hanem egy gy\u00f6ny\u00f6r\u0171 eml\u00e9kt\u00e1rgy is, amely \u00f6r\u00f6kre meg\u0151rzi az esk\u00fcv\u0151 var\u00e1zs\u00e1t. A sz\u00edv alak\u00fa design romantikus \u00e9s st\u00edlusos, \u00e9s t\u00f6k\u00e9letesen illeszkedik a nagy nap hangulat\u00e1hoz.<\/p>\n<p>A sz\u00edv alak\u00fa vend\u00e9gk\u00f6nyvet szem\u00e9lyre szabhatod a nevetekkel \u00e9s az esk\u00fcv\u0151 d\u00e1tum\u00e1val, \u00edgy egyedi \u00e9s szem\u00e9lyes aj\u00e1nd\u00e9kk\u00e1 v\u00e1lik. Rendeld meg most, \u00e9s teremtsd meg az esk\u00fcv\u0151t\u00f6k eml\u00e9keit egy gy\u00f6ny\u00f6r\u0171 \u00e9s romantikus vend\u00e9gk\u00f6nyvvel.<\/p>\n<p>70 DB sz\u00edvvel<\/p>\n<p>120 DB sz\u00edvvel<\/p>\n<p>&nbsp;<\/p>\n<p>Aj\u00e1nd\u00e9k dobozzal !<\/p>\n<p>&nbsp;<\/p>\n<p>&nbsp;<\/p>\n<p><span style=\"color: #ff0000;\">Figyelem !! Csak h\u00e1zhoz sz\u00e1ll\u00edt\u00e1ssal k\u00e9rhet\u0151 term\u00e9k !!!<\/span><\/p>\n<p>&nbsp;<\/p>\n<p>&nbsp;<\/p>\n","protected":false},"excerpt":{"rendered":"<p>Teremtsd meg az \u00f6r\u00f6kk\u00e9val\u00f3 eml\u00e9keket az esk\u00fcv\u0151det egyedi \u00e9s romantikus m\u00f3don ezzel a Sz\u00edv Alak\u00fa Esk\u00fcv\u0151i Vend\u00e9gk\u00f6nyvvel! Az esk\u00fcv\u0151i vend\u00e9gk\u00f6nyv\u00fcnk nem csup\u00e1n egy gy\u0171jtem\u00e9ny vend\u00e9g\u00fczenetekr\u0151l, hanem egy gy\u00f6ny\u00f6r\u0171 eml\u00e9kt\u00e1rgy is, amely \u00f6r\u00f6kre meg\u0151rzi az esk\u00fcv\u0151 var\u00e1zs\u00e1t. A sz\u00edv alak\u00fa design romantikus \u00e9s st\u00edlusos, \u00e9s t\u00f6k\u00e9letesen illeszkedik a nagy nap hangulat\u00e1hoz. A sz\u00edv alak\u00fa vend\u00e9gk\u00f6nyvet szem\u00e9lyre [&hellip;]<\/p>\n","protected":false},"featured_media":2216,"template":"","meta":{"_acf_changed":false,"_monsterinsights_skip_tracking":false,"_monsterinsights_sitenote_active":false,"_monsterinsights_sitenote_note":"","_monsterinsights_sitenote_category":0},"product_brand":[],"product_cat":[69],"product_tag":[],"class_list":{"0":"post-2215","1":"product","2":"type-product","3":"status-publish","4":"has-post-thumbnail","6":"product_cat-vendegkonyv","8":"entry","9":"has-media","11":"first","12":"instock","13":"sale","14":"shipping-taxable","15":"purchasable","16":"product-type-simple","17":"has-product-nav","18":"col","19":"span_1_of_3","20":"owp-content-center","21":"owp-thumbs-layout-horizontal","22":"owp-btn-normal","23":"owp-tabs-layout-horizontal","24":"has-no-thumbnails"},"acf":[],"yoast_head":"<!-- This site is optimized with the Yoast SEO plugin v22.0 - https:\/\/yoast.com\/wordpress\/plugins\/seo\/ -->\n<title>Esk\u00fcv\u0151i vend\u00e9gk\u00f6nyv sz\u00edv alak\u00fa - Laser Memories<\/title>\n<meta name=\"robots\" content=\"index, follow, max-snippet:-1, max-image-preview:large, max-video-preview:-1\" \/>\n<link rel=\"canonical\" href=\"https:\/\/www.lasermemories.hu\/?product=vendegkonyv-sziv-alaku\" \/>\n<meta property=\"og:locale\" content=\"hu_HU\" \/>\n<meta property=\"og:type\" content=\"article\" \/>\n<meta property=\"og:title\" content=\"Esk\u00fcv\u0151i vend\u00e9gk\u00f6nyv sz\u00edv alak\u00fa - Laser Memories\" \/>\n<meta property=\"og:description\" content=\"Teremtsd meg az \u00f6r\u00f6kk\u00e9val\u00f3 eml\u00e9keket az esk\u00fcv\u0151det egyedi \u00e9s romantikus m\u00f3don ezzel a Sz\u00edv Alak\u00fa Esk\u00fcv\u0151i Vend\u00e9gk\u00f6nyvvel! Az esk\u00fcv\u0151i vend\u00e9gk\u00f6nyv\u00fcnk nem csup\u00e1n egy gy\u0171jtem\u00e9ny vend\u00e9g\u00fczenetekr\u0151l, hanem egy gy\u00f6ny\u00f6r\u0171 eml\u00e9kt\u00e1rgy is, amely \u00f6r\u00f6kre meg\u0151rzi az esk\u00fcv\u0151 var\u00e1zs\u00e1t. A sz\u00edv alak\u00fa design romantikus \u00e9s st\u00edlusos, \u00e9s t\u00f6k\u00e9letesen illeszkedik a nagy nap hangulat\u00e1hoz. A sz\u00edv alak\u00fa vend\u00e9gk\u00f6nyvet szem\u00e9lyre [&hellip;]\" \/>\n<meta property=\"og:url\" content=\"https:\/\/www.lasermemories.hu\/?product=vendegkonyv-sziv-alaku\" \/>\n<meta property=\"og:site_name\" content=\"Laser Memories\" \/>\n<meta property=\"article:modified_time\" content=\"2025-02-02T06:54:30+00:00\" \/>\n<meta property=\"og:image\" content=\"https:\/\/www.lasermemories.hu\/wp-content\/uploads\/2024\/01\/vendegkony.jpg\" \/>\n\t<meta property=\"og:image:width\" content=\"843\" \/>\n\t<meta property=\"og:image:height\" content=\"1122\" \/>\n\t<meta property=\"og:image:type\" content=\"image\/jpeg\" \/>\n<meta name=\"twitter:card\" content=\"summary_large_image\" \/>\n<meta name=\"twitter:label1\" content=\"Becs\u00fclt olvas\u00e1si id\u0151\" \/>\n\t<meta name=\"twitter:data1\" content=\"1 perc\" \/>\n<script type=\"application\/ld+json\" class=\"yoast-schema-graph\">{\"@context\":\"https:\/\/schema.org\",\"@graph\":[{\"@type\":\"WebPage\",\"@id\":\"https:\/\/www.lasermemories.hu\/?product=vendegkonyv-sziv-alaku\",\"url\":\"https:\/\/www.lasermemories.hu\/?product=vendegkonyv-sziv-alaku\",\"name\":\"Esk\u00fcv\u0151i vend\u00e9gk\u00f6nyv sz\u00edv alak\u00fa - Laser Memories\",\"isPartOf\":{\"@id\":\"https:\/\/www.lasermemories.hu\/#website\"},\"datePublished\":\"2024-01-19T17:42:33+00:00\",\"dateModified\":\"2025-02-02T06:54:30+00:00\",\"breadcrumb\":{\"@id\":\"https:\/\/www.lasermemories.hu\/?product=vendegkonyv-sziv-alaku#breadcrumb\"},\"inLanguage\":\"hu\",\"potentialAction\":[{\"@type\":\"ReadAction\",\"target\":[\"https:\/\/www.lasermemories.hu\/?product=vendegkonyv-sziv-alaku\"]}]},{\"@type\":\"BreadcrumbList\",\"@id\":\"https:\/\/www.lasermemories.hu\/?product=vendegkonyv-sziv-alaku#breadcrumb\",\"itemListElement\":[{\"@type\":\"ListItem\",\"position\":1,\"name\":\"Home\",\"item\":\"https:\/\/www.lasermemories.hu\/\"},{\"@type\":\"ListItem\",\"position\":2,\"name\":\"\u00dczlet\",\"item\":\"https:\/\/www.lasermemories.hu\/?page_id=9\"},{\"@type\":\"ListItem\",\"position\":3,\"name\":\"Esk\u00fcv\u0151i vend\u00e9gk\u00f6nyv sz\u00edv alak\u00fa\"}]},{\"@type\":\"WebSite\",\"@id\":\"https:\/\/www.lasermemories.hu\/#website\",\"url\":\"https:\/\/www.lasermemories.hu\/\",\"name\":\"Laser Memories\",\"description\":\"Egyedi f\u00e1b\u00f3l k\u00e9sz\u00fclt k\u00fcl\u00f6nlegess\u00e9gek\",\"publisher\":{\"@id\":\"https:\/\/www.lasermemories.hu\/#organization\"},\"potentialAction\":[{\"@type\":\"SearchAction\",\"target\":{\"@type\":\"EntryPoint\",\"urlTemplate\":\"https:\/\/www.lasermemories.hu\/?s={search_term_string}\"},\"query-input\":\"required name=search_term_string\"}],\"inLanguage\":\"hu\"},{\"@type\":\"Organization\",\"@id\":\"https:\/\/www.lasermemories.hu\/#organization\",\"name\":\"Laser Memories\",\"url\":\"https:\/\/www.lasermemories.hu\/\",\"logo\":{\"@type\":\"ImageObject\",\"inLanguage\":\"hu\",\"@id\":\"https:\/\/www.lasermemories.hu\/#\/schema\/logo\/image\/\",\"url\":\"https:\/\/www.lasermemories.hu\/wp-content\/uploads\/2022\/08\/41589_Laser-Memories_PP-02.png\",\"contentUrl\":\"https:\/\/www.lasermemories.hu\/wp-content\/uploads\/2022\/08\/41589_Laser-Memories_PP-02.png\",\"width\":2137,\"height\":1703,\"caption\":\"Laser Memories\"},\"image\":{\"@id\":\"https:\/\/www.lasermemories.hu\/#\/schema\/logo\/image\/\"}}]}<\/script>\n<!-- \/ Yoast SEO plugin. -->","yoast_head_json":{"title":"Esk\u00fcv\u0151i vend\u00e9gk\u00f6nyv sz\u00edv alak\u00fa - Laser Memories","robots":{"index":"index","follow":"follow","max-snippet":"max-snippet:-1","max-image-preview":"max-image-preview:large","max-video-preview":"max-video-preview:-1"},"canonical":"https:\/\/www.lasermemories.hu\/?product=vendegkonyv-sziv-alaku","og_locale":"hu_HU","og_type":"article","og_title":"Esk\u00fcv\u0151i vend\u00e9gk\u00f6nyv sz\u00edv alak\u00fa - Laser Memories","og_description":"Teremtsd meg az \u00f6r\u00f6kk\u00e9val\u00f3 eml\u00e9keket az esk\u00fcv\u0151det egyedi \u00e9s romantikus m\u00f3don ezzel a Sz\u00edv Alak\u00fa Esk\u00fcv\u0151i Vend\u00e9gk\u00f6nyvvel! Az esk\u00fcv\u0151i vend\u00e9gk\u00f6nyv\u00fcnk nem csup\u00e1n egy gy\u0171jtem\u00e9ny vend\u00e9g\u00fczenetekr\u0151l, hanem egy gy\u00f6ny\u00f6r\u0171 eml\u00e9kt\u00e1rgy is, amely \u00f6r\u00f6kre meg\u0151rzi az esk\u00fcv\u0151 var\u00e1zs\u00e1t. A sz\u00edv alak\u00fa design romantikus \u00e9s st\u00edlusos, \u00e9s t\u00f6k\u00e9letesen illeszkedik a nagy nap hangulat\u00e1hoz. A sz\u00edv alak\u00fa vend\u00e9gk\u00f6nyvet szem\u00e9lyre [&hellip;]","og_url":"https:\/\/www.lasermemories.hu\/?product=vendegkonyv-sziv-alaku","og_site_name":"Laser Memories","article_modified_time":"2025-02-02T06:54:30+00:00","og_image":[{"width":843,"height":1122,"url":"https:\/\/www.lasermemories.hu\/wp-content\/uploads\/2024\/01\/vendegkony.jpg","type":"image\/jpeg"}],"twitter_card":"summary_large_image","twitter_misc":{"Becs\u00fclt olvas\u00e1si id\u0151":"1 perc"},"schema":{"@context":"https:\/\/schema.org","@graph":[{"@type":"WebPage","@id":"https:\/\/www.lasermemories.hu\/?product=vendegkonyv-sziv-alaku","url":"https:\/\/www.lasermemories.hu\/?product=vendegkonyv-sziv-alaku","name":"Esk\u00fcv\u0151i vend\u00e9gk\u00f6nyv sz\u00edv alak\u00fa - Laser Memories","isPartOf":{"@id":"https:\/\/www.lasermemories.hu\/#website"},"datePublished":"2024-01-19T17:42:33+00:00","dateModified":"2025-02-02T06:54:30+00:00","breadcrumb":{"@id":"https:\/\/www.lasermemories.hu\/?product=vendegkonyv-sziv-alaku#breadcrumb"},"inLanguage":"hu","potentialAction":[{"@type":"ReadAction","target":["https:\/\/www.lasermemories.hu\/?product=vendegkonyv-sziv-alaku"]}]},{"@type":"BreadcrumbList","@id":"https:\/\/www.lasermemories.hu\/?product=vendegkonyv-sziv-alaku#breadcrumb","itemListElement":[{"@type":"ListItem","position":1,"name":"Home","item":"https:\/\/www.lasermemories.hu\/"},{"@type":"ListItem","position":2,"name":"\u00dczlet","item":"https:\/\/www.lasermemories.hu\/?page_id=9"},{"@type":"ListItem","position":3,"name":"Esk\u00fcv\u0151i vend\u00e9gk\u00f6nyv sz\u00edv alak\u00fa"}]},{"@type":"WebSite","@id":"https:\/\/www.lasermemories.hu\/#website","url":"https:\/\/www.lasermemories.hu\/","name":"Laser Memories","description":"Egyedi f\u00e1b\u00f3l k\u00e9sz\u00fclt k\u00fcl\u00f6nlegess\u00e9gek","publisher":{"@id":"https:\/\/www.lasermemories.hu\/#organization"},"potentialAction":[{"@type":"SearchAction","target":{"@type":"EntryPoint","urlTemplate":"https:\/\/www.lasermemories.hu\/?s={search_term_string}"},"query-input":"required name=search_term_string"}],"inLanguage":"hu"},{"@type":"Organization","@id":"https:\/\/www.lasermemories.hu\/#organization","name":"Laser Memories","url":"https:\/\/www.lasermemories.hu\/","logo":{"@type":"ImageObject","inLanguage":"hu","@id":"https:\/\/www.lasermemories.hu\/#\/schema\/logo\/image\/","url":"https:\/\/www.lasermemories.hu\/wp-content\/uploads\/2022\/08\/41589_Laser-Memories_PP-02.png","contentUrl":"https:\/\/www.lasermemories.hu\/wp-content\/uploads\/2022\/08\/41589_Laser-Memories_PP-02.png","width":2137,"height":1703,"caption":"Laser Memories"},"image":{"@id":"https:\/\/www.lasermemories.hu\/#\/schema\/logo\/image\/"}}]}},"jetpack_sharing_enabled":true,"_links":{"self":[{"href":"https:\/\/www.lasermemories.hu\/index.php?rest_route=\/wp\/v2\/product\/2215","targetHints":{"allow":["GET"]}}],"collection":[{"href":"https:\/\/www.lasermemories.hu\/index.php?rest_route=\/wp\/v2\/product"}],"about":[{"href":"https:\/\/www.lasermemories.hu\/index.php?rest_route=\/wp\/v2\/types\/product"}],"wp:featuredmedia":[{"embeddable":true,"href":"https:\/\/www.lasermemories.hu\/index.php?rest_route=\/wp\/v2\/media\/2216"}],"wp:attachment":[{"href":"https:\/\/www.lasermemories.hu\/index.php?rest_route=%2Fwp%2Fv2%2Fmedia&parent=2215"}],"wp:term":[{"taxonomy":"product_brand","embeddable":true,"href":"https:\/\/www.lasermemories.hu\/index.php?rest_route=%2Fwp%2Fv2%2Fproduct_brand&post=2215"},{"taxonomy":"product_cat","embeddable":true,"href":"https:\/\/www.lasermemories.hu\/index.php?rest_route=%2Fwp%2Fv2%2Fproduct_cat&post=2215"},{"taxonomy":"product_tag","embeddable":true,"href":"https:\/\/www.lasermemories.hu\/index.php?rest_route=%2Fwp%2Fv2%2Fproduct_tag&post=2215"}],"curies":[{"name":"wp","href":"https:\/\/api.w.org\/{rel}","templated":true}]}}