{"id":1752,"date":"2023-11-01T16:48:13","date_gmt":"2023-11-01T16:48:13","guid":{"rendered":"https:\/\/www.lasermemories.hu\/?post_type=product&#038;p=1752"},"modified":"2025-12-18T06:22:32","modified_gmt":"2025-12-18T06:22:32","slug":"egyedi-emlekor-karacsonyfadisz","status":"publish","type":"product","link":"https:\/\/www.lasermemories.hu\/?product=egyedi-emlekor-karacsonyfadisz","title":{"rendered":"Egyedi eml\u00e9k\u0151r kar\u00e1csonyfad\u00edsz"},"content":{"rendered":"<p>Szeretteink elveszt\u00e9se nagy \u0171rt hagy sz\u00edv\u00fcnkben, f\u0151leg csal\u00e1di \u00fcnnepek alkalm\u00e1val neh\u00e9z ezt feldolgozni.<\/p>\n<p>\u00c1ll\u00edts \u00f6r\u00f6k eml\u00e9ket az \u00fcnnepekre szeretteidr\u0151l, legyenek mindig veletek nem csak sz\u00edvetekben, de egy fizikai eml\u00e9kk\u00e9nt is a kar\u00e1csonyf\u00e1tokon.<\/p>\n<p>M\u00e9retek:<\/p>\n<ul>\n<li>8 cm<\/li>\n<li>10 cm<\/li>\n<li>12 cm<\/li>\n<\/ul>\n<p>T\u00f6bb v\u00e1ltozatban is el\u00e9rhet\u0151, egy r\u00e9teg\u0171, k\u00e9t r\u00e9teg\u0171, valamint grav\u00edrozott sz\u00e1rny kivitelben is.<\/p>\n","protected":false},"excerpt":{"rendered":"<p>Szeretteink elveszt\u00e9se nagy \u0171rt hagy sz\u00edv\u00fcnkben, f\u0151leg csal\u00e1di \u00fcnnepek alkalm\u00e1val neh\u00e9z ezt feldolgozni. \u00c1ll\u00edts \u00f6r\u00f6k eml\u00e9ket az \u00fcnnepekre szeretteidr\u0151l, legyenek mindig veletek nem csak sz\u00edvetekben, de egy fizikai eml\u00e9kk\u00e9nt is a kar\u00e1csonyf\u00e1tokon. M\u00e9retek: 8 cm 10 cm 12 cm T\u00f6bb v\u00e1ltozatban is el\u00e9rhet\u0151, egy r\u00e9teg\u0171, k\u00e9t r\u00e9teg\u0171, valamint grav\u00edrozott sz\u00e1rny kivitelben is.<\/p>\n","protected":false},"featured_media":1753,"template":"","meta":{"_acf_changed":false,"_monsterinsights_skip_tracking":false,"_monsterinsights_sitenote_active":false,"_monsterinsights_sitenote_note":"","_monsterinsights_sitenote_category":0},"product_brand":[],"product_cat":[20],"product_tag":[],"class_list":{"0":"post-1752","1":"product","2":"type-product","3":"status-publish","4":"has-post-thumbnail","6":"product_cat-karacsony","8":"entry","9":"has-media","11":"first","12":"instock","13":"shipping-taxable","14":"purchasable","15":"product-type-simple","16":"has-product-nav","17":"col","18":"span_1_of_3","19":"owp-content-center","20":"owp-thumbs-layout-horizontal","21":"owp-btn-normal","22":"owp-tabs-layout-horizontal"},"acf":[],"yoast_head":"<!-- This site is optimized with the Yoast SEO plugin v22.0 - https:\/\/yoast.com\/wordpress\/plugins\/seo\/ -->\n<title>Egyedi eml\u00e9k\u0151r kar\u00e1csonyfad\u00edsz - Laser Memories<\/title>\n<meta name=\"robots\" content=\"index, follow, max-snippet:-1, max-image-preview:large, max-video-preview:-1\" \/>\n<link rel=\"canonical\" href=\"https:\/\/www.lasermemories.hu\/?product=egyedi-emlekor-karacsonyfadisz\" \/>\n<meta property=\"og:locale\" content=\"hu_HU\" \/>\n<meta property=\"og:type\" content=\"article\" \/>\n<meta property=\"og:title\" content=\"Egyedi eml\u00e9k\u0151r kar\u00e1csonyfad\u00edsz - Laser Memories\" \/>\n<meta property=\"og:description\" content=\"Szeretteink elveszt\u00e9se nagy \u0171rt hagy sz\u00edv\u00fcnkben, f\u0151leg csal\u00e1di \u00fcnnepek alkalm\u00e1val neh\u00e9z ezt feldolgozni. \u00c1ll\u00edts \u00f6r\u00f6k eml\u00e9ket az \u00fcnnepekre szeretteidr\u0151l, legyenek mindig veletek nem csak sz\u00edvetekben, de egy fizikai eml\u00e9kk\u00e9nt is a kar\u00e1csonyf\u00e1tokon. M\u00e9retek: 8 cm 10 cm 12 cm T\u00f6bb v\u00e1ltozatban is el\u00e9rhet\u0151, egy r\u00e9teg\u0171, k\u00e9t r\u00e9teg\u0171, valamint grav\u00edrozott sz\u00e1rny kivitelben is.\" \/>\n<meta property=\"og:url\" content=\"https:\/\/www.lasermemories.hu\/?product=egyedi-emlekor-karacsonyfadisz\" \/>\n<meta property=\"og:site_name\" content=\"Laser Memories\" \/>\n<meta property=\"article:modified_time\" content=\"2025-12-18T06:22:32+00:00\" \/>\n<meta property=\"og:image\" content=\"https:\/\/www.lasermemories.hu\/wp-content\/uploads\/2023\/11\/370169085_680297130863180_6637906745632725840_n.jpg\" \/>\n\t<meta property=\"og:image:width\" content=\"1530\" \/>\n\t<meta property=\"og:image:height\" content=\"2040\" \/>\n\t<meta property=\"og:image:type\" content=\"image\/jpeg\" \/>\n<meta name=\"twitter:card\" content=\"summary_large_image\" \/>\n<meta name=\"twitter:label1\" content=\"Becs\u00fclt olvas\u00e1si id\u0151\" \/>\n\t<meta name=\"twitter:data1\" content=\"1 perc\" \/>\n<script type=\"application\/ld+json\" class=\"yoast-schema-graph\">{\"@context\":\"https:\/\/schema.org\",\"@graph\":[{\"@type\":\"WebPage\",\"@id\":\"https:\/\/www.lasermemories.hu\/?product=egyedi-emlekor-karacsonyfadisz\",\"url\":\"https:\/\/www.lasermemories.hu\/?product=egyedi-emlekor-karacsonyfadisz\",\"name\":\"Egyedi eml\u00e9k\u0151r kar\u00e1csonyfad\u00edsz - Laser Memories\",\"isPartOf\":{\"@id\":\"https:\/\/www.lasermemories.hu\/#website\"},\"datePublished\":\"2023-11-01T16:48:13+00:00\",\"dateModified\":\"2025-12-18T06:22:32+00:00\",\"breadcrumb\":{\"@id\":\"https:\/\/www.lasermemories.hu\/?product=egyedi-emlekor-karacsonyfadisz#breadcrumb\"},\"inLanguage\":\"hu\",\"potentialAction\":[{\"@type\":\"ReadAction\",\"target\":[\"https:\/\/www.lasermemories.hu\/?product=egyedi-emlekor-karacsonyfadisz\"]}]},{\"@type\":\"BreadcrumbList\",\"@id\":\"https:\/\/www.lasermemories.hu\/?product=egyedi-emlekor-karacsonyfadisz#breadcrumb\",\"itemListElement\":[{\"@type\":\"ListItem\",\"position\":1,\"name\":\"Home\",\"item\":\"https:\/\/www.lasermemories.hu\/\"},{\"@type\":\"ListItem\",\"position\":2,\"name\":\"\u00dczlet\",\"item\":\"https:\/\/www.lasermemories.hu\/?page_id=9\"},{\"@type\":\"ListItem\",\"position\":3,\"name\":\"Egyedi eml\u00e9k\u0151r kar\u00e1csonyfad\u00edsz\"}]},{\"@type\":\"WebSite\",\"@id\":\"https:\/\/www.lasermemories.hu\/#website\",\"url\":\"https:\/\/www.lasermemories.hu\/\",\"name\":\"Laser Memories\",\"description\":\"Egyedi f\u00e1b\u00f3l k\u00e9sz\u00fclt k\u00fcl\u00f6nlegess\u00e9gek\",\"publisher\":{\"@id\":\"https:\/\/www.lasermemories.hu\/#organization\"},\"potentialAction\":[{\"@type\":\"SearchAction\",\"target\":{\"@type\":\"EntryPoint\",\"urlTemplate\":\"https:\/\/www.lasermemories.hu\/?s={search_term_string}\"},\"query-input\":\"required name=search_term_string\"}],\"inLanguage\":\"hu\"},{\"@type\":\"Organization\",\"@id\":\"https:\/\/www.lasermemories.hu\/#organization\",\"name\":\"Laser Memories\",\"url\":\"https:\/\/www.lasermemories.hu\/\",\"logo\":{\"@type\":\"ImageObject\",\"inLanguage\":\"hu\",\"@id\":\"https:\/\/www.lasermemories.hu\/#\/schema\/logo\/image\/\",\"url\":\"https:\/\/www.lasermemories.hu\/wp-content\/uploads\/2022\/08\/41589_Laser-Memories_PP-02.png\",\"contentUrl\":\"https:\/\/www.lasermemories.hu\/wp-content\/uploads\/2022\/08\/41589_Laser-Memories_PP-02.png\",\"width\":2137,\"height\":1703,\"caption\":\"Laser Memories\"},\"image\":{\"@id\":\"https:\/\/www.lasermemories.hu\/#\/schema\/logo\/image\/\"}}]}<\/script>\n<!-- \/ Yoast SEO plugin. -->","yoast_head_json":{"title":"Egyedi eml\u00e9k\u0151r kar\u00e1csonyfad\u00edsz - Laser Memories","robots":{"index":"index","follow":"follow","max-snippet":"max-snippet:-1","max-image-preview":"max-image-preview:large","max-video-preview":"max-video-preview:-1"},"canonical":"https:\/\/www.lasermemories.hu\/?product=egyedi-emlekor-karacsonyfadisz","og_locale":"hu_HU","og_type":"article","og_title":"Egyedi eml\u00e9k\u0151r kar\u00e1csonyfad\u00edsz - Laser Memories","og_description":"Szeretteink elveszt\u00e9se nagy \u0171rt hagy sz\u00edv\u00fcnkben, f\u0151leg csal\u00e1di \u00fcnnepek alkalm\u00e1val neh\u00e9z ezt feldolgozni. \u00c1ll\u00edts \u00f6r\u00f6k eml\u00e9ket az \u00fcnnepekre szeretteidr\u0151l, legyenek mindig veletek nem csak sz\u00edvetekben, de egy fizikai eml\u00e9kk\u00e9nt is a kar\u00e1csonyf\u00e1tokon. M\u00e9retek: 8 cm 10 cm 12 cm T\u00f6bb v\u00e1ltozatban is el\u00e9rhet\u0151, egy r\u00e9teg\u0171, k\u00e9t r\u00e9teg\u0171, valamint grav\u00edrozott sz\u00e1rny kivitelben is.","og_url":"https:\/\/www.lasermemories.hu\/?product=egyedi-emlekor-karacsonyfadisz","og_site_name":"Laser Memories","article_modified_time":"2025-12-18T06:22:32+00:00","og_image":[{"width":1530,"height":2040,"url":"https:\/\/www.lasermemories.hu\/wp-content\/uploads\/2023\/11\/370169085_680297130863180_6637906745632725840_n.jpg","type":"image\/jpeg"}],"twitter_card":"summary_large_image","twitter_misc":{"Becs\u00fclt olvas\u00e1si id\u0151":"1 perc"},"schema":{"@context":"https:\/\/schema.org","@graph":[{"@type":"WebPage","@id":"https:\/\/www.lasermemories.hu\/?product=egyedi-emlekor-karacsonyfadisz","url":"https:\/\/www.lasermemories.hu\/?product=egyedi-emlekor-karacsonyfadisz","name":"Egyedi eml\u00e9k\u0151r kar\u00e1csonyfad\u00edsz - Laser Memories","isPartOf":{"@id":"https:\/\/www.lasermemories.hu\/#website"},"datePublished":"2023-11-01T16:48:13+00:00","dateModified":"2025-12-18T06:22:32+00:00","breadcrumb":{"@id":"https:\/\/www.lasermemories.hu\/?product=egyedi-emlekor-karacsonyfadisz#breadcrumb"},"inLanguage":"hu","potentialAction":[{"@type":"ReadAction","target":["https:\/\/www.lasermemories.hu\/?product=egyedi-emlekor-karacsonyfadisz"]}]},{"@type":"BreadcrumbList","@id":"https:\/\/www.lasermemories.hu\/?product=egyedi-emlekor-karacsonyfadisz#breadcrumb","itemListElement":[{"@type":"ListItem","position":1,"name":"Home","item":"https:\/\/www.lasermemories.hu\/"},{"@type":"ListItem","position":2,"name":"\u00dczlet","item":"https:\/\/www.lasermemories.hu\/?page_id=9"},{"@type":"ListItem","position":3,"name":"Egyedi eml\u00e9k\u0151r kar\u00e1csonyfad\u00edsz"}]},{"@type":"WebSite","@id":"https:\/\/www.lasermemories.hu\/#website","url":"https:\/\/www.lasermemories.hu\/","name":"Laser Memories","description":"Egyedi f\u00e1b\u00f3l k\u00e9sz\u00fclt k\u00fcl\u00f6nlegess\u00e9gek","publisher":{"@id":"https:\/\/www.lasermemories.hu\/#organization"},"potentialAction":[{"@type":"SearchAction","target":{"@type":"EntryPoint","urlTemplate":"https:\/\/www.lasermemories.hu\/?s={search_term_string}"},"query-input":"required name=search_term_string"}],"inLanguage":"hu"},{"@type":"Organization","@id":"https:\/\/www.lasermemories.hu\/#organization","name":"Laser Memories","url":"https:\/\/www.lasermemories.hu\/","logo":{"@type":"ImageObject","inLanguage":"hu","@id":"https:\/\/www.lasermemories.hu\/#\/schema\/logo\/image\/","url":"https:\/\/www.lasermemories.hu\/wp-content\/uploads\/2022\/08\/41589_Laser-Memories_PP-02.png","contentUrl":"https:\/\/www.lasermemories.hu\/wp-content\/uploads\/2022\/08\/41589_Laser-Memories_PP-02.png","width":2137,"height":1703,"caption":"Laser Memories"},"image":{"@id":"https:\/\/www.lasermemories.hu\/#\/schema\/logo\/image\/"}}]}},"jetpack_sharing_enabled":true,"_links":{"self":[{"href":"https:\/\/www.lasermemories.hu\/index.php?rest_route=\/wp\/v2\/product\/1752","targetHints":{"allow":["GET"]}}],"collection":[{"href":"https:\/\/www.lasermemories.hu\/index.php?rest_route=\/wp\/v2\/product"}],"about":[{"href":"https:\/\/www.lasermemories.hu\/index.php?rest_route=\/wp\/v2\/types\/product"}],"wp:featuredmedia":[{"embeddable":true,"href":"https:\/\/www.lasermemories.hu\/index.php?rest_route=\/wp\/v2\/media\/1753"}],"wp:attachment":[{"href":"https:\/\/www.lasermemories.hu\/index.php?rest_route=%2Fwp%2Fv2%2Fmedia&parent=1752"}],"wp:term":[{"taxonomy":"product_brand","embeddable":true,"href":"https:\/\/www.lasermemories.hu\/index.php?rest_route=%2Fwp%2Fv2%2Fproduct_brand&post=1752"},{"taxonomy":"product_cat","embeddable":true,"href":"https:\/\/www.lasermemories.hu\/index.php?rest_route=%2Fwp%2Fv2%2Fproduct_cat&post=1752"},{"taxonomy":"product_tag","embeddable":true,"href":"https:\/\/www.lasermemories.hu\/index.php?rest_route=%2Fwp%2Fv2%2Fproduct_tag&post=1752"}],"curies":[{"name":"wp","href":"https:\/\/api.w.org\/{rel}","templated":true}]}}