{"id":1732,"date":"2023-10-15T16:19:09","date_gmt":"2023-10-15T16:19:09","guid":{"rendered":"https:\/\/www.lasermemories.hu\/?post_type=product&#038;p=1732"},"modified":"2023-10-15T16:43:59","modified_gmt":"2023-10-15T16:43:59","slug":"egyedi-karacsonyfadisz-forro-csoki-dizajn","status":"publish","type":"product","link":"https:\/\/www.lasermemories.hu\/?product=egyedi-karacsonyfadisz-forro-csoki-dizajn","title":{"rendered":"Egyedi kar\u00e1csonyfad\u00edsz &#8211; forr\u00f3 csoki diz\u00e1jn"},"content":{"rendered":"<p>Aj\u00e1nd\u00e9kozz az eg\u00e9sz csal\u00e1dnak egy nagyszer\u0171 kar\u00e1csonyi d\u00edszt, amin minden csal\u00e1dtag (kutya, macska is) szerepel (max 11 csal\u00e1dtagig).<\/p>\n<p>A d\u00edsz kb 10x10cm.<\/p>\n<p>A csal\u00e1dtagok nev\u00e9t alulr\u00f3l f\u00f6lfel\u00e9, illetve balr\u00f3l jobbra kezdj\u00fck be\u00edrni, ha sz\u00e1m\u00edt a sorrend. \u00cdgy a legifjabbak lesznek legfel\u00fcl.<\/p>\n","protected":false},"excerpt":{"rendered":"<p>Aj\u00e1nd\u00e9kozz az eg\u00e9sz csal\u00e1dnak egy nagyszer\u0171 kar\u00e1csonyi d\u00edszt, amin minden csal\u00e1dtag (kutya, macska is) szerepel (max 11 csal\u00e1dtagig). A d\u00edsz kb 10x10cm. A csal\u00e1dtagok nev\u00e9t alulr\u00f3l f\u00f6lfel\u00e9, illetve balr\u00f3l jobbra kezdj\u00fck be\u00edrni, ha sz\u00e1m\u00edt a sorrend. \u00cdgy a legifjabbak lesznek legfel\u00fcl.<\/p>\n","protected":false},"featured_media":1735,"template":"","meta":{"_acf_changed":false,"_monsterinsights_skip_tracking":false,"_monsterinsights_sitenote_active":false,"_monsterinsights_sitenote_note":"","_monsterinsights_sitenote_category":0},"product_brand":[],"product_cat":[20],"product_tag":[],"class_list":{"0":"post-1732","1":"product","2":"type-product","3":"status-publish","4":"has-post-thumbnail","6":"product_cat-karacsony","8":"entry","9":"has-media","11":"first","12":"instock","13":"shipping-taxable","14":"purchasable","15":"product-type-simple","16":"has-product-nav","17":"col","18":"span_1_of_3","19":"owp-content-center","20":"owp-thumbs-layout-horizontal","21":"owp-btn-normal","22":"owp-tabs-layout-horizontal"},"acf":[],"yoast_head":"<!-- This site is optimized with the Yoast SEO plugin v22.0 - https:\/\/yoast.com\/wordpress\/plugins\/seo\/ -->\n<title>Egyedi kar\u00e1csonyfad\u00edsz - forr\u00f3 csoki diz\u00e1jn - Laser Memories<\/title>\n<meta name=\"robots\" content=\"index, follow, max-snippet:-1, max-image-preview:large, max-video-preview:-1\" \/>\n<link rel=\"canonical\" href=\"https:\/\/www.lasermemories.hu\/?product=egyedi-karacsonyfadisz-forro-csoki-dizajn\" \/>\n<meta property=\"og:locale\" content=\"hu_HU\" \/>\n<meta property=\"og:type\" content=\"article\" \/>\n<meta property=\"og:title\" content=\"Egyedi kar\u00e1csonyfad\u00edsz - forr\u00f3 csoki diz\u00e1jn - Laser Memories\" \/>\n<meta property=\"og:description\" content=\"Aj\u00e1nd\u00e9kozz az eg\u00e9sz csal\u00e1dnak egy nagyszer\u0171 kar\u00e1csonyi d\u00edszt, amin minden csal\u00e1dtag (kutya, macska is) szerepel (max 11 csal\u00e1dtagig). A d\u00edsz kb 10x10cm. A csal\u00e1dtagok nev\u00e9t alulr\u00f3l f\u00f6lfel\u00e9, illetve balr\u00f3l jobbra kezdj\u00fck be\u00edrni, ha sz\u00e1m\u00edt a sorrend. \u00cdgy a legifjabbak lesznek legfel\u00fcl.\" \/>\n<meta property=\"og:url\" content=\"https:\/\/www.lasermemories.hu\/?product=egyedi-karacsonyfadisz-forro-csoki-dizajn\" \/>\n<meta property=\"og:site_name\" content=\"Laser Memories\" \/>\n<meta property=\"article:modified_time\" content=\"2023-10-15T16:43:59+00:00\" \/>\n<meta property=\"og:image\" content=\"https:\/\/www.lasermemories.hu\/wp-content\/uploads\/2023\/10\/370312137_7168509106501207_8814924721395512634_n.jpg\" \/>\n\t<meta property=\"og:image:width\" content=\"1536\" \/>\n\t<meta property=\"og:image:height\" content=\"2048\" \/>\n\t<meta property=\"og:image:type\" content=\"image\/jpeg\" \/>\n<meta name=\"twitter:card\" content=\"summary_large_image\" \/>\n<meta name=\"twitter:label1\" content=\"Becs\u00fclt olvas\u00e1si id\u0151\" \/>\n\t<meta name=\"twitter:data1\" content=\"1 perc\" \/>\n<script type=\"application\/ld+json\" class=\"yoast-schema-graph\">{\"@context\":\"https:\/\/schema.org\",\"@graph\":[{\"@type\":\"WebPage\",\"@id\":\"https:\/\/www.lasermemories.hu\/?product=egyedi-karacsonyfadisz-forro-csoki-dizajn\",\"url\":\"https:\/\/www.lasermemories.hu\/?product=egyedi-karacsonyfadisz-forro-csoki-dizajn\",\"name\":\"Egyedi kar\u00e1csonyfad\u00edsz - forr\u00f3 csoki diz\u00e1jn - Laser Memories\",\"isPartOf\":{\"@id\":\"https:\/\/www.lasermemories.hu\/#website\"},\"datePublished\":\"2023-10-15T16:19:09+00:00\",\"dateModified\":\"2023-10-15T16:43:59+00:00\",\"breadcrumb\":{\"@id\":\"https:\/\/www.lasermemories.hu\/?product=egyedi-karacsonyfadisz-forro-csoki-dizajn#breadcrumb\"},\"inLanguage\":\"hu\",\"potentialAction\":[{\"@type\":\"ReadAction\",\"target\":[\"https:\/\/www.lasermemories.hu\/?product=egyedi-karacsonyfadisz-forro-csoki-dizajn\"]}]},{\"@type\":\"BreadcrumbList\",\"@id\":\"https:\/\/www.lasermemories.hu\/?product=egyedi-karacsonyfadisz-forro-csoki-dizajn#breadcrumb\",\"itemListElement\":[{\"@type\":\"ListItem\",\"position\":1,\"name\":\"Home\",\"item\":\"https:\/\/www.lasermemories.hu\/\"},{\"@type\":\"ListItem\",\"position\":2,\"name\":\"\u00dczlet\",\"item\":\"https:\/\/www.lasermemories.hu\/?page_id=9\"},{\"@type\":\"ListItem\",\"position\":3,\"name\":\"Egyedi kar\u00e1csonyfad\u00edsz &#8211; forr\u00f3 csoki diz\u00e1jn\"}]},{\"@type\":\"WebSite\",\"@id\":\"https:\/\/www.lasermemories.hu\/#website\",\"url\":\"https:\/\/www.lasermemories.hu\/\",\"name\":\"Laser Memories\",\"description\":\"Egyedi f\u00e1b\u00f3l k\u00e9sz\u00fclt k\u00fcl\u00f6nlegess\u00e9gek\",\"publisher\":{\"@id\":\"https:\/\/www.lasermemories.hu\/#organization\"},\"potentialAction\":[{\"@type\":\"SearchAction\",\"target\":{\"@type\":\"EntryPoint\",\"urlTemplate\":\"https:\/\/www.lasermemories.hu\/?s={search_term_string}\"},\"query-input\":\"required name=search_term_string\"}],\"inLanguage\":\"hu\"},{\"@type\":\"Organization\",\"@id\":\"https:\/\/www.lasermemories.hu\/#organization\",\"name\":\"Laser Memories\",\"url\":\"https:\/\/www.lasermemories.hu\/\",\"logo\":{\"@type\":\"ImageObject\",\"inLanguage\":\"hu\",\"@id\":\"https:\/\/www.lasermemories.hu\/#\/schema\/logo\/image\/\",\"url\":\"https:\/\/www.lasermemories.hu\/wp-content\/uploads\/2022\/08\/41589_Laser-Memories_PP-02.png\",\"contentUrl\":\"https:\/\/www.lasermemories.hu\/wp-content\/uploads\/2022\/08\/41589_Laser-Memories_PP-02.png\",\"width\":2137,\"height\":1703,\"caption\":\"Laser Memories\"},\"image\":{\"@id\":\"https:\/\/www.lasermemories.hu\/#\/schema\/logo\/image\/\"}}]}<\/script>\n<!-- \/ Yoast SEO plugin. -->","yoast_head_json":{"title":"Egyedi kar\u00e1csonyfad\u00edsz - forr\u00f3 csoki diz\u00e1jn - Laser Memories","robots":{"index":"index","follow":"follow","max-snippet":"max-snippet:-1","max-image-preview":"max-image-preview:large","max-video-preview":"max-video-preview:-1"},"canonical":"https:\/\/www.lasermemories.hu\/?product=egyedi-karacsonyfadisz-forro-csoki-dizajn","og_locale":"hu_HU","og_type":"article","og_title":"Egyedi kar\u00e1csonyfad\u00edsz - forr\u00f3 csoki diz\u00e1jn - Laser Memories","og_description":"Aj\u00e1nd\u00e9kozz az eg\u00e9sz csal\u00e1dnak egy nagyszer\u0171 kar\u00e1csonyi d\u00edszt, amin minden csal\u00e1dtag (kutya, macska is) szerepel (max 11 csal\u00e1dtagig). A d\u00edsz kb 10x10cm. A csal\u00e1dtagok nev\u00e9t alulr\u00f3l f\u00f6lfel\u00e9, illetve balr\u00f3l jobbra kezdj\u00fck be\u00edrni, ha sz\u00e1m\u00edt a sorrend. \u00cdgy a legifjabbak lesznek legfel\u00fcl.","og_url":"https:\/\/www.lasermemories.hu\/?product=egyedi-karacsonyfadisz-forro-csoki-dizajn","og_site_name":"Laser Memories","article_modified_time":"2023-10-15T16:43:59+00:00","og_image":[{"width":1536,"height":2048,"url":"https:\/\/www.lasermemories.hu\/wp-content\/uploads\/2023\/10\/370312137_7168509106501207_8814924721395512634_n.jpg","type":"image\/jpeg"}],"twitter_card":"summary_large_image","twitter_misc":{"Becs\u00fclt olvas\u00e1si id\u0151":"1 perc"},"schema":{"@context":"https:\/\/schema.org","@graph":[{"@type":"WebPage","@id":"https:\/\/www.lasermemories.hu\/?product=egyedi-karacsonyfadisz-forro-csoki-dizajn","url":"https:\/\/www.lasermemories.hu\/?product=egyedi-karacsonyfadisz-forro-csoki-dizajn","name":"Egyedi kar\u00e1csonyfad\u00edsz - forr\u00f3 csoki diz\u00e1jn - Laser Memories","isPartOf":{"@id":"https:\/\/www.lasermemories.hu\/#website"},"datePublished":"2023-10-15T16:19:09+00:00","dateModified":"2023-10-15T16:43:59+00:00","breadcrumb":{"@id":"https:\/\/www.lasermemories.hu\/?product=egyedi-karacsonyfadisz-forro-csoki-dizajn#breadcrumb"},"inLanguage":"hu","potentialAction":[{"@type":"ReadAction","target":["https:\/\/www.lasermemories.hu\/?product=egyedi-karacsonyfadisz-forro-csoki-dizajn"]}]},{"@type":"BreadcrumbList","@id":"https:\/\/www.lasermemories.hu\/?product=egyedi-karacsonyfadisz-forro-csoki-dizajn#breadcrumb","itemListElement":[{"@type":"ListItem","position":1,"name":"Home","item":"https:\/\/www.lasermemories.hu\/"},{"@type":"ListItem","position":2,"name":"\u00dczlet","item":"https:\/\/www.lasermemories.hu\/?page_id=9"},{"@type":"ListItem","position":3,"name":"Egyedi kar\u00e1csonyfad\u00edsz &#8211; forr\u00f3 csoki diz\u00e1jn"}]},{"@type":"WebSite","@id":"https:\/\/www.lasermemories.hu\/#website","url":"https:\/\/www.lasermemories.hu\/","name":"Laser Memories","description":"Egyedi f\u00e1b\u00f3l k\u00e9sz\u00fclt k\u00fcl\u00f6nlegess\u00e9gek","publisher":{"@id":"https:\/\/www.lasermemories.hu\/#organization"},"potentialAction":[{"@type":"SearchAction","target":{"@type":"EntryPoint","urlTemplate":"https:\/\/www.lasermemories.hu\/?s={search_term_string}"},"query-input":"required name=search_term_string"}],"inLanguage":"hu"},{"@type":"Organization","@id":"https:\/\/www.lasermemories.hu\/#organization","name":"Laser Memories","url":"https:\/\/www.lasermemories.hu\/","logo":{"@type":"ImageObject","inLanguage":"hu","@id":"https:\/\/www.lasermemories.hu\/#\/schema\/logo\/image\/","url":"https:\/\/www.lasermemories.hu\/wp-content\/uploads\/2022\/08\/41589_Laser-Memories_PP-02.png","contentUrl":"https:\/\/www.lasermemories.hu\/wp-content\/uploads\/2022\/08\/41589_Laser-Memories_PP-02.png","width":2137,"height":1703,"caption":"Laser Memories"},"image":{"@id":"https:\/\/www.lasermemories.hu\/#\/schema\/logo\/image\/"}}]}},"jetpack_sharing_enabled":true,"_links":{"self":[{"href":"https:\/\/www.lasermemories.hu\/index.php?rest_route=\/wp\/v2\/product\/1732","targetHints":{"allow":["GET"]}}],"collection":[{"href":"https:\/\/www.lasermemories.hu\/index.php?rest_route=\/wp\/v2\/product"}],"about":[{"href":"https:\/\/www.lasermemories.hu\/index.php?rest_route=\/wp\/v2\/types\/product"}],"wp:featuredmedia":[{"embeddable":true,"href":"https:\/\/www.lasermemories.hu\/index.php?rest_route=\/wp\/v2\/media\/1735"}],"wp:attachment":[{"href":"https:\/\/www.lasermemories.hu\/index.php?rest_route=%2Fwp%2Fv2%2Fmedia&parent=1732"}],"wp:term":[{"taxonomy":"product_brand","embeddable":true,"href":"https:\/\/www.lasermemories.hu\/index.php?rest_route=%2Fwp%2Fv2%2Fproduct_brand&post=1732"},{"taxonomy":"product_cat","embeddable":true,"href":"https:\/\/www.lasermemories.hu\/index.php?rest_route=%2Fwp%2Fv2%2Fproduct_cat&post=1732"},{"taxonomy":"product_tag","embeddable":true,"href":"https:\/\/www.lasermemories.hu\/index.php?rest_route=%2Fwp%2Fv2%2Fproduct_tag&post=1732"}],"curies":[{"name":"wp","href":"https:\/\/api.w.org\/{rel}","templated":true}]}}