{"id":1704,"date":"2023-10-15T14:47:27","date_gmt":"2023-10-15T14:47:27","guid":{"rendered":"https:\/\/www.lasermemories.hu\/?post_type=product&#038;p=1704"},"modified":"2024-11-17T17:06:22","modified_gmt":"2024-11-17T17:06:22","slug":"alternativ-karacsonyfadiszek","status":"publish","type":"product","link":"https:\/\/www.lasermemories.hu\/?product=alternativ-karacsonyfadiszek","title":{"rendered":"Alternat\u00edv kar\u00e1csonyfad\u00edszek"},"content":{"rendered":"<p>Nem veszed komolyan a kar\u00e1csonyt? Szeretn\u00e9d valamivel feldobni?<\/p>\n<p>Alternat\u00edv d\u00edszeinkkel meg tudod viccelni csal\u00e1dtagjaid, bar\u00e1taid koll\u00e9g\u00e1id vagy esetleg a p\u00e1rodat!<\/p>\n<p>Nem tetszenek a feliratok? K\u00e9rheted saj\u00e1toddal is!<\/p>\n<p>Hack-eld meg id\u00e9n vel\u00fcnk a kar\u00e1csonyt \ud83d\ude42<\/p>\n","protected":false},"excerpt":{"rendered":"<p>Nem veszed komolyan a kar\u00e1csonyt? Szeretn\u00e9d valamivel feldobni? Alternat\u00edv d\u00edszeinkkel meg tudod viccelni csal\u00e1dtagjaid, bar\u00e1taid koll\u00e9g\u00e1id vagy esetleg a p\u00e1rodat! Nem tetszenek a feliratok? K\u00e9rheted saj\u00e1toddal is! Hack-eld meg id\u00e9n vel\u00fcnk a kar\u00e1csonyt \ud83d\ude42<\/p>\n","protected":false},"featured_media":3800,"template":"","meta":{"_acf_changed":false,"_monsterinsights_skip_tracking":false,"_monsterinsights_sitenote_active":false,"_monsterinsights_sitenote_note":"","_monsterinsights_sitenote_category":0},"product_brand":[],"product_cat":[20],"product_tag":[],"class_list":{"0":"post-1704","1":"product","2":"type-product","3":"status-publish","4":"has-post-thumbnail","6":"product_cat-karacsony","8":"entry","9":"has-media","11":"first","12":"instock","13":"shipping-taxable","14":"purchasable","15":"product-type-simple","16":"has-product-nav","17":"col","18":"span_1_of_3","19":"owp-content-center","20":"owp-thumbs-layout-horizontal","21":"owp-btn-normal","22":"owp-tabs-layout-horizontal"},"acf":[],"yoast_head":"<!-- This site is optimized with the Yoast SEO plugin v22.0 - https:\/\/yoast.com\/wordpress\/plugins\/seo\/ -->\n<title>Alternat\u00edv kar\u00e1csonyfad\u00edszek - Laser Memories<\/title>\n<meta name=\"robots\" content=\"index, follow, max-snippet:-1, max-image-preview:large, max-video-preview:-1\" \/>\n<link rel=\"canonical\" href=\"https:\/\/www.lasermemories.hu\/?product=alternativ-karacsonyfadiszek\" \/>\n<meta property=\"og:locale\" content=\"hu_HU\" \/>\n<meta property=\"og:type\" content=\"article\" \/>\n<meta property=\"og:title\" content=\"Alternat\u00edv kar\u00e1csonyfad\u00edszek - Laser Memories\" \/>\n<meta property=\"og:description\" content=\"Nem veszed komolyan a kar\u00e1csonyt? Szeretn\u00e9d valamivel feldobni? Alternat\u00edv d\u00edszeinkkel meg tudod viccelni csal\u00e1dtagjaid, bar\u00e1taid koll\u00e9g\u00e1id vagy esetleg a p\u00e1rodat! Nem tetszenek a feliratok? K\u00e9rheted saj\u00e1toddal is! Hack-eld meg id\u00e9n vel\u00fcnk a kar\u00e1csonyt \ud83d\ude42\" \/>\n<meta property=\"og:url\" content=\"https:\/\/www.lasermemories.hu\/?product=alternativ-karacsonyfadiszek\" \/>\n<meta property=\"og:site_name\" content=\"Laser Memories\" \/>\n<meta property=\"article:modified_time\" content=\"2024-11-17T17:06:22+00:00\" \/>\n<meta property=\"og:image\" content=\"https:\/\/www.lasermemories.hu\/wp-content\/uploads\/2023\/10\/462567845_1721390112037021_4309064505827428175_n.jpg\" \/>\n\t<meta property=\"og:image:width\" content=\"1020\" \/>\n\t<meta property=\"og:image:height\" content=\"765\" \/>\n\t<meta property=\"og:image:type\" content=\"image\/jpeg\" \/>\n<meta name=\"twitter:card\" content=\"summary_large_image\" \/>\n<meta name=\"twitter:label1\" content=\"Becs\u00fclt olvas\u00e1si id\u0151\" \/>\n\t<meta name=\"twitter:data1\" content=\"1 perc\" \/>\n<script type=\"application\/ld+json\" class=\"yoast-schema-graph\">{\"@context\":\"https:\/\/schema.org\",\"@graph\":[{\"@type\":\"WebPage\",\"@id\":\"https:\/\/www.lasermemories.hu\/?product=alternativ-karacsonyfadiszek\",\"url\":\"https:\/\/www.lasermemories.hu\/?product=alternativ-karacsonyfadiszek\",\"name\":\"Alternat\u00edv kar\u00e1csonyfad\u00edszek - Laser Memories\",\"isPartOf\":{\"@id\":\"https:\/\/www.lasermemories.hu\/#website\"},\"datePublished\":\"2023-10-15T14:47:27+00:00\",\"dateModified\":\"2024-11-17T17:06:22+00:00\",\"breadcrumb\":{\"@id\":\"https:\/\/www.lasermemories.hu\/?product=alternativ-karacsonyfadiszek#breadcrumb\"},\"inLanguage\":\"hu\",\"potentialAction\":[{\"@type\":\"ReadAction\",\"target\":[\"https:\/\/www.lasermemories.hu\/?product=alternativ-karacsonyfadiszek\"]}]},{\"@type\":\"BreadcrumbList\",\"@id\":\"https:\/\/www.lasermemories.hu\/?product=alternativ-karacsonyfadiszek#breadcrumb\",\"itemListElement\":[{\"@type\":\"ListItem\",\"position\":1,\"name\":\"Home\",\"item\":\"https:\/\/www.lasermemories.hu\/\"},{\"@type\":\"ListItem\",\"position\":2,\"name\":\"\u00dczlet\",\"item\":\"https:\/\/www.lasermemories.hu\/?page_id=9\"},{\"@type\":\"ListItem\",\"position\":3,\"name\":\"Alternat\u00edv kar\u00e1csonyfad\u00edszek\"}]},{\"@type\":\"WebSite\",\"@id\":\"https:\/\/www.lasermemories.hu\/#website\",\"url\":\"https:\/\/www.lasermemories.hu\/\",\"name\":\"Laser Memories\",\"description\":\"Egyedi f\u00e1b\u00f3l k\u00e9sz\u00fclt k\u00fcl\u00f6nlegess\u00e9gek\",\"publisher\":{\"@id\":\"https:\/\/www.lasermemories.hu\/#organization\"},\"potentialAction\":[{\"@type\":\"SearchAction\",\"target\":{\"@type\":\"EntryPoint\",\"urlTemplate\":\"https:\/\/www.lasermemories.hu\/?s={search_term_string}\"},\"query-input\":\"required name=search_term_string\"}],\"inLanguage\":\"hu\"},{\"@type\":\"Organization\",\"@id\":\"https:\/\/www.lasermemories.hu\/#organization\",\"name\":\"Laser Memories\",\"url\":\"https:\/\/www.lasermemories.hu\/\",\"logo\":{\"@type\":\"ImageObject\",\"inLanguage\":\"hu\",\"@id\":\"https:\/\/www.lasermemories.hu\/#\/schema\/logo\/image\/\",\"url\":\"https:\/\/www.lasermemories.hu\/wp-content\/uploads\/2022\/08\/41589_Laser-Memories_PP-02.png\",\"contentUrl\":\"https:\/\/www.lasermemories.hu\/wp-content\/uploads\/2022\/08\/41589_Laser-Memories_PP-02.png\",\"width\":2137,\"height\":1703,\"caption\":\"Laser Memories\"},\"image\":{\"@id\":\"https:\/\/www.lasermemories.hu\/#\/schema\/logo\/image\/\"}}]}<\/script>\n<!-- \/ Yoast SEO plugin. -->","yoast_head_json":{"title":"Alternat\u00edv kar\u00e1csonyfad\u00edszek - Laser Memories","robots":{"index":"index","follow":"follow","max-snippet":"max-snippet:-1","max-image-preview":"max-image-preview:large","max-video-preview":"max-video-preview:-1"},"canonical":"https:\/\/www.lasermemories.hu\/?product=alternativ-karacsonyfadiszek","og_locale":"hu_HU","og_type":"article","og_title":"Alternat\u00edv kar\u00e1csonyfad\u00edszek - Laser Memories","og_description":"Nem veszed komolyan a kar\u00e1csonyt? Szeretn\u00e9d valamivel feldobni? Alternat\u00edv d\u00edszeinkkel meg tudod viccelni csal\u00e1dtagjaid, bar\u00e1taid koll\u00e9g\u00e1id vagy esetleg a p\u00e1rodat! Nem tetszenek a feliratok? K\u00e9rheted saj\u00e1toddal is! Hack-eld meg id\u00e9n vel\u00fcnk a kar\u00e1csonyt \ud83d\ude42","og_url":"https:\/\/www.lasermemories.hu\/?product=alternativ-karacsonyfadiszek","og_site_name":"Laser Memories","article_modified_time":"2024-11-17T17:06:22+00:00","og_image":[{"width":1020,"height":765,"url":"https:\/\/www.lasermemories.hu\/wp-content\/uploads\/2023\/10\/462567845_1721390112037021_4309064505827428175_n.jpg","type":"image\/jpeg"}],"twitter_card":"summary_large_image","twitter_misc":{"Becs\u00fclt olvas\u00e1si id\u0151":"1 perc"},"schema":{"@context":"https:\/\/schema.org","@graph":[{"@type":"WebPage","@id":"https:\/\/www.lasermemories.hu\/?product=alternativ-karacsonyfadiszek","url":"https:\/\/www.lasermemories.hu\/?product=alternativ-karacsonyfadiszek","name":"Alternat\u00edv kar\u00e1csonyfad\u00edszek - Laser Memories","isPartOf":{"@id":"https:\/\/www.lasermemories.hu\/#website"},"datePublished":"2023-10-15T14:47:27+00:00","dateModified":"2024-11-17T17:06:22+00:00","breadcrumb":{"@id":"https:\/\/www.lasermemories.hu\/?product=alternativ-karacsonyfadiszek#breadcrumb"},"inLanguage":"hu","potentialAction":[{"@type":"ReadAction","target":["https:\/\/www.lasermemories.hu\/?product=alternativ-karacsonyfadiszek"]}]},{"@type":"BreadcrumbList","@id":"https:\/\/www.lasermemories.hu\/?product=alternativ-karacsonyfadiszek#breadcrumb","itemListElement":[{"@type":"ListItem","position":1,"name":"Home","item":"https:\/\/www.lasermemories.hu\/"},{"@type":"ListItem","position":2,"name":"\u00dczlet","item":"https:\/\/www.lasermemories.hu\/?page_id=9"},{"@type":"ListItem","position":3,"name":"Alternat\u00edv kar\u00e1csonyfad\u00edszek"}]},{"@type":"WebSite","@id":"https:\/\/www.lasermemories.hu\/#website","url":"https:\/\/www.lasermemories.hu\/","name":"Laser Memories","description":"Egyedi f\u00e1b\u00f3l k\u00e9sz\u00fclt k\u00fcl\u00f6nlegess\u00e9gek","publisher":{"@id":"https:\/\/www.lasermemories.hu\/#organization"},"potentialAction":[{"@type":"SearchAction","target":{"@type":"EntryPoint","urlTemplate":"https:\/\/www.lasermemories.hu\/?s={search_term_string}"},"query-input":"required name=search_term_string"}],"inLanguage":"hu"},{"@type":"Organization","@id":"https:\/\/www.lasermemories.hu\/#organization","name":"Laser Memories","url":"https:\/\/www.lasermemories.hu\/","logo":{"@type":"ImageObject","inLanguage":"hu","@id":"https:\/\/www.lasermemories.hu\/#\/schema\/logo\/image\/","url":"https:\/\/www.lasermemories.hu\/wp-content\/uploads\/2022\/08\/41589_Laser-Memories_PP-02.png","contentUrl":"https:\/\/www.lasermemories.hu\/wp-content\/uploads\/2022\/08\/41589_Laser-Memories_PP-02.png","width":2137,"height":1703,"caption":"Laser Memories"},"image":{"@id":"https:\/\/www.lasermemories.hu\/#\/schema\/logo\/image\/"}}]}},"jetpack_sharing_enabled":true,"_links":{"self":[{"href":"https:\/\/www.lasermemories.hu\/index.php?rest_route=\/wp\/v2\/product\/1704","targetHints":{"allow":["GET"]}}],"collection":[{"href":"https:\/\/www.lasermemories.hu\/index.php?rest_route=\/wp\/v2\/product"}],"about":[{"href":"https:\/\/www.lasermemories.hu\/index.php?rest_route=\/wp\/v2\/types\/product"}],"wp:featuredmedia":[{"embeddable":true,"href":"https:\/\/www.lasermemories.hu\/index.php?rest_route=\/wp\/v2\/media\/3800"}],"wp:attachment":[{"href":"https:\/\/www.lasermemories.hu\/index.php?rest_route=%2Fwp%2Fv2%2Fmedia&parent=1704"}],"wp:term":[{"taxonomy":"product_brand","embeddable":true,"href":"https:\/\/www.lasermemories.hu\/index.php?rest_route=%2Fwp%2Fv2%2Fproduct_brand&post=1704"},{"taxonomy":"product_cat","embeddable":true,"href":"https:\/\/www.lasermemories.hu\/index.php?rest_route=%2Fwp%2Fv2%2Fproduct_cat&post=1704"},{"taxonomy":"product_tag","embeddable":true,"href":"https:\/\/www.lasermemories.hu\/index.php?rest_route=%2Fwp%2Fv2%2Fproduct_tag&post=1704"}],"curies":[{"name":"wp","href":"https:\/\/api.w.org\/{rel}","templated":true}]}}