{"id":1665,"date":"2023-08-27T16:53:12","date_gmt":"2023-08-27T16:53:12","guid":{"rendered":"https:\/\/www.lasermemories.hu\/?post_type=product&#038;p=1665"},"modified":"2024-03-26T10:50:04","modified_gmt":"2024-03-26T10:50:04","slug":"figuras-3d-fali-ajto-tabla-nevvel","status":"publish","type":"product","link":"https:\/\/www.lasermemories.hu\/?product=figuras-3d-fali-ajto-tabla-nevvel","title":{"rendered":"Figur\u00e1s 3D fali\/ajt\u00f3 t\u00e1bla n\u00e9vvel"},"content":{"rendered":"<p>Dobd fel gyermeked szob\u00e1j\u00e1t ezzel az egyedi n\u00e9vt\u00e1bl\u00e1val!<\/p>\n<p>M\u00e9retek:<\/p>\n<ul>\n<li>40 cm k\u00f6r &#8211; max. 1 figura<\/li>\n<li>50 cm k\u00f6r &#8211; max. 2 figura (dupla keresztn\u00e9v vagy csal\u00e1dn\u00e9v + keresztn\u00e9v eset\u00e9n csak 15cm-es figur\u00e1val \u00e9rhet\u0151 el)<\/li>\n<li>60 cm k\u00f6r &#8211; max. 3 figura<\/li>\n<\/ul>\n<p>T\u00f6bb f\u00e9le figur\u00e1val is el\u00e9rhet\u0151.<\/p>\n<p>Ha egyedi elk\u00e9pzel\u00e9sed van, semmi gond, a rendel\u00e9s lead\u00e1sa k\u00f6zben mindent le tudsz nek\u00fcnk \u00edrni, \u00e9s ha pontos\u00edt\u00e1sra van sz\u00fcks\u00e9g, akkor telefonon keres\u00fcnk.<\/p>\n<p>A k\u00f6nny\u0171 \u00e9s biztons\u00e1gos falra akaszthat\u00f3s\u00e1g \u00e9rdek\u00e9ben, nem t\u00e1mogatjuk a k\u00e9toldal\u00fa ragaszt\u00f3k haszn\u00e1lat\u00e1t, ez\u00e9rt minden d\u00edsz egyedi rejtett akaszt\u00f3val \u00e9rkezik. Biztons\u00e1gos, nem esik gyermekedre, \u00e9s k\u00f6nnyen szerelhet\u0151, csak norm\u00e1l facsavar \u00e9s tipli kell hozz\u00e1, ami opcion\u00e1lisan k\u00e9rhet\u0151 mell\u00e9.<\/p>\n<p>Gy\u00e1rt\u00e1si id\u0151 max. 1 napt\u00e1ri h\u00e9t, plusz 2 munkanap sz\u00e1ll\u00edt\u00e1si id\u0151.<\/p>\n<p>SOS gy\u00e1rt\u00e1s eset\u00e9n fel\u00e1rat sz\u00e1molunk fel, \u00edgy a gy\u00e1rt\u00e1si id\u0151 a rendel\u00e9s lead\u00e1s\u00e1t k\u00f6vet\u0151 munkanapt\u00f3l sz\u00e1m\u00edtva max. 2-3 munkanap + 2 nap a sz\u00e1ll\u00edt\u00e1s. (ha h\u00e9tf\u0151n rendeled, ak\u00e1r m\u00e1r p\u00e9nteken n\u00e1lad lehet)<\/p>\n<p>&nbsp;<\/p>\n<p><span style=\"color: #ff0000;\">!!!! Sz\u00e1ll\u00edt\u00e1s csak h\u00e1zhoz sz\u00e1ll\u00edt\u00e1ssal (csomagautomat\u00e1ba nem f\u00e9r bele ) !!!!<\/span><\/p>\n","protected":false},"excerpt":{"rendered":"<p>Dobd fel gyermeked szob\u00e1j\u00e1t ezzel az egyedi n\u00e9vt\u00e1bl\u00e1val!<\/p>\n<p>M\u00e9retek:<\/p>\n<ul>\n<li>40 cm k\u00f6r &#8211; max. 1 figura<\/li>\n<li>50 cm k\u00f6r &#8211; max. 2 figura (dupla keresztn\u00e9v vagy csal\u00e1dn\u00e9v + keresztn\u00e9v eset\u00e9n csak 15cm-es figur\u00e1val \u00e9rhet\u0151 el)<\/li>\n<li>60 cm k\u00f6r &#8211; max. 3 figura<\/li>\n<\/ul>\n<p>T\u00f6bb f\u00e9le figur\u00e1val is el\u00e9rhet\u0151.<\/p>\n<p>Ha egyedi elk\u00e9pzel\u00e9sed van, semmi gond, a rendel\u00e9s lead\u00e1sa k\u00f6zben mindent le tudsz nek\u00fcnk \u00edrni, \u00e9s ha pontos\u00edt\u00e1sra van sz\u00fcks\u00e9g, akkor telefonon keres\u00fcnk.<\/p>\n<p>A k\u00f6nny\u0171 \u00e9s biztons\u00e1gos falra akaszthat\u00f3s\u00e1g \u00e9rdek\u00e9ben, nem t\u00e1mogatjuk a k\u00e9toldal\u00fa ragaszt\u00f3k haszn\u00e1lat\u00e1t, ez\u00e9rt minden d\u00edsz egyedi rejtett akaszt\u00f3val \u00e9rkezik. Biztons\u00e1gos, nem esik gyermekedre, \u00e9s k\u00f6nnyen szerelhet\u0151, csak norm\u00e1l facsavar \u00e9s tipli kell hozz\u00e1, ami opcion\u00e1lisan k\u00e9rhet\u0151 mell\u00e9.<\/p>\n<p>Gy\u00e1rt\u00e1si id\u0151 max. 1 napt\u00e1ri h\u00e9t, plusz 2 munkanap sz\u00e1ll\u00edt\u00e1si id\u0151.<\/p>\n<p>SOS gy\u00e1rt\u00e1s eset\u00e9n fel\u00e1rat sz\u00e1molunk fel, \u00edgy a gy\u00e1rt\u00e1si id\u0151 a rendel\u00e9s lead\u00e1s\u00e1t k\u00f6vet\u0151 munkanapt\u00f3l sz\u00e1m\u00edtva max. 2-3 munkanap + 2 nap a sz\u00e1ll\u00edt\u00e1s. (ha h\u00e9tf\u0151n rendeled, ak\u00e1r m\u00e1r p\u00e9nteken n\u00e1lad lehet)<\/p>\n","protected":false},"featured_media":1667,"template":"","meta":{"_acf_changed":false,"_monsterinsights_skip_tracking":false,"_monsterinsights_sitenote_active":false,"_monsterinsights_sitenote_note":"","_monsterinsights_sitenote_category":0},"product_brand":[],"product_cat":[22],"product_tag":[],"class_list":{"0":"post-1665","1":"product","2":"type-product","3":"status-publish","4":"has-post-thumbnail","6":"product_cat-gyermek","8":"entry","9":"has-media","11":"first","12":"instock","13":"shipping-taxable","14":"purchasable","15":"product-type-simple","16":"has-product-nav","17":"col","18":"span_1_of_3","19":"owp-content-center","20":"owp-thumbs-layout-horizontal","21":"owp-btn-normal","22":"owp-tabs-layout-horizontal"},"acf":[],"yoast_head":"<!-- This site is optimized with the Yoast SEO plugin v22.0 - https:\/\/yoast.com\/wordpress\/plugins\/seo\/ -->\n<title>Figur\u00e1s 3D fali\/ajt\u00f3 t\u00e1bla n\u00e9vvel - Laser Memories<\/title>\n<meta name=\"robots\" content=\"index, follow, max-snippet:-1, max-image-preview:large, max-video-preview:-1\" \/>\n<link rel=\"canonical\" href=\"https:\/\/www.lasermemories.hu\/?product=figuras-3d-fali-ajto-tabla-nevvel\" \/>\n<meta property=\"og:locale\" content=\"hu_HU\" \/>\n<meta property=\"og:type\" content=\"article\" \/>\n<meta property=\"og:title\" content=\"Figur\u00e1s 3D fali\/ajt\u00f3 t\u00e1bla n\u00e9vvel - Laser Memories\" \/>\n<meta property=\"og:description\" content=\"Dobd fel gyermeked szob\u00e1j\u00e1t ezzel az egyedi n\u00e9vt\u00e1bl\u00e1val!  M\u00e9retek:   40 cm k\u00f6r - max. 1 figura  50 cm k\u00f6r - max. 2 figura (dupla keresztn\u00e9v vagy csal\u00e1dn\u00e9v + keresztn\u00e9v eset\u00e9n csak 15cm-es figur\u00e1val \u00e9rhet\u0151 el)  60 cm k\u00f6r - max. 3 figura  T\u00f6bb f\u00e9le figur\u00e1val is el\u00e9rhet\u0151.  Ha egyedi elk\u00e9pzel\u00e9sed van, semmi gond, a rendel\u00e9s lead\u00e1sa k\u00f6zben mindent le tudsz nek\u00fcnk \u00edrni, \u00e9s ha pontos\u00edt\u00e1sra van sz\u00fcks\u00e9g, akkor telefonon keres\u00fcnk.  A k\u00f6nny\u0171 \u00e9s biztons\u00e1gos falra akaszthat\u00f3s\u00e1g \u00e9rdek\u00e9ben, nem t\u00e1mogatjuk a k\u00e9toldal\u00fa ragaszt\u00f3k haszn\u00e1lat\u00e1t, ez\u00e9rt minden d\u00edsz egyedi rejtett akaszt\u00f3val \u00e9rkezik. Biztons\u00e1gos, nem esik gyermekedre, \u00e9s k\u00f6nnyen szerelhet\u0151, csak norm\u00e1l facsavar \u00e9s tipli kell hozz\u00e1, ami opcion\u00e1lisan k\u00e9rhet\u0151 mell\u00e9.  Gy\u00e1rt\u00e1si id\u0151 max. 1 napt\u00e1ri h\u00e9t, plusz 2 munkanap sz\u00e1ll\u00edt\u00e1si id\u0151.  SOS gy\u00e1rt\u00e1s eset\u00e9n fel\u00e1rat sz\u00e1molunk fel, \u00edgy a gy\u00e1rt\u00e1si id\u0151 a rendel\u00e9s lead\u00e1s\u00e1t k\u00f6vet\u0151 munkanapt\u00f3l sz\u00e1m\u00edtva max. 2-3 munkanap + 2 nap a sz\u00e1ll\u00edt\u00e1s. (ha h\u00e9tf\u0151n rendeled, ak\u00e1r m\u00e1r p\u00e9nteken n\u00e1lad lehet)\" \/>\n<meta property=\"og:url\" content=\"https:\/\/www.lasermemories.hu\/?product=figuras-3d-fali-ajto-tabla-nevvel\" \/>\n<meta property=\"og:site_name\" content=\"Laser Memories\" \/>\n<meta property=\"article:modified_time\" content=\"2024-03-26T10:50:04+00:00\" \/>\n<meta property=\"og:image\" content=\"https:\/\/www.lasermemories.hu\/wp-content\/uploads\/2023\/08\/371362208_838526131195449_6899411639597597452_n-e1693155964377.jpg\" \/>\n\t<meta property=\"og:image:width\" content=\"1536\" \/>\n\t<meta property=\"og:image:height\" content=\"1827\" \/>\n\t<meta property=\"og:image:type\" content=\"image\/jpeg\" \/>\n<meta name=\"twitter:card\" content=\"summary_large_image\" \/>\n<meta name=\"twitter:label1\" content=\"Becs\u00fclt olvas\u00e1si id\u0151\" \/>\n\t<meta name=\"twitter:data1\" content=\"2 perc\" \/>\n<script type=\"application\/ld+json\" class=\"yoast-schema-graph\">{\"@context\":\"https:\/\/schema.org\",\"@graph\":[{\"@type\":\"WebPage\",\"@id\":\"https:\/\/www.lasermemories.hu\/?product=figuras-3d-fali-ajto-tabla-nevvel\",\"url\":\"https:\/\/www.lasermemories.hu\/?product=figuras-3d-fali-ajto-tabla-nevvel\",\"name\":\"Figur\u00e1s 3D fali\/ajt\u00f3 t\u00e1bla n\u00e9vvel - Laser Memories\",\"isPartOf\":{\"@id\":\"https:\/\/www.lasermemories.hu\/#website\"},\"datePublished\":\"2023-08-27T16:53:12+00:00\",\"dateModified\":\"2024-03-26T10:50:04+00:00\",\"breadcrumb\":{\"@id\":\"https:\/\/www.lasermemories.hu\/?product=figuras-3d-fali-ajto-tabla-nevvel#breadcrumb\"},\"inLanguage\":\"hu\",\"potentialAction\":[{\"@type\":\"ReadAction\",\"target\":[\"https:\/\/www.lasermemories.hu\/?product=figuras-3d-fali-ajto-tabla-nevvel\"]}]},{\"@type\":\"BreadcrumbList\",\"@id\":\"https:\/\/www.lasermemories.hu\/?product=figuras-3d-fali-ajto-tabla-nevvel#breadcrumb\",\"itemListElement\":[{\"@type\":\"ListItem\",\"position\":1,\"name\":\"Home\",\"item\":\"https:\/\/www.lasermemories.hu\/\"},{\"@type\":\"ListItem\",\"position\":2,\"name\":\"\u00dczlet\",\"item\":\"https:\/\/www.lasermemories.hu\/?page_id=9\"},{\"@type\":\"ListItem\",\"position\":3,\"name\":\"Figur\u00e1s 3D fali\/ajt\u00f3 t\u00e1bla n\u00e9vvel\"}]},{\"@type\":\"WebSite\",\"@id\":\"https:\/\/www.lasermemories.hu\/#website\",\"url\":\"https:\/\/www.lasermemories.hu\/\",\"name\":\"Laser Memories\",\"description\":\"Egyedi f\u00e1b\u00f3l k\u00e9sz\u00fclt k\u00fcl\u00f6nlegess\u00e9gek\",\"publisher\":{\"@id\":\"https:\/\/www.lasermemories.hu\/#organization\"},\"potentialAction\":[{\"@type\":\"SearchAction\",\"target\":{\"@type\":\"EntryPoint\",\"urlTemplate\":\"https:\/\/www.lasermemories.hu\/?s={search_term_string}\"},\"query-input\":\"required name=search_term_string\"}],\"inLanguage\":\"hu\"},{\"@type\":\"Organization\",\"@id\":\"https:\/\/www.lasermemories.hu\/#organization\",\"name\":\"Laser Memories\",\"url\":\"https:\/\/www.lasermemories.hu\/\",\"logo\":{\"@type\":\"ImageObject\",\"inLanguage\":\"hu\",\"@id\":\"https:\/\/www.lasermemories.hu\/#\/schema\/logo\/image\/\",\"url\":\"https:\/\/www.lasermemories.hu\/wp-content\/uploads\/2022\/08\/41589_Laser-Memories_PP-02.png\",\"contentUrl\":\"https:\/\/www.lasermemories.hu\/wp-content\/uploads\/2022\/08\/41589_Laser-Memories_PP-02.png\",\"width\":2137,\"height\":1703,\"caption\":\"Laser Memories\"},\"image\":{\"@id\":\"https:\/\/www.lasermemories.hu\/#\/schema\/logo\/image\/\"}}]}<\/script>\n<!-- \/ Yoast SEO plugin. -->","yoast_head_json":{"title":"Figur\u00e1s 3D fali\/ajt\u00f3 t\u00e1bla n\u00e9vvel - Laser Memories","robots":{"index":"index","follow":"follow","max-snippet":"max-snippet:-1","max-image-preview":"max-image-preview:large","max-video-preview":"max-video-preview:-1"},"canonical":"https:\/\/www.lasermemories.hu\/?product=figuras-3d-fali-ajto-tabla-nevvel","og_locale":"hu_HU","og_type":"article","og_title":"Figur\u00e1s 3D fali\/ajt\u00f3 t\u00e1bla n\u00e9vvel - Laser Memories","og_description":"Dobd fel gyermeked szob\u00e1j\u00e1t ezzel az egyedi n\u00e9vt\u00e1bl\u00e1val!  M\u00e9retek:   40 cm k\u00f6r - max. 1 figura  50 cm k\u00f6r - max. 2 figura (dupla keresztn\u00e9v vagy csal\u00e1dn\u00e9v + keresztn\u00e9v eset\u00e9n csak 15cm-es figur\u00e1val \u00e9rhet\u0151 el)  60 cm k\u00f6r - max. 3 figura  T\u00f6bb f\u00e9le figur\u00e1val is el\u00e9rhet\u0151.  Ha egyedi elk\u00e9pzel\u00e9sed van, semmi gond, a rendel\u00e9s lead\u00e1sa k\u00f6zben mindent le tudsz nek\u00fcnk \u00edrni, \u00e9s ha pontos\u00edt\u00e1sra van sz\u00fcks\u00e9g, akkor telefonon keres\u00fcnk.  A k\u00f6nny\u0171 \u00e9s biztons\u00e1gos falra akaszthat\u00f3s\u00e1g \u00e9rdek\u00e9ben, nem t\u00e1mogatjuk a k\u00e9toldal\u00fa ragaszt\u00f3k haszn\u00e1lat\u00e1t, ez\u00e9rt minden d\u00edsz egyedi rejtett akaszt\u00f3val \u00e9rkezik. Biztons\u00e1gos, nem esik gyermekedre, \u00e9s k\u00f6nnyen szerelhet\u0151, csak norm\u00e1l facsavar \u00e9s tipli kell hozz\u00e1, ami opcion\u00e1lisan k\u00e9rhet\u0151 mell\u00e9.  Gy\u00e1rt\u00e1si id\u0151 max. 1 napt\u00e1ri h\u00e9t, plusz 2 munkanap sz\u00e1ll\u00edt\u00e1si id\u0151.  SOS gy\u00e1rt\u00e1s eset\u00e9n fel\u00e1rat sz\u00e1molunk fel, \u00edgy a gy\u00e1rt\u00e1si id\u0151 a rendel\u00e9s lead\u00e1s\u00e1t k\u00f6vet\u0151 munkanapt\u00f3l sz\u00e1m\u00edtva max. 2-3 munkanap + 2 nap a sz\u00e1ll\u00edt\u00e1s. (ha h\u00e9tf\u0151n rendeled, ak\u00e1r m\u00e1r p\u00e9nteken n\u00e1lad lehet)","og_url":"https:\/\/www.lasermemories.hu\/?product=figuras-3d-fali-ajto-tabla-nevvel","og_site_name":"Laser Memories","article_modified_time":"2024-03-26T10:50:04+00:00","og_image":[{"width":1536,"height":1827,"url":"https:\/\/www.lasermemories.hu\/wp-content\/uploads\/2023\/08\/371362208_838526131195449_6899411639597597452_n-e1693155964377.jpg","type":"image\/jpeg"}],"twitter_card":"summary_large_image","twitter_misc":{"Becs\u00fclt olvas\u00e1si id\u0151":"2 perc"},"schema":{"@context":"https:\/\/schema.org","@graph":[{"@type":"WebPage","@id":"https:\/\/www.lasermemories.hu\/?product=figuras-3d-fali-ajto-tabla-nevvel","url":"https:\/\/www.lasermemories.hu\/?product=figuras-3d-fali-ajto-tabla-nevvel","name":"Figur\u00e1s 3D fali\/ajt\u00f3 t\u00e1bla n\u00e9vvel - Laser Memories","isPartOf":{"@id":"https:\/\/www.lasermemories.hu\/#website"},"datePublished":"2023-08-27T16:53:12+00:00","dateModified":"2024-03-26T10:50:04+00:00","breadcrumb":{"@id":"https:\/\/www.lasermemories.hu\/?product=figuras-3d-fali-ajto-tabla-nevvel#breadcrumb"},"inLanguage":"hu","potentialAction":[{"@type":"ReadAction","target":["https:\/\/www.lasermemories.hu\/?product=figuras-3d-fali-ajto-tabla-nevvel"]}]},{"@type":"BreadcrumbList","@id":"https:\/\/www.lasermemories.hu\/?product=figuras-3d-fali-ajto-tabla-nevvel#breadcrumb","itemListElement":[{"@type":"ListItem","position":1,"name":"Home","item":"https:\/\/www.lasermemories.hu\/"},{"@type":"ListItem","position":2,"name":"\u00dczlet","item":"https:\/\/www.lasermemories.hu\/?page_id=9"},{"@type":"ListItem","position":3,"name":"Figur\u00e1s 3D fali\/ajt\u00f3 t\u00e1bla n\u00e9vvel"}]},{"@type":"WebSite","@id":"https:\/\/www.lasermemories.hu\/#website","url":"https:\/\/www.lasermemories.hu\/","name":"Laser Memories","description":"Egyedi f\u00e1b\u00f3l k\u00e9sz\u00fclt k\u00fcl\u00f6nlegess\u00e9gek","publisher":{"@id":"https:\/\/www.lasermemories.hu\/#organization"},"potentialAction":[{"@type":"SearchAction","target":{"@type":"EntryPoint","urlTemplate":"https:\/\/www.lasermemories.hu\/?s={search_term_string}"},"query-input":"required name=search_term_string"}],"inLanguage":"hu"},{"@type":"Organization","@id":"https:\/\/www.lasermemories.hu\/#organization","name":"Laser Memories","url":"https:\/\/www.lasermemories.hu\/","logo":{"@type":"ImageObject","inLanguage":"hu","@id":"https:\/\/www.lasermemories.hu\/#\/schema\/logo\/image\/","url":"https:\/\/www.lasermemories.hu\/wp-content\/uploads\/2022\/08\/41589_Laser-Memories_PP-02.png","contentUrl":"https:\/\/www.lasermemories.hu\/wp-content\/uploads\/2022\/08\/41589_Laser-Memories_PP-02.png","width":2137,"height":1703,"caption":"Laser Memories"},"image":{"@id":"https:\/\/www.lasermemories.hu\/#\/schema\/logo\/image\/"}}]}},"jetpack_sharing_enabled":true,"_links":{"self":[{"href":"https:\/\/www.lasermemories.hu\/index.php?rest_route=\/wp\/v2\/product\/1665","targetHints":{"allow":["GET"]}}],"collection":[{"href":"https:\/\/www.lasermemories.hu\/index.php?rest_route=\/wp\/v2\/product"}],"about":[{"href":"https:\/\/www.lasermemories.hu\/index.php?rest_route=\/wp\/v2\/types\/product"}],"wp:featuredmedia":[{"embeddable":true,"href":"https:\/\/www.lasermemories.hu\/index.php?rest_route=\/wp\/v2\/media\/1667"}],"wp:attachment":[{"href":"https:\/\/www.lasermemories.hu\/index.php?rest_route=%2Fwp%2Fv2%2Fmedia&parent=1665"}],"wp:term":[{"taxonomy":"product_brand","embeddable":true,"href":"https:\/\/www.lasermemories.hu\/index.php?rest_route=%2Fwp%2Fv2%2Fproduct_brand&post=1665"},{"taxonomy":"product_cat","embeddable":true,"href":"https:\/\/www.lasermemories.hu\/index.php?rest_route=%2Fwp%2Fv2%2Fproduct_cat&post=1665"},{"taxonomy":"product_tag","embeddable":true,"href":"https:\/\/www.lasermemories.hu\/index.php?rest_route=%2Fwp%2Fv2%2Fproduct_tag&post=1665"}],"curies":[{"name":"wp","href":"https:\/\/api.w.org\/{rel}","templated":true}]}}