{"id":1656,"date":"2023-08-27T12:12:43","date_gmt":"2023-08-27T12:12:43","guid":{"rendered":"https:\/\/www.lasermemories.hu\/?post_type=product&#038;p=1656"},"modified":"2024-02-13T18:29:11","modified_gmt":"2024-02-13T18:29:11","slug":"nevtabla-3d","status":"publish","type":"product","link":"https:\/\/www.lasermemories.hu\/?product=nevtabla-3d","title":{"rendered":"N\u00e9vt\u00e1bla 3D"},"content":{"rendered":"<p>Dobd fel gyermeked szob\u00e1j\u00e1t ezzel az egyedi n\u00e9vt\u00e1bl\u00e1val!<\/p>\n<p>Magass\u00e1ga: kb. 30cm, de ha van benne j, g, y, p bet\u0171, akkor kb. 40cm.<\/p>\n<p>Sz\u00e9less\u00e9ge: A n\u00e9v hossz\u00fas\u00e1g\u00e1val v\u00e1ltozik.<\/p>\n<p>A k\u00f6nny\u0171 \u00e9s biztons\u00e1gos falra akaszthat\u00f3s\u00e1g \u00e9rdek\u00e9ben, nem t\u00e1mogatjuk a k\u00e9toldal\u00fa ragaszt\u00f3k haszn\u00e1lat\u00e1t, ez\u00e9rt minden d\u00edsz egyedi rejtett akaszt\u00f3val \u00e9rkezik. Biztons\u00e1gos, nem esik gyermekedre, \u00e9s k\u00f6nnyen szerelhet\u0151, csak norm\u00e1l facsavar \u00e9s tipli kell hozz\u00e1, ami opcion\u00e1lisan k\u00e9rhet\u0151 mell\u00e9.<\/p>\n<p>Gy\u00e1rt\u00e1si id\u0151 max. 1 napt\u00e1ri h\u00e9t, plusz 2 munkanap sz\u00e1ll\u00edt\u00e1si id\u0151.<\/p>\n<p>SOS gy\u00e1rt\u00e1s eset\u00e9n fel\u00e1rat sz\u00e1molunk fel, \u00edgy a gy\u00e1rt\u00e1si id\u0151 a rendel\u00e9s lead\u00e1s\u00e1t k\u00f6vet\u0151 munkanapt\u00f3l sz\u00e1m\u00edtva max. 2 munkanap + 2 nap a sz\u00e1ll\u00edt\u00e1s .<\/p>\n<p>&nbsp;<\/p>\n<p><span style=\"color: #ff0000;\">!!!! Sz\u00e1ll\u00edt\u00e1s csak h\u00e1zhoz sz\u00e1ll\u00edt\u00e1ssal (csomagautomat\u00e1ba nem f\u00e9r bele ) !!!!<\/span><\/p>\n","protected":false},"excerpt":{"rendered":"<p>Dobd fel gyermeked szob\u00e1j\u00e1t ezzel az egyedi n\u00e9vt\u00e1bl\u00e1val!<\/p>\n<p>Magass\u00e1ga: kb. 30cm, de ha van benne j, g, y, p bet\u0171, akkor kb. 40cm.<\/p>\n<p>Sz\u00e9less\u00e9ge: A n\u00e9v hossz\u00fas\u00e1g\u00e1val v\u00e1ltozik.<\/p>\n<p>A k\u00f6nny\u0171 \u00e9s biztons\u00e1gos falra akaszthat\u00f3s\u00e1g \u00e9rdek\u00e9ben, nem t\u00e1mogatjuk a k\u00e9toldal\u00fa ragaszt\u00f3k haszn\u00e1lat\u00e1t, ez\u00e9rt minden d\u00edsz egyedi rejtett akaszt\u00f3val \u00e9rkezik. Biztons\u00e1gos, nem esik gyermekedre, \u00e9s k\u00f6nnyen szerelhet\u0151, csak norm\u00e1l facsavar \u00e9s tipli kell hozz\u00e1, ami opcion\u00e1lisan k\u00e9rhet\u0151 mell\u00e9.<\/p>\n<p>Gy\u00e1rt\u00e1si id\u0151 max. 1 napt\u00e1ri h\u00e9t, plusz 2 munkanap sz\u00e1ll\u00edt\u00e1si id\u0151.<\/p>\n<p>SOS gy\u00e1rt\u00e1s eset\u00e9n fel\u00e1rat sz\u00e1molunk fel, \u00edgy a gy\u00e1rt\u00e1si id\u0151 a rendel\u00e9s lead\u00e1s\u00e1t k\u00f6vet\u0151 munkanapt\u00f3l sz\u00e1m\u00edtva max. 2 munkanap + 2 nap a sz\u00e1ll\u00edt\u00e1s .<\/p>\n","protected":false},"featured_media":1658,"template":"","meta":{"_acf_changed":false,"_monsterinsights_skip_tracking":false,"_monsterinsights_sitenote_active":false,"_monsterinsights_sitenote_note":"","_monsterinsights_sitenote_category":0},"product_brand":[],"product_cat":[22],"product_tag":[],"class_list":{"0":"post-1656","1":"product","2":"type-product","3":"status-publish","4":"has-post-thumbnail","6":"product_cat-gyermek","8":"entry","9":"has-media","11":"first","12":"instock","13":"sale","14":"shipping-taxable","15":"purchasable","16":"product-type-simple","17":"has-product-nav","18":"col","19":"span_1_of_3","20":"owp-content-center","21":"owp-thumbs-layout-horizontal","22":"owp-btn-normal","23":"owp-tabs-layout-horizontal"},"acf":[],"yoast_head":"<!-- This site is optimized with the Yoast SEO plugin v22.0 - https:\/\/yoast.com\/wordpress\/plugins\/seo\/ -->\n<title>N\u00e9vt\u00e1bla 3D - Laser Memories<\/title>\n<meta name=\"robots\" content=\"index, follow, max-snippet:-1, max-image-preview:large, max-video-preview:-1\" \/>\n<link rel=\"canonical\" href=\"https:\/\/www.lasermemories.hu\/?product=nevtabla-3d\" \/>\n<meta property=\"og:locale\" content=\"hu_HU\" \/>\n<meta property=\"og:type\" content=\"article\" \/>\n<meta property=\"og:title\" content=\"N\u00e9vt\u00e1bla 3D - Laser Memories\" \/>\n<meta property=\"og:description\" content=\"Dobd fel gyermeked szob\u00e1j\u00e1t ezzel az egyedi n\u00e9vt\u00e1bl\u00e1val!  Magass\u00e1ga: kb. 30cm, de ha van benne j, g, y, p bet\u0171, akkor kb. 40cm.  Sz\u00e9less\u00e9ge: A n\u00e9v hossz\u00fas\u00e1g\u00e1val v\u00e1ltozik.  A k\u00f6nny\u0171 \u00e9s biztons\u00e1gos falra akaszthat\u00f3s\u00e1g \u00e9rdek\u00e9ben, nem t\u00e1mogatjuk a k\u00e9toldal\u00fa ragaszt\u00f3k haszn\u00e1lat\u00e1t, ez\u00e9rt minden d\u00edsz egyedi rejtett akaszt\u00f3val \u00e9rkezik. Biztons\u00e1gos, nem esik gyermekedre, \u00e9s k\u00f6nnyen szerelhet\u0151, csak norm\u00e1l facsavar \u00e9s tipli kell hozz\u00e1, ami opcion\u00e1lisan k\u00e9rhet\u0151 mell\u00e9.  Gy\u00e1rt\u00e1si id\u0151 max. 1 napt\u00e1ri h\u00e9t, plusz 2 munkanap sz\u00e1ll\u00edt\u00e1si id\u0151.  SOS gy\u00e1rt\u00e1s eset\u00e9n fel\u00e1rat sz\u00e1molunk fel, \u00edgy a gy\u00e1rt\u00e1si id\u0151 a rendel\u00e9s lead\u00e1s\u00e1t k\u00f6vet\u0151 munkanapt\u00f3l sz\u00e1m\u00edtva max. 2 munkanap + 2 nap a sz\u00e1ll\u00edt\u00e1s .\" \/>\n<meta property=\"og:url\" content=\"https:\/\/www.lasermemories.hu\/?product=nevtabla-3d\" \/>\n<meta property=\"og:site_name\" content=\"Laser Memories\" \/>\n<meta property=\"article:modified_time\" content=\"2024-02-13T18:29:11+00:00\" \/>\n<meta property=\"og:image\" content=\"https:\/\/www.lasermemories.hu\/wp-content\/uploads\/2023\/08\/371382872_1431704384070550_5158957637410319058_n.jpg\" \/>\n\t<meta property=\"og:image:width\" content=\"2048\" \/>\n\t<meta property=\"og:image:height\" content=\"1536\" \/>\n\t<meta property=\"og:image:type\" content=\"image\/jpeg\" \/>\n<meta name=\"twitter:card\" content=\"summary_large_image\" \/>\n<meta name=\"twitter:label1\" content=\"Becs\u00fclt olvas\u00e1si id\u0151\" \/>\n\t<meta name=\"twitter:data1\" content=\"1 perc\" \/>\n<script type=\"application\/ld+json\" class=\"yoast-schema-graph\">{\"@context\":\"https:\/\/schema.org\",\"@graph\":[{\"@type\":\"WebPage\",\"@id\":\"https:\/\/www.lasermemories.hu\/?product=nevtabla-3d\",\"url\":\"https:\/\/www.lasermemories.hu\/?product=nevtabla-3d\",\"name\":\"N\u00e9vt\u00e1bla 3D - Laser Memories\",\"isPartOf\":{\"@id\":\"https:\/\/www.lasermemories.hu\/#website\"},\"datePublished\":\"2023-08-27T12:12:43+00:00\",\"dateModified\":\"2024-02-13T18:29:11+00:00\",\"breadcrumb\":{\"@id\":\"https:\/\/www.lasermemories.hu\/?product=nevtabla-3d#breadcrumb\"},\"inLanguage\":\"hu\",\"potentialAction\":[{\"@type\":\"ReadAction\",\"target\":[\"https:\/\/www.lasermemories.hu\/?product=nevtabla-3d\"]}]},{\"@type\":\"BreadcrumbList\",\"@id\":\"https:\/\/www.lasermemories.hu\/?product=nevtabla-3d#breadcrumb\",\"itemListElement\":[{\"@type\":\"ListItem\",\"position\":1,\"name\":\"Home\",\"item\":\"https:\/\/www.lasermemories.hu\/\"},{\"@type\":\"ListItem\",\"position\":2,\"name\":\"\u00dczlet\",\"item\":\"https:\/\/www.lasermemories.hu\/?page_id=9\"},{\"@type\":\"ListItem\",\"position\":3,\"name\":\"N\u00e9vt\u00e1bla 3D\"}]},{\"@type\":\"WebSite\",\"@id\":\"https:\/\/www.lasermemories.hu\/#website\",\"url\":\"https:\/\/www.lasermemories.hu\/\",\"name\":\"Laser Memories\",\"description\":\"Egyedi f\u00e1b\u00f3l k\u00e9sz\u00fclt k\u00fcl\u00f6nlegess\u00e9gek\",\"publisher\":{\"@id\":\"https:\/\/www.lasermemories.hu\/#organization\"},\"potentialAction\":[{\"@type\":\"SearchAction\",\"target\":{\"@type\":\"EntryPoint\",\"urlTemplate\":\"https:\/\/www.lasermemories.hu\/?s={search_term_string}\"},\"query-input\":\"required name=search_term_string\"}],\"inLanguage\":\"hu\"},{\"@type\":\"Organization\",\"@id\":\"https:\/\/www.lasermemories.hu\/#organization\",\"name\":\"Laser Memories\",\"url\":\"https:\/\/www.lasermemories.hu\/\",\"logo\":{\"@type\":\"ImageObject\",\"inLanguage\":\"hu\",\"@id\":\"https:\/\/www.lasermemories.hu\/#\/schema\/logo\/image\/\",\"url\":\"https:\/\/www.lasermemories.hu\/wp-content\/uploads\/2022\/08\/41589_Laser-Memories_PP-02.png\",\"contentUrl\":\"https:\/\/www.lasermemories.hu\/wp-content\/uploads\/2022\/08\/41589_Laser-Memories_PP-02.png\",\"width\":2137,\"height\":1703,\"caption\":\"Laser Memories\"},\"image\":{\"@id\":\"https:\/\/www.lasermemories.hu\/#\/schema\/logo\/image\/\"}}]}<\/script>\n<!-- \/ Yoast SEO plugin. -->","yoast_head_json":{"title":"N\u00e9vt\u00e1bla 3D - Laser Memories","robots":{"index":"index","follow":"follow","max-snippet":"max-snippet:-1","max-image-preview":"max-image-preview:large","max-video-preview":"max-video-preview:-1"},"canonical":"https:\/\/www.lasermemories.hu\/?product=nevtabla-3d","og_locale":"hu_HU","og_type":"article","og_title":"N\u00e9vt\u00e1bla 3D - Laser Memories","og_description":"Dobd fel gyermeked szob\u00e1j\u00e1t ezzel az egyedi n\u00e9vt\u00e1bl\u00e1val!  Magass\u00e1ga: kb. 30cm, de ha van benne j, g, y, p bet\u0171, akkor kb. 40cm.  Sz\u00e9less\u00e9ge: A n\u00e9v hossz\u00fas\u00e1g\u00e1val v\u00e1ltozik.  A k\u00f6nny\u0171 \u00e9s biztons\u00e1gos falra akaszthat\u00f3s\u00e1g \u00e9rdek\u00e9ben, nem t\u00e1mogatjuk a k\u00e9toldal\u00fa ragaszt\u00f3k haszn\u00e1lat\u00e1t, ez\u00e9rt minden d\u00edsz egyedi rejtett akaszt\u00f3val \u00e9rkezik. Biztons\u00e1gos, nem esik gyermekedre, \u00e9s k\u00f6nnyen szerelhet\u0151, csak norm\u00e1l facsavar \u00e9s tipli kell hozz\u00e1, ami opcion\u00e1lisan k\u00e9rhet\u0151 mell\u00e9.  Gy\u00e1rt\u00e1si id\u0151 max. 1 napt\u00e1ri h\u00e9t, plusz 2 munkanap sz\u00e1ll\u00edt\u00e1si id\u0151.  SOS gy\u00e1rt\u00e1s eset\u00e9n fel\u00e1rat sz\u00e1molunk fel, \u00edgy a gy\u00e1rt\u00e1si id\u0151 a rendel\u00e9s lead\u00e1s\u00e1t k\u00f6vet\u0151 munkanapt\u00f3l sz\u00e1m\u00edtva max. 2 munkanap + 2 nap a sz\u00e1ll\u00edt\u00e1s .","og_url":"https:\/\/www.lasermemories.hu\/?product=nevtabla-3d","og_site_name":"Laser Memories","article_modified_time":"2024-02-13T18:29:11+00:00","og_image":[{"width":2048,"height":1536,"url":"https:\/\/www.lasermemories.hu\/wp-content\/uploads\/2023\/08\/371382872_1431704384070550_5158957637410319058_n.jpg","type":"image\/jpeg"}],"twitter_card":"summary_large_image","twitter_misc":{"Becs\u00fclt olvas\u00e1si id\u0151":"1 perc"},"schema":{"@context":"https:\/\/schema.org","@graph":[{"@type":"WebPage","@id":"https:\/\/www.lasermemories.hu\/?product=nevtabla-3d","url":"https:\/\/www.lasermemories.hu\/?product=nevtabla-3d","name":"N\u00e9vt\u00e1bla 3D - Laser Memories","isPartOf":{"@id":"https:\/\/www.lasermemories.hu\/#website"},"datePublished":"2023-08-27T12:12:43+00:00","dateModified":"2024-02-13T18:29:11+00:00","breadcrumb":{"@id":"https:\/\/www.lasermemories.hu\/?product=nevtabla-3d#breadcrumb"},"inLanguage":"hu","potentialAction":[{"@type":"ReadAction","target":["https:\/\/www.lasermemories.hu\/?product=nevtabla-3d"]}]},{"@type":"BreadcrumbList","@id":"https:\/\/www.lasermemories.hu\/?product=nevtabla-3d#breadcrumb","itemListElement":[{"@type":"ListItem","position":1,"name":"Home","item":"https:\/\/www.lasermemories.hu\/"},{"@type":"ListItem","position":2,"name":"\u00dczlet","item":"https:\/\/www.lasermemories.hu\/?page_id=9"},{"@type":"ListItem","position":3,"name":"N\u00e9vt\u00e1bla 3D"}]},{"@type":"WebSite","@id":"https:\/\/www.lasermemories.hu\/#website","url":"https:\/\/www.lasermemories.hu\/","name":"Laser Memories","description":"Egyedi f\u00e1b\u00f3l k\u00e9sz\u00fclt k\u00fcl\u00f6nlegess\u00e9gek","publisher":{"@id":"https:\/\/www.lasermemories.hu\/#organization"},"potentialAction":[{"@type":"SearchAction","target":{"@type":"EntryPoint","urlTemplate":"https:\/\/www.lasermemories.hu\/?s={search_term_string}"},"query-input":"required name=search_term_string"}],"inLanguage":"hu"},{"@type":"Organization","@id":"https:\/\/www.lasermemories.hu\/#organization","name":"Laser Memories","url":"https:\/\/www.lasermemories.hu\/","logo":{"@type":"ImageObject","inLanguage":"hu","@id":"https:\/\/www.lasermemories.hu\/#\/schema\/logo\/image\/","url":"https:\/\/www.lasermemories.hu\/wp-content\/uploads\/2022\/08\/41589_Laser-Memories_PP-02.png","contentUrl":"https:\/\/www.lasermemories.hu\/wp-content\/uploads\/2022\/08\/41589_Laser-Memories_PP-02.png","width":2137,"height":1703,"caption":"Laser Memories"},"image":{"@id":"https:\/\/www.lasermemories.hu\/#\/schema\/logo\/image\/"}}]}},"jetpack_sharing_enabled":true,"_links":{"self":[{"href":"https:\/\/www.lasermemories.hu\/index.php?rest_route=\/wp\/v2\/product\/1656","targetHints":{"allow":["GET"]}}],"collection":[{"href":"https:\/\/www.lasermemories.hu\/index.php?rest_route=\/wp\/v2\/product"}],"about":[{"href":"https:\/\/www.lasermemories.hu\/index.php?rest_route=\/wp\/v2\/types\/product"}],"wp:featuredmedia":[{"embeddable":true,"href":"https:\/\/www.lasermemories.hu\/index.php?rest_route=\/wp\/v2\/media\/1658"}],"wp:attachment":[{"href":"https:\/\/www.lasermemories.hu\/index.php?rest_route=%2Fwp%2Fv2%2Fmedia&parent=1656"}],"wp:term":[{"taxonomy":"product_brand","embeddable":true,"href":"https:\/\/www.lasermemories.hu\/index.php?rest_route=%2Fwp%2Fv2%2Fproduct_brand&post=1656"},{"taxonomy":"product_cat","embeddable":true,"href":"https:\/\/www.lasermemories.hu\/index.php?rest_route=%2Fwp%2Fv2%2Fproduct_cat&post=1656"},{"taxonomy":"product_tag","embeddable":true,"href":"https:\/\/www.lasermemories.hu\/index.php?rest_route=%2Fwp%2Fv2%2Fproduct_tag&post=1656"}],"curies":[{"name":"wp","href":"https:\/\/api.w.org\/{rel}","templated":true}]}}