{"id":1640,"date":"2023-08-12T12:41:41","date_gmt":"2023-08-12T12:41:41","guid":{"rendered":"https:\/\/www.lasermemories.hu\/?post_type=product&#038;p=1640"},"modified":"2025-02-02T06:55:27","modified_gmt":"2025-02-02T06:55:27","slug":"egyedi-asztali-telefontarto","status":"publish","type":"product","link":"https:\/\/www.lasermemories.hu\/?product=egyedi-asztali-telefontarto","title":{"rendered":"Telefontart\u00f3"},"content":{"rendered":"<p>Koll\u00e9g\u00e1knak, sz\u00fcl\u0151knek, tan\u00e1roknak, b\u00e1rmilyen alkalomra, ha kis apr\u00f3s\u00e1gra van sz\u00fcks\u00e9ged akkor j\u00f3 v\u00e1laszt\u00e1s lehet sz\u00e1modra az egyedileg grav\u00edrozott asztali telefontart\u00f3nk.<\/p>\n<p>Anyaga: ny\u00edrfa<\/p>\n<p>Elk\u00e9sz\u00fcl\u00e9si id\u0151 kb. 2-3 munkanap, cs\u00facsszezonokban ez t\u00f6bb is lehet. SOS rendel\u00e9s eset\u00e9n, ha a megrendel\u00e9s d\u00e9lut\u00e1n 4-ig be\u00e9rkezik, ak\u00e1r k\u00f6vetkez\u0151 munkanapi felad\u00e1ssal is tudjuk v\u00e1llalni, amit a r\u00e1 k\u00f6vetkez\u0151 munkanapon kisz\u00e1ll\u00edt a GLS.<\/p>\n<p>Mivel szem\u00e9lyre szabott egyedi aj\u00e1nd\u00e9kokat k\u00e9sz\u00edt\u00fcnk, \u00edgy az egyedi, azaz m\u00e1soknak nem \u00e9rt\u00e9kes\u00edthet\u0151 aj\u00e1nd\u00e9kokat, csak el\u0151re utal\u00e1s, vagy bankk\u00e1rty\u00e1s fizet\u00e9si m\u00f3d v\u00e1laszt\u00e1sa eset\u00e9n tudjuk v\u00e1llalni.<\/p>\n","protected":false},"excerpt":{"rendered":"<p>Koll\u00e9g\u00e1knak, sz\u00fcl\u0151knek, tan\u00e1roknak, b\u00e1rmilyen alkalomra, ha kis apr\u00f3s\u00e1gra van sz\u00fcks\u00e9ged akkor j\u00f3 v\u00e1laszt\u00e1s lehet sz\u00e1modra az egyedileg grav\u00edrozott asztali telefontart\u00f3nk. Anyaga: ny\u00edrfa Elk\u00e9sz\u00fcl\u00e9si id\u0151 kb. 2-3 munkanap, cs\u00facsszezonokban ez t\u00f6bb is lehet. SOS rendel\u00e9s eset\u00e9n, ha a megrendel\u00e9s d\u00e9lut\u00e1n 4-ig be\u00e9rkezik, ak\u00e1r k\u00f6vetkez\u0151 munkanapi felad\u00e1ssal is tudjuk v\u00e1llalni, amit a r\u00e1 k\u00f6vetkez\u0151 munkanapon kisz\u00e1ll\u00edt a [&hellip;]<\/p>\n","protected":false},"featured_media":1641,"template":"","meta":{"_acf_changed":false,"_monsterinsights_skip_tracking":false,"_monsterinsights_sitenote_active":false,"_monsterinsights_sitenote_note":"","_monsterinsights_sitenote_category":0},"product_brand":[],"product_cat":[48,49,62,63],"product_tag":[],"class_list":{"0":"post-1640","1":"product","2":"type-product","3":"status-publish","4":"has-post-thumbnail","6":"product_cat-ferfiaknak","7":"product_cat-ajandek-noknek","8":"product_cat-anyak-napja","9":"product_cat-apak-napja","11":"entry","12":"has-media","14":"first","15":"instock","16":"shipping-taxable","17":"purchasable","18":"product-type-simple","19":"has-product-nav","20":"col","21":"span_1_of_3","22":"owp-content-center","23":"owp-thumbs-layout-horizontal","24":"owp-btn-normal","25":"owp-tabs-layout-horizontal"},"acf":[],"yoast_head":"<!-- This site is optimized with the Yoast SEO plugin v22.0 - https:\/\/yoast.com\/wordpress\/plugins\/seo\/ -->\n<title>Telefontart\u00f3 - Laser Memories<\/title>\n<meta name=\"robots\" content=\"index, follow, max-snippet:-1, max-image-preview:large, max-video-preview:-1\" \/>\n<link rel=\"canonical\" href=\"https:\/\/www.lasermemories.hu\/?product=egyedi-asztali-telefontarto\" \/>\n<meta property=\"og:locale\" content=\"hu_HU\" \/>\n<meta property=\"og:type\" content=\"article\" \/>\n<meta property=\"og:title\" content=\"Telefontart\u00f3 - Laser Memories\" \/>\n<meta property=\"og:description\" content=\"Koll\u00e9g\u00e1knak, sz\u00fcl\u0151knek, tan\u00e1roknak, b\u00e1rmilyen alkalomra, ha kis apr\u00f3s\u00e1gra van sz\u00fcks\u00e9ged akkor j\u00f3 v\u00e1laszt\u00e1s lehet sz\u00e1modra az egyedileg grav\u00edrozott asztali telefontart\u00f3nk. Anyaga: ny\u00edrfa Elk\u00e9sz\u00fcl\u00e9si id\u0151 kb. 2-3 munkanap, cs\u00facsszezonokban ez t\u00f6bb is lehet. SOS rendel\u00e9s eset\u00e9n, ha a megrendel\u00e9s d\u00e9lut\u00e1n 4-ig be\u00e9rkezik, ak\u00e1r k\u00f6vetkez\u0151 munkanapi felad\u00e1ssal is tudjuk v\u00e1llalni, amit a r\u00e1 k\u00f6vetkez\u0151 munkanapon kisz\u00e1ll\u00edt a [&hellip;]\" \/>\n<meta property=\"og:url\" content=\"https:\/\/www.lasermemories.hu\/?product=egyedi-asztali-telefontarto\" \/>\n<meta property=\"og:site_name\" content=\"Laser Memories\" \/>\n<meta property=\"article:modified_time\" content=\"2025-02-02T06:55:27+00:00\" \/>\n<meta property=\"og:image\" content=\"https:\/\/www.lasermemories.hu\/wp-content\/uploads\/2023\/08\/20230611_151529-scaled.jpg\" \/>\n\t<meta property=\"og:image:width\" content=\"1913\" \/>\n\t<meta property=\"og:image:height\" content=\"2560\" \/>\n\t<meta property=\"og:image:type\" content=\"image\/jpeg\" \/>\n<meta name=\"twitter:card\" content=\"summary_large_image\" \/>\n<meta name=\"twitter:label1\" content=\"Becs\u00fclt olvas\u00e1si id\u0151\" \/>\n\t<meta name=\"twitter:data1\" content=\"1 perc\" \/>\n<script type=\"application\/ld+json\" class=\"yoast-schema-graph\">{\"@context\":\"https:\/\/schema.org\",\"@graph\":[{\"@type\":\"WebPage\",\"@id\":\"https:\/\/www.lasermemories.hu\/?product=egyedi-asztali-telefontarto\",\"url\":\"https:\/\/www.lasermemories.hu\/?product=egyedi-asztali-telefontarto\",\"name\":\"Telefontart\u00f3 - Laser Memories\",\"isPartOf\":{\"@id\":\"https:\/\/www.lasermemories.hu\/#website\"},\"datePublished\":\"2023-08-12T12:41:41+00:00\",\"dateModified\":\"2025-02-02T06:55:27+00:00\",\"breadcrumb\":{\"@id\":\"https:\/\/www.lasermemories.hu\/?product=egyedi-asztali-telefontarto#breadcrumb\"},\"inLanguage\":\"hu\",\"potentialAction\":[{\"@type\":\"ReadAction\",\"target\":[\"https:\/\/www.lasermemories.hu\/?product=egyedi-asztali-telefontarto\"]}]},{\"@type\":\"BreadcrumbList\",\"@id\":\"https:\/\/www.lasermemories.hu\/?product=egyedi-asztali-telefontarto#breadcrumb\",\"itemListElement\":[{\"@type\":\"ListItem\",\"position\":1,\"name\":\"Home\",\"item\":\"https:\/\/www.lasermemories.hu\/\"},{\"@type\":\"ListItem\",\"position\":2,\"name\":\"\u00dczlet\",\"item\":\"https:\/\/www.lasermemories.hu\/?page_id=9\"},{\"@type\":\"ListItem\",\"position\":3,\"name\":\"Telefontart\u00f3\"}]},{\"@type\":\"WebSite\",\"@id\":\"https:\/\/www.lasermemories.hu\/#website\",\"url\":\"https:\/\/www.lasermemories.hu\/\",\"name\":\"Laser Memories\",\"description\":\"Egyedi f\u00e1b\u00f3l k\u00e9sz\u00fclt k\u00fcl\u00f6nlegess\u00e9gek\",\"publisher\":{\"@id\":\"https:\/\/www.lasermemories.hu\/#organization\"},\"potentialAction\":[{\"@type\":\"SearchAction\",\"target\":{\"@type\":\"EntryPoint\",\"urlTemplate\":\"https:\/\/www.lasermemories.hu\/?s={search_term_string}\"},\"query-input\":\"required name=search_term_string\"}],\"inLanguage\":\"hu\"},{\"@type\":\"Organization\",\"@id\":\"https:\/\/www.lasermemories.hu\/#organization\",\"name\":\"Laser Memories\",\"url\":\"https:\/\/www.lasermemories.hu\/\",\"logo\":{\"@type\":\"ImageObject\",\"inLanguage\":\"hu\",\"@id\":\"https:\/\/www.lasermemories.hu\/#\/schema\/logo\/image\/\",\"url\":\"https:\/\/www.lasermemories.hu\/wp-content\/uploads\/2022\/08\/41589_Laser-Memories_PP-02.png\",\"contentUrl\":\"https:\/\/www.lasermemories.hu\/wp-content\/uploads\/2022\/08\/41589_Laser-Memories_PP-02.png\",\"width\":2137,\"height\":1703,\"caption\":\"Laser Memories\"},\"image\":{\"@id\":\"https:\/\/www.lasermemories.hu\/#\/schema\/logo\/image\/\"}}]}<\/script>\n<!-- \/ Yoast SEO plugin. -->","yoast_head_json":{"title":"Telefontart\u00f3 - Laser Memories","robots":{"index":"index","follow":"follow","max-snippet":"max-snippet:-1","max-image-preview":"max-image-preview:large","max-video-preview":"max-video-preview:-1"},"canonical":"https:\/\/www.lasermemories.hu\/?product=egyedi-asztali-telefontarto","og_locale":"hu_HU","og_type":"article","og_title":"Telefontart\u00f3 - Laser Memories","og_description":"Koll\u00e9g\u00e1knak, sz\u00fcl\u0151knek, tan\u00e1roknak, b\u00e1rmilyen alkalomra, ha kis apr\u00f3s\u00e1gra van sz\u00fcks\u00e9ged akkor j\u00f3 v\u00e1laszt\u00e1s lehet sz\u00e1modra az egyedileg grav\u00edrozott asztali telefontart\u00f3nk. Anyaga: ny\u00edrfa Elk\u00e9sz\u00fcl\u00e9si id\u0151 kb. 2-3 munkanap, cs\u00facsszezonokban ez t\u00f6bb is lehet. SOS rendel\u00e9s eset\u00e9n, ha a megrendel\u00e9s d\u00e9lut\u00e1n 4-ig be\u00e9rkezik, ak\u00e1r k\u00f6vetkez\u0151 munkanapi felad\u00e1ssal is tudjuk v\u00e1llalni, amit a r\u00e1 k\u00f6vetkez\u0151 munkanapon kisz\u00e1ll\u00edt a [&hellip;]","og_url":"https:\/\/www.lasermemories.hu\/?product=egyedi-asztali-telefontarto","og_site_name":"Laser Memories","article_modified_time":"2025-02-02T06:55:27+00:00","og_image":[{"width":1913,"height":2560,"url":"https:\/\/www.lasermemories.hu\/wp-content\/uploads\/2023\/08\/20230611_151529-scaled.jpg","type":"image\/jpeg"}],"twitter_card":"summary_large_image","twitter_misc":{"Becs\u00fclt olvas\u00e1si id\u0151":"1 perc"},"schema":{"@context":"https:\/\/schema.org","@graph":[{"@type":"WebPage","@id":"https:\/\/www.lasermemories.hu\/?product=egyedi-asztali-telefontarto","url":"https:\/\/www.lasermemories.hu\/?product=egyedi-asztali-telefontarto","name":"Telefontart\u00f3 - Laser Memories","isPartOf":{"@id":"https:\/\/www.lasermemories.hu\/#website"},"datePublished":"2023-08-12T12:41:41+00:00","dateModified":"2025-02-02T06:55:27+00:00","breadcrumb":{"@id":"https:\/\/www.lasermemories.hu\/?product=egyedi-asztali-telefontarto#breadcrumb"},"inLanguage":"hu","potentialAction":[{"@type":"ReadAction","target":["https:\/\/www.lasermemories.hu\/?product=egyedi-asztali-telefontarto"]}]},{"@type":"BreadcrumbList","@id":"https:\/\/www.lasermemories.hu\/?product=egyedi-asztali-telefontarto#breadcrumb","itemListElement":[{"@type":"ListItem","position":1,"name":"Home","item":"https:\/\/www.lasermemories.hu\/"},{"@type":"ListItem","position":2,"name":"\u00dczlet","item":"https:\/\/www.lasermemories.hu\/?page_id=9"},{"@type":"ListItem","position":3,"name":"Telefontart\u00f3"}]},{"@type":"WebSite","@id":"https:\/\/www.lasermemories.hu\/#website","url":"https:\/\/www.lasermemories.hu\/","name":"Laser Memories","description":"Egyedi f\u00e1b\u00f3l k\u00e9sz\u00fclt k\u00fcl\u00f6nlegess\u00e9gek","publisher":{"@id":"https:\/\/www.lasermemories.hu\/#organization"},"potentialAction":[{"@type":"SearchAction","target":{"@type":"EntryPoint","urlTemplate":"https:\/\/www.lasermemories.hu\/?s={search_term_string}"},"query-input":"required name=search_term_string"}],"inLanguage":"hu"},{"@type":"Organization","@id":"https:\/\/www.lasermemories.hu\/#organization","name":"Laser Memories","url":"https:\/\/www.lasermemories.hu\/","logo":{"@type":"ImageObject","inLanguage":"hu","@id":"https:\/\/www.lasermemories.hu\/#\/schema\/logo\/image\/","url":"https:\/\/www.lasermemories.hu\/wp-content\/uploads\/2022\/08\/41589_Laser-Memories_PP-02.png","contentUrl":"https:\/\/www.lasermemories.hu\/wp-content\/uploads\/2022\/08\/41589_Laser-Memories_PP-02.png","width":2137,"height":1703,"caption":"Laser Memories"},"image":{"@id":"https:\/\/www.lasermemories.hu\/#\/schema\/logo\/image\/"}}]}},"jetpack_sharing_enabled":true,"_links":{"self":[{"href":"https:\/\/www.lasermemories.hu\/index.php?rest_route=\/wp\/v2\/product\/1640","targetHints":{"allow":["GET"]}}],"collection":[{"href":"https:\/\/www.lasermemories.hu\/index.php?rest_route=\/wp\/v2\/product"}],"about":[{"href":"https:\/\/www.lasermemories.hu\/index.php?rest_route=\/wp\/v2\/types\/product"}],"wp:featuredmedia":[{"embeddable":true,"href":"https:\/\/www.lasermemories.hu\/index.php?rest_route=\/wp\/v2\/media\/1641"}],"wp:attachment":[{"href":"https:\/\/www.lasermemories.hu\/index.php?rest_route=%2Fwp%2Fv2%2Fmedia&parent=1640"}],"wp:term":[{"taxonomy":"product_brand","embeddable":true,"href":"https:\/\/www.lasermemories.hu\/index.php?rest_route=%2Fwp%2Fv2%2Fproduct_brand&post=1640"},{"taxonomy":"product_cat","embeddable":true,"href":"https:\/\/www.lasermemories.hu\/index.php?rest_route=%2Fwp%2Fv2%2Fproduct_cat&post=1640"},{"taxonomy":"product_tag","embeddable":true,"href":"https:\/\/www.lasermemories.hu\/index.php?rest_route=%2Fwp%2Fv2%2Fproduct_tag&post=1640"}],"curies":[{"name":"wp","href":"https:\/\/api.w.org\/{rel}","templated":true}]}}