{"id":1637,"date":"2023-08-12T12:34:24","date_gmt":"2023-08-12T12:34:24","guid":{"rendered":"https:\/\/www.lasermemories.hu\/?post_type=product&#038;p=1637"},"modified":"2025-02-02T06:55:48","modified_gmt":"2025-02-02T06:55:48","slug":"egyedi-muhelytabla","status":"publish","type":"product","link":"https:\/\/www.lasermemories.hu\/?product=egyedi-muhelytabla","title":{"rendered":"Egyedi m\u0171helyt\u00e1bla"},"content":{"rendered":"<p>Apa\/Papa szeret bark\u00e1csolni? Akkor biztos \u00f6r\u00fclni fog ennek az egyedi aj\u00e1nd\u00e9knak!<\/p>\n<p>Anyaga: ny\u00edrfa<\/p>\n<p>&nbsp;<\/p>\n<p>Elk\u00e9sz\u00fcl\u00e9si id\u0151 kb. 2-3 munkanap, cs\u00facsszezonokban ez t\u00f6bb is lehet. SOS rendel\u00e9s eset\u00e9n, ha a megrendel\u00e9s d\u00e9lut\u00e1n 4-ig be\u00e9rkezik, ak\u00e1r k\u00f6vetkez\u0151 munkanapi felad\u00e1ssal is tudjuk v\u00e1llalni, amit a r\u00e1 k\u00f6vetkez\u0151 munkanapon kisz\u00e1ll\u00edt a GLS.<\/p>\n<p>Mivel szem\u00e9lyre szabott egyedi aj\u00e1nd\u00e9kokat k\u00e9sz\u00edt\u00fcnk, \u00edgy az egyedi, azaz m\u00e1soknak nem \u00e9rt\u00e9kes\u00edthet\u0151 aj\u00e1nd\u00e9kokat, csak el\u0151re utal\u00e1s, vagy bankk\u00e1rty\u00e1s fizet\u00e9si m\u00f3d v\u00e1laszt\u00e1sa eset\u00e9n tudjuk v\u00e1llalni.<\/p>\n","protected":false},"excerpt":{"rendered":"<p>Apa\/Papa szeret bark\u00e1csolni? Akkor biztos \u00f6r\u00fclni fog ennek az egyedi aj\u00e1nd\u00e9knak! Anyaga: ny\u00edrfa &nbsp; Elk\u00e9sz\u00fcl\u00e9si id\u0151 kb. 2-3 munkanap, cs\u00facsszezonokban ez t\u00f6bb is lehet. SOS rendel\u00e9s eset\u00e9n, ha a megrendel\u00e9s d\u00e9lut\u00e1n 4-ig be\u00e9rkezik, ak\u00e1r k\u00f6vetkez\u0151 munkanapi felad\u00e1ssal is tudjuk v\u00e1llalni, amit a r\u00e1 k\u00f6vetkez\u0151 munkanapon kisz\u00e1ll\u00edt a GLS. Mivel szem\u00e9lyre szabott egyedi aj\u00e1nd\u00e9kokat k\u00e9sz\u00edt\u00fcnk, \u00edgy [&hellip;]<\/p>\n","protected":false},"featured_media":1639,"template":"","meta":{"_acf_changed":false,"_monsterinsights_skip_tracking":false,"_monsterinsights_sitenote_active":false,"_monsterinsights_sitenote_note":"","_monsterinsights_sitenote_category":0},"product_brand":[],"product_cat":[48,63],"product_tag":[],"class_list":{"0":"post-1637","1":"product","2":"type-product","3":"status-publish","4":"has-post-thumbnail","6":"product_cat-ferfiaknak","7":"product_cat-apak-napja","9":"entry","10":"has-media","12":"first","13":"instock","14":"shipping-taxable","15":"purchasable","16":"product-type-simple","17":"has-product-nav","18":"col","19":"span_1_of_3","20":"owp-content-center","21":"owp-thumbs-layout-horizontal","22":"owp-btn-normal","23":"owp-tabs-layout-horizontal"},"acf":[],"yoast_head":"<!-- This site is optimized with the Yoast SEO plugin v22.0 - https:\/\/yoast.com\/wordpress\/plugins\/seo\/ -->\n<title>Egyedi m\u0171helyt\u00e1bla - Laser Memories<\/title>\n<meta name=\"robots\" content=\"index, follow, max-snippet:-1, max-image-preview:large, max-video-preview:-1\" \/>\n<link rel=\"canonical\" href=\"https:\/\/www.lasermemories.hu\/?product=egyedi-muhelytabla\" \/>\n<meta property=\"og:locale\" content=\"hu_HU\" \/>\n<meta property=\"og:type\" content=\"article\" \/>\n<meta property=\"og:title\" content=\"Egyedi m\u0171helyt\u00e1bla - Laser Memories\" \/>\n<meta property=\"og:description\" content=\"Apa\/Papa szeret bark\u00e1csolni? Akkor biztos \u00f6r\u00fclni fog ennek az egyedi aj\u00e1nd\u00e9knak! Anyaga: ny\u00edrfa &nbsp; Elk\u00e9sz\u00fcl\u00e9si id\u0151 kb. 2-3 munkanap, cs\u00facsszezonokban ez t\u00f6bb is lehet. SOS rendel\u00e9s eset\u00e9n, ha a megrendel\u00e9s d\u00e9lut\u00e1n 4-ig be\u00e9rkezik, ak\u00e1r k\u00f6vetkez\u0151 munkanapi felad\u00e1ssal is tudjuk v\u00e1llalni, amit a r\u00e1 k\u00f6vetkez\u0151 munkanapon kisz\u00e1ll\u00edt a GLS. Mivel szem\u00e9lyre szabott egyedi aj\u00e1nd\u00e9kokat k\u00e9sz\u00edt\u00fcnk, \u00edgy [&hellip;]\" \/>\n<meta property=\"og:url\" content=\"https:\/\/www.lasermemories.hu\/?product=egyedi-muhelytabla\" \/>\n<meta property=\"og:site_name\" content=\"Laser Memories\" \/>\n<meta property=\"article:modified_time\" content=\"2025-02-02T06:55:48+00:00\" \/>\n<meta property=\"og:image\" content=\"https:\/\/www.lasermemories.hu\/wp-content\/uploads\/2023\/08\/20230617_1147570-scaled.jpg\" \/>\n\t<meta property=\"og:image:width\" content=\"2560\" \/>\n\t<meta property=\"og:image:height\" content=\"1920\" \/>\n\t<meta property=\"og:image:type\" content=\"image\/jpeg\" \/>\n<meta name=\"twitter:card\" content=\"summary_large_image\" \/>\n<meta name=\"twitter:label1\" content=\"Becs\u00fclt olvas\u00e1si id\u0151\" \/>\n\t<meta name=\"twitter:data1\" content=\"1 perc\" \/>\n<script type=\"application\/ld+json\" class=\"yoast-schema-graph\">{\"@context\":\"https:\/\/schema.org\",\"@graph\":[{\"@type\":\"WebPage\",\"@id\":\"https:\/\/www.lasermemories.hu\/?product=egyedi-muhelytabla\",\"url\":\"https:\/\/www.lasermemories.hu\/?product=egyedi-muhelytabla\",\"name\":\"Egyedi m\u0171helyt\u00e1bla - Laser Memories\",\"isPartOf\":{\"@id\":\"https:\/\/www.lasermemories.hu\/#website\"},\"datePublished\":\"2023-08-12T12:34:24+00:00\",\"dateModified\":\"2025-02-02T06:55:48+00:00\",\"breadcrumb\":{\"@id\":\"https:\/\/www.lasermemories.hu\/?product=egyedi-muhelytabla#breadcrumb\"},\"inLanguage\":\"hu\",\"potentialAction\":[{\"@type\":\"ReadAction\",\"target\":[\"https:\/\/www.lasermemories.hu\/?product=egyedi-muhelytabla\"]}]},{\"@type\":\"BreadcrumbList\",\"@id\":\"https:\/\/www.lasermemories.hu\/?product=egyedi-muhelytabla#breadcrumb\",\"itemListElement\":[{\"@type\":\"ListItem\",\"position\":1,\"name\":\"Home\",\"item\":\"https:\/\/www.lasermemories.hu\/\"},{\"@type\":\"ListItem\",\"position\":2,\"name\":\"\u00dczlet\",\"item\":\"https:\/\/www.lasermemories.hu\/?page_id=9\"},{\"@type\":\"ListItem\",\"position\":3,\"name\":\"Egyedi m\u0171helyt\u00e1bla\"}]},{\"@type\":\"WebSite\",\"@id\":\"https:\/\/www.lasermemories.hu\/#website\",\"url\":\"https:\/\/www.lasermemories.hu\/\",\"name\":\"Laser Memories\",\"description\":\"Egyedi f\u00e1b\u00f3l k\u00e9sz\u00fclt k\u00fcl\u00f6nlegess\u00e9gek\",\"publisher\":{\"@id\":\"https:\/\/www.lasermemories.hu\/#organization\"},\"potentialAction\":[{\"@type\":\"SearchAction\",\"target\":{\"@type\":\"EntryPoint\",\"urlTemplate\":\"https:\/\/www.lasermemories.hu\/?s={search_term_string}\"},\"query-input\":\"required name=search_term_string\"}],\"inLanguage\":\"hu\"},{\"@type\":\"Organization\",\"@id\":\"https:\/\/www.lasermemories.hu\/#organization\",\"name\":\"Laser Memories\",\"url\":\"https:\/\/www.lasermemories.hu\/\",\"logo\":{\"@type\":\"ImageObject\",\"inLanguage\":\"hu\",\"@id\":\"https:\/\/www.lasermemories.hu\/#\/schema\/logo\/image\/\",\"url\":\"https:\/\/www.lasermemories.hu\/wp-content\/uploads\/2022\/08\/41589_Laser-Memories_PP-02.png\",\"contentUrl\":\"https:\/\/www.lasermemories.hu\/wp-content\/uploads\/2022\/08\/41589_Laser-Memories_PP-02.png\",\"width\":2137,\"height\":1703,\"caption\":\"Laser Memories\"},\"image\":{\"@id\":\"https:\/\/www.lasermemories.hu\/#\/schema\/logo\/image\/\"}}]}<\/script>\n<!-- \/ Yoast SEO plugin. -->","yoast_head_json":{"title":"Egyedi m\u0171helyt\u00e1bla - Laser Memories","robots":{"index":"index","follow":"follow","max-snippet":"max-snippet:-1","max-image-preview":"max-image-preview:large","max-video-preview":"max-video-preview:-1"},"canonical":"https:\/\/www.lasermemories.hu\/?product=egyedi-muhelytabla","og_locale":"hu_HU","og_type":"article","og_title":"Egyedi m\u0171helyt\u00e1bla - Laser Memories","og_description":"Apa\/Papa szeret bark\u00e1csolni? Akkor biztos \u00f6r\u00fclni fog ennek az egyedi aj\u00e1nd\u00e9knak! Anyaga: ny\u00edrfa &nbsp; Elk\u00e9sz\u00fcl\u00e9si id\u0151 kb. 2-3 munkanap, cs\u00facsszezonokban ez t\u00f6bb is lehet. SOS rendel\u00e9s eset\u00e9n, ha a megrendel\u00e9s d\u00e9lut\u00e1n 4-ig be\u00e9rkezik, ak\u00e1r k\u00f6vetkez\u0151 munkanapi felad\u00e1ssal is tudjuk v\u00e1llalni, amit a r\u00e1 k\u00f6vetkez\u0151 munkanapon kisz\u00e1ll\u00edt a GLS. Mivel szem\u00e9lyre szabott egyedi aj\u00e1nd\u00e9kokat k\u00e9sz\u00edt\u00fcnk, \u00edgy [&hellip;]","og_url":"https:\/\/www.lasermemories.hu\/?product=egyedi-muhelytabla","og_site_name":"Laser Memories","article_modified_time":"2025-02-02T06:55:48+00:00","og_image":[{"width":2560,"height":1920,"url":"https:\/\/www.lasermemories.hu\/wp-content\/uploads\/2023\/08\/20230617_1147570-scaled.jpg","type":"image\/jpeg"}],"twitter_card":"summary_large_image","twitter_misc":{"Becs\u00fclt olvas\u00e1si id\u0151":"1 perc"},"schema":{"@context":"https:\/\/schema.org","@graph":[{"@type":"WebPage","@id":"https:\/\/www.lasermemories.hu\/?product=egyedi-muhelytabla","url":"https:\/\/www.lasermemories.hu\/?product=egyedi-muhelytabla","name":"Egyedi m\u0171helyt\u00e1bla - Laser Memories","isPartOf":{"@id":"https:\/\/www.lasermemories.hu\/#website"},"datePublished":"2023-08-12T12:34:24+00:00","dateModified":"2025-02-02T06:55:48+00:00","breadcrumb":{"@id":"https:\/\/www.lasermemories.hu\/?product=egyedi-muhelytabla#breadcrumb"},"inLanguage":"hu","potentialAction":[{"@type":"ReadAction","target":["https:\/\/www.lasermemories.hu\/?product=egyedi-muhelytabla"]}]},{"@type":"BreadcrumbList","@id":"https:\/\/www.lasermemories.hu\/?product=egyedi-muhelytabla#breadcrumb","itemListElement":[{"@type":"ListItem","position":1,"name":"Home","item":"https:\/\/www.lasermemories.hu\/"},{"@type":"ListItem","position":2,"name":"\u00dczlet","item":"https:\/\/www.lasermemories.hu\/?page_id=9"},{"@type":"ListItem","position":3,"name":"Egyedi m\u0171helyt\u00e1bla"}]},{"@type":"WebSite","@id":"https:\/\/www.lasermemories.hu\/#website","url":"https:\/\/www.lasermemories.hu\/","name":"Laser Memories","description":"Egyedi f\u00e1b\u00f3l k\u00e9sz\u00fclt k\u00fcl\u00f6nlegess\u00e9gek","publisher":{"@id":"https:\/\/www.lasermemories.hu\/#organization"},"potentialAction":[{"@type":"SearchAction","target":{"@type":"EntryPoint","urlTemplate":"https:\/\/www.lasermemories.hu\/?s={search_term_string}"},"query-input":"required name=search_term_string"}],"inLanguage":"hu"},{"@type":"Organization","@id":"https:\/\/www.lasermemories.hu\/#organization","name":"Laser Memories","url":"https:\/\/www.lasermemories.hu\/","logo":{"@type":"ImageObject","inLanguage":"hu","@id":"https:\/\/www.lasermemories.hu\/#\/schema\/logo\/image\/","url":"https:\/\/www.lasermemories.hu\/wp-content\/uploads\/2022\/08\/41589_Laser-Memories_PP-02.png","contentUrl":"https:\/\/www.lasermemories.hu\/wp-content\/uploads\/2022\/08\/41589_Laser-Memories_PP-02.png","width":2137,"height":1703,"caption":"Laser Memories"},"image":{"@id":"https:\/\/www.lasermemories.hu\/#\/schema\/logo\/image\/"}}]}},"jetpack_sharing_enabled":true,"_links":{"self":[{"href":"https:\/\/www.lasermemories.hu\/index.php?rest_route=\/wp\/v2\/product\/1637","targetHints":{"allow":["GET"]}}],"collection":[{"href":"https:\/\/www.lasermemories.hu\/index.php?rest_route=\/wp\/v2\/product"}],"about":[{"href":"https:\/\/www.lasermemories.hu\/index.php?rest_route=\/wp\/v2\/types\/product"}],"wp:featuredmedia":[{"embeddable":true,"href":"https:\/\/www.lasermemories.hu\/index.php?rest_route=\/wp\/v2\/media\/1639"}],"wp:attachment":[{"href":"https:\/\/www.lasermemories.hu\/index.php?rest_route=%2Fwp%2Fv2%2Fmedia&parent=1637"}],"wp:term":[{"taxonomy":"product_brand","embeddable":true,"href":"https:\/\/www.lasermemories.hu\/index.php?rest_route=%2Fwp%2Fv2%2Fproduct_brand&post=1637"},{"taxonomy":"product_cat","embeddable":true,"href":"https:\/\/www.lasermemories.hu\/index.php?rest_route=%2Fwp%2Fv2%2Fproduct_cat&post=1637"},{"taxonomy":"product_tag","embeddable":true,"href":"https:\/\/www.lasermemories.hu\/index.php?rest_route=%2Fwp%2Fv2%2Fproduct_tag&post=1637"}],"curies":[{"name":"wp","href":"https:\/\/api.w.org\/{rel}","templated":true}]}}