{"id":1427,"date":"2023-06-10T16:34:54","date_gmt":"2023-06-10T16:34:54","guid":{"rendered":"https:\/\/www.lasermemories.hu\/?post_type=product&#038;p=1427"},"modified":"2025-02-02T07:06:48","modified_gmt":"2025-02-02T07:06:48","slug":"egyedileg-gravirozott-balta-csak-igazi-ferfiaknak","status":"publish","type":"product","link":"https:\/\/www.lasermemories.hu\/?product=egyedileg-gravirozott-balta-csak-igazi-ferfiaknak","title":{"rendered":"Egyedileg grav\u00edrozott balta &#8211; csak igazi f\u00e9rfiaknak!"},"content":{"rendered":"<p>Egyedileg grav\u00edrozott balta:<\/p>\n<ul>\n<li>Mindk\u00e9t oldala grav\u00edrozhat\u00f3<\/li>\n<li>K\u00e9rhet\u0151 tart\u00f3konzollal is<\/li>\n<li>K\u00e9rhet\u0151 egyedileg grav\u00edrozott dobozzal is<\/li>\n<\/ul>\n<p>Sz\u00fclet\u00e9snapra, ap\u00e1k napj\u00e1ra, esk\u00fcv\u0151re sz\u00fcl\u0151i aj\u00e1nd\u00e9knak vagy tetsz\u0151leges esem\u00e9nyre \ud83d\ude42<\/p>\n<p>A balta kin\u00e9zete k\u00e9szlett\u0151l f\u00fcgg\u0151en minim\u00e1lisan elt\u00e9rhet (ny\u00e9l form\u00e1ja).<\/p>\n","protected":false},"excerpt":{"rendered":"<p>Egyedileg grav\u00edrozott balta: Mindk\u00e9t oldala grav\u00edrozhat\u00f3 K\u00e9rhet\u0151 tart\u00f3konzollal is K\u00e9rhet\u0151 egyedileg grav\u00edrozott dobozzal is Sz\u00fclet\u00e9snapra, ap\u00e1k napj\u00e1ra, esk\u00fcv\u0151re sz\u00fcl\u0151i aj\u00e1nd\u00e9knak vagy tetsz\u0151leges esem\u00e9nyre \ud83d\ude42 A balta kin\u00e9zete k\u00e9szlett\u0151l f\u00fcgg\u0151en minim\u00e1lisan elt\u00e9rhet (ny\u00e9l form\u00e1ja).<\/p>\n","protected":false},"featured_media":1428,"template":"","meta":{"_acf_changed":false,"_monsterinsights_skip_tracking":false,"_monsterinsights_sitenote_active":false,"_monsterinsights_sitenote_note":"","_monsterinsights_sitenote_category":0},"product_brand":[],"product_cat":[48,63],"product_tag":[],"class_list":{"0":"post-1427","1":"product","2":"type-product","3":"status-publish","4":"has-post-thumbnail","6":"product_cat-ferfiaknak","7":"product_cat-apak-napja","9":"entry","10":"has-media","12":"first","13":"instock","14":"shipping-taxable","15":"purchasable","16":"product-type-simple","17":"has-product-nav","18":"col","19":"span_1_of_3","20":"owp-content-center","21":"owp-thumbs-layout-horizontal","22":"owp-btn-normal","23":"owp-tabs-layout-horizontal"},"acf":[],"yoast_head":"<!-- This site is optimized with the Yoast SEO plugin v22.0 - https:\/\/yoast.com\/wordpress\/plugins\/seo\/ -->\n<title>Egyedileg grav\u00edrozott balta - csak igazi f\u00e9rfiaknak! - Laser Memories<\/title>\n<meta name=\"robots\" content=\"index, follow, max-snippet:-1, max-image-preview:large, max-video-preview:-1\" \/>\n<link rel=\"canonical\" href=\"https:\/\/www.lasermemories.hu\/?product=egyedileg-gravirozott-balta-csak-igazi-ferfiaknak\" \/>\n<meta property=\"og:locale\" content=\"hu_HU\" \/>\n<meta property=\"og:type\" content=\"article\" \/>\n<meta property=\"og:title\" content=\"Egyedileg grav\u00edrozott balta - csak igazi f\u00e9rfiaknak! - Laser Memories\" \/>\n<meta property=\"og:description\" content=\"Egyedileg grav\u00edrozott balta: Mindk\u00e9t oldala grav\u00edrozhat\u00f3 K\u00e9rhet\u0151 tart\u00f3konzollal is K\u00e9rhet\u0151 egyedileg grav\u00edrozott dobozzal is Sz\u00fclet\u00e9snapra, ap\u00e1k napj\u00e1ra, esk\u00fcv\u0151re sz\u00fcl\u0151i aj\u00e1nd\u00e9knak vagy tetsz\u0151leges esem\u00e9nyre \ud83d\ude42 A balta kin\u00e9zete k\u00e9szlett\u0151l f\u00fcgg\u0151en minim\u00e1lisan elt\u00e9rhet (ny\u00e9l form\u00e1ja).\" \/>\n<meta property=\"og:url\" content=\"https:\/\/www.lasermemories.hu\/?product=egyedileg-gravirozott-balta-csak-igazi-ferfiaknak\" \/>\n<meta property=\"og:site_name\" content=\"Laser Memories\" \/>\n<meta property=\"article:modified_time\" content=\"2025-02-02T07:06:48+00:00\" \/>\n<meta property=\"og:image\" content=\"https:\/\/www.lasermemories.hu\/wp-content\/uploads\/2023\/06\/353632371_639341361431600_8259594436289150296_n.jpg\" \/>\n\t<meta property=\"og:image:width\" content=\"2048\" \/>\n\t<meta property=\"og:image:height\" content=\"1536\" \/>\n\t<meta property=\"og:image:type\" content=\"image\/jpeg\" \/>\n<meta name=\"twitter:card\" content=\"summary_large_image\" \/>\n<meta name=\"twitter:label1\" content=\"Becs\u00fclt olvas\u00e1si id\u0151\" \/>\n\t<meta name=\"twitter:data1\" content=\"1 perc\" \/>\n<script type=\"application\/ld+json\" class=\"yoast-schema-graph\">{\"@context\":\"https:\/\/schema.org\",\"@graph\":[{\"@type\":\"WebPage\",\"@id\":\"https:\/\/www.lasermemories.hu\/?product=egyedileg-gravirozott-balta-csak-igazi-ferfiaknak\",\"url\":\"https:\/\/www.lasermemories.hu\/?product=egyedileg-gravirozott-balta-csak-igazi-ferfiaknak\",\"name\":\"Egyedileg grav\u00edrozott balta - csak igazi f\u00e9rfiaknak! - Laser Memories\",\"isPartOf\":{\"@id\":\"https:\/\/www.lasermemories.hu\/#website\"},\"datePublished\":\"2023-06-10T16:34:54+00:00\",\"dateModified\":\"2025-02-02T07:06:48+00:00\",\"breadcrumb\":{\"@id\":\"https:\/\/www.lasermemories.hu\/?product=egyedileg-gravirozott-balta-csak-igazi-ferfiaknak#breadcrumb\"},\"inLanguage\":\"hu\",\"potentialAction\":[{\"@type\":\"ReadAction\",\"target\":[\"https:\/\/www.lasermemories.hu\/?product=egyedileg-gravirozott-balta-csak-igazi-ferfiaknak\"]}]},{\"@type\":\"BreadcrumbList\",\"@id\":\"https:\/\/www.lasermemories.hu\/?product=egyedileg-gravirozott-balta-csak-igazi-ferfiaknak#breadcrumb\",\"itemListElement\":[{\"@type\":\"ListItem\",\"position\":1,\"name\":\"Home\",\"item\":\"https:\/\/www.lasermemories.hu\/\"},{\"@type\":\"ListItem\",\"position\":2,\"name\":\"\u00dczlet\",\"item\":\"https:\/\/www.lasermemories.hu\/?page_id=9\"},{\"@type\":\"ListItem\",\"position\":3,\"name\":\"Egyedileg grav\u00edrozott balta &#8211; csak igazi f\u00e9rfiaknak!\"}]},{\"@type\":\"WebSite\",\"@id\":\"https:\/\/www.lasermemories.hu\/#website\",\"url\":\"https:\/\/www.lasermemories.hu\/\",\"name\":\"Laser Memories\",\"description\":\"Egyedi f\u00e1b\u00f3l k\u00e9sz\u00fclt k\u00fcl\u00f6nlegess\u00e9gek\",\"publisher\":{\"@id\":\"https:\/\/www.lasermemories.hu\/#organization\"},\"potentialAction\":[{\"@type\":\"SearchAction\",\"target\":{\"@type\":\"EntryPoint\",\"urlTemplate\":\"https:\/\/www.lasermemories.hu\/?s={search_term_string}\"},\"query-input\":\"required name=search_term_string\"}],\"inLanguage\":\"hu\"},{\"@type\":\"Organization\",\"@id\":\"https:\/\/www.lasermemories.hu\/#organization\",\"name\":\"Laser Memories\",\"url\":\"https:\/\/www.lasermemories.hu\/\",\"logo\":{\"@type\":\"ImageObject\",\"inLanguage\":\"hu\",\"@id\":\"https:\/\/www.lasermemories.hu\/#\/schema\/logo\/image\/\",\"url\":\"https:\/\/www.lasermemories.hu\/wp-content\/uploads\/2022\/08\/41589_Laser-Memories_PP-02.png\",\"contentUrl\":\"https:\/\/www.lasermemories.hu\/wp-content\/uploads\/2022\/08\/41589_Laser-Memories_PP-02.png\",\"width\":2137,\"height\":1703,\"caption\":\"Laser Memories\"},\"image\":{\"@id\":\"https:\/\/www.lasermemories.hu\/#\/schema\/logo\/image\/\"}}]}<\/script>\n<!-- \/ Yoast SEO plugin. -->","yoast_head_json":{"title":"Egyedileg grav\u00edrozott balta - csak igazi f\u00e9rfiaknak! - Laser Memories","robots":{"index":"index","follow":"follow","max-snippet":"max-snippet:-1","max-image-preview":"max-image-preview:large","max-video-preview":"max-video-preview:-1"},"canonical":"https:\/\/www.lasermemories.hu\/?product=egyedileg-gravirozott-balta-csak-igazi-ferfiaknak","og_locale":"hu_HU","og_type":"article","og_title":"Egyedileg grav\u00edrozott balta - csak igazi f\u00e9rfiaknak! - Laser Memories","og_description":"Egyedileg grav\u00edrozott balta: Mindk\u00e9t oldala grav\u00edrozhat\u00f3 K\u00e9rhet\u0151 tart\u00f3konzollal is K\u00e9rhet\u0151 egyedileg grav\u00edrozott dobozzal is Sz\u00fclet\u00e9snapra, ap\u00e1k napj\u00e1ra, esk\u00fcv\u0151re sz\u00fcl\u0151i aj\u00e1nd\u00e9knak vagy tetsz\u0151leges esem\u00e9nyre \ud83d\ude42 A balta kin\u00e9zete k\u00e9szlett\u0151l f\u00fcgg\u0151en minim\u00e1lisan elt\u00e9rhet (ny\u00e9l form\u00e1ja).","og_url":"https:\/\/www.lasermemories.hu\/?product=egyedileg-gravirozott-balta-csak-igazi-ferfiaknak","og_site_name":"Laser Memories","article_modified_time":"2025-02-02T07:06:48+00:00","og_image":[{"width":2048,"height":1536,"url":"https:\/\/www.lasermemories.hu\/wp-content\/uploads\/2023\/06\/353632371_639341361431600_8259594436289150296_n.jpg","type":"image\/jpeg"}],"twitter_card":"summary_large_image","twitter_misc":{"Becs\u00fclt olvas\u00e1si id\u0151":"1 perc"},"schema":{"@context":"https:\/\/schema.org","@graph":[{"@type":"WebPage","@id":"https:\/\/www.lasermemories.hu\/?product=egyedileg-gravirozott-balta-csak-igazi-ferfiaknak","url":"https:\/\/www.lasermemories.hu\/?product=egyedileg-gravirozott-balta-csak-igazi-ferfiaknak","name":"Egyedileg grav\u00edrozott balta - csak igazi f\u00e9rfiaknak! - Laser Memories","isPartOf":{"@id":"https:\/\/www.lasermemories.hu\/#website"},"datePublished":"2023-06-10T16:34:54+00:00","dateModified":"2025-02-02T07:06:48+00:00","breadcrumb":{"@id":"https:\/\/www.lasermemories.hu\/?product=egyedileg-gravirozott-balta-csak-igazi-ferfiaknak#breadcrumb"},"inLanguage":"hu","potentialAction":[{"@type":"ReadAction","target":["https:\/\/www.lasermemories.hu\/?product=egyedileg-gravirozott-balta-csak-igazi-ferfiaknak"]}]},{"@type":"BreadcrumbList","@id":"https:\/\/www.lasermemories.hu\/?product=egyedileg-gravirozott-balta-csak-igazi-ferfiaknak#breadcrumb","itemListElement":[{"@type":"ListItem","position":1,"name":"Home","item":"https:\/\/www.lasermemories.hu\/"},{"@type":"ListItem","position":2,"name":"\u00dczlet","item":"https:\/\/www.lasermemories.hu\/?page_id=9"},{"@type":"ListItem","position":3,"name":"Egyedileg grav\u00edrozott balta &#8211; csak igazi f\u00e9rfiaknak!"}]},{"@type":"WebSite","@id":"https:\/\/www.lasermemories.hu\/#website","url":"https:\/\/www.lasermemories.hu\/","name":"Laser Memories","description":"Egyedi f\u00e1b\u00f3l k\u00e9sz\u00fclt k\u00fcl\u00f6nlegess\u00e9gek","publisher":{"@id":"https:\/\/www.lasermemories.hu\/#organization"},"potentialAction":[{"@type":"SearchAction","target":{"@type":"EntryPoint","urlTemplate":"https:\/\/www.lasermemories.hu\/?s={search_term_string}"},"query-input":"required name=search_term_string"}],"inLanguage":"hu"},{"@type":"Organization","@id":"https:\/\/www.lasermemories.hu\/#organization","name":"Laser Memories","url":"https:\/\/www.lasermemories.hu\/","logo":{"@type":"ImageObject","inLanguage":"hu","@id":"https:\/\/www.lasermemories.hu\/#\/schema\/logo\/image\/","url":"https:\/\/www.lasermemories.hu\/wp-content\/uploads\/2022\/08\/41589_Laser-Memories_PP-02.png","contentUrl":"https:\/\/www.lasermemories.hu\/wp-content\/uploads\/2022\/08\/41589_Laser-Memories_PP-02.png","width":2137,"height":1703,"caption":"Laser Memories"},"image":{"@id":"https:\/\/www.lasermemories.hu\/#\/schema\/logo\/image\/"}}]}},"jetpack_sharing_enabled":true,"_links":{"self":[{"href":"https:\/\/www.lasermemories.hu\/index.php?rest_route=\/wp\/v2\/product\/1427","targetHints":{"allow":["GET"]}}],"collection":[{"href":"https:\/\/www.lasermemories.hu\/index.php?rest_route=\/wp\/v2\/product"}],"about":[{"href":"https:\/\/www.lasermemories.hu\/index.php?rest_route=\/wp\/v2\/types\/product"}],"wp:featuredmedia":[{"embeddable":true,"href":"https:\/\/www.lasermemories.hu\/index.php?rest_route=\/wp\/v2\/media\/1428"}],"wp:attachment":[{"href":"https:\/\/www.lasermemories.hu\/index.php?rest_route=%2Fwp%2Fv2%2Fmedia&parent=1427"}],"wp:term":[{"taxonomy":"product_brand","embeddable":true,"href":"https:\/\/www.lasermemories.hu\/index.php?rest_route=%2Fwp%2Fv2%2Fproduct_brand&post=1427"},{"taxonomy":"product_cat","embeddable":true,"href":"https:\/\/www.lasermemories.hu\/index.php?rest_route=%2Fwp%2Fv2%2Fproduct_cat&post=1427"},{"taxonomy":"product_tag","embeddable":true,"href":"https:\/\/www.lasermemories.hu\/index.php?rest_route=%2Fwp%2Fv2%2Fproduct_tag&post=1427"}],"curies":[{"name":"wp","href":"https:\/\/api.w.org\/{rel}","templated":true}]}}