{"id":1317,"date":"2023-04-22T10:42:35","date_gmt":"2023-04-22T10:42:35","guid":{"rendered":"https:\/\/www.lasermemories.hu\/?post_type=product&#038;p=1317"},"modified":"2025-02-02T07:12:14","modified_gmt":"2025-02-02T07:12:14","slug":"csaladunk-tortenete-basic-max-6-eletesemeny","status":"publish","type":"product","link":"https:\/\/www.lasermemories.hu\/?product=csaladunk-tortenete-basic-max-6-eletesemeny","title":{"rendered":"Csal\u00e1dunk t\u00f6rt\u00e9nete &#8211; basic (max. 6 \u00e9letesem\u00e9ny)"},"content":{"rendered":"<p>A csal\u00e1d fontosabb m\u00e9rf\u00f6ldk\u00f6veit id\u0151rendi sorrendben \u00e1br\u00e1zol\u00f3 k\u00e9p. A legjobb aj\u00e1nd\u00e9k h\u00e1zass\u00e1gi \u00e9vfordul\u00f3ra vagy ak\u00e1r sz\u00fcl\u0151knek, amivel ki lehet fejezni a csal\u00e1d egys\u00e9g\u00e9t.<\/p>\n<p>A k\u00e9p tetsz\u0151legesen ak\u00e1r falra is akaszthat\u00f3, fest\u00e9se opcion\u00e1lis.<\/p>\n<p>Ha nem t\u00f6rt\u00e9nt h\u00e1zass\u00e1gk\u00f6t\u00e9s, vagy k\u00f6lt\u00f6z\u00e9s, akkor t\u00f6bb gyermek kiv\u00e1laszt\u00e1sa lehets\u00e9ges, am\u00edg az esem\u00e9nysz\u00e1m limitet el nem \u00e9rj\u00fck. Abban az esetben, ha a basic v\u00e1ltozatn\u00e1l nincs 6 esem\u00e9ny, \u00fagy csak 4-5 esem\u00e9ny fog a v\u00e9gleges term\u00e9kre felker\u00fclni.<\/p>\n<p>M\u00e9retek:<\/p>\n<ul>\n<li>Basic v\u00e1ltozat (6 m\u00e9rf\u00f6ldk\u0151): 48&#215;32 cm<\/li>\n<li>XL v\u00e1ltozat (7 m\u00e9rf\u00f6ldk\u0151): 55&#215;32 cm<\/li>\n<li>XXL v\u00e1ltozat (8 m\u00e9rf\u00f6ldk\u0151): 62&#215;32 cm<\/li>\n<li>XXXL v\u00e1ltozat (9 m\u00e9rf\u00f6ldk\u0151): 69&#215;32 cm<\/li>\n<\/ul>\n<p>A term\u00e9k 3mm vastag ny\u00edrfalemezb\u0151l k\u00e9sz\u00fcl, k\u00e9t r\u00e9tegben \u00f6sszeragasztva. Az akaszt\u00f3 +6mm-t ad a v\u00e9gs\u0151 vastags\u00e1ghoz.<\/p>\n","protected":false},"excerpt":{"rendered":"<p>A csal\u00e1d fontosabb m\u00e9rf\u00f6ldk\u00f6veit id\u0151rendi sorrendben \u00e1br\u00e1zol\u00f3 k\u00e9p. A legjobb aj\u00e1nd\u00e9k h\u00e1zass\u00e1gi \u00e9vfordul\u00f3ra vagy ak\u00e1r sz\u00fcl\u0151knek, amivel ki lehet fejezni a csal\u00e1d egys\u00e9g\u00e9t. A k\u00e9p tetsz\u0151legesen ak\u00e1r falra is akaszthat\u00f3, fest\u00e9se opcion\u00e1lis. Ha nem t\u00f6rt\u00e9nt h\u00e1zass\u00e1gk\u00f6t\u00e9s, vagy k\u00f6lt\u00f6z\u00e9s, akkor t\u00f6bb gyermek kiv\u00e1laszt\u00e1sa lehets\u00e9ges, am\u00edg az esem\u00e9nysz\u00e1m limitet el nem \u00e9rj\u00fck. Abban az esetben, ha a [&hellip;]<\/p>\n","protected":false},"featured_media":1334,"template":"","meta":{"_acf_changed":false,"_monsterinsights_skip_tracking":false,"_monsterinsights_sitenote_active":false,"_monsterinsights_sitenote_note":"","_monsterinsights_sitenote_category":0},"product_brand":[],"product_cat":[50,24],"product_tag":[],"class_list":{"0":"post-1317","1":"product","2":"type-product","3":"status-publish","4":"has-post-thumbnail","6":"product_cat-szuloknek","7":"product_cat-paroknak","9":"entry","10":"has-media","12":"first","13":"instock","14":"shipping-taxable","15":"purchasable","16":"product-type-simple","17":"has-product-nav","18":"col","19":"span_1_of_3","20":"owp-content-center","21":"owp-thumbs-layout-horizontal","22":"owp-btn-normal","23":"owp-tabs-layout-horizontal"},"acf":[],"yoast_head":"<!-- This site is optimized with the Yoast SEO plugin v22.0 - https:\/\/yoast.com\/wordpress\/plugins\/seo\/ -->\n<title>Csal\u00e1dunk t\u00f6rt\u00e9nete - basic (max. 6 \u00e9letesem\u00e9ny) - Laser Memories<\/title>\n<meta name=\"robots\" content=\"index, follow, max-snippet:-1, max-image-preview:large, max-video-preview:-1\" \/>\n<link rel=\"canonical\" href=\"https:\/\/www.lasermemories.hu\/?product=csaladunk-tortenete-basic-max-6-eletesemeny\" \/>\n<meta property=\"og:locale\" content=\"hu_HU\" \/>\n<meta property=\"og:type\" content=\"article\" \/>\n<meta property=\"og:title\" content=\"Csal\u00e1dunk t\u00f6rt\u00e9nete - basic (max. 6 \u00e9letesem\u00e9ny) - Laser Memories\" \/>\n<meta property=\"og:description\" content=\"A csal\u00e1d fontosabb m\u00e9rf\u00f6ldk\u00f6veit id\u0151rendi sorrendben \u00e1br\u00e1zol\u00f3 k\u00e9p. A legjobb aj\u00e1nd\u00e9k h\u00e1zass\u00e1gi \u00e9vfordul\u00f3ra vagy ak\u00e1r sz\u00fcl\u0151knek, amivel ki lehet fejezni a csal\u00e1d egys\u00e9g\u00e9t. A k\u00e9p tetsz\u0151legesen ak\u00e1r falra is akaszthat\u00f3, fest\u00e9se opcion\u00e1lis. Ha nem t\u00f6rt\u00e9nt h\u00e1zass\u00e1gk\u00f6t\u00e9s, vagy k\u00f6lt\u00f6z\u00e9s, akkor t\u00f6bb gyermek kiv\u00e1laszt\u00e1sa lehets\u00e9ges, am\u00edg az esem\u00e9nysz\u00e1m limitet el nem \u00e9rj\u00fck. Abban az esetben, ha a [&hellip;]\" \/>\n<meta property=\"og:url\" content=\"https:\/\/www.lasermemories.hu\/?product=csaladunk-tortenete-basic-max-6-eletesemeny\" \/>\n<meta property=\"og:site_name\" content=\"Laser Memories\" \/>\n<meta property=\"article:modified_time\" content=\"2025-02-02T07:12:14+00:00\" \/>\n<meta property=\"og:image\" content=\"https:\/\/www.lasermemories.hu\/wp-content\/uploads\/2023\/04\/341054773_181733521407927_3924935473822938350_n.jpg\" \/>\n\t<meta property=\"og:image:width\" content=\"1536\" \/>\n\t<meta property=\"og:image:height\" content=\"2048\" \/>\n\t<meta property=\"og:image:type\" content=\"image\/jpeg\" \/>\n<meta name=\"twitter:card\" content=\"summary_large_image\" \/>\n<meta name=\"twitter:label1\" content=\"Becs\u00fclt olvas\u00e1si id\u0151\" \/>\n\t<meta name=\"twitter:data1\" content=\"1 perc\" \/>\n<script type=\"application\/ld+json\" class=\"yoast-schema-graph\">{\"@context\":\"https:\/\/schema.org\",\"@graph\":[{\"@type\":\"WebPage\",\"@id\":\"https:\/\/www.lasermemories.hu\/?product=csaladunk-tortenete-basic-max-6-eletesemeny\",\"url\":\"https:\/\/www.lasermemories.hu\/?product=csaladunk-tortenete-basic-max-6-eletesemeny\",\"name\":\"Csal\u00e1dunk t\u00f6rt\u00e9nete - basic (max. 6 \u00e9letesem\u00e9ny) - Laser Memories\",\"isPartOf\":{\"@id\":\"https:\/\/www.lasermemories.hu\/#website\"},\"datePublished\":\"2023-04-22T10:42:35+00:00\",\"dateModified\":\"2025-02-02T07:12:14+00:00\",\"breadcrumb\":{\"@id\":\"https:\/\/www.lasermemories.hu\/?product=csaladunk-tortenete-basic-max-6-eletesemeny#breadcrumb\"},\"inLanguage\":\"hu\",\"potentialAction\":[{\"@type\":\"ReadAction\",\"target\":[\"https:\/\/www.lasermemories.hu\/?product=csaladunk-tortenete-basic-max-6-eletesemeny\"]}]},{\"@type\":\"BreadcrumbList\",\"@id\":\"https:\/\/www.lasermemories.hu\/?product=csaladunk-tortenete-basic-max-6-eletesemeny#breadcrumb\",\"itemListElement\":[{\"@type\":\"ListItem\",\"position\":1,\"name\":\"Home\",\"item\":\"https:\/\/www.lasermemories.hu\/\"},{\"@type\":\"ListItem\",\"position\":2,\"name\":\"\u00dczlet\",\"item\":\"https:\/\/www.lasermemories.hu\/?page_id=9\"},{\"@type\":\"ListItem\",\"position\":3,\"name\":\"Csal\u00e1dunk t\u00f6rt\u00e9nete &#8211; basic (max. 6 \u00e9letesem\u00e9ny)\"}]},{\"@type\":\"WebSite\",\"@id\":\"https:\/\/www.lasermemories.hu\/#website\",\"url\":\"https:\/\/www.lasermemories.hu\/\",\"name\":\"Laser Memories\",\"description\":\"Egyedi f\u00e1b\u00f3l k\u00e9sz\u00fclt k\u00fcl\u00f6nlegess\u00e9gek\",\"publisher\":{\"@id\":\"https:\/\/www.lasermemories.hu\/#organization\"},\"potentialAction\":[{\"@type\":\"SearchAction\",\"target\":{\"@type\":\"EntryPoint\",\"urlTemplate\":\"https:\/\/www.lasermemories.hu\/?s={search_term_string}\"},\"query-input\":\"required name=search_term_string\"}],\"inLanguage\":\"hu\"},{\"@type\":\"Organization\",\"@id\":\"https:\/\/www.lasermemories.hu\/#organization\",\"name\":\"Laser Memories\",\"url\":\"https:\/\/www.lasermemories.hu\/\",\"logo\":{\"@type\":\"ImageObject\",\"inLanguage\":\"hu\",\"@id\":\"https:\/\/www.lasermemories.hu\/#\/schema\/logo\/image\/\",\"url\":\"https:\/\/www.lasermemories.hu\/wp-content\/uploads\/2022\/08\/41589_Laser-Memories_PP-02.png\",\"contentUrl\":\"https:\/\/www.lasermemories.hu\/wp-content\/uploads\/2022\/08\/41589_Laser-Memories_PP-02.png\",\"width\":2137,\"height\":1703,\"caption\":\"Laser Memories\"},\"image\":{\"@id\":\"https:\/\/www.lasermemories.hu\/#\/schema\/logo\/image\/\"}}]}<\/script>\n<!-- \/ Yoast SEO plugin. -->","yoast_head_json":{"title":"Csal\u00e1dunk t\u00f6rt\u00e9nete - basic (max. 6 \u00e9letesem\u00e9ny) - Laser Memories","robots":{"index":"index","follow":"follow","max-snippet":"max-snippet:-1","max-image-preview":"max-image-preview:large","max-video-preview":"max-video-preview:-1"},"canonical":"https:\/\/www.lasermemories.hu\/?product=csaladunk-tortenete-basic-max-6-eletesemeny","og_locale":"hu_HU","og_type":"article","og_title":"Csal\u00e1dunk t\u00f6rt\u00e9nete - basic (max. 6 \u00e9letesem\u00e9ny) - Laser Memories","og_description":"A csal\u00e1d fontosabb m\u00e9rf\u00f6ldk\u00f6veit id\u0151rendi sorrendben \u00e1br\u00e1zol\u00f3 k\u00e9p. A legjobb aj\u00e1nd\u00e9k h\u00e1zass\u00e1gi \u00e9vfordul\u00f3ra vagy ak\u00e1r sz\u00fcl\u0151knek, amivel ki lehet fejezni a csal\u00e1d egys\u00e9g\u00e9t. A k\u00e9p tetsz\u0151legesen ak\u00e1r falra is akaszthat\u00f3, fest\u00e9se opcion\u00e1lis. Ha nem t\u00f6rt\u00e9nt h\u00e1zass\u00e1gk\u00f6t\u00e9s, vagy k\u00f6lt\u00f6z\u00e9s, akkor t\u00f6bb gyermek kiv\u00e1laszt\u00e1sa lehets\u00e9ges, am\u00edg az esem\u00e9nysz\u00e1m limitet el nem \u00e9rj\u00fck. Abban az esetben, ha a [&hellip;]","og_url":"https:\/\/www.lasermemories.hu\/?product=csaladunk-tortenete-basic-max-6-eletesemeny","og_site_name":"Laser Memories","article_modified_time":"2025-02-02T07:12:14+00:00","og_image":[{"width":1536,"height":2048,"url":"https:\/\/www.lasermemories.hu\/wp-content\/uploads\/2023\/04\/341054773_181733521407927_3924935473822938350_n.jpg","type":"image\/jpeg"}],"twitter_card":"summary_large_image","twitter_misc":{"Becs\u00fclt olvas\u00e1si id\u0151":"1 perc"},"schema":{"@context":"https:\/\/schema.org","@graph":[{"@type":"WebPage","@id":"https:\/\/www.lasermemories.hu\/?product=csaladunk-tortenete-basic-max-6-eletesemeny","url":"https:\/\/www.lasermemories.hu\/?product=csaladunk-tortenete-basic-max-6-eletesemeny","name":"Csal\u00e1dunk t\u00f6rt\u00e9nete - basic (max. 6 \u00e9letesem\u00e9ny) - Laser Memories","isPartOf":{"@id":"https:\/\/www.lasermemories.hu\/#website"},"datePublished":"2023-04-22T10:42:35+00:00","dateModified":"2025-02-02T07:12:14+00:00","breadcrumb":{"@id":"https:\/\/www.lasermemories.hu\/?product=csaladunk-tortenete-basic-max-6-eletesemeny#breadcrumb"},"inLanguage":"hu","potentialAction":[{"@type":"ReadAction","target":["https:\/\/www.lasermemories.hu\/?product=csaladunk-tortenete-basic-max-6-eletesemeny"]}]},{"@type":"BreadcrumbList","@id":"https:\/\/www.lasermemories.hu\/?product=csaladunk-tortenete-basic-max-6-eletesemeny#breadcrumb","itemListElement":[{"@type":"ListItem","position":1,"name":"Home","item":"https:\/\/www.lasermemories.hu\/"},{"@type":"ListItem","position":2,"name":"\u00dczlet","item":"https:\/\/www.lasermemories.hu\/?page_id=9"},{"@type":"ListItem","position":3,"name":"Csal\u00e1dunk t\u00f6rt\u00e9nete &#8211; basic (max. 6 \u00e9letesem\u00e9ny)"}]},{"@type":"WebSite","@id":"https:\/\/www.lasermemories.hu\/#website","url":"https:\/\/www.lasermemories.hu\/","name":"Laser Memories","description":"Egyedi f\u00e1b\u00f3l k\u00e9sz\u00fclt k\u00fcl\u00f6nlegess\u00e9gek","publisher":{"@id":"https:\/\/www.lasermemories.hu\/#organization"},"potentialAction":[{"@type":"SearchAction","target":{"@type":"EntryPoint","urlTemplate":"https:\/\/www.lasermemories.hu\/?s={search_term_string}"},"query-input":"required name=search_term_string"}],"inLanguage":"hu"},{"@type":"Organization","@id":"https:\/\/www.lasermemories.hu\/#organization","name":"Laser Memories","url":"https:\/\/www.lasermemories.hu\/","logo":{"@type":"ImageObject","inLanguage":"hu","@id":"https:\/\/www.lasermemories.hu\/#\/schema\/logo\/image\/","url":"https:\/\/www.lasermemories.hu\/wp-content\/uploads\/2022\/08\/41589_Laser-Memories_PP-02.png","contentUrl":"https:\/\/www.lasermemories.hu\/wp-content\/uploads\/2022\/08\/41589_Laser-Memories_PP-02.png","width":2137,"height":1703,"caption":"Laser Memories"},"image":{"@id":"https:\/\/www.lasermemories.hu\/#\/schema\/logo\/image\/"}}]}},"jetpack_sharing_enabled":true,"_links":{"self":[{"href":"https:\/\/www.lasermemories.hu\/index.php?rest_route=\/wp\/v2\/product\/1317","targetHints":{"allow":["GET"]}}],"collection":[{"href":"https:\/\/www.lasermemories.hu\/index.php?rest_route=\/wp\/v2\/product"}],"about":[{"href":"https:\/\/www.lasermemories.hu\/index.php?rest_route=\/wp\/v2\/types\/product"}],"wp:featuredmedia":[{"embeddable":true,"href":"https:\/\/www.lasermemories.hu\/index.php?rest_route=\/wp\/v2\/media\/1334"}],"wp:attachment":[{"href":"https:\/\/www.lasermemories.hu\/index.php?rest_route=%2Fwp%2Fv2%2Fmedia&parent=1317"}],"wp:term":[{"taxonomy":"product_brand","embeddable":true,"href":"https:\/\/www.lasermemories.hu\/index.php?rest_route=%2Fwp%2Fv2%2Fproduct_brand&post=1317"},{"taxonomy":"product_cat","embeddable":true,"href":"https:\/\/www.lasermemories.hu\/index.php?rest_route=%2Fwp%2Fv2%2Fproduct_cat&post=1317"},{"taxonomy":"product_tag","embeddable":true,"href":"https:\/\/www.lasermemories.hu\/index.php?rest_route=%2Fwp%2Fv2%2Fproduct_tag&post=1317"}],"curies":[{"name":"wp","href":"https:\/\/api.w.org\/{rel}","templated":true}]}}