{"id":1315,"date":"2023-04-22T10:25:09","date_gmt":"2023-04-22T10:25:09","guid":{"rendered":"https:\/\/www.lasermemories.hu\/?post_type=product&#038;p=1315"},"modified":"2026-04-16T01:31:02","modified_gmt":"2026-04-16T01:31:02","slug":"gondoskodo-szuloi-kez-3d","status":"publish","type":"product","link":"https:\/\/www.lasermemories.hu\/?product=gondoskodo-szuloi-kez-3d","title":{"rendered":"Gondoskod\u00f3 k\u00e9z 3D"},"content":{"rendered":"<p>Sz\u00fclet\u00e9snap, n\u00e9vnap, any\u00e1k napja, keresztel\u0151, pedag\u00f3gusnap \u00e9s m\u00e9g megannyi alkalomb\u00f3l adhat\u00f3 ez az univerz\u00e1lis eml\u00e9k.<\/p>\n<p>Kedved szerint szem\u00e9lyre szabhatod, csak a k\u00e9pzeleted szabhat hat\u00e1rt!<\/p>\n<p>2 m\u00e9retben el\u00e9rhet\u0151:<\/p>\n<ul>\n<li>kb. 15 cm<\/li>\n<li>kb. 20 cm<\/li>\n<\/ul>\n<p>Tetszik a d\u00edsz, de m\u00e1sra gondolt\u00e1l? \u00cdrj nek\u00fcnk vagy k\u00fcldj k\u00e9pet \u00e9s mi seg\u00edt\u00fcnk megval\u00f3s\u00edtani amit szeretn\u00e9l \ud83d\ude42<\/p>\n","protected":false},"excerpt":{"rendered":"<p>Sz\u00fclet\u00e9snap, n\u00e9vnap, any\u00e1k napja, keresztel\u0151, pedag\u00f3gusnap \u00e9s m\u00e9g megannyi alkalomb\u00f3l adhat\u00f3 ez az univerz\u00e1lis eml\u00e9k. Kedved szerint szem\u00e9lyre szabhatod, csak a k\u00e9pzeleted szabhat hat\u00e1rt! 2 m\u00e9retben el\u00e9rhet\u0151: kb. 15 cm kb. 20 cm Tetszik a d\u00edsz, de m\u00e1sra gondolt\u00e1l? \u00cdrj nek\u00fcnk vagy k\u00fcldj k\u00e9pet \u00e9s mi seg\u00edt\u00fcnk megval\u00f3s\u00edtani amit szeretn\u00e9l \ud83d\ude42<\/p>\n","protected":false},"featured_media":3152,"template":"","meta":{"_acf_changed":false,"_monsterinsights_skip_tracking":false,"_monsterinsights_sitenote_active":false,"_monsterinsights_sitenote_note":"","_monsterinsights_sitenote_category":0},"product_brand":[],"product_cat":[49,62,80,78],"product_tag":[],"class_list":{"0":"post-1315","1":"product","2":"type-product","3":"status-publish","4":"has-post-thumbnail","6":"product_cat-ajandek-noknek","7":"product_cat-anyak-napja","8":"product_cat-ballagas-alkalmak","9":"product_cat-nyugdijbavonulas","11":"entry","12":"has-media","14":"first","15":"instock","16":"shipping-taxable","17":"purchasable","18":"product-type-simple","19":"has-product-nav","20":"col","21":"span_1_of_3","22":"owp-content-center","23":"owp-thumbs-layout-horizontal","24":"owp-btn-normal","25":"owp-tabs-layout-horizontal"},"acf":[],"yoast_head":"<!-- This site is optimized with the Yoast SEO plugin v22.0 - https:\/\/yoast.com\/wordpress\/plugins\/seo\/ -->\n<title>Gondoskod\u00f3 k\u00e9z 3D - Laser Memories<\/title>\n<meta name=\"robots\" content=\"index, follow, max-snippet:-1, max-image-preview:large, max-video-preview:-1\" \/>\n<link rel=\"canonical\" href=\"https:\/\/www.lasermemories.hu\/?product=gondoskodo-szuloi-kez-3d\" \/>\n<meta property=\"og:locale\" content=\"hu_HU\" \/>\n<meta property=\"og:type\" content=\"article\" \/>\n<meta property=\"og:title\" content=\"Gondoskod\u00f3 k\u00e9z 3D - Laser Memories\" \/>\n<meta property=\"og:description\" content=\"Sz\u00fclet\u00e9snap, n\u00e9vnap, any\u00e1k napja, keresztel\u0151, pedag\u00f3gusnap \u00e9s m\u00e9g megannyi alkalomb\u00f3l adhat\u00f3 ez az univerz\u00e1lis eml\u00e9k. Kedved szerint szem\u00e9lyre szabhatod, csak a k\u00e9pzeleted szabhat hat\u00e1rt! 2 m\u00e9retben el\u00e9rhet\u0151: kb. 15 cm kb. 20 cm Tetszik a d\u00edsz, de m\u00e1sra gondolt\u00e1l? \u00cdrj nek\u00fcnk vagy k\u00fcldj k\u00e9pet \u00e9s mi seg\u00edt\u00fcnk megval\u00f3s\u00edtani amit szeretn\u00e9l \ud83d\ude42\" \/>\n<meta property=\"og:url\" content=\"https:\/\/www.lasermemories.hu\/?product=gondoskodo-szuloi-kez-3d\" \/>\n<meta property=\"og:site_name\" content=\"Laser Memories\" \/>\n<meta property=\"article:modified_time\" content=\"2026-04-16T01:31:02+00:00\" \/>\n<meta property=\"og:image\" content=\"https:\/\/www.lasermemories.hu\/wp-content\/uploads\/2023\/04\/keez.jpg\" \/>\n\t<meta property=\"og:image:width\" content=\"2000\" \/>\n\t<meta property=\"og:image:height\" content=\"1500\" \/>\n\t<meta property=\"og:image:type\" content=\"image\/jpeg\" \/>\n<meta name=\"twitter:card\" content=\"summary_large_image\" \/>\n<meta name=\"twitter:label1\" content=\"Becs\u00fclt olvas\u00e1si id\u0151\" \/>\n\t<meta name=\"twitter:data1\" content=\"1 perc\" \/>\n<script type=\"application\/ld+json\" class=\"yoast-schema-graph\">{\"@context\":\"https:\/\/schema.org\",\"@graph\":[{\"@type\":\"WebPage\",\"@id\":\"https:\/\/www.lasermemories.hu\/?product=gondoskodo-szuloi-kez-3d\",\"url\":\"https:\/\/www.lasermemories.hu\/?product=gondoskodo-szuloi-kez-3d\",\"name\":\"Gondoskod\u00f3 k\u00e9z 3D - Laser Memories\",\"isPartOf\":{\"@id\":\"https:\/\/www.lasermemories.hu\/#website\"},\"datePublished\":\"2023-04-22T10:25:09+00:00\",\"dateModified\":\"2026-04-16T01:31:02+00:00\",\"breadcrumb\":{\"@id\":\"https:\/\/www.lasermemories.hu\/?product=gondoskodo-szuloi-kez-3d#breadcrumb\"},\"inLanguage\":\"hu\",\"potentialAction\":[{\"@type\":\"ReadAction\",\"target\":[\"https:\/\/www.lasermemories.hu\/?product=gondoskodo-szuloi-kez-3d\"]}]},{\"@type\":\"BreadcrumbList\",\"@id\":\"https:\/\/www.lasermemories.hu\/?product=gondoskodo-szuloi-kez-3d#breadcrumb\",\"itemListElement\":[{\"@type\":\"ListItem\",\"position\":1,\"name\":\"Home\",\"item\":\"https:\/\/www.lasermemories.hu\/\"},{\"@type\":\"ListItem\",\"position\":2,\"name\":\"\u00dczlet\",\"item\":\"https:\/\/www.lasermemories.hu\/?page_id=9\"},{\"@type\":\"ListItem\",\"position\":3,\"name\":\"Gondoskod\u00f3 k\u00e9z 3D\"}]},{\"@type\":\"WebSite\",\"@id\":\"https:\/\/www.lasermemories.hu\/#website\",\"url\":\"https:\/\/www.lasermemories.hu\/\",\"name\":\"Laser Memories\",\"description\":\"Egyedi f\u00e1b\u00f3l k\u00e9sz\u00fclt k\u00fcl\u00f6nlegess\u00e9gek\",\"publisher\":{\"@id\":\"https:\/\/www.lasermemories.hu\/#organization\"},\"potentialAction\":[{\"@type\":\"SearchAction\",\"target\":{\"@type\":\"EntryPoint\",\"urlTemplate\":\"https:\/\/www.lasermemories.hu\/?s={search_term_string}\"},\"query-input\":\"required name=search_term_string\"}],\"inLanguage\":\"hu\"},{\"@type\":\"Organization\",\"@id\":\"https:\/\/www.lasermemories.hu\/#organization\",\"name\":\"Laser Memories\",\"url\":\"https:\/\/www.lasermemories.hu\/\",\"logo\":{\"@type\":\"ImageObject\",\"inLanguage\":\"hu\",\"@id\":\"https:\/\/www.lasermemories.hu\/#\/schema\/logo\/image\/\",\"url\":\"https:\/\/www.lasermemories.hu\/wp-content\/uploads\/2022\/08\/41589_Laser-Memories_PP-02.png\",\"contentUrl\":\"https:\/\/www.lasermemories.hu\/wp-content\/uploads\/2022\/08\/41589_Laser-Memories_PP-02.png\",\"width\":2137,\"height\":1703,\"caption\":\"Laser Memories\"},\"image\":{\"@id\":\"https:\/\/www.lasermemories.hu\/#\/schema\/logo\/image\/\"}}]}<\/script>\n<!-- \/ Yoast SEO plugin. -->","yoast_head_json":{"title":"Gondoskod\u00f3 k\u00e9z 3D - Laser Memories","robots":{"index":"index","follow":"follow","max-snippet":"max-snippet:-1","max-image-preview":"max-image-preview:large","max-video-preview":"max-video-preview:-1"},"canonical":"https:\/\/www.lasermemories.hu\/?product=gondoskodo-szuloi-kez-3d","og_locale":"hu_HU","og_type":"article","og_title":"Gondoskod\u00f3 k\u00e9z 3D - Laser Memories","og_description":"Sz\u00fclet\u00e9snap, n\u00e9vnap, any\u00e1k napja, keresztel\u0151, pedag\u00f3gusnap \u00e9s m\u00e9g megannyi alkalomb\u00f3l adhat\u00f3 ez az univerz\u00e1lis eml\u00e9k. Kedved szerint szem\u00e9lyre szabhatod, csak a k\u00e9pzeleted szabhat hat\u00e1rt! 2 m\u00e9retben el\u00e9rhet\u0151: kb. 15 cm kb. 20 cm Tetszik a d\u00edsz, de m\u00e1sra gondolt\u00e1l? \u00cdrj nek\u00fcnk vagy k\u00fcldj k\u00e9pet \u00e9s mi seg\u00edt\u00fcnk megval\u00f3s\u00edtani amit szeretn\u00e9l \ud83d\ude42","og_url":"https:\/\/www.lasermemories.hu\/?product=gondoskodo-szuloi-kez-3d","og_site_name":"Laser Memories","article_modified_time":"2026-04-16T01:31:02+00:00","og_image":[{"width":2000,"height":1500,"url":"https:\/\/www.lasermemories.hu\/wp-content\/uploads\/2023\/04\/keez.jpg","type":"image\/jpeg"}],"twitter_card":"summary_large_image","twitter_misc":{"Becs\u00fclt olvas\u00e1si id\u0151":"1 perc"},"schema":{"@context":"https:\/\/schema.org","@graph":[{"@type":"WebPage","@id":"https:\/\/www.lasermemories.hu\/?product=gondoskodo-szuloi-kez-3d","url":"https:\/\/www.lasermemories.hu\/?product=gondoskodo-szuloi-kez-3d","name":"Gondoskod\u00f3 k\u00e9z 3D - Laser Memories","isPartOf":{"@id":"https:\/\/www.lasermemories.hu\/#website"},"datePublished":"2023-04-22T10:25:09+00:00","dateModified":"2026-04-16T01:31:02+00:00","breadcrumb":{"@id":"https:\/\/www.lasermemories.hu\/?product=gondoskodo-szuloi-kez-3d#breadcrumb"},"inLanguage":"hu","potentialAction":[{"@type":"ReadAction","target":["https:\/\/www.lasermemories.hu\/?product=gondoskodo-szuloi-kez-3d"]}]},{"@type":"BreadcrumbList","@id":"https:\/\/www.lasermemories.hu\/?product=gondoskodo-szuloi-kez-3d#breadcrumb","itemListElement":[{"@type":"ListItem","position":1,"name":"Home","item":"https:\/\/www.lasermemories.hu\/"},{"@type":"ListItem","position":2,"name":"\u00dczlet","item":"https:\/\/www.lasermemories.hu\/?page_id=9"},{"@type":"ListItem","position":3,"name":"Gondoskod\u00f3 k\u00e9z 3D"}]},{"@type":"WebSite","@id":"https:\/\/www.lasermemories.hu\/#website","url":"https:\/\/www.lasermemories.hu\/","name":"Laser Memories","description":"Egyedi f\u00e1b\u00f3l k\u00e9sz\u00fclt k\u00fcl\u00f6nlegess\u00e9gek","publisher":{"@id":"https:\/\/www.lasermemories.hu\/#organization"},"potentialAction":[{"@type":"SearchAction","target":{"@type":"EntryPoint","urlTemplate":"https:\/\/www.lasermemories.hu\/?s={search_term_string}"},"query-input":"required name=search_term_string"}],"inLanguage":"hu"},{"@type":"Organization","@id":"https:\/\/www.lasermemories.hu\/#organization","name":"Laser Memories","url":"https:\/\/www.lasermemories.hu\/","logo":{"@type":"ImageObject","inLanguage":"hu","@id":"https:\/\/www.lasermemories.hu\/#\/schema\/logo\/image\/","url":"https:\/\/www.lasermemories.hu\/wp-content\/uploads\/2022\/08\/41589_Laser-Memories_PP-02.png","contentUrl":"https:\/\/www.lasermemories.hu\/wp-content\/uploads\/2022\/08\/41589_Laser-Memories_PP-02.png","width":2137,"height":1703,"caption":"Laser Memories"},"image":{"@id":"https:\/\/www.lasermemories.hu\/#\/schema\/logo\/image\/"}}]}},"jetpack_sharing_enabled":true,"_links":{"self":[{"href":"https:\/\/www.lasermemories.hu\/index.php?rest_route=\/wp\/v2\/product\/1315","targetHints":{"allow":["GET"]}}],"collection":[{"href":"https:\/\/www.lasermemories.hu\/index.php?rest_route=\/wp\/v2\/product"}],"about":[{"href":"https:\/\/www.lasermemories.hu\/index.php?rest_route=\/wp\/v2\/types\/product"}],"wp:featuredmedia":[{"embeddable":true,"href":"https:\/\/www.lasermemories.hu\/index.php?rest_route=\/wp\/v2\/media\/3152"}],"wp:attachment":[{"href":"https:\/\/www.lasermemories.hu\/index.php?rest_route=%2Fwp%2Fv2%2Fmedia&parent=1315"}],"wp:term":[{"taxonomy":"product_brand","embeddable":true,"href":"https:\/\/www.lasermemories.hu\/index.php?rest_route=%2Fwp%2Fv2%2Fproduct_brand&post=1315"},{"taxonomy":"product_cat","embeddable":true,"href":"https:\/\/www.lasermemories.hu\/index.php?rest_route=%2Fwp%2Fv2%2Fproduct_cat&post=1315"},{"taxonomy":"product_tag","embeddable":true,"href":"https:\/\/www.lasermemories.hu\/index.php?rest_route=%2Fwp%2Fv2%2Fproduct_tag&post=1315"}],"curies":[{"name":"wp","href":"https:\/\/api.w.org\/{rel}","templated":true}]}}