{"id":1314,"date":"2023-04-22T10:10:54","date_gmt":"2023-04-22T10:10:54","guid":{"rendered":"https:\/\/www.lasermemories.hu\/?post_type=product&#038;p=1314"},"modified":"2026-04-16T07:44:22","modified_gmt":"2026-04-16T07:44:22","slug":"oroktulipan-3d-egyedi-szoveggel","status":"publish","type":"product","link":"https:\/\/www.lasermemories.hu\/?product=oroktulipan-3d-egyedi-szoveggel","title":{"rendered":"Any\u00e1k napi \u00d6r\u00f6ktulip\u00e1n 3D &#8211; egyedi sz\u00f6veggel"},"content":{"rendered":"<p>Sz\u00fclet\u00e9snap, n\u00e9vnap, any\u00e1k napja, pedag\u00f3gusnap \u00e9s m\u00e9g megannyi alkalomb\u00f3l adhat\u00f3 \u00f6r\u00f6k tulip\u00e1njaink .<\/p>\n<p>&nbsp;<\/p>\n<p>!!! Talp aj\u00e1nd\u00e9k a term\u00e9khez!!!<\/p>\n","protected":false},"excerpt":{"rendered":"<p>Sz\u00fclet\u00e9snap, n\u00e9vnap, any\u00e1k napja, pedag\u00f3gusnap \u00e9s m\u00e9g megannyi alkalomb\u00f3l adhat\u00f3 \u00f6r\u00f6k tulip\u00e1njaink . &nbsp; !!! Talp aj\u00e1nd\u00e9k a term\u00e9khez!!!<\/p>\n","protected":false},"featured_media":2528,"template":"","meta":{"_acf_changed":false,"_monsterinsights_skip_tracking":false,"_monsterinsights_sitenote_active":false,"_monsterinsights_sitenote_note":"","_monsterinsights_sitenote_category":0},"product_brand":[],"product_cat":[49,62],"product_tag":[],"class_list":{"0":"post-1314","1":"product","2":"type-product","3":"status-publish","4":"has-post-thumbnail","6":"product_cat-ajandek-noknek","7":"product_cat-anyak-napja","9":"entry","10":"has-media","12":"first","13":"instock","14":"shipping-taxable","15":"purchasable","16":"product-type-simple","17":"has-product-nav","18":"col","19":"span_1_of_3","20":"owp-content-center","21":"owp-thumbs-layout-horizontal","22":"owp-btn-normal","23":"owp-tabs-layout-horizontal"},"acf":[],"yoast_head":"<!-- This site is optimized with the Yoast SEO plugin v22.0 - https:\/\/yoast.com\/wordpress\/plugins\/seo\/ -->\n<title>Any\u00e1k napi \u00d6r\u00f6ktulip\u00e1n 3D - egyedi sz\u00f6veggel - Laser Memories<\/title>\n<meta name=\"robots\" content=\"index, follow, max-snippet:-1, max-image-preview:large, max-video-preview:-1\" \/>\n<link rel=\"canonical\" href=\"https:\/\/www.lasermemories.hu\/?product=oroktulipan-3d-egyedi-szoveggel\" \/>\n<meta property=\"og:locale\" content=\"hu_HU\" \/>\n<meta property=\"og:type\" content=\"article\" \/>\n<meta property=\"og:title\" content=\"Any\u00e1k napi \u00d6r\u00f6ktulip\u00e1n 3D - egyedi sz\u00f6veggel - Laser Memories\" \/>\n<meta property=\"og:description\" content=\"Sz\u00fclet\u00e9snap, n\u00e9vnap, any\u00e1k napja, pedag\u00f3gusnap \u00e9s m\u00e9g megannyi alkalomb\u00f3l adhat\u00f3 \u00f6r\u00f6k tulip\u00e1njaink . &nbsp; !!! Talp aj\u00e1nd\u00e9k a term\u00e9khez!!!\" \/>\n<meta property=\"og:url\" content=\"https:\/\/www.lasermemories.hu\/?product=oroktulipan-3d-egyedi-szoveggel\" \/>\n<meta property=\"og:site_name\" content=\"Laser Memories\" \/>\n<meta property=\"article:modified_time\" content=\"2026-04-16T07:44:22+00:00\" \/>\n<meta property=\"og:image\" content=\"https:\/\/www.lasermemories.hu\/wp-content\/uploads\/2023\/04\/t.jpg\" \/>\n\t<meta property=\"og:image:width\" content=\"1500\" \/>\n\t<meta property=\"og:image:height\" content=\"2000\" \/>\n\t<meta property=\"og:image:type\" content=\"image\/jpeg\" \/>\n<meta name=\"twitter:card\" content=\"summary_large_image\" \/>\n<meta name=\"twitter:label1\" content=\"Becs\u00fclt olvas\u00e1si id\u0151\" \/>\n\t<meta name=\"twitter:data1\" content=\"1 perc\" \/>\n<script type=\"application\/ld+json\" class=\"yoast-schema-graph\">{\"@context\":\"https:\/\/schema.org\",\"@graph\":[{\"@type\":\"WebPage\",\"@id\":\"https:\/\/www.lasermemories.hu\/?product=oroktulipan-3d-egyedi-szoveggel\",\"url\":\"https:\/\/www.lasermemories.hu\/?product=oroktulipan-3d-egyedi-szoveggel\",\"name\":\"Any\u00e1k napi \u00d6r\u00f6ktulip\u00e1n 3D - egyedi sz\u00f6veggel - Laser Memories\",\"isPartOf\":{\"@id\":\"https:\/\/www.lasermemories.hu\/#website\"},\"datePublished\":\"2023-04-22T10:10:54+00:00\",\"dateModified\":\"2026-04-16T07:44:22+00:00\",\"breadcrumb\":{\"@id\":\"https:\/\/www.lasermemories.hu\/?product=oroktulipan-3d-egyedi-szoveggel#breadcrumb\"},\"inLanguage\":\"hu\",\"potentialAction\":[{\"@type\":\"ReadAction\",\"target\":[\"https:\/\/www.lasermemories.hu\/?product=oroktulipan-3d-egyedi-szoveggel\"]}]},{\"@type\":\"BreadcrumbList\",\"@id\":\"https:\/\/www.lasermemories.hu\/?product=oroktulipan-3d-egyedi-szoveggel#breadcrumb\",\"itemListElement\":[{\"@type\":\"ListItem\",\"position\":1,\"name\":\"Home\",\"item\":\"https:\/\/www.lasermemories.hu\/\"},{\"@type\":\"ListItem\",\"position\":2,\"name\":\"\u00dczlet\",\"item\":\"https:\/\/www.lasermemories.hu\/?page_id=9\"},{\"@type\":\"ListItem\",\"position\":3,\"name\":\"Any\u00e1k napi \u00d6r\u00f6ktulip\u00e1n 3D &#8211; egyedi sz\u00f6veggel\"}]},{\"@type\":\"WebSite\",\"@id\":\"https:\/\/www.lasermemories.hu\/#website\",\"url\":\"https:\/\/www.lasermemories.hu\/\",\"name\":\"Laser Memories\",\"description\":\"Egyedi f\u00e1b\u00f3l k\u00e9sz\u00fclt k\u00fcl\u00f6nlegess\u00e9gek\",\"publisher\":{\"@id\":\"https:\/\/www.lasermemories.hu\/#organization\"},\"potentialAction\":[{\"@type\":\"SearchAction\",\"target\":{\"@type\":\"EntryPoint\",\"urlTemplate\":\"https:\/\/www.lasermemories.hu\/?s={search_term_string}\"},\"query-input\":\"required name=search_term_string\"}],\"inLanguage\":\"hu\"},{\"@type\":\"Organization\",\"@id\":\"https:\/\/www.lasermemories.hu\/#organization\",\"name\":\"Laser Memories\",\"url\":\"https:\/\/www.lasermemories.hu\/\",\"logo\":{\"@type\":\"ImageObject\",\"inLanguage\":\"hu\",\"@id\":\"https:\/\/www.lasermemories.hu\/#\/schema\/logo\/image\/\",\"url\":\"https:\/\/www.lasermemories.hu\/wp-content\/uploads\/2022\/08\/41589_Laser-Memories_PP-02.png\",\"contentUrl\":\"https:\/\/www.lasermemories.hu\/wp-content\/uploads\/2022\/08\/41589_Laser-Memories_PP-02.png\",\"width\":2137,\"height\":1703,\"caption\":\"Laser Memories\"},\"image\":{\"@id\":\"https:\/\/www.lasermemories.hu\/#\/schema\/logo\/image\/\"}}]}<\/script>\n<!-- \/ Yoast SEO plugin. -->","yoast_head_json":{"title":"Any\u00e1k napi \u00d6r\u00f6ktulip\u00e1n 3D - egyedi sz\u00f6veggel - Laser Memories","robots":{"index":"index","follow":"follow","max-snippet":"max-snippet:-1","max-image-preview":"max-image-preview:large","max-video-preview":"max-video-preview:-1"},"canonical":"https:\/\/www.lasermemories.hu\/?product=oroktulipan-3d-egyedi-szoveggel","og_locale":"hu_HU","og_type":"article","og_title":"Any\u00e1k napi \u00d6r\u00f6ktulip\u00e1n 3D - egyedi sz\u00f6veggel - Laser Memories","og_description":"Sz\u00fclet\u00e9snap, n\u00e9vnap, any\u00e1k napja, pedag\u00f3gusnap \u00e9s m\u00e9g megannyi alkalomb\u00f3l adhat\u00f3 \u00f6r\u00f6k tulip\u00e1njaink . &nbsp; !!! Talp aj\u00e1nd\u00e9k a term\u00e9khez!!!","og_url":"https:\/\/www.lasermemories.hu\/?product=oroktulipan-3d-egyedi-szoveggel","og_site_name":"Laser Memories","article_modified_time":"2026-04-16T07:44:22+00:00","og_image":[{"width":1500,"height":2000,"url":"https:\/\/www.lasermemories.hu\/wp-content\/uploads\/2023\/04\/t.jpg","type":"image\/jpeg"}],"twitter_card":"summary_large_image","twitter_misc":{"Becs\u00fclt olvas\u00e1si id\u0151":"1 perc"},"schema":{"@context":"https:\/\/schema.org","@graph":[{"@type":"WebPage","@id":"https:\/\/www.lasermemories.hu\/?product=oroktulipan-3d-egyedi-szoveggel","url":"https:\/\/www.lasermemories.hu\/?product=oroktulipan-3d-egyedi-szoveggel","name":"Any\u00e1k napi \u00d6r\u00f6ktulip\u00e1n 3D - egyedi sz\u00f6veggel - Laser Memories","isPartOf":{"@id":"https:\/\/www.lasermemories.hu\/#website"},"datePublished":"2023-04-22T10:10:54+00:00","dateModified":"2026-04-16T07:44:22+00:00","breadcrumb":{"@id":"https:\/\/www.lasermemories.hu\/?product=oroktulipan-3d-egyedi-szoveggel#breadcrumb"},"inLanguage":"hu","potentialAction":[{"@type":"ReadAction","target":["https:\/\/www.lasermemories.hu\/?product=oroktulipan-3d-egyedi-szoveggel"]}]},{"@type":"BreadcrumbList","@id":"https:\/\/www.lasermemories.hu\/?product=oroktulipan-3d-egyedi-szoveggel#breadcrumb","itemListElement":[{"@type":"ListItem","position":1,"name":"Home","item":"https:\/\/www.lasermemories.hu\/"},{"@type":"ListItem","position":2,"name":"\u00dczlet","item":"https:\/\/www.lasermemories.hu\/?page_id=9"},{"@type":"ListItem","position":3,"name":"Any\u00e1k napi \u00d6r\u00f6ktulip\u00e1n 3D &#8211; egyedi sz\u00f6veggel"}]},{"@type":"WebSite","@id":"https:\/\/www.lasermemories.hu\/#website","url":"https:\/\/www.lasermemories.hu\/","name":"Laser Memories","description":"Egyedi f\u00e1b\u00f3l k\u00e9sz\u00fclt k\u00fcl\u00f6nlegess\u00e9gek","publisher":{"@id":"https:\/\/www.lasermemories.hu\/#organization"},"potentialAction":[{"@type":"SearchAction","target":{"@type":"EntryPoint","urlTemplate":"https:\/\/www.lasermemories.hu\/?s={search_term_string}"},"query-input":"required name=search_term_string"}],"inLanguage":"hu"},{"@type":"Organization","@id":"https:\/\/www.lasermemories.hu\/#organization","name":"Laser Memories","url":"https:\/\/www.lasermemories.hu\/","logo":{"@type":"ImageObject","inLanguage":"hu","@id":"https:\/\/www.lasermemories.hu\/#\/schema\/logo\/image\/","url":"https:\/\/www.lasermemories.hu\/wp-content\/uploads\/2022\/08\/41589_Laser-Memories_PP-02.png","contentUrl":"https:\/\/www.lasermemories.hu\/wp-content\/uploads\/2022\/08\/41589_Laser-Memories_PP-02.png","width":2137,"height":1703,"caption":"Laser Memories"},"image":{"@id":"https:\/\/www.lasermemories.hu\/#\/schema\/logo\/image\/"}}]}},"jetpack_sharing_enabled":true,"_links":{"self":[{"href":"https:\/\/www.lasermemories.hu\/index.php?rest_route=\/wp\/v2\/product\/1314","targetHints":{"allow":["GET"]}}],"collection":[{"href":"https:\/\/www.lasermemories.hu\/index.php?rest_route=\/wp\/v2\/product"}],"about":[{"href":"https:\/\/www.lasermemories.hu\/index.php?rest_route=\/wp\/v2\/types\/product"}],"wp:featuredmedia":[{"embeddable":true,"href":"https:\/\/www.lasermemories.hu\/index.php?rest_route=\/wp\/v2\/media\/2528"}],"wp:attachment":[{"href":"https:\/\/www.lasermemories.hu\/index.php?rest_route=%2Fwp%2Fv2%2Fmedia&parent=1314"}],"wp:term":[{"taxonomy":"product_brand","embeddable":true,"href":"https:\/\/www.lasermemories.hu\/index.php?rest_route=%2Fwp%2Fv2%2Fproduct_brand&post=1314"},{"taxonomy":"product_cat","embeddable":true,"href":"https:\/\/www.lasermemories.hu\/index.php?rest_route=%2Fwp%2Fv2%2Fproduct_cat&post=1314"},{"taxonomy":"product_tag","embeddable":true,"href":"https:\/\/www.lasermemories.hu\/index.php?rest_route=%2Fwp%2Fv2%2Fproduct_tag&post=1314"}],"curies":[{"name":"wp","href":"https:\/\/api.w.org\/{rel}","templated":true}]}}