{"id":1299,"date":"2023-01-29T13:49:55","date_gmt":"2023-01-29T13:49:55","guid":{"rendered":"https:\/\/www.lasermemories.hu\/?post_type=product&#038;p=1299"},"modified":"2025-02-02T07:14:52","modified_gmt":"2025-02-02T07:14:52","slug":"akril-lampa-orok-szerelem-dizajn-egyedi-szoveggel","status":"publish","type":"product","link":"https:\/\/www.lasermemories.hu\/?product=akril-lampa-orok-szerelem-dizajn-egyedi-szoveggel","title":{"rendered":"Akril l\u00e1mpa &#8220;\u00d6r\u00f6k szerelem&#8221; diz\u00e1jn &#8211; egyedi n\u00e9vvel"},"content":{"rendered":"<p>Hagy magad m\u00f6g\u00f6tt a t\u00f6megterm\u00e9keket \u00e9s fejezd ki szereteted ezzel az egyedien szem\u00e9lyre szabhat\u00f3 \u00e9jjeli l\u00e1mp\u00e1val.<\/p>\n<p>Tulajdons\u00e1gok:<\/p>\n<ul>\n<li>4 v\u00e1laszthat\u00f3 b\u00e1zistalp<\/li>\n<li>RBG sz\u00ednsk\u00e1la<\/li>\n<li>T\u00e1vir\u00e1ny\u00edt\u00f3val \u00e9s an\u00e9lk\u00fcl is ir\u00e1ny\u00edthat\u00f3<\/li>\n<li>T\u00e1vir\u00e1ny\u00edt\u00f3n szab\u00e1lyozhat\u00f3 m\u00f3dok (f\u00e9nyer\u0151, sz\u00edn, flashlight stb.)<\/li>\n<li>Elektromos h\u00e1l\u00f3zatba dughat\u00f3 (adapter nem tartoz\u00e9k, b\u00e1rmely r\u00e9gi USB-s telefont\u00f6lt\u0151 adapter\u00e9vel m\u0171k\u00f6dik)<\/li>\n<li>Ak\u00e1r 3db AA elemmel is m\u0171k\u00f6dtethet\u0151<\/li>\n<li>K\u00e1bel hossza kb. 80 cm<\/li>\n<li>B\u00e1zistalp \u00e1tm\u00e9r\u0151je 10 cm<\/li>\n<li>Szabadon cser\u00e9lhet\u0151 akril lap design, ha meguntad a r\u00e9git, t\u0151l\u00fcnk b\u00e1rmikor rendelhetsz bele \u00fajat, a talpat nem kell cser\u00e9lned!<\/li>\n<\/ul>\n<p>M\u00e1s elk\u00e9pzel\u00e9sed van? Semmi gond, \u00edrj nek\u00fcnk \u00e9s mi megval\u00f3s\u00edtjuk!<\/p>\n","protected":false},"excerpt":{"rendered":"<p>Hagy magad m\u00f6g\u00f6tt a t\u00f6megterm\u00e9keket \u00e9s fejezd ki szereteted ezzel az egyedien szem\u00e9lyre szabhat\u00f3 \u00e9jjeli l\u00e1mp\u00e1val. Tulajdons\u00e1gok: 4 v\u00e1laszthat\u00f3 b\u00e1zistalp RBG sz\u00ednsk\u00e1la T\u00e1vir\u00e1ny\u00edt\u00f3val \u00e9s an\u00e9lk\u00fcl is ir\u00e1ny\u00edthat\u00f3 T\u00e1vir\u00e1ny\u00edt\u00f3n szab\u00e1lyozhat\u00f3 m\u00f3dok (f\u00e9nyer\u0151, sz\u00edn, flashlight stb.) Elektromos h\u00e1l\u00f3zatba dughat\u00f3 (adapter nem tartoz\u00e9k, b\u00e1rmely r\u00e9gi USB-s telefont\u00f6lt\u0151 adapter\u00e9vel m\u0171k\u00f6dik) Ak\u00e1r 3db AA elemmel is m\u0171k\u00f6dtethet\u0151 K\u00e1bel hossza kb. [&hellip;]<\/p>\n","protected":false},"featured_media":1894,"template":"","meta":{"_acf_changed":false,"_monsterinsights_skip_tracking":false,"_monsterinsights_sitenote_active":false,"_monsterinsights_sitenote_note":"","_monsterinsights_sitenote_category":0},"product_brand":[],"product_cat":[49,24,74],"product_tag":[],"class_list":{"0":"post-1299","1":"product","2":"type-product","3":"status-publish","4":"has-post-thumbnail","6":"product_cat-ajandek-noknek","7":"product_cat-paroknak","8":"product_cat-valentin-nap","10":"entry","11":"has-media","13":"first","14":"instock","15":"shipping-taxable","16":"purchasable","17":"product-type-simple","18":"has-product-nav","19":"col","20":"span_1_of_3","21":"owp-content-center","22":"owp-thumbs-layout-horizontal","23":"owp-btn-normal","24":"owp-tabs-layout-horizontal"},"acf":[],"yoast_head":"<!-- This site is optimized with the Yoast SEO plugin v22.0 - https:\/\/yoast.com\/wordpress\/plugins\/seo\/ -->\n<title>Akril l\u00e1mpa &quot;\u00d6r\u00f6k szerelem&quot; diz\u00e1jn - egyedi n\u00e9vvel - Laser Memories<\/title>\n<meta name=\"robots\" content=\"index, follow, max-snippet:-1, max-image-preview:large, max-video-preview:-1\" \/>\n<link rel=\"canonical\" href=\"https:\/\/www.lasermemories.hu\/?product=akril-lampa-orok-szerelem-dizajn-egyedi-szoveggel\" \/>\n<meta property=\"og:locale\" content=\"hu_HU\" \/>\n<meta property=\"og:type\" content=\"article\" \/>\n<meta property=\"og:title\" content=\"Akril l\u00e1mpa &quot;\u00d6r\u00f6k szerelem&quot; diz\u00e1jn - egyedi n\u00e9vvel - Laser Memories\" \/>\n<meta property=\"og:description\" content=\"Hagy magad m\u00f6g\u00f6tt a t\u00f6megterm\u00e9keket \u00e9s fejezd ki szereteted ezzel az egyedien szem\u00e9lyre szabhat\u00f3 \u00e9jjeli l\u00e1mp\u00e1val. Tulajdons\u00e1gok: 4 v\u00e1laszthat\u00f3 b\u00e1zistalp RBG sz\u00ednsk\u00e1la T\u00e1vir\u00e1ny\u00edt\u00f3val \u00e9s an\u00e9lk\u00fcl is ir\u00e1ny\u00edthat\u00f3 T\u00e1vir\u00e1ny\u00edt\u00f3n szab\u00e1lyozhat\u00f3 m\u00f3dok (f\u00e9nyer\u0151, sz\u00edn, flashlight stb.) Elektromos h\u00e1l\u00f3zatba dughat\u00f3 (adapter nem tartoz\u00e9k, b\u00e1rmely r\u00e9gi USB-s telefont\u00f6lt\u0151 adapter\u00e9vel m\u0171k\u00f6dik) Ak\u00e1r 3db AA elemmel is m\u0171k\u00f6dtethet\u0151 K\u00e1bel hossza kb. [&hellip;]\" \/>\n<meta property=\"og:url\" content=\"https:\/\/www.lasermemories.hu\/?product=akril-lampa-orok-szerelem-dizajn-egyedi-szoveggel\" \/>\n<meta property=\"og:site_name\" content=\"Laser Memories\" \/>\n<meta property=\"article:modified_time\" content=\"2025-02-02T07:14:52+00:00\" \/>\n<meta property=\"og:image\" content=\"https:\/\/www.lasermemories.hu\/wp-content\/uploads\/2023\/11\/1000011671.jpg\" \/>\n\t<meta property=\"og:image:width\" content=\"1536\" \/>\n\t<meta property=\"og:image:height\" content=\"2048\" \/>\n\t<meta property=\"og:image:type\" content=\"image\/jpeg\" \/>\n<meta name=\"twitter:card\" content=\"summary_large_image\" \/>\n<meta name=\"twitter:label1\" content=\"Becs\u00fclt olvas\u00e1si id\u0151\" \/>\n\t<meta name=\"twitter:data1\" content=\"1 perc\" \/>\n<script type=\"application\/ld+json\" class=\"yoast-schema-graph\">{\"@context\":\"https:\/\/schema.org\",\"@graph\":[{\"@type\":\"WebPage\",\"@id\":\"https:\/\/www.lasermemories.hu\/?product=akril-lampa-orok-szerelem-dizajn-egyedi-szoveggel\",\"url\":\"https:\/\/www.lasermemories.hu\/?product=akril-lampa-orok-szerelem-dizajn-egyedi-szoveggel\",\"name\":\"Akril l\u00e1mpa \\\"\u00d6r\u00f6k szerelem\\\" diz\u00e1jn - egyedi n\u00e9vvel - Laser Memories\",\"isPartOf\":{\"@id\":\"https:\/\/www.lasermemories.hu\/#website\"},\"datePublished\":\"2023-01-29T13:49:55+00:00\",\"dateModified\":\"2025-02-02T07:14:52+00:00\",\"breadcrumb\":{\"@id\":\"https:\/\/www.lasermemories.hu\/?product=akril-lampa-orok-szerelem-dizajn-egyedi-szoveggel#breadcrumb\"},\"inLanguage\":\"hu\",\"potentialAction\":[{\"@type\":\"ReadAction\",\"target\":[\"https:\/\/www.lasermemories.hu\/?product=akril-lampa-orok-szerelem-dizajn-egyedi-szoveggel\"]}]},{\"@type\":\"BreadcrumbList\",\"@id\":\"https:\/\/www.lasermemories.hu\/?product=akril-lampa-orok-szerelem-dizajn-egyedi-szoveggel#breadcrumb\",\"itemListElement\":[{\"@type\":\"ListItem\",\"position\":1,\"name\":\"Home\",\"item\":\"https:\/\/www.lasermemories.hu\/\"},{\"@type\":\"ListItem\",\"position\":2,\"name\":\"\u00dczlet\",\"item\":\"https:\/\/www.lasermemories.hu\/?page_id=9\"},{\"@type\":\"ListItem\",\"position\":3,\"name\":\"Akril l\u00e1mpa &#8220;\u00d6r\u00f6k szerelem&#8221; diz\u00e1jn &#8211; egyedi n\u00e9vvel\"}]},{\"@type\":\"WebSite\",\"@id\":\"https:\/\/www.lasermemories.hu\/#website\",\"url\":\"https:\/\/www.lasermemories.hu\/\",\"name\":\"Laser Memories\",\"description\":\"Egyedi f\u00e1b\u00f3l k\u00e9sz\u00fclt k\u00fcl\u00f6nlegess\u00e9gek\",\"publisher\":{\"@id\":\"https:\/\/www.lasermemories.hu\/#organization\"},\"potentialAction\":[{\"@type\":\"SearchAction\",\"target\":{\"@type\":\"EntryPoint\",\"urlTemplate\":\"https:\/\/www.lasermemories.hu\/?s={search_term_string}\"},\"query-input\":\"required name=search_term_string\"}],\"inLanguage\":\"hu\"},{\"@type\":\"Organization\",\"@id\":\"https:\/\/www.lasermemories.hu\/#organization\",\"name\":\"Laser Memories\",\"url\":\"https:\/\/www.lasermemories.hu\/\",\"logo\":{\"@type\":\"ImageObject\",\"inLanguage\":\"hu\",\"@id\":\"https:\/\/www.lasermemories.hu\/#\/schema\/logo\/image\/\",\"url\":\"https:\/\/www.lasermemories.hu\/wp-content\/uploads\/2022\/08\/41589_Laser-Memories_PP-02.png\",\"contentUrl\":\"https:\/\/www.lasermemories.hu\/wp-content\/uploads\/2022\/08\/41589_Laser-Memories_PP-02.png\",\"width\":2137,\"height\":1703,\"caption\":\"Laser Memories\"},\"image\":{\"@id\":\"https:\/\/www.lasermemories.hu\/#\/schema\/logo\/image\/\"}}]}<\/script>\n<!-- \/ Yoast SEO plugin. -->","yoast_head_json":{"title":"Akril l\u00e1mpa \"\u00d6r\u00f6k szerelem\" diz\u00e1jn - egyedi n\u00e9vvel - Laser Memories","robots":{"index":"index","follow":"follow","max-snippet":"max-snippet:-1","max-image-preview":"max-image-preview:large","max-video-preview":"max-video-preview:-1"},"canonical":"https:\/\/www.lasermemories.hu\/?product=akril-lampa-orok-szerelem-dizajn-egyedi-szoveggel","og_locale":"hu_HU","og_type":"article","og_title":"Akril l\u00e1mpa \"\u00d6r\u00f6k szerelem\" diz\u00e1jn - egyedi n\u00e9vvel - Laser Memories","og_description":"Hagy magad m\u00f6g\u00f6tt a t\u00f6megterm\u00e9keket \u00e9s fejezd ki szereteted ezzel az egyedien szem\u00e9lyre szabhat\u00f3 \u00e9jjeli l\u00e1mp\u00e1val. Tulajdons\u00e1gok: 4 v\u00e1laszthat\u00f3 b\u00e1zistalp RBG sz\u00ednsk\u00e1la T\u00e1vir\u00e1ny\u00edt\u00f3val \u00e9s an\u00e9lk\u00fcl is ir\u00e1ny\u00edthat\u00f3 T\u00e1vir\u00e1ny\u00edt\u00f3n szab\u00e1lyozhat\u00f3 m\u00f3dok (f\u00e9nyer\u0151, sz\u00edn, flashlight stb.) Elektromos h\u00e1l\u00f3zatba dughat\u00f3 (adapter nem tartoz\u00e9k, b\u00e1rmely r\u00e9gi USB-s telefont\u00f6lt\u0151 adapter\u00e9vel m\u0171k\u00f6dik) Ak\u00e1r 3db AA elemmel is m\u0171k\u00f6dtethet\u0151 K\u00e1bel hossza kb. [&hellip;]","og_url":"https:\/\/www.lasermemories.hu\/?product=akril-lampa-orok-szerelem-dizajn-egyedi-szoveggel","og_site_name":"Laser Memories","article_modified_time":"2025-02-02T07:14:52+00:00","og_image":[{"width":1536,"height":2048,"url":"https:\/\/www.lasermemories.hu\/wp-content\/uploads\/2023\/11\/1000011671.jpg","type":"image\/jpeg"}],"twitter_card":"summary_large_image","twitter_misc":{"Becs\u00fclt olvas\u00e1si id\u0151":"1 perc"},"schema":{"@context":"https:\/\/schema.org","@graph":[{"@type":"WebPage","@id":"https:\/\/www.lasermemories.hu\/?product=akril-lampa-orok-szerelem-dizajn-egyedi-szoveggel","url":"https:\/\/www.lasermemories.hu\/?product=akril-lampa-orok-szerelem-dizajn-egyedi-szoveggel","name":"Akril l\u00e1mpa \"\u00d6r\u00f6k szerelem\" diz\u00e1jn - egyedi n\u00e9vvel - Laser Memories","isPartOf":{"@id":"https:\/\/www.lasermemories.hu\/#website"},"datePublished":"2023-01-29T13:49:55+00:00","dateModified":"2025-02-02T07:14:52+00:00","breadcrumb":{"@id":"https:\/\/www.lasermemories.hu\/?product=akril-lampa-orok-szerelem-dizajn-egyedi-szoveggel#breadcrumb"},"inLanguage":"hu","potentialAction":[{"@type":"ReadAction","target":["https:\/\/www.lasermemories.hu\/?product=akril-lampa-orok-szerelem-dizajn-egyedi-szoveggel"]}]},{"@type":"BreadcrumbList","@id":"https:\/\/www.lasermemories.hu\/?product=akril-lampa-orok-szerelem-dizajn-egyedi-szoveggel#breadcrumb","itemListElement":[{"@type":"ListItem","position":1,"name":"Home","item":"https:\/\/www.lasermemories.hu\/"},{"@type":"ListItem","position":2,"name":"\u00dczlet","item":"https:\/\/www.lasermemories.hu\/?page_id=9"},{"@type":"ListItem","position":3,"name":"Akril l\u00e1mpa &#8220;\u00d6r\u00f6k szerelem&#8221; diz\u00e1jn &#8211; egyedi n\u00e9vvel"}]},{"@type":"WebSite","@id":"https:\/\/www.lasermemories.hu\/#website","url":"https:\/\/www.lasermemories.hu\/","name":"Laser Memories","description":"Egyedi f\u00e1b\u00f3l k\u00e9sz\u00fclt k\u00fcl\u00f6nlegess\u00e9gek","publisher":{"@id":"https:\/\/www.lasermemories.hu\/#organization"},"potentialAction":[{"@type":"SearchAction","target":{"@type":"EntryPoint","urlTemplate":"https:\/\/www.lasermemories.hu\/?s={search_term_string}"},"query-input":"required name=search_term_string"}],"inLanguage":"hu"},{"@type":"Organization","@id":"https:\/\/www.lasermemories.hu\/#organization","name":"Laser Memories","url":"https:\/\/www.lasermemories.hu\/","logo":{"@type":"ImageObject","inLanguage":"hu","@id":"https:\/\/www.lasermemories.hu\/#\/schema\/logo\/image\/","url":"https:\/\/www.lasermemories.hu\/wp-content\/uploads\/2022\/08\/41589_Laser-Memories_PP-02.png","contentUrl":"https:\/\/www.lasermemories.hu\/wp-content\/uploads\/2022\/08\/41589_Laser-Memories_PP-02.png","width":2137,"height":1703,"caption":"Laser Memories"},"image":{"@id":"https:\/\/www.lasermemories.hu\/#\/schema\/logo\/image\/"}}]}},"jetpack_sharing_enabled":true,"_links":{"self":[{"href":"https:\/\/www.lasermemories.hu\/index.php?rest_route=\/wp\/v2\/product\/1299","targetHints":{"allow":["GET"]}}],"collection":[{"href":"https:\/\/www.lasermemories.hu\/index.php?rest_route=\/wp\/v2\/product"}],"about":[{"href":"https:\/\/www.lasermemories.hu\/index.php?rest_route=\/wp\/v2\/types\/product"}],"wp:featuredmedia":[{"embeddable":true,"href":"https:\/\/www.lasermemories.hu\/index.php?rest_route=\/wp\/v2\/media\/1894"}],"wp:attachment":[{"href":"https:\/\/www.lasermemories.hu\/index.php?rest_route=%2Fwp%2Fv2%2Fmedia&parent=1299"}],"wp:term":[{"taxonomy":"product_brand","embeddable":true,"href":"https:\/\/www.lasermemories.hu\/index.php?rest_route=%2Fwp%2Fv2%2Fproduct_brand&post=1299"},{"taxonomy":"product_cat","embeddable":true,"href":"https:\/\/www.lasermemories.hu\/index.php?rest_route=%2Fwp%2Fv2%2Fproduct_cat&post=1299"},{"taxonomy":"product_tag","embeddable":true,"href":"https:\/\/www.lasermemories.hu\/index.php?rest_route=%2Fwp%2Fv2%2Fproduct_tag&post=1299"}],"curies":[{"name":"wp","href":"https:\/\/api.w.org\/{rel}","templated":true}]}}