{"id":2175,"date":"2024-01-03T12:41:02","date_gmt":"2024-01-03T12:41:02","guid":{"rendered":"https:\/\/www.lasermemories.hu\/?page_id=2175"},"modified":"2024-01-03T12:48:19","modified_gmt":"2024-01-03T12:48:19","slug":"elementor-2175","status":"publish","type":"page","link":"https:\/\/www.lasermemories.hu\/?page_id=2175","title":{"rendered":"Fizet\u00e9s"},"content":{"rendered":"\t\t<div data-elementor-type=\"wp-page\" data-elementor-id=\"2175\" class=\"elementor elementor-2175\" data-elementor-post-type=\"page\">\n\t\t\t\t\t\t<section class=\"elementor-section elementor-top-section elementor-element elementor-element-342ee3e elementor-section-boxed elementor-section-height-default elementor-section-height-default\" data-id=\"342ee3e\" data-element_type=\"section\">\n\t\t\t\t\t\t<div class=\"elementor-container elementor-column-gap-default\">\n\t\t\t\t\t<div class=\"elementor-column elementor-col-100 elementor-top-column elementor-element elementor-element-8035dfb\" data-id=\"8035dfb\" data-element_type=\"column\">\n\t\t\t<div class=\"elementor-widget-wrap elementor-element-populated\">\n\t\t\t\t\t\t<div class=\"elementor-element elementor-element-6fcc80e elementor-widget elementor-widget-heading\" data-id=\"6fcc80e\" data-element_type=\"widget\" data-widget_type=\"heading.default\">\n\t\t\t\t<div class=\"elementor-widget-container\">\n\t\t\t<h2 class=\"elementor-heading-title elementor-size-default\">Fizet\u00e9s<\/h2>\t\t<\/div>\n\t\t\t\t<\/div>\n\t\t\t\t\t<\/div>\n\t\t<\/div>\n\t\t\t\t\t<\/div>\n\t\t<\/section>\n\t\t\t\t<section class=\"elementor-section elementor-top-section elementor-element elementor-element-d513cc5 elementor-section-boxed elementor-section-height-default elementor-section-height-default\" data-id=\"d513cc5\" data-element_type=\"section\">\n\t\t\t\t\t\t<div class=\"elementor-container elementor-column-gap-default\">\n\t\t\t\t\t<div class=\"elementor-column elementor-col-100 elementor-top-column elementor-element elementor-element-5ea87a3\" data-id=\"5ea87a3\" data-element_type=\"column\">\n\t\t\t<div class=\"elementor-widget-wrap elementor-element-populated\">\n\t\t\t\t\t\t<div class=\"elementor-element elementor-element-5502981 elementor-widget elementor-widget-toggle\" data-id=\"5502981\" data-element_type=\"widget\" data-widget_type=\"toggle.default\">\n\t\t\t\t<div class=\"elementor-widget-container\">\n\t\t\t\t\t<div class=\"elementor-toggle\">\n\t\t\t\t\t\t\t<div class=\"elementor-toggle-item\">\n\t\t\t\t\t<div id=\"elementor-tab-title-8911\" class=\"elementor-tab-title\" data-tab=\"1\" role=\"button\" aria-controls=\"elementor-tab-content-8911\" aria-expanded=\"false\">\n\t\t\t\t\t\t\t\t\t\t\t\t<span class=\"elementor-toggle-icon elementor-toggle-icon-left\" aria-hidden=\"true\">\n\t\t\t\t\t\t\t\t\t\t\t\t\t\t\t<span class=\"elementor-toggle-icon-closed\"><i class=\"fas fa-caret-right\"><\/i><\/span>\n\t\t\t\t\t\t\t\t<span class=\"elementor-toggle-icon-opened\"><i class=\"elementor-toggle-icon-opened fas fa-caret-up\"><\/i><\/span>\n\t\t\t\t\t\t\t\t\t\t\t\t\t<\/span>\n\t\t\t\t\t\t\t\t\t\t\t\t<a class=\"elementor-toggle-title\" tabindex=\"0\">K\u00f6zvetlen banki \u00e1tutal\u00e1s<\/a>\n\t\t\t\t\t<\/div>\n\n\t\t\t\t\t<div id=\"elementor-tab-content-8911\" class=\"elementor-tab-content elementor-clearfix\" data-tab=\"1\" role=\"region\" aria-labelledby=\"elementor-tab-title-8911\"><p>Lehet\u0151s\u00e9ged van el\u0151re utal\u00e1sos fizet\u00e9si m\u00f3dot v\u00e1lasztani, ebben az esetben a rendel\u00e9sed lead\u00e1s\u00e1t k\u00f6vet\u0151en minden esetben kapsz egy d\u00edjbek\u00e9r\u0151 levelet.<\/p><p>FONTOS: am\u00edg nem \u00e9rkezik meg a banksz\u00e1ml\u00e1nkra az \u00e1tutalt \u00f6sszeg, addig a megrendel\u00e9sed nem min\u0151s\u00fcl leadottnak! Ez a kisz\u00e1ll\u00edt\u00e1s d\u00e1tum\u00e1t befoly\u00e1solhatja!<\/p><p>A k\u00f6vetkez\u0151 adatokat kell megadnod banki \u00e1tutal\u00e1s sor\u00e1n:<\/p><ul><li>Kedvezm\u00e9nyezett neve: Kuburczik Gerg\u0151<\/li><li>Banksz\u00e1mlasz\u00e1m: 11773391-01050565<\/li><li>Sz\u00e1mlakezel\u0151 bank: OTP Bank<\/li><li>K\u00f6zlem\u00e9ny: rendel\u00e9sben szerepl\u0151 n\u00e9v + megrendel\u00e9s sz\u00e1m (pl.: Gipsz Jakab, #123456)<\/li><\/ul><\/div>\n\t\t\t\t<\/div>\n\t\t\t\t\t\t\t<div class=\"elementor-toggle-item\">\n\t\t\t\t\t<div id=\"elementor-tab-title-8912\" class=\"elementor-tab-title\" data-tab=\"2\" role=\"button\" aria-controls=\"elementor-tab-content-8912\" aria-expanded=\"false\">\n\t\t\t\t\t\t\t\t\t\t\t\t<span class=\"elementor-toggle-icon elementor-toggle-icon-left\" aria-hidden=\"true\">\n\t\t\t\t\t\t\t\t\t\t\t\t\t\t\t<span class=\"elementor-toggle-icon-closed\"><i class=\"fas fa-caret-right\"><\/i><\/span>\n\t\t\t\t\t\t\t\t<span class=\"elementor-toggle-icon-opened\"><i class=\"elementor-toggle-icon-opened fas fa-caret-up\"><\/i><\/span>\n\t\t\t\t\t\t\t\t\t\t\t\t\t<\/span>\n\t\t\t\t\t\t\t\t\t\t\t\t<a class=\"elementor-toggle-title\" tabindex=\"0\">Ut\u00e1nv\u00e9t<\/a>\n\t\t\t\t\t<\/div>\n\n\t\t\t\t\t<div id=\"elementor-tab-content-8912\" class=\"elementor-tab-content elementor-clearfix\" data-tab=\"2\" role=\"region\" aria-labelledby=\"elementor-tab-title-8912\"><p>Ut\u00e1nv\u00e9t lehet\u0151s\u00e9g a sorozatos \u00e1t nem vett csomagok miatt megsz\u0171nt!<\/p><\/div>\n\t\t\t\t<\/div>\n\t\t\t\t\t\t\t<div class=\"elementor-toggle-item\">\n\t\t\t\t\t<div id=\"elementor-tab-title-8913\" class=\"elementor-tab-title\" data-tab=\"3\" role=\"button\" aria-controls=\"elementor-tab-content-8913\" aria-expanded=\"false\">\n\t\t\t\t\t\t\t\t\t\t\t\t<span class=\"elementor-toggle-icon elementor-toggle-icon-left\" aria-hidden=\"true\">\n\t\t\t\t\t\t\t\t\t\t\t\t\t\t\t<span class=\"elementor-toggle-icon-closed\"><i class=\"fas fa-caret-right\"><\/i><\/span>\n\t\t\t\t\t\t\t\t<span class=\"elementor-toggle-icon-opened\"><i class=\"elementor-toggle-icon-opened fas fa-caret-up\"><\/i><\/span>\n\t\t\t\t\t\t\t\t\t\t\t\t\t<\/span>\n\t\t\t\t\t\t\t\t\t\t\t\t<a class=\"elementor-toggle-title\" tabindex=\"0\">Bankk\u00e1rty\u00e1s fizet\u00e9s<\/a>\n\t\t\t\t\t<\/div>\n\n\t\t\t\t\t<div id=\"elementor-tab-content-8913\" class=\"elementor-tab-content elementor-clearfix\" data-tab=\"3\" role=\"region\" aria-labelledby=\"elementor-tab-title-8913\"><p>Az online bankk\u00e1rty\u00e1s fizet\u00e9sek a Barion rendszer\u00e9n kereszt\u00fcl val\u00f3sulnak meg. A bankk\u00e1rtya adatok a keresked\u0151h\u00f6z nem jutnak el. A szolg\u00e1ltat\u00e1st ny\u00fajt\u00f3 Barion Payment Zrt. a Magyar Nemzeti Bank fel\u00fcgyelete alatt \u00e1ll\u00f3 int\u00e9zm\u00e9ny, enged\u00e9ly\u00e9nek sz\u00e1ma: H-EN-I-1064\/2013.<\/p><\/div>\n\t\t\t\t<\/div>\n\t\t\t\t\t\t\t\t<\/div>\n\t\t\t\t<\/div>\n\t\t\t\t<\/div>\n\t\t\t\t\t<\/div>\n\t\t<\/div>\n\t\t\t\t\t<\/div>\n\t\t<\/section>\n\t\t\t\t<\/div>\n\t\t","protected":false},"excerpt":{"rendered":"<p>Fizet\u00e9s K\u00f6zvetlen banki \u00e1tutal\u00e1s Lehet\u0151s\u00e9ged van el\u0151re utal\u00e1sos fizet\u00e9si m\u00f3dot v\u00e1lasztani, ebben az esetben a rendel\u00e9sed lead\u00e1s\u00e1t k\u00f6vet\u0151en minden esetben kapsz egy d\u00edjbek\u00e9r\u0151 levelet. FONTOS: am\u00edg nem \u00e9rkezik meg a banksz\u00e1ml\u00e1nkra az \u00e1tutalt \u00f6sszeg, addig a megrendel\u00e9sed nem min\u0151s\u00fcl leadottnak! Ez a kisz\u00e1ll\u00edt\u00e1s d\u00e1tum\u00e1t befoly\u00e1solhatja! A k\u00f6vetkez\u0151 adatokat kell megadnod banki \u00e1tutal\u00e1s sor\u00e1n: Kedvezm\u00e9nyezett neve: [&hellip;]<\/p>\n","protected":false},"author":1,"featured_media":0,"parent":0,"menu_order":0,"comment_status":"closed","ping_status":"closed","template":"","meta":{"_acf_changed":false,"_monsterinsights_skip_tracking":false,"_monsterinsights_sitenote_active":false,"_monsterinsights_sitenote_note":"","_monsterinsights_sitenote_category":0,"footnotes":""},"class_list":["post-2175","page","type-page","status-publish","hentry","entry","owp-thumbs-layout-horizontal","owp-btn-normal","owp-tabs-layout-horizontal","has-no-thumbnails","has-product-nav"],"acf":[],"yoast_head":"<!-- This site is optimized with the Yoast SEO plugin v22.0 - https:\/\/yoast.com\/wordpress\/plugins\/seo\/ -->\n<title>Fizet\u00e9s - Laser Memories<\/title>\n<meta name=\"robots\" content=\"index, follow, max-snippet:-1, max-image-preview:large, max-video-preview:-1\" \/>\n<link rel=\"canonical\" href=\"https:\/\/www.lasermemories.hu\/?page_id=2175\" \/>\n<meta property=\"og:locale\" content=\"hu_HU\" \/>\n<meta property=\"og:type\" content=\"article\" \/>\n<meta property=\"og:title\" content=\"Fizet\u00e9s - Laser Memories\" \/>\n<meta property=\"og:description\" content=\"Fizet\u00e9s K\u00f6zvetlen banki \u00e1tutal\u00e1s Lehet\u0151s\u00e9ged van el\u0151re utal\u00e1sos fizet\u00e9si m\u00f3dot v\u00e1lasztani, ebben az esetben a rendel\u00e9sed lead\u00e1s\u00e1t k\u00f6vet\u0151en minden esetben kapsz egy d\u00edjbek\u00e9r\u0151 levelet. FONTOS: am\u00edg nem \u00e9rkezik meg a banksz\u00e1ml\u00e1nkra az \u00e1tutalt \u00f6sszeg, addig a megrendel\u00e9sed nem min\u0151s\u00fcl leadottnak! Ez a kisz\u00e1ll\u00edt\u00e1s d\u00e1tum\u00e1t befoly\u00e1solhatja! A k\u00f6vetkez\u0151 adatokat kell megadnod banki \u00e1tutal\u00e1s sor\u00e1n: Kedvezm\u00e9nyezett neve: [&hellip;]\" \/>\n<meta property=\"og:url\" content=\"https:\/\/www.lasermemories.hu\/?page_id=2175\" \/>\n<meta property=\"og:site_name\" content=\"Laser Memories\" \/>\n<meta property=\"article:modified_time\" content=\"2024-01-03T12:48:19+00:00\" \/>\n<meta name=\"twitter:card\" content=\"summary_large_image\" \/>\n<meta name=\"twitter:label1\" content=\"Becs\u00fclt olvas\u00e1si id\u0151\" \/>\n\t<meta name=\"twitter:data1\" content=\"1 perc\" \/>\n<script type=\"application\/ld+json\" class=\"yoast-schema-graph\">{\"@context\":\"https:\/\/schema.org\",\"@graph\":[{\"@type\":\"WebPage\",\"@id\":\"https:\/\/www.lasermemories.hu\/?page_id=2175\",\"url\":\"https:\/\/www.lasermemories.hu\/?page_id=2175\",\"name\":\"Fizet\u00e9s - Laser Memories\",\"isPartOf\":{\"@id\":\"https:\/\/www.lasermemories.hu\/#website\"},\"datePublished\":\"2024-01-03T12:41:02+00:00\",\"dateModified\":\"2024-01-03T12:48:19+00:00\",\"breadcrumb\":{\"@id\":\"https:\/\/www.lasermemories.hu\/?page_id=2175#breadcrumb\"},\"inLanguage\":\"hu\",\"potentialAction\":[{\"@type\":\"ReadAction\",\"target\":[\"https:\/\/www.lasermemories.hu\/?page_id=2175\"]}]},{\"@type\":\"BreadcrumbList\",\"@id\":\"https:\/\/www.lasermemories.hu\/?page_id=2175#breadcrumb\",\"itemListElement\":[{\"@type\":\"ListItem\",\"position\":1,\"name\":\"Home\",\"item\":\"https:\/\/www.lasermemories.hu\/\"},{\"@type\":\"ListItem\",\"position\":2,\"name\":\"Fizet\u00e9s\"}]},{\"@type\":\"WebSite\",\"@id\":\"https:\/\/www.lasermemories.hu\/#website\",\"url\":\"https:\/\/www.lasermemories.hu\/\",\"name\":\"Laser Memories\",\"description\":\"Egyedi f\u00e1b\u00f3l k\u00e9sz\u00fclt k\u00fcl\u00f6nlegess\u00e9gek\",\"publisher\":{\"@id\":\"https:\/\/www.lasermemories.hu\/#organization\"},\"potentialAction\":[{\"@type\":\"SearchAction\",\"target\":{\"@type\":\"EntryPoint\",\"urlTemplate\":\"https:\/\/www.lasermemories.hu\/?s={search_term_string}\"},\"query-input\":\"required name=search_term_string\"}],\"inLanguage\":\"hu\"},{\"@type\":\"Organization\",\"@id\":\"https:\/\/www.lasermemories.hu\/#organization\",\"name\":\"Laser Memories\",\"url\":\"https:\/\/www.lasermemories.hu\/\",\"logo\":{\"@type\":\"ImageObject\",\"inLanguage\":\"hu\",\"@id\":\"https:\/\/www.lasermemories.hu\/#\/schema\/logo\/image\/\",\"url\":\"https:\/\/www.lasermemories.hu\/wp-content\/uploads\/2022\/08\/41589_Laser-Memories_PP-02.png\",\"contentUrl\":\"https:\/\/www.lasermemories.hu\/wp-content\/uploads\/2022\/08\/41589_Laser-Memories_PP-02.png\",\"width\":2137,\"height\":1703,\"caption\":\"Laser Memories\"},\"image\":{\"@id\":\"https:\/\/www.lasermemories.hu\/#\/schema\/logo\/image\/\"}}]}<\/script>\n<!-- \/ Yoast SEO plugin. -->","yoast_head_json":{"title":"Fizet\u00e9s - Laser Memories","robots":{"index":"index","follow":"follow","max-snippet":"max-snippet:-1","max-image-preview":"max-image-preview:large","max-video-preview":"max-video-preview:-1"},"canonical":"https:\/\/www.lasermemories.hu\/?page_id=2175","og_locale":"hu_HU","og_type":"article","og_title":"Fizet\u00e9s - Laser Memories","og_description":"Fizet\u00e9s K\u00f6zvetlen banki \u00e1tutal\u00e1s Lehet\u0151s\u00e9ged van el\u0151re utal\u00e1sos fizet\u00e9si m\u00f3dot v\u00e1lasztani, ebben az esetben a rendel\u00e9sed lead\u00e1s\u00e1t k\u00f6vet\u0151en minden esetben kapsz egy d\u00edjbek\u00e9r\u0151 levelet. FONTOS: am\u00edg nem \u00e9rkezik meg a banksz\u00e1ml\u00e1nkra az \u00e1tutalt \u00f6sszeg, addig a megrendel\u00e9sed nem min\u0151s\u00fcl leadottnak! Ez a kisz\u00e1ll\u00edt\u00e1s d\u00e1tum\u00e1t befoly\u00e1solhatja! A k\u00f6vetkez\u0151 adatokat kell megadnod banki \u00e1tutal\u00e1s sor\u00e1n: Kedvezm\u00e9nyezett neve: [&hellip;]","og_url":"https:\/\/www.lasermemories.hu\/?page_id=2175","og_site_name":"Laser Memories","article_modified_time":"2024-01-03T12:48:19+00:00","twitter_card":"summary_large_image","twitter_misc":{"Becs\u00fclt olvas\u00e1si id\u0151":"1 perc"},"schema":{"@context":"https:\/\/schema.org","@graph":[{"@type":"WebPage","@id":"https:\/\/www.lasermemories.hu\/?page_id=2175","url":"https:\/\/www.lasermemories.hu\/?page_id=2175","name":"Fizet\u00e9s - Laser Memories","isPartOf":{"@id":"https:\/\/www.lasermemories.hu\/#website"},"datePublished":"2024-01-03T12:41:02+00:00","dateModified":"2024-01-03T12:48:19+00:00","breadcrumb":{"@id":"https:\/\/www.lasermemories.hu\/?page_id=2175#breadcrumb"},"inLanguage":"hu","potentialAction":[{"@type":"ReadAction","target":["https:\/\/www.lasermemories.hu\/?page_id=2175"]}]},{"@type":"BreadcrumbList","@id":"https:\/\/www.lasermemories.hu\/?page_id=2175#breadcrumb","itemListElement":[{"@type":"ListItem","position":1,"name":"Home","item":"https:\/\/www.lasermemories.hu\/"},{"@type":"ListItem","position":2,"name":"Fizet\u00e9s"}]},{"@type":"WebSite","@id":"https:\/\/www.lasermemories.hu\/#website","url":"https:\/\/www.lasermemories.hu\/","name":"Laser Memories","description":"Egyedi f\u00e1b\u00f3l k\u00e9sz\u00fclt k\u00fcl\u00f6nlegess\u00e9gek","publisher":{"@id":"https:\/\/www.lasermemories.hu\/#organization"},"potentialAction":[{"@type":"SearchAction","target":{"@type":"EntryPoint","urlTemplate":"https:\/\/www.lasermemories.hu\/?s={search_term_string}"},"query-input":"required name=search_term_string"}],"inLanguage":"hu"},{"@type":"Organization","@id":"https:\/\/www.lasermemories.hu\/#organization","name":"Laser Memories","url":"https:\/\/www.lasermemories.hu\/","logo":{"@type":"ImageObject","inLanguage":"hu","@id":"https:\/\/www.lasermemories.hu\/#\/schema\/logo\/image\/","url":"https:\/\/www.lasermemories.hu\/wp-content\/uploads\/2022\/08\/41589_Laser-Memories_PP-02.png","contentUrl":"https:\/\/www.lasermemories.hu\/wp-content\/uploads\/2022\/08\/41589_Laser-Memories_PP-02.png","width":2137,"height":1703,"caption":"Laser Memories"},"image":{"@id":"https:\/\/www.lasermemories.hu\/#\/schema\/logo\/image\/"}}]}},"jetpack_sharing_enabled":true,"_links":{"self":[{"href":"https:\/\/www.lasermemories.hu\/index.php?rest_route=\/wp\/v2\/pages\/2175","targetHints":{"allow":["GET"]}}],"collection":[{"href":"https:\/\/www.lasermemories.hu\/index.php?rest_route=\/wp\/v2\/pages"}],"about":[{"href":"https:\/\/www.lasermemories.hu\/index.php?rest_route=\/wp\/v2\/types\/page"}],"author":[{"embeddable":true,"href":"https:\/\/www.lasermemories.hu\/index.php?rest_route=\/wp\/v2\/users\/1"}],"replies":[{"embeddable":true,"href":"https:\/\/www.lasermemories.hu\/index.php?rest_route=%2Fwp%2Fv2%2Fcomments&post=2175"}],"version-history":[{"count":5,"href":"https:\/\/www.lasermemories.hu\/index.php?rest_route=\/wp\/v2\/pages\/2175\/revisions"}],"predecessor-version":[{"id":2180,"href":"https:\/\/www.lasermemories.hu\/index.php?rest_route=\/wp\/v2\/pages\/2175\/revisions\/2180"}],"wp:attachment":[{"href":"https:\/\/www.lasermemories.hu\/index.php?rest_route=%2Fwp%2Fv2%2Fmedia&parent=2175"}],"curies":[{"name":"wp","href":"https:\/\/api.w.org\/{rel}","templated":true}]}}